{"id":96,"date":"2023-04-03T19:30:58","date_gmt":"2023-04-03T17:30:58","guid":{"rendered":"https:\/\/consolatozurigo.esteri.it\/?page_id=96"},"modified":"2026-01-02T12:01:12","modified_gmt":"2026-01-02T11:01:12","slug":"cittadinanza","status":"publish","type":"page","link":"https:\/\/consmadrid.esteri.it\/it\/servizi-consolari-e-visti\/servizi-per-il-cittadino-straniero\/cittadinanza\/","title":{"rendered":"Cittadinanza"},"content":{"rendered":"<p><em><u>ATTENZIONE<\/u>: <\/em><\/p>\n<p><em>DAL 1\u00b0 GENNAIO 2026 NOVITA\u2019 IN MATERIA DI ACQUISTO CITTADINANZA ITALIANA PER BENEFICIO DI LEGGE (FIGLI MINORI NATI ALL\u2019ESTERO DA CITTADINO ITALIANO PER NASCITA)<\/em><\/p>\n<ol>\n<li><strong><a href=\"https:\/\/consmadrid.esteri.it\/it\/servizi-consolari-e-visti\/servizi-per-il-cittadino-straniero\/cittadinanza\/cittadinanza-per-discendenza-iure-sanguinis\/\">Riconoscimento della cittadinanza per discendenza (<em>iure sanguinis<\/em>)<\/a><\/strong><\/li>\n<li><a href=\"https:\/\/consmadrid.esteri.it\/it\/servizi-consolari-e-visti\/servizi-per-il-cittadino-straniero\/cittadinanza\/acquisto-della-cittadinanza-per-beneficio-di-legge-figli-minori-nati-allestero\/\"><strong>Acquisto della Cittadinanza per \u201cbeneficio di legge\u201d (figli minori nati all\u2019estero)<\/strong><\/a><\/li>\n<li><a href=\"https:\/\/consmadrid.esteri.it\/it\/servizi-consolari-e-visti\/servizi-per-il-cittadino-straniero\/cittadinanza\/acquisto-della-cittadinanza-di-figli-minori-conviventi-con-genitore-non-cittadino-dalla-nascita\/\"><strong>Acquisto della Cittadinanza di figli minori conviventi con genitore non cittadino dalla nascita<\/strong><\/a><\/li>\n<li><a href=\"https:\/\/consmadrid.esteri.it\/it\/servizi-consolari-e-visti\/servizi-per-il-cittadino-straniero\/cittadinanza\/5267-2\/\"><strong>Cittadinanza per matrimonio o unione civile<\/strong><\/a><\/li>\n<li><a href=\"https:\/\/consmadrid.esteri.it\/it\/servizi-consolari-e-visti\/servizi-per-il-cittadino-straniero\/cittadinanza\/riconoscimento-in-base-a-leggi-speciali\/\"><strong>Riconoscimento in base a leggi speciali<\/strong><\/a><\/li>\n<li><a href=\"https:\/\/consmadrid.esteri.it\/it\/servizi-consolari-e-visti\/servizi-per-il-cittadino-straniero\/cittadinanza\/riacquisto-della-cittadinanza\/\"><strong>Riacquisto della cittadinanza<\/strong><\/a><\/li>\n<li><a href=\"https:\/\/consmadrid.esteri.it\/it\/servizi-consolari-e-visti\/servizi-per-il-cittadino-straniero\/cittadinanza\/certificato-di-non-rinuncia-istanza-cittadinanza-iure-sanguinis-presentata-in-italia\/\"><strong>Certificato di non rinuncia <\/strong>(istanza cittadinanza iure sanguinis presentata in Italia)<\/a><\/li>\n<\/ol>\n<p>&nbsp;<\/p>\n<p><strong>Alle richieste dell\u2019utenza di informazioni generali sulle procedure o sulla documentazione necessaria a presentare domanda di cittadinanza non sar\u00e0 possibile rispondere individualmente per e-mail o al telefono e si rimanda alle indicazioni contenute nelle relative pagine web.<\/strong><\/p>\n<p>Per ulteriori informazioni sulle modalit\u00e0 di acquisto, nonch\u00e9 sulla perdita e sul riacquisto della cittadinanza italiana, \u00e8 possibile consultare la pagina web dedicata del Ministero degli Affari Esteri e della Cooperazione Internazionale: <a href=\"https:\/\/www.esteri.it\/it\/servizi-consolari-e-visti\/italiani-all-estero\/cittadinanza\/\">Cittadinanza \u2013 Ministero degli Affari Esteri e della Cooperazione Internazionale<\/a>.<\/p>\n<p>&nbsp;<\/p>\n","protected":false},"excerpt":{"rendered":"ATTENZIONE: DAL 1\u00b0 GENNAIO 2026 NOVITA\u2019 IN MATERIA DI ACQUISTO CITTADINANZA ITALIANA PER BENEFICIO DI LEGGE (FIGLI MINORI NATI ALL\u2019ESTERO DA CITTADINO ITALIANO PER NASCITA) Riconoscimento della cittadinanza per discendenza (iure sanguinis) Acquisto della Cittadinanza per \u201cbeneficio di legge\u201d (figli minori nati all\u2019estero) Acquisto della Cittadinanza di figli minori conviventi con genitore non cittadino dalla [&hellip;]","protected":false},"author":1,"featured_media":0,"parent":62,"menu_order":2,"comment_status":"closed","ping_status":"closed","template":"","meta":{"footnotes":""},"class_list":["post-96","page","type-page","status-publish","hentry"],"_links":{"self":[{"href":"https:\/\/consmadrid.esteri.it\/it\/wp-json\/wp\/v2\/pages\/96","targetHints":{"allow":["GET"]}}],"collection":[{"href":"https:\/\/consmadrid.esteri.it\/it\/wp-json\/wp\/v2\/pages"}],"about":[{"href":"https:\/\/consmadrid.esteri.it\/it\/wp-json\/wp\/v2\/types\/page"}],"author":[{"embeddable":true,"href":"https:\/\/consmadrid.esteri.it\/it\/wp-json\/wp\/v2\/users\/1"}],"replies":[{"embeddable":true,"href":"https:\/\/consmadrid.esteri.it\/it\/wp-json\/wp\/v2\/comments?post=96"}],"version-history":[{"count":7,"href":"https:\/\/consmadrid.esteri.it\/it\/wp-json\/wp\/v2\/pages\/96\/revisions"}],"predecessor-version":[{"id":6724,"href":"https:\/\/consmadrid.esteri.it\/it\/wp-json\/wp\/v2\/pages\/96\/revisions\/6724"}],"up":[{"embeddable":true,"href":"https:\/\/consmadrid.esteri.it\/it\/wp-json\/wp\/v2\/pages\/62"}],"wp:attachment":[{"href":"https:\/\/consmadrid.esteri.it\/it\/wp-json\/wp\/v2\/media?parent=96"}],"curies":[{"name":"wp","href":"https:\/\/api.w.org\/{rel}","templated":true}]}}