{"id":93,"date":"2023-04-03T19:30:19","date_gmt":"2023-04-03T17:30:19","guid":{"rendered":"https:\/\/consolatozurigo.esteri.it\/?page_id=93"},"modified":"2025-09-12T10:26:00","modified_gmt":"2025-09-12T08:26:00","slug":"pensioni-e-sicurezza-sociale","status":"publish","type":"page","link":"https:\/\/consmadrid.esteri.it\/it\/servizi-consolari-e-visti\/servizi-per-il-cittadino-italiano\/pensioni-e-sicurezza-sociale\/","title":{"rendered":"Pensioni e sicurezza sociale &#8211; Patronati"},"content":{"rendered":"<p>Per verificare la propria posizione pensionistica i connazionali dovranno rivolgersi ai &#8220;Patronati&#8221;. Gli Istituti di Patronato sono Enti di assistenza sociale senza fini di lucro, costituiti e gestiti dalle confederazioni o dalle associazioni sindacali. Essi danno supporto e consiglio ai cittadini italiani nei seguenti ambiti:<\/p>\n<ul>\n<li>Pensioni (contributive e non contributive): informazioni, consulenza, avvio di pratiche, ricerca dei contributi lavorativi versati in altri Paesi (tramite le sedi del Patronato in Europa e nelle Americhe)<\/li>\n<li>Calcolo degli estratti imponibili (dei Paesi in cui si \u00e8 lavorato)<\/li>\n<li>RED\/EST: dichiarazione dei redditi da presentare alla sede INPS di riferimento<\/li>\n<li>Problemi legati ai diversi istituti previdenziali (pensioni non pagate, cambiamento di banca, cambio di residenza, esenzione fiscale italiana, ricalcolo della pensione, ecc)<\/li>\n<li>Dichiarazioni di vario tipo (non copertura sanitaria, non titolarit\u00e0 di pensioni italiane, ecc)<\/li>\n<li>Richiesta di copertura sanitaria per pensionati all&#8217;estero<\/li>\n<li>Inclusione del periodo militare nell&#8217;estratto imponibile, ai fini della pensione<\/li>\n<\/ul>\n<p>&nbsp;<\/p>\n<p><a class=\"mceItemAnchor\" name=\"inps-pagamento\"><\/a><span style=\"text-decoration: underline;\"><strong>Pagamento all&#8217;estero delle pensioni INPS<\/strong><\/span><\/p>\n<p>Per il pagamento delle pensioni agli aventi diritto residenti all\u2019estero l\u2019INPS si avvale di un istituto di credito aggiudicatario di una gara d\u2019appalto che viene rinnovata con cadenza triennale. La banca incaricata del servizio opera a sua volta tramite istituti di credito corrispondenti nelle diverse aree.<\/p>\n<p>Le pensioni vengono pagate ai residenti all\u2019estero ogni mese. Le pensioni di importo inferiore a un limite stabilito per legge vengono pagate con periodicit\u00e0 semestrale come avviene per i pensionati in Italia. Il pagamento delle pensioni \u00e8 in genere effettuato con accredito sul conto corrente del pensionato.<\/p>\n<p>A partire da febbraio 2012 il pagamento delle pensioni all\u2019estero \u00e8 stato affidato a\u00a0<strong>Citibank<\/strong>, a cui \u00e8 stato affidato il compito di verificare annualmente l\u2019esistenza in vita, l\u2019indirizzo e la residenza del pensionato.<\/p>\n<p>Le modalit\u00e0 concordate tra INPS e Citibank per la dimostrazione dell\u2019esistenza in vita prevedono che il pensionato compili un \u201cModulo di Certificazione di Esistenza in Vita\u201d (che avr\u00e0 ricevuto dalla stessa banca al suo domicilio) e faccia autenticare la firma dall\u2019Ufficio consolare o da altro pubblico ufficiale abilitato.<\/p>\n<p style=\"text-align: justify;\">La seconda fase della <strong>campagna di accertamento dell&#8217;esistenza in vita per gli anni 2024 e 2025 <\/strong>interesser\u00e0 i pensionati residenti in Europa. A partire dal\u00a0<strong>20 settembre 2024<\/strong>\u00a0la Citibank curer\u00e0 la spedizione delle attestazioni di esistenza in vita, che dovranno essere restituite\u00a0<strong>entro il 18 gennaio 2025<\/strong>.\u00a0Per maggiori informazioni \u00b7&gt;\u00a0<strong>[<a href=\"https:\/\/consmadrid.esteri.it\/it\/servizi-consolari-e-visti\/servizi-per-il-cittadino-italiano\/pensioni-e-sicurezza-sociale\/campagna-verifica-esistenza-in-vita\/\">clicca qui<\/a>]<\/strong><\/p>\n<p style=\"text-align: justify;\"><strong>IMPORTANTE<\/strong>: I pensionati che devono firmare il suddetto modulo o che hanno bisogno di un certificato di esistenza in vita per altre pratiche pensionistiche possono rivolgersi al proprio medico di famiglia oppure al proprio Patronato, allo scopo di ricevere un&#8217;assistenza pi\u00f9 personalizzata.<\/p>\n<p>&nbsp;<\/p>\n<p><a class=\"mceItemAnchor\" name=\"inps-patronati\"><\/a><span style=\"text-decoration: underline;\"><strong>Patronati operativi attualmente in Spagna<\/strong><\/span><\/p>\n<p>&nbsp;<\/p>\n<p><strong>Patronato ACAI-ENAS\u00a0 (Los Cristianos-Tenerife)<\/strong><br \/>\nC\/Boston, 2\/PM L3<br \/>\n38650 &#8211; Los Cristianos<br \/>\nTel.\u00a0<span class=\"baec5a81-e4d6-4674-97f3-e9220f0136c1\" style=\"white-space: nowrap;\" data-mce-bootstrap=\"1\">+34 656.584.315<\/span><\/p>\n<p><span class=\"baec5a81-e4d6-4674-97f3-e9220f0136c1\" style=\"white-space: nowrap;\" data-mce-bootstrap=\"1\">\u00b7<\/span><\/p>\n<p><strong>Patronato INAS (Barcellona)<\/strong><br \/>\nRambla de Catalunya, 87\/2\u00baE<br \/>\n08008 &#8211; Barcelona<br \/>\nTel. +34 932.726.800<br \/>\nE-mail:\u00a0<a href=\"mailto:spagna@inas.it\">spagna@inas.it<\/a><\/p>\n<p>\u00b7<\/p>\n<p><strong>Patronato INAS (Madrid)<\/strong><br \/>\nTelefono: +34 673.932.871<br \/>\nE-mail:\u00a0<a href=\"mailto:v.agostini@inas.it\">v.agostini@inas.it<\/a><br \/>\nRecapito a MADRID: presso la sede della Societ\u00e0 Italiana di Beneficenza, Calle Agustin de Betancourt 3 (<strong>ricevimento una volta al mese previo appuntamento<\/strong>)<\/p>\n<p>\u00b7<\/p>\n<p><strong>Patronato INAS (San Isidro-Tenerife)<\/strong><br \/>\nResponsabile: Francesca Sgorbissa<br \/>\nCalle Anaga, 15 \u2013 38611 San Isidro, Granadilla de Abona<br \/>\nTelefono: +34\u00a0611.327.124 &#8211; email:\u00a0<a href=\"mailto:f.sgorbissa@inas.it\">f.sgorbissa@inas.it<\/a><br \/>\nOrario di ricevimento: lunedi-mercoledi-giovedi: dalle 9:30 alle 13:30 &#8211; martedi: dalle 9:30 alle 17:30<\/p>\n<p>\u00b7<\/p>\n<p><strong>Patronato INCA (Barcellona)<\/strong><br \/>\nVia Laietana, 16\/bajo (Edif. Comisiones Obreras)<br \/>\n08003 &#8211; Barcelona<br \/>\nTel. +34 93 4812847 &#8211; Fax +34 93 4812849<br \/>\nE-mail\u00a0<a href=\"mailto:barcellona.spagna@inca.it\">barcellona.spagna@inca.it<\/a><br \/>\nOrario: dal luned\u00ec al gioved\u00ec, dalle ore 9 alle ore 14 e dalle ore 15 alle ore 17; venerd\u00ec chiuso.<\/p>\n<p>\u00b7<\/p>\n<p><strong>Patronato INCA (Madrid)<\/strong><br \/>\nc\/o Asociaci\u00f3n Circolo Sardo Ichnusa<br \/>\nc\/o Centro Gallego in c\/Carretas 14 3 (sol)<br \/>\n28012 &#8211; Madrid<br \/>\nE-mail\u00a0<a href=\"mailto:spagna@inca.it\">spagna@inca.it<\/a><br \/>\nTel. +34 934.812.847<\/p>\n<p>\u00b7<\/p>\n<p><strong>Patronato INCA CGIL (Alicante)<\/strong><br \/>\nc\/o Sindacato Comisiones Obreras<br \/>\nAvenida Salamanca, 33 &#8211; 03005 Alicante<br \/>\nE-mail\u00a0<a href=\"mailto:spagna@inca.it\">spagna@inca.it<\/a><br \/>\nTel. +34 934.812.847<\/p>\n<p>\u00b7<\/p>\n<p><strong>Patronato INCA (Puerto de la Cruz-Tenerife)<br \/>\n<\/strong>presso la sede di CC.OO.<br \/>\nC\/ San Felipe, 89 &#8211; Edificio Chavito-Bajo<br \/>\n38400 &#8211; Puerto de la Cruz<br \/>\nE-mail\u00a0<a href=\"mailto:tenerife@inca.it\">tenerife@inca.it<br \/>\n<\/a>Tel. +34 616.723.98<\/p>\n<p>\u00b7<\/p>\n<p><strong>Patronato INCA (Los Cristianos-Tenerife)<br \/>\n<\/strong>c\/o la sede di CC.OO.<br \/>\nAvenida Juan Carlos I (EDF Royal 2\u00b0 piano)<br \/>\n38650 &#8211; Los Cristianos<br \/>\nE-mail\u00a0<a href=\"mailto:tenerife@inca.it\"><span style=\"text-decoration: underline;\">tenerife@inca.it<\/span><br \/>\n<\/a>Tel. +34 666.955.623<\/p>\n<p>\u00b7<\/p>\n<p><strong>Patronato INCA (Tenerife)<\/strong><br \/>\nc\/o la sede di CC.OO.<br \/>\nCalle M\u00e9ndez N\u00fa\u00f1ez, 84\/7\u00b0<br \/>\n38900 &#8211; Santa Cruz de Tenerife<br \/>\nE-mail\u00a0<a href=\"mailto:tenerife@inca.it\">tenerife@inca.it<\/a><br \/>\nTel. +34 616.723.898<\/p>\n<p>\u00b7<\/p>\n<p><strong>Patronato ITAL (Barcellona)<\/strong><br \/>\nCalle Muntaner, 48 4 4<br \/>\n08011 Barcelona<br \/>\nTel\/Whatsapp: +34 933046885<br \/>\nE-mail\u00a0<a href=\"mailto:ital.barcellona@gmail.com\">ital.barcellona@gmail.com<\/a>\u00a0&#8211; PEC\u00a0<a href=\"mailto:barcellona@pec.italuil.com\">barcellona@pec.italuil.com<\/a><br \/>\nSito web:\u00a0<a href=\"http:\/\/www.ital-uil.it\">www.ital-uil.it<\/a><br \/>\nL&#8217;appuntamento si prenota per telefono, whatsapp o posta elettronica (orario attenzione telefonica: marted\u00ec e gioved\u00ec, dalle 11.00 alle 14.00)<\/p>\n<p>\u00b7<\/p>\n<p><strong>PATRONATO ITAL (Los Cristianos-Tenerife)<\/strong><br \/>\nAvenida de la Penetraci\u00f3n 1, C.C. Apolo Center, local 72<br \/>\n38650 Los Cristianos<br \/>\nApertura mercoledi dalle 9.30 alle 16.30 e venerd\u00ec dalle ore 9.30 alle 15.30<br \/>\nTel\/Whatsapp: +34 933046885<br \/>\nE-mail\u00a0<a href=\"mailto:ital.barcellona@gmail.com\">ital.barcellona@gmail.com<\/a>\u00a0&#8211; PEC\u00a0<a href=\"mailto:barcellona@pec.italuil.com\">barcellona@pec.italuil.com<\/a><br \/>\nSito web:\u00a0<a href=\"http:\/\/www.ital-uil.it\">www.ital-uil.it<\/a><br \/>\nL&#8217;appuntamento si prenota per telefono, whatsapp o posta elettronica (orario attenzione telefonica: luned\u00ec e mercolerd\u00ec dalle 11.00 ale 14.00 &#8211; gioved\u00ec dalle 14.30 alle 17.30)<\/p>\n<p>\u00b7<\/p>\n<p><strong>PATRONATO ITAL (Madrid)<\/strong><br \/>\nc\/o SIB &#8211; Calle Agust\u00edn de Betancourt, 3<br \/>\n28003 Madrid<br \/>\nTel\/Whatsapp: +34 933046885<br \/>\nE-mail\u00a0<a href=\"mailto:ital.barcellona@gmail.com\">ital.barcellona@gmail.com<\/a>\u00a0&#8211; PEC\u00a0<a href=\"mailto:barcellona@pec.italuil.com\">barcellona@pec.italuil.com<\/a><br \/>\nSito web:\u00a0<a href=\"http:\/\/www.ital-uil.it\">www.ital-uil.it<\/a><br \/>\nL&#8217;appuntamento si prenota per telefono, whatsapp o posta elettronica (orario attenzione telefonica: luned\u00ec e mercolerd\u00ec dalle 11.00 ale 14.00 &#8211; gioved\u00ec dalle 14.30 alle 17.30)<\/p>\n<p>\u00b7<\/p>\n<p><strong>Patronato 50&amp;Pi\u00f9Enasco (Valencia)<br \/>\n<\/strong>Gran Via del Marqu\u00e9s del T\u00faria, 71<br \/>\n46005 &#8211; Valencia<br \/>\nTel. \u00a0+34 961.030.890<br \/>\nEmail:\u00a0<a href=\"mailto:m.mallia@enasco.it\">m.mallia@enasco.it<\/a><strong><em><br \/>\n<\/em><\/strong><\/p>\n<p>&nbsp;<\/p>\n","protected":false},"excerpt":{"rendered":"Per verificare la propria posizione pensionistica i connazionali dovranno rivolgersi ai &#8220;Patronati&#8221;. Gli Istituti di Patronato sono Enti di assistenza sociale senza fini di lucro, costituiti e gestiti dalle confederazioni o dalle associazioni sindacali. Essi danno supporto e consiglio ai cittadini italiani nei seguenti ambiti: Pensioni (contributive e non contributive): informazioni, consulenza, avvio di pratiche, [&hellip;]","protected":false},"author":1,"featured_media":0,"parent":59,"menu_order":16,"comment_status":"closed","ping_status":"closed","template":"","meta":{"footnotes":""},"class_list":["post-93","page","type-page","status-publish","hentry"],"_links":{"self":[{"href":"https:\/\/consmadrid.esteri.it\/it\/wp-json\/wp\/v2\/pages\/93","targetHints":{"allow":["GET"]}}],"collection":[{"href":"https:\/\/consmadrid.esteri.it\/it\/wp-json\/wp\/v2\/pages"}],"about":[{"href":"https:\/\/consmadrid.esteri.it\/it\/wp-json\/wp\/v2\/types\/page"}],"author":[{"embeddable":true,"href":"https:\/\/consmadrid.esteri.it\/it\/wp-json\/wp\/v2\/users\/1"}],"replies":[{"embeddable":true,"href":"https:\/\/consmadrid.esteri.it\/it\/wp-json\/wp\/v2\/comments?post=93"}],"version-history":[{"count":7,"href":"https:\/\/consmadrid.esteri.it\/it\/wp-json\/wp\/v2\/pages\/93\/revisions"}],"predecessor-version":[{"id":6272,"href":"https:\/\/consmadrid.esteri.it\/it\/wp-json\/wp\/v2\/pages\/93\/revisions\/6272"}],"up":[{"embeddable":true,"href":"https:\/\/consmadrid.esteri.it\/it\/wp-json\/wp\/v2\/pages\/59"}],"wp:attachment":[{"href":"https:\/\/consmadrid.esteri.it\/it\/wp-json\/wp\/v2\/media?parent=93"}],"curies":[{"name":"wp","href":"https:\/\/api.w.org\/{rel}","templated":true}]}}