{"id":67,"date":"2023-04-03T19:27:59","date_gmt":"2023-04-03T17:27:59","guid":{"rendered":"https:\/\/consolatozurigo.esteri.it\/?page_id=67"},"modified":"2025-12-01T16:20:27","modified_gmt":"2025-12-01T15:20:27","slug":"passaporti-e-carte-didentita","status":"publish","type":"page","link":"https:\/\/consmadrid.esteri.it\/it\/servizi-consolari-e-visti\/servizi-per-il-cittadino-italiano\/passaporti-e-carte-didentita\/","title":{"rendered":"Passaporti"},"content":{"rendered":"<p><span style=\"text-decoration: underline;\"><strong>INFORMAZIONI GENERALI<\/strong><\/span><\/p>\n<p><strong>Che cos&#8217;\u00e8 un passaporto?<\/strong><br \/>\nIl passaporto \u00e8 un documento di viaggio e di riconoscimento valido per tutti i paesi i cui governi sono riconosciuti dal Governo italiano. Per poter spostarsi nei paesi dell\u2019Unione Europea (e in altri stati con cui sono in vigore specifici accordi) \u00e8 sufficiente la carta d\u2019identit\u00e0 valida per l\u2019espatrio.<br \/>\nPrima di intraprendere un viaggio si raccomanda un\u2019attenta consultazione del sito web\u00a0<strong><a href=\"http:\/\/www.viaggiaresicuri.it\/\">www.viaggiaresicuri.it<\/a><\/strong><\/p>\n<p><strong>Quale durata ha un passaporto?<\/strong><br \/>\nI passaporti hanno validit\u00e0 di 10 anni per i maggiorenni, tre anni di validit\u00e0 per i minori da 0 a 3 anni, cinque anni di validit\u00e0 per i minori da 3 a 18 anni.<\/p>\n<p><strong>Chi pu\u00f2 fare richiesta di rilascio del Passaporto al Consolato Generale d&#8217;Italia in Madrid?<\/strong><br \/>\nIl Consolato Generale d&#8217;Italia in Madrid \u00e8 competente per il rilascio di passaporti a cittadini italiani <span style=\"text-decoration: underline;\"><strong>regolarmente iscritti all&#8217;AIRE come residenti nella [<a href=\"https:\/\/consmadrid.esteri.it\/it\/chi-siamo\/la-rete-consolare\/\">circoscrizione consolare<\/a>] di Madrid<\/strong><\/span>. I residenti non ancora iscritti possono comunque presentare domanda di passaporto subito dopo aver richiesto l\u2019iscrizione <span style=\"text-decoration: underline;\"><strong>AIRE al Consolato Generale di Madrid<\/strong><\/span> (\u00e8 sufficiente aver caricato la propria richiesta on-line attraverso il portale\u00a0<strong>[<a href=\"https:\/\/serviziconsolari.esteri.it\/ScoFE\/index.sco\">FAST.IT<\/a>]<\/strong>).<\/p>\n<p><span style=\"text-decoration: underline;\"><strong>ATTENZIONE! I residenti nelle Isole Canarie <\/strong><\/span>(Fuerteventura, Gran Canaria, Lanzarote, Tenerife, La Gomera, El Hierro, La Palma) <strong><span style=\"text-decoration: underline;\">devono rivolgersi al Vice\u00a0 Consolato d&#8217;Italia di Arona <\/span><\/strong>(<a href=\"https:\/\/consarona.esteri.it\/\"><strong>per maggiori informazioni cliccare qui<\/strong><\/a>)<\/p>\n<p>I non residenti possono richiedere il passaporto solo in casi del tutto eccezionali.<\/p>\n<p><strong>Quando Presentare la domanda per il rilascio del passaporto?<\/strong><br \/>\nLe richieste di passaporto vengono evase in rigoroso ordine cronologico di arrivo. Si suggerisce di avanzare la richiesta con congruo anticipo rispetto alla scadenza del passaporto di cui si \u00e8 in possesso (idealmente almeno sei mesi prima della scadenza).<\/p>\n<p><strong>Quali adempimenti preliminari sono a carico del richiedente?<\/strong><br \/>\n\u2022 Aggiornare la situazione di stato civile nei confronti delle autorit\u00e0 italiane, verificando che gli atti relativi ad eventi di matrimonio, nascita figli, divorzio, ecc. non avvenuti in Italia siano gi\u00e0 stati presentati all&#8217;Ufficio Consolare o al comune di competenza. Vedere sezione [<a href=\"https:\/\/consmadrid.esteri.it\/it\/servizi-consolari-e-visti\/servizi-per-il-cittadino-italiano\/stato-civile\/\"><strong>Stato Civile<\/strong><\/a>].<br \/>\n\u2022 Comunicare eventuali cambi nell\u2019indirizzo di residenza attraverso il portale [<strong><a href=\"https:\/\/serviziconsolari.esteri.it\/ScoFE\/index.sco\">FAST.IT<\/a><\/strong>]<\/p>\n<p><strong>Come richiedere il rilascio del passaporto e quale documentazione \u00e8 necessaria?<\/strong><br \/>\nLe modalit\u00e0 di richiesta variano a seconda del luogo di residenza dell\u2019interessato. Ci\u00f2 dipende dalla circostanza che solo il Consolato Generale d&#8217;Italia in Madrid e i Consolati Onorari di La Coru\u00f1a, Malaga, Pamplona e Siviglia sono in possesso delle postazioni per procedere all\u2019acquisizione delle impronte digitali.<\/p>\n<p>a) Per i residenti in <strong>\u00c1lava, Guip\u00fazcoa, Vizcaya, Logro\u00f1o, Pamplona, La Coru\u00f1a, Lugo, Pontevedra, Ourense, M\u00e1laga, Almer\u00eda, Granada, Ja\u00e9n, Badajoz, C\u00e1ceres, C\u00e1diz, C\u00f3rdoba, Huelva, Sevilla<\/strong>: presentare presso il Consolato onorario di riferimento la documentazione richiesta, previo appuntamento da richiedere via mail allo stesso ufficio onorario.<\/p>\n<p>b) Per i residenti nella\u00a0<strong>Comunit\u00e0 di Madrid e nelle rimanenti province<\/strong>: inviare la domanda di passaporto, con la documentazione richiesta, al Consolato Generale di Madrid e solo <strong>per posta ordinaria o raccomandata<\/strong> (<em>Consolato Generale d&#8217;Italia in Madrid &#8211; Calle Agust\u00edn de Betancourt, 3 &#8211; 28003 Madrid<\/em>).<\/p>\n<p>&nbsp;<\/p>\n<p>&nbsp;<\/p>\n<p><strong>Quale documentazione inviare al Consolato Generale di Madrid o presentare ai Consolati Onorari abilitati?<\/strong><\/p>\n<p><strong>1. <a href=\"https:\/\/consmadrid.esteri.it\/it\/servizi-consolari-e-visti\/servizi-per-il-cittadino-italiano\/passaporti-e-carte-didentita\/residenti-a-madrid-e-nelle-restanti-province-della-circoscrizione-consolare__trashed\/passaporto-per-adulto-con-figli-minori\/\">Passaporto per maggiorenne<\/a><\/strong><\/p>\n<p><strong>2. <a href=\"https:\/\/consmadrid.esteri.it\/it\/servizi-consolari-e-visti\/servizi-per-il-cittadino-italiano\/passaporti-e-carte-didentita\/residenti-a-madrid-e-nelle-restanti-province-della-circoscrizione-consolare__trashed\/passaporto-per-minori-di-anni-18\/\">Passaporto per minore di anni 18<\/a><\/strong><\/p>\n<p><strong>3. <a href=\"https:\/\/consmadrid.esteri.it\/it\/servizi-consolari-e-visti\/servizi-per-il-cittadino-italiano\/passaporti-e-carte-didentita\/rilascio-passaporto-in-casi-di-comprovata-urgenza\/\">Rilascio passaporto in casi di comprovata urgenza<\/a><\/strong><\/p>\n<p><strong>4. (SOLO IN CASI ECCEZIONALI) <a href=\"https:\/\/consmadrid.esteri.it\/it\/servizi-consolari-e-visti\/servizi-per-il-cittadino-italiano\/passaporti-e-carte-didentita\/domande-di-passaporto-di-cittadini-non-residenti-nella-circoscrizione-consolare-di-madrid\/\">Domande di passaporto di cittadini non residenti\u00a0<\/a><\/strong><\/p>\n<p>&nbsp;<\/p>\n<p><strong>Quanto costa il passaporto?<\/strong><br \/>\nLa tariffa unica del passaporto \u00e8 di <strong>116,20 \u20ac<\/strong>.<\/p>\n<p><strong>Come effettuare il pagamento?<\/strong><br \/>\nLe indicazioni sono riportate nei moduli di richiesta.<\/p>\n","protected":false},"excerpt":{"rendered":"INFORMAZIONI GENERALI Che cos&#8217;\u00e8 un passaporto? Il passaporto \u00e8 un documento di viaggio e di riconoscimento valido per tutti i paesi i cui governi sono riconosciuti dal Governo italiano. Per poter spostarsi nei paesi dell\u2019Unione Europea (e in altri stati con cui sono in vigore specifici accordi) \u00e8 sufficiente la carta d\u2019identit\u00e0 valida per l\u2019espatrio. [&hellip;]","protected":false},"author":1,"featured_media":0,"parent":59,"menu_order":3,"comment_status":"closed","ping_status":"closed","template":"","meta":{"footnotes":""},"class_list":["post-67","page","type-page","status-publish","hentry"],"_links":{"self":[{"href":"https:\/\/consmadrid.esteri.it\/it\/wp-json\/wp\/v2\/pages\/67","targetHints":{"allow":["GET"]}}],"collection":[{"href":"https:\/\/consmadrid.esteri.it\/it\/wp-json\/wp\/v2\/pages"}],"about":[{"href":"https:\/\/consmadrid.esteri.it\/it\/wp-json\/wp\/v2\/types\/page"}],"author":[{"embeddable":true,"href":"https:\/\/consmadrid.esteri.it\/it\/wp-json\/wp\/v2\/users\/1"}],"replies":[{"embeddable":true,"href":"https:\/\/consmadrid.esteri.it\/it\/wp-json\/wp\/v2\/comments?post=67"}],"version-history":[{"count":7,"href":"https:\/\/consmadrid.esteri.it\/it\/wp-json\/wp\/v2\/pages\/67\/revisions"}],"predecessor-version":[{"id":6637,"href":"https:\/\/consmadrid.esteri.it\/it\/wp-json\/wp\/v2\/pages\/67\/revisions\/6637"}],"up":[{"embeddable":true,"href":"https:\/\/consmadrid.esteri.it\/it\/wp-json\/wp\/v2\/pages\/59"}],"wp:attachment":[{"href":"https:\/\/consmadrid.esteri.it\/it\/wp-json\/wp\/v2\/media?parent=67"}],"curies":[{"name":"wp","href":"https:\/\/api.w.org\/{rel}","templated":true}]}}