{"id":610,"date":"2023-11-07T17:55:50","date_gmt":"2023-11-07T16:55:50","guid":{"rendered":"https:\/\/consmadrid.esteri.it\/?page_id=610"},"modified":"2025-01-24T14:28:53","modified_gmt":"2025-01-24T13:28:53","slug":"servizi-consolari-over-75","status":"publish","type":"page","link":"https:\/\/consmadrid.esteri.it\/it\/servizi-consolari-e-visti\/servizi-per-il-cittadino-italiano\/servizi-consolari-over-75\/","title":{"rendered":"Servizi Consolari over 70"},"content":{"rendered":"<p>Orientarsi tra i servizi consolari non sempre e&#8217; facile e, spesso, le procedure richiedono familiarit\u00e0 con l&#8217;informatica. Se ha superato i 70 anni e ha necessit\u00e0 di un aiuto per meglio comprendere le modalit\u00e0 di accesso ai servizi consolari forniti dal Consolato Generale d&#8217;Italia in Madrid, pu\u00f2 scrivere al seguente indirizzo email: <a href=\"mailto:madrid.over75@esteri.it\">madrid.over75@esteri.it<\/a>. Potr\u00e0 porre un quesito e, se lo desidera, comunicare un recapito telefonico per consentirci di richiamarla e assisterla a distanza.<\/p>\n<p><strong>Il servizio riguarda esclusivamente informazioni su servizi consolari destinati ai connazionali che hanno superato i 70 anni.<\/strong><\/p>\n<p>Per informazioni sulle procedura di verifica\u00a0<strong>esistenza in vita ai fini della pensione<\/strong>, consultare la seguente pagina \u00b7&gt; [<a href=\"https:\/\/consmadrid.esteri.it\/it\/servizi-consolari-e-visti\/servizi-per-il-cittadino-italiano\/pensioni-e-sicurezza-sociale\/campagna-verifica-esistenza-in-vita\/\"><strong>cliccare qui<\/strong><\/a>]<img loading=\"lazy\" decoding=\"async\" src=\"https:\/\/consmadrid.esteri.it\/consolato_madrid\/resource\/img\/2023\/01\/1.png\" alt=\"1\" width=\"634\" height=\"634\" \/><\/p>\n","protected":false},"excerpt":{"rendered":"Orientarsi tra i servizi consolari non sempre e&#8217; facile e, spesso, le procedure richiedono familiarit\u00e0 con l&#8217;informatica. Se ha superato i 70 anni e ha necessit\u00e0 di un aiuto per meglio comprendere le modalit\u00e0 di accesso ai servizi consolari forniti dal Consolato Generale d&#8217;Italia in Madrid, pu\u00f2 scrivere al seguente indirizzo email: madrid.over75@esteri.it. Potr\u00e0 porre [&hellip;]","protected":false},"author":3,"featured_media":0,"parent":59,"menu_order":19,"comment_status":"closed","ping_status":"closed","template":"","meta":{"footnotes":""},"class_list":["post-610","page","type-page","status-publish","hentry"],"_links":{"self":[{"href":"https:\/\/consmadrid.esteri.it\/it\/wp-json\/wp\/v2\/pages\/610","targetHints":{"allow":["GET"]}}],"collection":[{"href":"https:\/\/consmadrid.esteri.it\/it\/wp-json\/wp\/v2\/pages"}],"about":[{"href":"https:\/\/consmadrid.esteri.it\/it\/wp-json\/wp\/v2\/types\/page"}],"author":[{"embeddable":true,"href":"https:\/\/consmadrid.esteri.it\/it\/wp-json\/wp\/v2\/users\/3"}],"replies":[{"embeddable":true,"href":"https:\/\/consmadrid.esteri.it\/it\/wp-json\/wp\/v2\/comments?post=610"}],"version-history":[{"count":7,"href":"https:\/\/consmadrid.esteri.it\/it\/wp-json\/wp\/v2\/pages\/610\/revisions"}],"predecessor-version":[{"id":5212,"href":"https:\/\/consmadrid.esteri.it\/it\/wp-json\/wp\/v2\/pages\/610\/revisions\/5212"}],"up":[{"embeddable":true,"href":"https:\/\/consmadrid.esteri.it\/it\/wp-json\/wp\/v2\/pages\/59"}],"wp:attachment":[{"href":"https:\/\/consmadrid.esteri.it\/it\/wp-json\/wp\/v2\/media?parent=610"}],"curies":[{"name":"wp","href":"https:\/\/api.w.org\/{rel}","templated":true}]}}