{"id":5767,"date":"2025-04-21T17:26:20","date_gmt":"2025-04-21T15:26:20","guid":{"rendered":"https:\/\/consmadrid.esteri.it\/?page_id=5767"},"modified":"2025-10-28T09:51:08","modified_gmt":"2025-10-28T08:51:08","slug":"domanda-di-ripristino-del-nome-cognome-originario","status":"publish","type":"page","link":"https:\/\/consmadrid.esteri.it\/it\/servizi-consolari-e-visti\/servizi-per-il-cittadino-italiano\/stato-civile\/domanda-di-ripristino-del-nome-cognome-originario\/","title":{"rendered":"Domanda di ripristino del cognome originario"},"content":{"rendered":"<p>Ai sensi dell\u2019art. 98, comma 2, del DPR 3 novembre 2000, della Circolare n. 397 del 15.05.2008 del Ministero dell\u2019Interno e della sentenza della Corte Costituzionale n.286 dell\u201908.11.2016 \u00e8 possibile richiedere il RIPRISTINO del COGNOME ORIGINARIO attribuito al momento della nascita nel proprio certificato di nascita straniero in base alla normativa locale.<\/p>\n<p>Nel caso ci\u00f2 venga richiesto in favore di MINORI, la richiesta dovr\u00e0 essere accompagnata da prova della COMUNE VOLONT\u00c0\u00a0dei genitori in tal senso di attribuire al figlio ANCHE il cognome materno.<\/p>\n<p>&nbsp;<\/p>\n<p>ISTRUZIONI :<\/p>\n<ol>\n<li>compilare e firmare il MODULO di richiesta (<a href=\"https:\/\/consmadrid.esteri.it\/wp-content\/uploads\/2025\/05\/1.-Istanza-di-ripristino-del-cognome-originario-per-maggiorenni.pdf\">Modulo per maggiorenni<\/a> &#8211; <a href=\"https:\/\/consmadrid.esteri.it\/wp-content\/uploads\/2025\/05\/2.-Istanza-di-ripristino-del-cognome-originario-per-minorenni.pdf\">Modulo per minorenni<\/a>);<\/li>\n<li>atto di nascita straniero emesso dalle Autorit\u00e0 del luogo di nascita, tradotto e &#8211; ove necessario (se non spagnolo o di altro Paese UE) &#8211; legalizzato con apostille;<\/li>\n<li>allegare copia del proprio passaporto italiano e &#8211; se posseduto &#8211; anche di quello straniero;<\/li>\n<li>inviare il tutto al Comune competente (contatti disponibili nei relativi siti web).<\/li>\n<\/ol>\n","protected":false},"excerpt":{"rendered":"Ai sensi dell\u2019art. 98, comma 2, del DPR 3 novembre 2000, della Circolare n. 397 del 15.05.2008 del Ministero dell\u2019Interno e della sentenza della Corte Costituzionale n.286 dell\u201908.11.2016 \u00e8 possibile richiedere il RIPRISTINO del COGNOME ORIGINARIO attribuito al momento della nascita nel proprio certificato di nascita straniero in base alla normativa locale. Nel caso ci\u00f2 [&hellip;]","protected":false},"author":4,"featured_media":0,"parent":86,"menu_order":7,"comment_status":"closed","ping_status":"closed","template":"","meta":{"footnotes":""},"class_list":["post-5767","page","type-page","status-publish","hentry"],"_links":{"self":[{"href":"https:\/\/consmadrid.esteri.it\/it\/wp-json\/wp\/v2\/pages\/5767","targetHints":{"allow":["GET"]}}],"collection":[{"href":"https:\/\/consmadrid.esteri.it\/it\/wp-json\/wp\/v2\/pages"}],"about":[{"href":"https:\/\/consmadrid.esteri.it\/it\/wp-json\/wp\/v2\/types\/page"}],"author":[{"embeddable":true,"href":"https:\/\/consmadrid.esteri.it\/it\/wp-json\/wp\/v2\/users\/4"}],"replies":[{"embeddable":true,"href":"https:\/\/consmadrid.esteri.it\/it\/wp-json\/wp\/v2\/comments?post=5767"}],"version-history":[{"count":5,"href":"https:\/\/consmadrid.esteri.it\/it\/wp-json\/wp\/v2\/pages\/5767\/revisions"}],"predecessor-version":[{"id":6442,"href":"https:\/\/consmadrid.esteri.it\/it\/wp-json\/wp\/v2\/pages\/5767\/revisions\/6442"}],"up":[{"embeddable":true,"href":"https:\/\/consmadrid.esteri.it\/it\/wp-json\/wp\/v2\/pages\/86"}],"wp:attachment":[{"href":"https:\/\/consmadrid.esteri.it\/it\/wp-json\/wp\/v2\/media?parent=5767"}],"curies":[{"name":"wp","href":"https:\/\/api.w.org\/{rel}","templated":true}]}}