{"id":531,"date":"2023-11-07T09:24:04","date_gmt":"2023-11-07T08:24:04","guid":{"rendered":"https:\/\/consmadrid.esteri.it\/?page_id=531"},"modified":"2026-01-15T09:51:31","modified_gmt":"2026-01-15T08:51:31","slug":"autocertificazione-dichiarazione-sostitutiva-di-atto-di-notorieta","status":"publish","type":"page","link":"https:\/\/consmadrid.esteri.it\/it\/servizi-consolari-e-visti\/servizi-per-il-cittadino-italiano\/altri-servizi\/autocertificazione-dichiarazione-sostitutiva-di-atto-di-notorieta\/","title":{"rendered":"Autocertificazione &#8211; Dichiarazione sostitutiva di atto di notoriet\u00e0"},"content":{"rendered":"<p>L\u2019autocertificazione \u00e8 una dichiarazione che l&#8217;interessato redige e sottoscrive nel proprio interesse su stati, fatti e qualit\u00e0 personali e che utilizza nei rapporti con la P.A. e con i gestori di pubblici servizi. Nel rapporto con un soggetto privato il ricorso all&#8217;autocertificazione \u00e8 rimesso alla discrezionalit\u00e0 di quest&#8217;ultimo.<\/p>\n<p>Il\u00a0<strong>1\u00b0 gennaio 2012<\/strong>\u00a0sono entrate in vigore le nuove disposizioni in materia di certificati e di dichiarazioni sostitutive, di cui all\u2019art. 15 della legge 12 novembre 2011 n. 183. A decorrere da tale data i certificati hanno pertanto validit\u00e0 solo nei rapporti tra privati, mentre\u00a0<strong>le Amministrazioni Pubbliche non potranno pi\u00f9 chiedere o accettare i certificati, che dovranno essere sempre sostituiti da autocertificazioni<\/strong>.<\/p>\n<p>Le norme sull\u2019autocertificazione si applicano ai cittadini italiani e dell\u2019Unione europea, nonch\u00e9 ai cittadini extracomunitari regolarmente soggiornanti in Italia limitatamente ai dati verificabili o certificabili in Italia da soggetti pubblici.<\/p>\n<p>Le dichiarazioni sostitutive di cui agli artt. 46 e 47 del D.P.R. n. 445\/2000 possono essere presentate o inviate gi\u00e0 sottoscritte purch\u00e9 ad esse sia allegata una copia fotostatica non autenticata di un documento d\u2019identit\u00e0 del sottoscrittore.<\/p>\n<p>&nbsp;<\/p>\n<p><strong>Dichiarazione sostitutiva di certificazione (art. 46 DPR 445\/2000)<br \/>\n<\/strong><br \/>\nPossono essere comprovati, tramite dichiarazione, i seguenti stati:<br \/>\n\u2022data e il luogo di nascita;<br \/>\n\u2022residenza;<br \/>\n\u2022cittadinanza;<br \/>\n\u2022godimento dei diritti civili e politici;<br \/>\n\u2022stato di celibe, coniugato, vedovo o stato libero;<br \/>\n\u2022stato di famiglia;<br \/>\n\u2022esistenza in vita;<br \/>\n\u2022nascita del figlio, decesso del coniuge, dell&#8217;ascendente o discendente;<br \/>\n\u2022iscrizione in albi, in elenchi tenuti da pubbliche amministrazioni;<br \/>\n\u2022appartenenza a ordini professionali;<br \/>\n\u2022titolo di studio, esami sostenuti;<br \/>\n\u2022qualifica professionale posseduta, titolo di specializzazione, di abilitazione, di formazione, di aggiornamento e di qualificazione tecnica;<br \/>\n\u2022situazione reddituale o economica anche ai fini della concessione dei benefici di qualsiasi tipo previsti da leggi speciali;<br \/>\n\u2022assolvimento di specifici obblighi contributivi con l&#8217;indicazione dell&#8217;ammontare corrisposto;<br \/>\n\u2022possesso e numero del codice fiscale, della partita IVA e di qualsiasi dato presente nell&#8217;archivio dell&#8217;anagrafe tributaria;<br \/>\n\u2022stato di disoccupazione;<br \/>\n\u2022qualit\u00e0 di pensionato e categoria di pensione;<br \/>\n\u2022qualit\u00e0 di studente;<br \/>\n\u2022qualit\u00e0 di legale rappresentante di persone fisiche o giuridiche, di tutore, di curatore e simili;<br \/>\n\u2022iscrizione presso associazioni o formazioni sociali di qualsiasi tipo;<br \/>\n\u2022tutte le situazioni relative all&#8217;adempimento degli obblighi militari, ivi comprese quelle attestate nel foglio matricolare dello stato di servizio;<br \/>\n\u2022di non aver riportato condanne penali e di non essere destinatario di provvedimenti che riguardano l&#8217;applicazione di misure di prevenzione, di decisioni civili e di provvedimenti amministrativi iscritti nel casellario giudiziale ai sensi della vigente normativa;<br \/>\n\u2022di non essere a conoscenza di essere sottoposto a procedimenti penali;<br \/>\n\u2022qualit\u00e0 di vivenza a carico;<br \/>\n\u2022tutti i dati a diretta conoscenza dell&#8217;interessato contenuti nei registri dello stato civile;<br \/>\n\u2022di non trovarsi in stato di liquidazione o di fallimento e di non aver presentato domanda di concordato.<br \/>\nNessuna imposta di bollo deve essere corrisposta dal cittadino quando l&#8217;uso dell&#8217;atto \u00e8 esente, per legge, da essa.<\/p>\n<p><strong>Dichiarazione sostitutiva di atto di notoriet\u00e0 (art. 47 DPR 445\/2000)<\/strong><em><strong><br \/>\n<\/strong><\/em><br \/>\nSi pu\u00f2 ricorrere alla dichiarazione sostitutiva dell\u2019atto di notoriet\u00e0 per tutti gli stati, fatti e qualit\u00e0 personali di cui siano a diretta conoscenza dell&#8217;interessato.<\/p>\n<p>Tale dichiarazione pu\u00f2 riguardare anche circostanze relative ad altri soggetti, di cui il dichiarante abbia diretta conoscenza, nonch\u00e9 la conformit\u00e0 all\u2019originale di copie di atti o documenti conservati o rilasciati da una pubblica amministrazione, di copie di pubblicazioni, di copie di titoli di studio o di servizio, ovvero di copie di documenti fiscali che devono essere obbligatoriamente conservati dai privati.<\/p>\n<p><strong>La possibilit\u00e0 di avvalersi dell\u2019autocertificazione non \u00e8 mai ammessa per i certificati<\/strong>:<\/p>\n<p>\u2022medici;<br \/>\n\u2022sanitari;<br \/>\n\u2022veterinari;<br \/>\n\u2022di origine;<br \/>\n\u2022di conformit\u00e0 CE;<br \/>\n\u2022marchi o brevetti.<\/p>\n<p><strong>Nel caso in cui le amministrazioni abbiano dubbi sulla veridicit\u00e0 delle autocertificazioni, sono tenute a effettuare i controlli necessari.<br \/>\n<\/strong><br \/>\nNel caso vengano riscontrate dichiarazioni mendaci, la falsit\u00e0 negli atti e l\u2019uso di atti falsi sono puniti ai sensi del codice penale e delle leggi speciali in materia (art. 76 DPR 445\/2000). Il dichiarante inoltre decade dai benefici eventualmente conseguiti grazie a provvedimenti basati su dichiarazioni non veritiere.<\/p>\n<p><strong>Modulistica<br \/>\n<\/strong><\/p>\n<ul>\n<li><strong>Dichiarazione sostitutiva di certificazione e\/o atto di notoriet\u00e0<\/strong> (per <strong>pubblica amministrazione<\/strong>) &gt; [<a href=\"https:\/\/consmadrid.esteri.it\/wp-content\/uploads\/2023\/12\/MOD-DICHSOSTITUTIVApubbamm.doc\">scarica qui il modulo<\/a>] &#8211; WORD ITA<\/li>\n<li><strong>Dichiarazione sostitutiva di certificazione e\/o atto di notoriet\u00e0<\/strong> (per <strong>enti privati<\/strong>: es. banche, assicurazioni) &gt; [<a href=\"https:\/\/consmadrid.esteri.it\/wp-content\/uploads\/2026\/01\/MOD-DICHSOSTITUTIVAprivati.doc\">scarica qui il modulo<\/a>] &#8211; WORD ITA<\/li>\n<li><strong>Dichiarazione sostitutiva per eredi\u00a0<\/strong>&gt; [<a href=\"https:\/\/consmadrid.esteri.it\/wp-content\/uploads\/2025\/03\/mod-attonotorioeredi-privati-2024-ver-28.08.pdf\">scarica qui il modulo<\/a>] &#8211; PDF ITA<\/li>\n<li><strong>Autocertificazione per copie conformi <\/strong>(generico) &gt; [<a href=\"https:\/\/consmadrid.esteri.it\/wp-content\/uploads\/2023\/11\/mod-attonotorietacopieconformi_generico.pdf\">scarica qui il modulo<\/a>] &#8211; PDF ITA<\/li>\n<\/ul>\n","protected":false},"excerpt":{"rendered":"L\u2019autocertificazione \u00e8 una dichiarazione che l&#8217;interessato redige e sottoscrive nel proprio interesse su stati, fatti e qualit\u00e0 personali e che utilizza nei rapporti con la P.A. e con i gestori di pubblici servizi. Nel rapporto con un soggetto privato il ricorso all&#8217;autocertificazione \u00e8 rimesso alla discrezionalit\u00e0 di quest&#8217;ultimo. Il\u00a01\u00b0 gennaio 2012\u00a0sono entrate in vigore le [&hellip;]","protected":false},"author":5,"featured_media":0,"parent":94,"menu_order":0,"comment_status":"closed","ping_status":"closed","template":"","meta":{"footnotes":""},"class_list":["post-531","page","type-page","status-publish","hentry"],"_links":{"self":[{"href":"https:\/\/consmadrid.esteri.it\/it\/wp-json\/wp\/v2\/pages\/531","targetHints":{"allow":["GET"]}}],"collection":[{"href":"https:\/\/consmadrid.esteri.it\/it\/wp-json\/wp\/v2\/pages"}],"about":[{"href":"https:\/\/consmadrid.esteri.it\/it\/wp-json\/wp\/v2\/types\/page"}],"author":[{"embeddable":true,"href":"https:\/\/consmadrid.esteri.it\/it\/wp-json\/wp\/v2\/users\/5"}],"replies":[{"embeddable":true,"href":"https:\/\/consmadrid.esteri.it\/it\/wp-json\/wp\/v2\/comments?post=531"}],"version-history":[{"count":6,"href":"https:\/\/consmadrid.esteri.it\/it\/wp-json\/wp\/v2\/pages\/531\/revisions"}],"predecessor-version":[{"id":6769,"href":"https:\/\/consmadrid.esteri.it\/it\/wp-json\/wp\/v2\/pages\/531\/revisions\/6769"}],"up":[{"embeddable":true,"href":"https:\/\/consmadrid.esteri.it\/it\/wp-json\/wp\/v2\/pages\/94"}],"wp:attachment":[{"href":"https:\/\/consmadrid.esteri.it\/it\/wp-json\/wp\/v2\/media?parent=531"}],"curies":[{"name":"wp","href":"https:\/\/api.w.org\/{rel}","templated":true}]}}