{"id":477,"date":"2023-11-06T12:21:22","date_gmt":"2023-11-06T11:21:22","guid":{"rendered":"https:\/\/consmadrid.esteri.it\/?page_id=477"},"modified":"2024-08-28T14:54:32","modified_gmt":"2024-08-28T12:54:32","slug":"consigli-per-i-viaggi-turistici-spagna","status":"publish","type":"page","link":"https:\/\/consmadrid.esteri.it\/it\/servizi-consolari-e-visti\/servizi-per-il-cittadino-italiano\/altri-servizi\/consigli-per-i-viaggi-turistici-spagna\/","title":{"rendered":"Consigli per i viaggi turistici &#8211; Spagna"},"content":{"rendered":"<p>Per informazioni relative ai viaggi in Europa si consiglia di visitare il sito\u00a0<strong>La Tua Europa<\/strong>:<\/p>\n<p><a href=\"http:\/\/europa.eu\/travel\/doc\/index_it.htm\">http:\/\/europa.eu\/travel\/doc\/index_it.htm<\/a><\/p>\n<p>&nbsp;<\/p>\n<p><strong>Numero unico per tutte le emergenze:\u00a0112<\/strong><br \/>\n<strong><br \/>\nSe siete vittima di un reato in Spagna<\/strong>, richiedete aiuto rivolgendovi al numero <strong>091<\/strong>\u00a0(Polizia) o denunciando il fatto attraverso:<\/p>\n<ul>\n<li>il numero di telefono\u00a0<strong>902.102.112<\/strong>\u00a0(servizio offerto in varie lingue, anche in italiano)<\/li>\n<li>il servizio denunce\u00a0<strong>&#8220;on-line&#8221;<\/strong> (servizio offerto solo in lingua spagnola) \u00b7&gt; <a href=\"https:\/\/denuncias.policia.es\/OVD\/\">cliccare qui<\/a><\/li>\n<li>personalmente presso un Commissariato (servizio offerto in varie lingue) \u00b7&gt; <a href=\"https:\/\/www.policia.es\/_es\/dependencias_localizador.php\">cliccare qui<\/a><\/li>\n<\/ul>\n<p><strong>Altri telefoni utili in caso di emergenza:<br \/>\n<\/strong><\/p>\n<ul>\n<li><strong>091<\/strong>\u00a0&gt;\u00a0Policia Nacional (Polizia Nazionale)<\/li>\n<li><strong>092<\/strong>\u00a0&gt;\u00a0Polic\u00eda Municipal di Madrid (Polizia Municipale)<\/li>\n<li><strong>061<\/strong>\u00a0&gt;\u00a0Urgenze mediche (&#8220;Samur&#8221;)<\/li>\n<li><strong>062<\/strong>\u00a0&gt;\u00a0Guardia Civil (&#8220;carabinieri&#8221;)<\/li>\n<\/ul>\n<p><strong>Piano per il &#8220;turismo sicuro&#8221; della Polizia spagnola<\/strong><\/p>\n<p>Il piano &#8220;turismo sicuro&#8221; ha come obiettivo principale l&#8217;aumento della sicurezza per il cittadino nelle zone turistiche pi\u00f9 frequentate, allo scopo di creare un ambiente pi\u00f9 sereno per i turisti, durante il loro soggiorno in Spagna ed \u00e8 accessibile al seguente link (nota: il link indicato pu\u00f2 subire modifiche &#8211; servizio offerto in varie lingue):<br \/>\n\u00b7&gt; <a href=\"https:\/\/www.policia.es\/_es\/colabora_participacion_planturismoseguro.php\">https:\/\/www.policia.es\/_es\/colabora_participacion_planturismoseguro.php<\/a><\/p>\n<p>Per altri consigli e informazioni da acquisire prima della partenza, si consiglia di visitare i seguenti siti istituzionali:<br \/>\n\u00b7&gt;\u00a0<a href=\"http:\/\/www.viaggiaresicuri.mae\">http:\/\/www.viaggiaresicuri.mae.aci.it\u00a0<\/a>(Ministero Affari Esteri &#8211; Unit\u00e0 di Crisi)<br \/>\n\u00b7&gt;\u00a0<a href=\"http:\/\/www.enac.gov.it\/\">http:\/\/www.enac.gov.it<\/a>\u00a0(Ente Nazionale Aviazione Civile)<\/p>\n<p>&nbsp;<\/p>\n<h4>Assistenza sanitaria e TEAM (Tessera Europea Assistenza Malattia)<\/h4>\n<p>I cittadini italiani iscritti al Servizio Sanitario Nazionale possono avere accesso a prestazioni sanitarie d&#8217;urgenza\u00a0gratuite presso strutture pubbliche in Spagna purch\u00e9 si muniscano presso la propria ASL di appartenenza della tessera di assistenza sanitaria europea (TEAM).\u00a0Per ulteriori informazioni circa la TEAM si consiglia di visitare il sito della Commissione Europea:<\/p>\n<p>\u00b7&gt;\u00a0<a href=\"http:\/\/ec.europa.eu\/social\/\">http:\/\/ec.europa.eu\/social\/<\/a><\/p>\n<h4>Alberghi ed assicurazioni<\/h4>\n<p>Si consiglia di effettuare le prenotazioni alberghiere con sufficiente anticipo &#8211; specialmente nel periodo estivo \u2013 perch\u00e9 nelle zone turistiche pi\u00f9 frequentate (Madrid capitale, Costa del Sol, Isole Canarie, ecc.) si registra spesso un\u2019occupazione alberghiera del 100%.<br \/>\nE\u2019 buona norma sottoscrivere polizze assicurative per eventuali rimpatri d\u2019emergenza prevedendo massimali adeguati, ed anche sottoscrivere un\u2019assicurazione contro i furti che includa la possibilit\u00e0 di disporre di denaro in contanti in caso di necessit\u00e0.<\/p>\n<h4>Sicurezza<\/h4>\n<p>La Spagna \u00e8 il secondo paese al mondo con maggior affluenza turistica. La situazione della sicurezza \u00e8 in generale buona ma, nelle localit\u00e0 a forte presenza turistica, sono purtroppo frequenti\u00a0 furti con destrezza. Le Autorit\u00e0 locali, consapevoli del problema, hanno aumentato le misure di sicurezza, tuttavia \u00e8 conveniente che i connazionali adottino alcune precauzioni riguardanti la loro stessa incolumit\u00e0 e la conservazione dei propri beni\u00a0e documenti indentificativi (passaporto, carta d&#8217;identit\u00e0, patente, ecc.).<br \/>\nIn ragione del crescente fenomeno dei furti e borseggi in alcune aree \u00e8 fortemente raccomandato l&#8217;uso delle cassette di sicurezza messe a disposizione dagli alberghi.<br \/>\n<strong>E&#8217; inoltre consigliabile<\/strong>: portare con s\u00e8 soltanto il denaro indispensabile;\u00a0utilizzare fotocopie dei documenti d&#8217;identit\u00e0 autenticate o dalla Polizia spagnola o dal Comune italiano prima della partenza; non affidare\u00a0documenti, carte di credito e\u00a0tutto il denaro ad una sola persona; non tenere tutti i propri beni in un&#8217;unica borsa; non fare ostentazione di gioielli od orologi di valore; per strada, tenere borse e zaini chiusi; non lasciare\u00a0beni incustoditi in luoghi affollati, neppure per pochi istanti (aeroporti e stazioni, autobus, metropolitana, ristoranti, negozi,\u00a0banche, grandi magazzini, mercatini, spiagge, piscine, spettacoli, ecc..); infine, evitare i posti isolati e poco illuminati.<br \/>\n<strong>Consigli in caso di viaggio in automobile<\/strong>: \u00e8 buona norma tenere sempre le sicure abbassate, in particolare\u00a0all&#8217;interno delle citt\u00e0; non lasciare in vista all&#8217;interno delle auto borse,\u00a0bagagli, oggetti di valore, cellulari, macchine fotografiche,\u00a0GPS, ecc.; diffidare sempre degli &#8220;aiuti&#8221; sospetti e prestare molta attenzione se una persona che non \u00e8 un ufficiale di pubblica sicurezza\u00a0(identificato mediante l&#8217;esibizione di un distintivo)\u00a0fa cenno di fermare la vettura e, se si deve comunque scendere dall&#8217;auto, chiudere prima tutte le sicure e non lasciare mai le chiavi inserite nel contatto.<\/p>\n<h4>Tipi di furto pi\u00f9 comuni<\/h4>\n<p><strong>Nelle hall degli alberghi<\/strong>: al momento dell&#8217;arrivo, mentre si scaricano i bagagli dal taxi o dalle auto, un individuo fermo all&#8217;ingresso dell&#8217;albergo approfitta di una distrazione per sottrarre borse o valigie; a volte, lo stesso si trova all&#8217;interno della hall e, quando il turista \u00e8 impegnato con il chek-in, si avvicina e si impossessa di parte dei bagagli, allontanandosi poi furtivamente.<br \/>\n<strong>Nei luoghi affollati<\/strong>: scippo di borse ai pedoni; furto con destrezza\u00a0dalle borse, zaini, ecc. per sottrarre portafogli,\u00a0cellulari e altri valori; sottrazione di portafogli dalle tasche posteriori dei pantaloni; stratagemmi vari per creare distrazioni e permettere il furto (sporcare gli abiti della vittima fingendo poi di\u00a0voler pulire la macchia, far cadere a terra varie monetine\u00a0per farsi aiutare a raccoglierle, fingere svenimenti per farsi soccorrere, ecc.). Nelle citt\u00e0\u00a0le zone pi\u00f9 frequentate da turisti richiedono particolare precauzione: il centro storico, la metropolitana, le stazioni di autobus e treni, i mercatini, le piscine, bar e ristoranti, ecc.<br \/>\n<strong>Autovetture in citt\u00e0<\/strong>: uno dei furti pi\u00f9 comuni \u00e8 creare una distrazione qualsiasi per aprire la portiera quando l&#8217;auto \u00e8 ferma (per es. ad un semaforo), sottraendo velocemente tutti gli oggetti di valore in vista.<br \/>\n<strong>Autovetture in autostrada<\/strong>: in prossimit\u00e0 di aree di sosta e stazioni di servizio, gruppi di due o tre individui,\u00a0di solito a bordo di auto di grossa cilindrata (solitamente rubata),\u00a0affiancano le vetture con targa straniera, segnalando la presenza di qualche problema; quando l&#8217;auto si \u00e8 fermata, uno dei complici distrae il conducente sceso per verificare il presumibile danno (offrendogli gentilmente il proprio aiuto), mentre il secondo s\u2019impossessa senza farsi notare degli oggetti visibili all&#8217;interno della vettura.<\/p>\n<h4>Cosa fare in caso di furto<\/h4>\n<p>In caso di furto o smarrimento di documenti \u00e8 necessario sporgere immediatamente la relativa denuncia, presso il pi\u00f9 vicino\u00a0<a href=\"https:\/\/www.policia.es\/_es\/dependencias_localizador.php\">Commissariato di Polizia<\/a>, che dispone spesso di moduli in varie lingue. La denuncia pu\u00f2 essere sporta anche\u00a0per strada ad un agente della Polizia o della &#8220;Guardia Civil&#8221; (carabinieri).<br \/>\nNel caso di viaggi organizzati \u00e9 vivamente consigliato segnalare il furto al responsabile locale del proprio &#8220;Tour Operator&#8221;, il cui numero \u00e8 di norma fornito prima della partenza dall&#8217;Italia.<br \/>\nIn caso di furto di carte di credito\u00a0o di cellulari, \u00e8 conveniente procedere a bloccarli quanto prima, onde evitarne un uso fraudolento. Si consiglia dunque di informarsi presso la propria banca sulla modalit\u00e0 di blocco dall\u2019estero delle carte di credito, cos\u00ec come presso il proprio gestore di telefonia mobile sulle modalit\u00e0 di blocco del telefono (ogni cellulare dispone di un codice IMEI unico che si ottiene solitamente digitando *#06# e che permette di bloccare completamente il dispositivo). Se a seguito del furto ci si ritrova sprovvisti di denaro senza aver sottoscritto un&#8217;apposita assicurazione,\u00a0per ottenere con la massima rapidit\u00e0 aiuto economico dall&#8217;Italia si consiglia di far provvedere ad un trasferimento di fondi attraverso un\u2019agenzia specializzata (per es. la &#8220;Western Union&#8221; o la &#8220;MoneyGram&#8221;). La procedura \u00e8 semplice e rapida ed \u00e8 possibile ricevere un bonifico in 30 minuti circa: una persona in Italia (amico, familiare, conoscente, ecc.) si deve recare in un&#8217;agenzia depositandovi una somma di denaro; a tale persona verr\u00e0 indicato un codice cifrato di identificazione che poi dovr\u00e0 comunicare all&#8217;interessato, al fine di poter ritirare la somma presso una delle Agenzie convenzionate sul posto; vi sono numerose agenzie sparse sul territorio della circoscrizione. Per informazioni sul servizio Western Union dall&#8217;Italia: numero verde 800.220.055 &#8211; dalla Spagna: 900.633.633.<\/p>\n<h4>Normativa locale<\/h4>\n<p>I proprietari e conducenti di veicoli che incorrono in contravvenzioni (in genere per eccesso di velocit\u00e0 o per mancato uso delle cinture di sicurezza) e non sono in grado di provvedere al contestuale pagamento delle multe inflitte, spesso onerose, sono soggetti a numerosi inconvenienti. Il codice della strada spagnolo prevede infatti che per i contravventori non residenti in Spagna ed inadempienti venga applicato, a titolo precauzionale e sino al pagamento della multa, il fermo del veicolo. Severe sanzioni pecuniarie sono comminate dalla Polizia stradale a conducenti di autobus o autocarri che compiano infrazioni; in particolare, numerosi e scrupolosi controlli vengono effettuati sui \u201ccrono-tachigrafi\u201d. In caso di infrazione, il veicolo viene immobilizzato ed i documenti ritirati sino a pagamento della multa.<br \/>\nIl nuovo codice penale spagnolo prevede\u00a0sanzioni molto severe nei confronti dei detentori di sostanze stupefacenti, onde evitare che la Spagna sia utilizzata come paese di transito per tali sostanze, provenienti principalmente dal nord Africa e dirette\u00a0in centro Europa, pertanto i controlli di Polizia sono sempre pi\u00f9 frequenti ed accurati.<\/p>\n<h4>Farmaci\u00a0&#8211; Terapie<\/h4>\n<p>Ai turisti italiani che seguano particolari terapie e che si mettano in viaggio in questa circoscrizione consolare, si raccomanda d\u2019informarsi previamente sulla possibilit\u00e0 di reperire nel luogo di destinazione i farmaci prescritti, necessari per la cura seguita, oppure di farmaci analoghi, cos\u00ec da evitare inconvenienti in caso di esaurimento\u00a0o furto degli stessi.<\/p>\n","protected":false},"excerpt":{"rendered":"Per informazioni relative ai viaggi in Europa si consiglia di visitare il sito\u00a0La Tua Europa: http:\/\/europa.eu\/travel\/doc\/index_it.htm &nbsp; Numero unico per tutte le emergenze:\u00a0112 Se siete vittima di un reato in Spagna, richiedete aiuto rivolgendovi al numero 091\u00a0(Polizia) o denunciando il fatto attraverso: il numero di telefono\u00a0902.102.112\u00a0(servizio offerto in varie lingue, anche in italiano) il servizio [&hellip;]","protected":false},"author":5,"featured_media":0,"parent":94,"menu_order":0,"comment_status":"closed","ping_status":"closed","template":"","meta":{"footnotes":""},"class_list":["post-477","page","type-page","status-publish","hentry"],"_links":{"self":[{"href":"https:\/\/consmadrid.esteri.it\/it\/wp-json\/wp\/v2\/pages\/477","targetHints":{"allow":["GET"]}}],"collection":[{"href":"https:\/\/consmadrid.esteri.it\/it\/wp-json\/wp\/v2\/pages"}],"about":[{"href":"https:\/\/consmadrid.esteri.it\/it\/wp-json\/wp\/v2\/types\/page"}],"author":[{"embeddable":true,"href":"https:\/\/consmadrid.esteri.it\/it\/wp-json\/wp\/v2\/users\/5"}],"replies":[{"embeddable":true,"href":"https:\/\/consmadrid.esteri.it\/it\/wp-json\/wp\/v2\/comments?post=477"}],"version-history":[{"count":6,"href":"https:\/\/consmadrid.esteri.it\/it\/wp-json\/wp\/v2\/pages\/477\/revisions"}],"predecessor-version":[{"id":4262,"href":"https:\/\/consmadrid.esteri.it\/it\/wp-json\/wp\/v2\/pages\/477\/revisions\/4262"}],"up":[{"embeddable":true,"href":"https:\/\/consmadrid.esteri.it\/it\/wp-json\/wp\/v2\/pages\/94"}],"wp:attachment":[{"href":"https:\/\/consmadrid.esteri.it\/it\/wp-json\/wp\/v2\/media?parent=477"}],"curies":[{"name":"wp","href":"https:\/\/api.w.org\/{rel}","templated":true}]}}