{"id":471,"date":"2023-10-16T15:32:06","date_gmt":"2023-10-16T13:32:06","guid":{"rendered":"https:\/\/consmadrid.esteri.it\/?page_id=471"},"modified":"2025-01-10T10:44:42","modified_gmt":"2025-01-10T09:44:42","slug":"iscrizione-alla-i-r-e-per-i-minorenni-e-neonati","status":"publish","type":"page","link":"https:\/\/consmadrid.esteri.it\/it\/servizi-consolari-e-visti\/servizi-per-il-cittadino-italiano\/anagrafe-degli-italiani-residenti-allestero-aire\/iscrizione-alla-i-r-e-per-i-minorenni-e-neonati\/","title":{"rendered":"Iscrizione all\u2019AIRE per i minorenni e neonati"},"content":{"rendered":"<p>Esistono principalmente tre casi:<\/p>\n<ul>\n<li><span style=\"text-decoration: underline;\">Iscrizione A.I.R.E. di un minore convivente\u00a0<strong>con entrambi i<\/strong>\u00a0genito<\/span>ri &#8211; Si effettua l\u2019iscrizione A.I.R.E. secondo indicazioni del punto \u201c<span style=\"text-decoration: underline;\">Come iscriversi all\u2019A.I.R.E.<\/span>\u201d. Sar\u00e0 obbligatorio caricare: i documenti d\u2019identit\u00e0 di tutto il nucleo familiare, le prove di residenza di tutto il nucleo familiare e basta un solo formulario per tutta la famiglia con le firme di entrambi i genitori.<\/li>\n<\/ul>\n<ul>\n<li><span style=\"text-decoration: underline;\">Iscrizione A.I.R.E. di un minore convivente\u00a0<strong>con un solo genitore<\/strong><\/span> -Essendo necessario l&#8217;assenso del genitore non convivente, anche se straniero, la richiesta di iscrizione A.I.R.E. di un minore convivente con un solo genitore deve essere effettuata eccezionalmente via posta cartacea. Per scarica il modello di iscrizione A.I.R.E. di un minore convivente con un solo genitore \u00b7&gt; [<a href=\"https:\/\/consmadrid.esteri.it\/wp-content\/uploads\/2024\/08\/rich-aire-minori-sono-un-genitore_it-2024-ver-27.08-1.pdf\"><strong>scarica qui<\/strong><\/a>] &#8211; La richiesta di iscrizione\/variazione A.I.R.E. di un minore non convivente con entrambi i genitori <strong>deve essere sottoscritta da entrambi gli esercenti la responsabilit\u00e0 genitoriale<\/strong>\u00a0e corredata dalle\u00a0<strong>copie dei documenti d&#8217;identit\u00e0 di entrambi i firmatari e da una prova di residenza<\/strong>. In difetto dell&#8217;espressione di volont\u00e0 di entrambi i genitori, la domanda dovr\u00e0 essere comunque integrata con il foglio consenso non firmato e con le spiegazioni del mancato consenso. Il consenso deve essere attuale, ossia non pi\u00f9 di 6 mesi dalla firma. Qualora l\u2019interessato non possa fornire il consenso dell\u2019altro genitore, ad esempio per morte dell&#8217;altro genitore o per provvedimento giurisdizionale interdittivo della sua genitorialit\u00e0 o perch\u00e9 il minore \u00e9 stato riconosciuto da un solo genitore, dovr\u00e0 fornire evidenza documentale della situazione dichiarata. Qualora l&#8217;interessato dichiari invece la semplice impossibilit\u00e0 di ottenere il consenso dell&#8217;altro genitore, ad esempio, nel caso di irreperibilit\u00e0 della stesso, dovr\u00e0 fornire le ultime coordinate conosciute dove risulta potenzialmente rintracciabile, intendendo come tali non solo l&#8217;indirizzo, ma anche eventuali contatti telefonici o di posta elettronica.<\/li>\n<\/ul>\n<ul>\n<li><span style=\"text-decoration: underline;\">Iscrizione A.I.R.E. di un neonato<\/span> &#8211; Se un bambino nasce in Spagna e risieder\u00e0 all\u2019estero con entrambi i genitori o con un solo genitore, straniero o italiano, la sua iscrizione A.I.R.E. verr\u00e0 effettuata automaticamente con la richiesta di trascrizione della nascita, senza necessit\u00e0 di presentare una specifica richiesta di iscrizione all&#8217;AIRE. Per accedere alla sezione della trascrizione dell&#8217;atto di nascita \u00b7&gt; [<strong><a href=\"https:\/\/consmadrid.esteri.it\/it\/servizi-consolari-e-visti\/servizi-per-il-cittadino-italiano\/stato-civile\/\">cliccare qui<\/a><\/strong>]<\/li>\n<\/ul>\n","protected":false},"excerpt":{"rendered":"Esistono principalmente tre casi: Iscrizione A.I.R.E. di un minore convivente\u00a0con entrambi i\u00a0genitori &#8211; Si effettua l\u2019iscrizione A.I.R.E. secondo indicazioni del punto \u201cCome iscriversi all\u2019A.I.R.E.\u201d. Sar\u00e0 obbligatorio caricare: i documenti d\u2019identit\u00e0 di tutto il nucleo familiare, le prove di residenza di tutto il nucleo familiare e basta un solo formulario per tutta la famiglia con le [&hellip;]","protected":false},"author":4,"featured_media":0,"parent":85,"menu_order":0,"comment_status":"closed","ping_status":"closed","template":"","meta":{"footnotes":""},"class_list":["post-471","page","type-page","status-publish","hentry"],"_links":{"self":[{"href":"https:\/\/consmadrid.esteri.it\/it\/wp-json\/wp\/v2\/pages\/471","targetHints":{"allow":["GET"]}}],"collection":[{"href":"https:\/\/consmadrid.esteri.it\/it\/wp-json\/wp\/v2\/pages"}],"about":[{"href":"https:\/\/consmadrid.esteri.it\/it\/wp-json\/wp\/v2\/types\/page"}],"author":[{"embeddable":true,"href":"https:\/\/consmadrid.esteri.it\/it\/wp-json\/wp\/v2\/users\/4"}],"replies":[{"embeddable":true,"href":"https:\/\/consmadrid.esteri.it\/it\/wp-json\/wp\/v2\/comments?post=471"}],"version-history":[{"count":6,"href":"https:\/\/consmadrid.esteri.it\/it\/wp-json\/wp\/v2\/pages\/471\/revisions"}],"predecessor-version":[{"id":5130,"href":"https:\/\/consmadrid.esteri.it\/it\/wp-json\/wp\/v2\/pages\/471\/revisions\/5130"}],"up":[{"embeddable":true,"href":"https:\/\/consmadrid.esteri.it\/it\/wp-json\/wp\/v2\/pages\/85"}],"wp:attachment":[{"href":"https:\/\/consmadrid.esteri.it\/it\/wp-json\/wp\/v2\/media?parent=471"}],"curies":[{"name":"wp","href":"https:\/\/api.w.org\/{rel}","templated":true}]}}