{"id":447,"date":"2023-10-13T16:05:08","date_gmt":"2023-10-13T14:05:08","guid":{"rendered":"https:\/\/consmadrid.esteri.it\/?page_id=447"},"modified":"2026-01-26T14:44:43","modified_gmt":"2026-01-26T13:44:43","slug":"passaporto-per-minori-di-anni-18","status":"publish","type":"page","link":"https:\/\/consmadrid.esteri.it\/it\/servizi-consolari-e-visti\/servizi-per-il-cittadino-italiano\/passaporti-e-carte-didentita\/passaporto-per-minori-di-anni-18\/","title":{"rendered":"Passaporto per minori di anni 18"},"content":{"rendered":"<p>Per poter rilasciare il passaporto ad un minore \u00e8 indispensabile che il relativo atto di nascita sia stato registrato in Italia, oppure che l&#8217;ufficio consolare abbia gi\u00e0 avviato la richiesta di trascrizione. Per bambini neonati in Spagna che abbiano urgente bisogno del documento si consiglia di presentare la domanda di passaporto insieme alla richiesta di trascrizione dell&#8217;atto di nascita. Per accedere alla sezione di Stato Civile \u00b7&gt; [<strong><a href=\"https:\/\/consmadrid.esteri.it\/consolato_madrid\/it\/i-servizi\/domande-frequenti\/stato-civile\">cliccare qui<\/a><\/strong>]<\/p>\n<p><strong>ATTENZIONE:\u00a0dal 1\u00ba dicembre 2025<\/strong>, <u>il costo per il rilascio del passaporto \u00e8 di\u00a0<strong>116,20\u00a0\u20ac<\/strong><\/u><strong>.<\/strong><\/p>\n<p><strong><u>1. Richiesta al Consolato Generale d&#8217;Italia in Madrid<\/u><\/strong><\/p>\n<p>La richiesta si invia <strong>per posta<\/strong> al Consolato Generale di Madrid (Calle Agust\u00edn de Betancourt, 3 \u2013 28003 Madrid) allegando la seguente documentazione:<\/p>\n<ol>\n<li>modulo di richiesta compilato e firmato DA ENTRAMBI I GENITORI e dichiarazione di residenza [<a href=\"https:\/\/consmadrid.esteri.it\/wp-content\/uploads\/2025\/12\/mod-passaporti-es-2025-MINORI-ver-01.12.pdf\"><strong>scarica qui<\/strong><\/a>]\n<p style=\"padding-left: 40px;\">\u2013 IMPORTANTE: qualora il modulo di richiesta non possa essere sottoscritto da uno dei genitori, dovr\u00e0 essere acquisito l\u2019assenso dell\u2019altro genitore, con modalit\u00e0 diverse se trattasi di <strong>\u00a0<\/strong>cittadino dell\u2019Unione europea\u00a0o di cittadino non UE<strong>\u00a0<\/strong>\u00b7&gt; [<a href=\"https:\/\/consmadrid.esteri.it\/it\/servizi-consolari-e-visti\/servizi-per-il-cittadino-italiano\/atto-di-assenso-decreto-consolare-per-passaporto-o-carta-didentita\/\"><strong>cliccare qui<\/strong><\/a>]:<\/p>\n<p style=\"padding-left: 40px;\">\u2013 IMPORTANTE: qualora non sia possibile presentare l\u2019atto di assenso firmato da un genitore, l\u2019altro genitore dovr\u00e0 richiedere un\u2019autorizzazione giudiziale al rilascio del documento. Se il minore \u00e8 residente nella circoscrizione consolare di Madrid, l\u2019interessato potr\u00e0 richiedere un decreto consolare di autorizzazione da parte del Capo dell\u2019Ufficio Consolare, nella veste di \u201cGiudice Tutelare\u201d \u00b7&gt; [<a href=\"https:\/\/consmadrid.esteri.it\/it\/servizi-consolari-e-visti\/servizi-per-il-cittadino-italiano\/atto-di-assenso-decreto-consolare-per-passaporto-o-carta-didentita\/\"><strong>cliccare qui<\/strong><\/a>]<\/p>\n<\/li>\n<li>due fotografie a colori 40&#215;30 mm.<\/li>\n<li>fotocopia passaporto italiano precedente (se non in possesso, di altro documento d&#8217;identit\u00e0)<\/li>\n<li>fotocopia passaporti (o altri documenti d&#8217;identit\u00e0) dei genitori<\/li>\n<li>in caso di furto\/smarrimento del passaporto: copia denuncia resa alla Polizia spagnola\/altre Autorit\u00e0 di Polizia<\/li>\n<li><strong><u>SOLO SE IL MINORE HA MENO DI 12 ANNI<\/u><\/strong>, ricevuta originale di versamento o bonifico della tassa di Euro <strong>116,20\u20ac<\/strong> sul conto corrente del Consolato Generale d&#8217;Italia a Madrid &#8211;\u00a0 Banco Santander (IBAN: ES08 0030 1126 4500 0155 4271 &#8211; Codice BIC\/SWIFT: BSCHESMM \u2013 Causale: \u201cPassaporto e <em>nome minore<\/em>\u201d)<\/li>\n<li><strong><u>PER I MINORI DAI 12 AI 18 ANNI<\/u><\/strong><u> i<\/u><u>l pagamento si effettua solo allo sportello di Madrid tramite POS con carte di debito<\/u>\u00a0rilasciate nei paesi UE. \u00c8 escluso il pagamento con carte appartenenti ai circuiti internazionali e il pagamento in contanti.<\/li>\n<\/ol>\n<p>Terminata l&#8217;istruttoria, l&#8217;ufficio passaporti mander\u00e0 un email con le istruzioni per il ritiro del documento (<strong>\u00e8 IMPORTANTE indicare nel formulario in stampatello e in caratteri chiari e leggibili il proprio indirizzo email<\/strong>).<\/p>\n<p><strong>Il passaporto dovr\u00e0 essere ritirato <span style=\"text-decoration: underline;\">presso il Consolato Generale di Madrid da almeno uno dei genitori<\/span> con la presenza del minore interessato.<\/strong><\/p>\n<p>&nbsp;<\/p>\n<p><strong><u>2. Richiesta tramite i Consolati Onorari<\/u><\/strong><\/p>\n<p>I residenti nelle province di <strong>\u00c1lava, Guip\u00fazcoa, Vizcaya, La Rioja, Navarra, La Coru\u00f1a, Lugo, Pontevedra, Ourense, M\u00e1laga, Almer\u00eda, Granada, Ja\u00e9n, Badajoz, C\u00e1ceres, C\u00e1diz, C\u00f3rdoba, Huelva, Sevilla<\/strong> possono presentare\u00a0domanda di passaporto recandosi, <strong>previo appuntamento<\/strong>, presso il Consolato Onorario di riferimento con la seguente documentazione:<\/p>\n<ol>\n<li>Modulo di richiesta compilato e firmato DA ENTRAMBI I GENITORI e dichiarazione di residenza [<a href=\"https:\/\/consmadrid.esteri.it\/wp-content\/uploads\/2025\/12\/mod-passaporti-es-2025-MINORI-ver-01.12.pdf\"><strong>scarica qui<\/strong><\/a>]\n<p style=\"padding-left: 40px;\">\u2013 IMPORTANTE: qualora il modulo di richiesta non possa essere sottoscritto da uno dei genitori, dovr\u00e0 essere acquisito l\u2019assenso dell\u2019altro genitore, con modalit\u00e0 diverse se trattasi di <strong>\u00a0<\/strong>cittadino dell\u2019Unione europea\u00a0o di cittadino non UE<strong>\u00a0<\/strong>\u00b7&gt; [<a href=\"https:\/\/consmadrid.esteri.it\/it\/servizi-consolari-e-visti\/servizi-per-il-cittadino-italiano\/atto-di-assenso-decreto-consolare-per-passaporto-o-carta-didentita\/\"><strong>cliccare qui<\/strong><\/a>]:<\/p>\n<p style=\"padding-left: 40px;\">\u2013 IMPORTANTE: qualora non sia possibile presentare l\u2019atto di assenso firmato da un genitore, l\u2019altro genitore dovr\u00e0 richiedere un\u2019autorizzazione giudiziale al rilascio del documento. Se il minore \u00e8 residente nella circoscrizione consolare di Madrid, l\u2019interessato potr\u00e0 richiedere un decreto consolare di autorizzazione da parte del Capo dell\u2019Ufficio Consolare, nella veste di \u201cGiudice Tutelare\u201d \u00b7&gt; [<a href=\"https:\/\/consmadrid.esteri.it\/it\/servizi-consolari-e-visti\/servizi-per-il-cittadino-italiano\/atto-di-assenso-decreto-consolare-per-passaporto-o-carta-didentita\/\"><strong>cliccare qui<\/strong><\/a>]<\/p>\n<\/li>\n<li>due fotografie a colori 40&#215;30 mm.<\/li>\n<li>fotocopia passaporto italiano precedente (se non in possesso, di altro documento d&#8217;identit\u00e0)<\/li>\n<li>fotocopia passaporti (o altri documenti d&#8217;identit\u00e0) dei genitori<\/li>\n<li>in caso di furto\/smarrimento del passaporto: copia denuncia resa alla Polizia spagnola\/altre Autorit\u00e0 di Polizia<\/li>\n<li>ricevuta originale di versamento o bonifico della tassa di Euro <strong>116,20\u20ac<\/strong> sul conto corrente del Consolato Generale d&#8217;Italia a Madrid &#8211; Banco Santander (IBAN: ES08 0030 1126 4500 0155 4271 &#8211; Codice BIC\/SWIFT: BSCHESMM \u2013 Causale: \u201cPassaporto e <em>nome minore<\/em>\u201d)<\/li>\n<\/ol>\n<p><strong>Il passaporto dovr\u00e0 essere ritirato <span style=\"text-decoration: underline;\">presso l\u2019Ufficio Consolare Onorario<\/span> da almeno uno dei genitori.<\/strong><\/p>\n<p>Per l\u2019appuntamento inviare una email a:<\/p>\n<ul>\n<li><strong>La Coru\u00f1a<\/strong>\u00a0(residenti a\/in: Galizia) \u2013 via email alla casella\u00a0<a href=\"mailto:lacoruna.onorario@esteri.it\">lacoruna.onorario@esteri.it<\/a><\/li>\n<li><strong>M\u00e1laga<\/strong>\u00a0(residenti a\/in: Almer\u00eda, Granada, Ja\u00e9n, M\u00e1laga) \u2013 via email alla casella\u00a0<a href=\"mailto:malaga.onorario@esteri.it\">malaga.onorario@esteri.it<\/a><\/li>\n<li><strong>Pamplona<\/strong>: (residenti a\/in: \u00c1lava, Guip\u00fazcoa, Vizcaya, La Rioja, Navarra) \u2013 via email alla casella\u00a0<a class=\"focus--mouse\" href=\"mailto:pamplona.onorario@esteri.it\" data-focus-mouse=\"true\">pamplona.onorario@esteri.it<\/a>\u00a0<a>\u00a0<\/a><\/li>\n<li><strong>Siviglia<\/strong>\u00a0(residenti a\/in: Badajoz, C\u00e1ceres, C\u00e1diz, C\u00f3rdoba, Huelva, Sevilla) \u2013 via mail alla casella\u00a0<a href=\"mailto:siviglia.onorario@esteri.it\">siviglia.onorario@esteri.it<\/a><\/li>\n<\/ul>\n<p>Per informazioni su viaggi di minori non accompagnati dai genitori \u00b7&gt; [<a href=\"https:\/\/consmadrid.esteri.it\/consolato_madrid\/it\/i-servizi\/domande-frequenti\/minori14accompagnam.html\" target=\"_blank\" rel=\"noopener\"><strong>cliccare qui<\/strong>]<\/a>.<\/p>\n","protected":false},"excerpt":{"rendered":"Per poter rilasciare il passaporto ad un minore \u00e8 indispensabile che il relativo atto di nascita sia stato registrato in Italia, oppure che l&#8217;ufficio consolare abbia gi\u00e0 avviato la richiesta di trascrizione. Per bambini neonati in Spagna che abbiano urgente bisogno del documento si consiglia di presentare la domanda di passaporto insieme alla richiesta di [&hellip;]","protected":false},"author":3,"featured_media":0,"parent":67,"menu_order":0,"comment_status":"closed","ping_status":"closed","template":"","meta":{"footnotes":""},"class_list":["post-447","page","type-page","status-publish","hentry"],"_links":{"self":[{"href":"https:\/\/consmadrid.esteri.it\/it\/wp-json\/wp\/v2\/pages\/447","targetHints":{"allow":["GET"]}}],"collection":[{"href":"https:\/\/consmadrid.esteri.it\/it\/wp-json\/wp\/v2\/pages"}],"about":[{"href":"https:\/\/consmadrid.esteri.it\/it\/wp-json\/wp\/v2\/types\/page"}],"author":[{"embeddable":true,"href":"https:\/\/consmadrid.esteri.it\/it\/wp-json\/wp\/v2\/users\/3"}],"replies":[{"embeddable":true,"href":"https:\/\/consmadrid.esteri.it\/it\/wp-json\/wp\/v2\/comments?post=447"}],"version-history":[{"count":7,"href":"https:\/\/consmadrid.esteri.it\/it\/wp-json\/wp\/v2\/pages\/447\/revisions"}],"predecessor-version":[{"id":6846,"href":"https:\/\/consmadrid.esteri.it\/it\/wp-json\/wp\/v2\/pages\/447\/revisions\/6846"}],"up":[{"embeddable":true,"href":"https:\/\/consmadrid.esteri.it\/it\/wp-json\/wp\/v2\/pages\/67"}],"wp:attachment":[{"href":"https:\/\/consmadrid.esteri.it\/it\/wp-json\/wp\/v2\/media?parent=447"}],"curies":[{"name":"wp","href":"https:\/\/api.w.org\/{rel}","templated":true}]}}