{"id":444,"date":"2023-10-13T16:04:21","date_gmt":"2023-10-13T14:04:21","guid":{"rendered":"https:\/\/consmadrid.esteri.it\/?page_id=444"},"modified":"2025-12-03T14:36:47","modified_gmt":"2025-12-03T13:36:47","slug":"passaporto-per-adulto-con-figli-minori","status":"publish","type":"page","link":"https:\/\/consmadrid.esteri.it\/it\/servizi-consolari-e-visti\/servizi-per-il-cittadino-italiano\/passaporti-e-carte-didentita\/passaporto-per-adulto-con-figli-minori\/","title":{"rendered":"Passaporto per maggiorenne"},"content":{"rendered":"<p><strong><u>1. Richiesta al Consolato Generale d&#8217;Italia in Madrid<br \/>\n<\/u><\/strong><\/p>\n<p>La richiesta si invia per posta al Consolato Generale in Madrid (Calle Agust\u00edn de Betancourt, 3 \u2013 28003 Madrid) allegando la seguente documentazione:<\/p>\n<ol>\n<li>Modulo di richiesta compilato e firmato e dichiarazione di residenza [<a href=\"https:\/\/consmadrid.esteri.it\/wp-content\/uploads\/2025\/03\/mod-passaporti-it-2025-MAGGIORENNE-MADRID-ver-24.03.pdf\"><strong>scarica qui<\/strong><\/a>]<\/li>\n<li>due fotografie a colori 40&#215;30 mm.<\/li>\n<li>fotocopia passaporto italiano precedente (se non in possesso, di altro documento d&#8217;identit\u00e0)<\/li>\n<li>in caso di furto\/smarrimento del passaporto: copia denuncia resa alla Polizia spagnola\/altre Autorit\u00e0 di Polizia<\/li>\n<\/ol>\n<p>Terminata l&#8217;istruttoria, l&#8217;ufficio passaporti mander\u00e0 un email con le istruzioni per la prenotazione dell&#8217;appuntamento per il ritiro del documento (<strong>\u00e8 IMPORTANTE indicare nel formulario in <\/strong><strong>stampatello e in caratteri chiari e leggibili il proprio indirizzo email<\/strong>).<\/p>\n<p><strong>Il passaporto dovr\u00e0 essere ritirato <span style=\"text-decoration: underline;\">presso il Consolato Generale di Madrid<\/span> personalmente dall\u2019interessato.<\/strong><\/p>\n<p>Il pagamento di <strong>116,20\u20ac<\/strong> si effettua il giorno dell&#8217;appuntamento allo sportello del Consolato di Madrid tramite POS con carte di debito rilasciate nei paesi UE. \u00c8 escluso il pagamento con carte appartenenti ai circuiti internazionali e il pagamento in contanti.<\/p>\n<p>&nbsp;<\/p>\n<p><strong><u>2. Richiesta tramite i Consolati Onorari<\/u><\/strong><\/p>\n<p>I residenti nelle province di <strong>\u00c1lava, Guip\u00fazcoa, Vizcaya, La Rioja, Navarra, La Coru\u00f1a, Lugo, Pontevedra, Ourense, M\u00e1laga, Almer\u00eda, Granada, Ja\u00e9n, Badajoz, C\u00e1ceres, C\u00e1diz, C\u00f3rdoba, Huelva, Sevilla<\/strong> possono presentare\u00a0domanda di passaporto recandosi, <strong>previo appuntamento da richiedere via email<\/strong> al Consolato Onorario di riferimento con la seguente documentazione:<\/p>\n<ol>\n<li>modulo di richiesta compilato e firmato e dichiarazione di residenza [<a href=\"https:\/\/consmadrid.esteri.it\/wp-content\/uploads\/2025\/12\/mod-passaporti-it-2025-MAGGIORENNE-ONORARI-ver-01.12.pdf\"><strong>scarica qui<\/strong><\/a>]<\/li>\n<li>due fotografie a colori 40&#215;30 mm.<\/li>\n<li>fotocopia passaporto italiano precedente (se non in possesso, di altro documento d&#8217;identit\u00e0)<\/li>\n<li>in caso di furto\/smarrimento del passaporto: copia denuncia resa alla Polizia spagnola\/altre Autorit\u00e0 di Polizia<\/li>\n<li>ricevuta originale di versamento o bonifico della tassa di <strong>116,20\u20ac<\/strong> sul conto corrente del Banco Santander (IBAN: <strong>ES08 0030 1126 4500 0155 4271<\/strong> &#8211; Codice BIC\/SWIFT: <strong>BSCHESMM; <\/strong>causale &#8220;passaporto + <em>nome richiedente<\/em>&#8220;)<\/li>\n<\/ol>\n<p><strong>Il passaporto dovr\u00e0 essere ritirato <span style=\"text-decoration: underline;\">presso l\u2019Ufficio Consolare Onorario<\/span> personalmente dall\u2019interessato.<\/strong><\/p>\n<p>Per l&#8217;appuntamento inviare una email a:<\/p>\n<ul>\n<li><strong>La Coru\u00f1a<\/strong>\u00a0(residenti a\/in: Galizia) &#8211; via email alla casella\u00a0<em><a href=\"mailto:lacoruna.onorario@esteri.it\">lacoruna.onorario@esteri.it<\/a><\/em><\/li>\n<li><strong>M\u00e1laga<\/strong>\u00a0(residenti a\/in: Almer\u00eda, Granada, Ja\u00e9n, M\u00e1laga) &#8211; via email alla casella\u00a0<em><a href=\"mailto:malaga.onorario@esteri.it\">malaga.onorario@esteri.it<\/a><\/em><\/li>\n<li><strong>Pamplona<\/strong>: (residenti a\/in: \u00c1lava, Guip\u00fazcoa, Vizcaya, La Rioja, Navarra) &#8211; via email alla casella\u00a0<em><a href=\"mailto:pamplona.onorario@esteri.it\">pamplona.onorario@esteri.it<\/a><\/em>\u00a0<a>\u00a0<\/a><\/li>\n<li><strong>Siviglia<\/strong>\u00a0(residenti a\/in: Badajoz, C\u00e1ceres, C\u00e1diz, C\u00f3rdoba, Huelva, Sevilla) &#8211; via mail alla casella\u00a0<em><a href=\"mailto:siviglia.onorario@esteri.it\">siviglia.onorario@esteri.it<\/a>\u00a0<\/em><\/li>\n<\/ul>\n<p>Ai sensi del D.L. 69\/2023, a partire dal 14 giugno 2023\u00a0<strong>non \u00e8 pi\u00f9 necessario per i genitori di figli minori presentare l\u2019atto di assenso dell\u2019altro genitore<\/strong>\u00a0ai fini del rilascio del proprio documento d\u2019identit\u00e0 (passaporto e CIE).<\/p>\n<p>Nello specifico il novellato articolo 3-bis della L. 1185\/1967 indica che, quando vi \u00e8 concreto e attuale pericolo che a causa del trasferimento all&#8217;estero questo possa sottrarsi all&#8217;adempimento dei suoi obblighi verso i figli, sar\u00e0 possibile per l\u2019altro genitore richiedere una inibitoria al rilascio del documento.<\/p>\n<p>L\u2019istanza potr\u00e0 essere presentata presso il giudice competente presso il Tribunale ordinario in cui il minore ha la residenza abituale ovvero, se il minore \u00e8 residente all\u2019estero, il Tribunale nel cui circondario si trova il suo Comune di iscrizione AIRE.<\/p>\n","protected":false},"excerpt":{"rendered":"1. Richiesta al Consolato Generale d&#8217;Italia in Madrid La richiesta si invia per posta al Consolato Generale in Madrid (Calle Agust\u00edn de Betancourt, 3 \u2013 28003 Madrid) allegando la seguente documentazione: Modulo di richiesta compilato e firmato e dichiarazione di residenza [scarica qui] due fotografie a colori 40&#215;30 mm. fotocopia passaporto italiano precedente (se non [&hellip;]","protected":false},"author":3,"featured_media":0,"parent":67,"menu_order":0,"comment_status":"closed","ping_status":"closed","template":"","meta":{"footnotes":""},"class_list":["post-444","page","type-page","status-publish","hentry"],"_links":{"self":[{"href":"https:\/\/consmadrid.esteri.it\/it\/wp-json\/wp\/v2\/pages\/444","targetHints":{"allow":["GET"]}}],"collection":[{"href":"https:\/\/consmadrid.esteri.it\/it\/wp-json\/wp\/v2\/pages"}],"about":[{"href":"https:\/\/consmadrid.esteri.it\/it\/wp-json\/wp\/v2\/types\/page"}],"author":[{"embeddable":true,"href":"https:\/\/consmadrid.esteri.it\/it\/wp-json\/wp\/v2\/users\/3"}],"replies":[{"embeddable":true,"href":"https:\/\/consmadrid.esteri.it\/it\/wp-json\/wp\/v2\/comments?post=444"}],"version-history":[{"count":7,"href":"https:\/\/consmadrid.esteri.it\/it\/wp-json\/wp\/v2\/pages\/444\/revisions"}],"predecessor-version":[{"id":6670,"href":"https:\/\/consmadrid.esteri.it\/it\/wp-json\/wp\/v2\/pages\/444\/revisions\/6670"}],"up":[{"embeddable":true,"href":"https:\/\/consmadrid.esteri.it\/it\/wp-json\/wp\/v2\/pages\/67"}],"wp:attachment":[{"href":"https:\/\/consmadrid.esteri.it\/it\/wp-json\/wp\/v2\/media?parent=444"}],"curies":[{"name":"wp","href":"https:\/\/api.w.org\/{rel}","templated":true}]}}