{"id":400,"date":"2023-10-13T15:50:40","date_gmt":"2023-10-13T13:50:40","guid":{"rendered":"https:\/\/consmadrid.esteri.it\/?page_id=400"},"modified":"2024-08-28T10:10:31","modified_gmt":"2024-08-28T08:10:31","slug":"sono-gia-iscritto-presso-la-circoscrizione-consolare-di-madrid-e-voglio-comunicare-il-mio-rientro-trasferimento-in-italia","status":"publish","type":"page","link":"https:\/\/consmadrid.esteri.it\/it\/servizi-consolari-e-visti\/servizi-per-il-cittadino-italiano\/anagrafe-degli-italiani-residenti-allestero-aire\/sono-gia-iscritto-presso-la-circoscrizione-consolare-di-madrid-e-voglio-comunicare-il-mio-rientro-trasferimento-in-italia\/","title":{"rendered":"Rientro o trasferimento in Italia (solo persone gi\u00e0 iscritte nello schedario consolare di Madrid)"},"content":{"rendered":"<p style=\"text-align: justify;\"><strong>L&#8217;unica Autorit\u00e0 che pu\u00f2 fare la cancellazione dai registri A.I.R.E. \u00e9 il Comune italiano.<\/strong><\/p>\n<p style=\"text-align: justify;\">Gli uffici consolari\u00a0<strong>non possono cancellare i cittadini dall&#8217;A.I.R.E<\/strong>. Secondo la normativa vigente, infatti, il Consolato \u00e8 competente unicamente a trasmettere le dichiarazioni fornite dai cittadini residenti nella circoscrizione consolare relativamente <span style=\"text-decoration: underline;\">all&#8217;espatrio<\/span> e alla <span style=\"text-decoration: underline;\">residenza all\u2019estero<\/span>, ma non quelle relative al rimpatrio (DL 71\/2011, art. 9, Anagrafe degli italiani residenti all&#8217;estero &#8211; AIRE).<\/p>\n<p>Pertanto la procedura per comunicare il rientro in Italia la seguente: i cittadini iscritti all&#8217;AIRE che rientrano definitivamente in Italia dovranno dichiarare il proprio rimpatrio\u00a0<strong>direttamente al Comune italiano<\/strong>, il quale dovr\u00e0 inviare una comunicazione ufficiale al Consolato competente, indicando la data di decorrenza del rimpatrio stesso. Ne conseguir\u00e0 la cancellazione dalla banca dati Consolato Generale d&#8217;Italia in Madrid e l&#8217;iscrizione in A.P.R. (Anagrafe della Popolazione Residente del Comune).<\/p>\n<p><strong>\u00c8 conveniente che il cittadino si assicuri che il Municipio invia al Consolato la formale comunicazione di cancellazione dall&#8217;AIRE, ai fini dell&#8217;aggiornamento dello schedario consolare e delle liste elettorali.<\/strong><\/p>\n","protected":false},"excerpt":{"rendered":"L&#8217;unica Autorit\u00e0 che pu\u00f2 fare la cancellazione dai registri A.I.R.E. \u00e9 il Comune italiano. Gli uffici consolari\u00a0non possono cancellare i cittadini dall&#8217;A.I.R.E. Secondo la normativa vigente, infatti, il Consolato \u00e8 competente unicamente a trasmettere le dichiarazioni fornite dai cittadini residenti nella circoscrizione consolare relativamente all&#8217;espatrio e alla residenza all\u2019estero, ma non quelle relative al rimpatrio [&hellip;]","protected":false},"author":4,"featured_media":0,"parent":85,"menu_order":0,"comment_status":"closed","ping_status":"closed","template":"","meta":{"footnotes":""},"class_list":["post-400","page","type-page","status-publish","hentry"],"_links":{"self":[{"href":"https:\/\/consmadrid.esteri.it\/it\/wp-json\/wp\/v2\/pages\/400","targetHints":{"allow":["GET"]}}],"collection":[{"href":"https:\/\/consmadrid.esteri.it\/it\/wp-json\/wp\/v2\/pages"}],"about":[{"href":"https:\/\/consmadrid.esteri.it\/it\/wp-json\/wp\/v2\/types\/page"}],"author":[{"embeddable":true,"href":"https:\/\/consmadrid.esteri.it\/it\/wp-json\/wp\/v2\/users\/4"}],"replies":[{"embeddable":true,"href":"https:\/\/consmadrid.esteri.it\/it\/wp-json\/wp\/v2\/comments?post=400"}],"version-history":[{"count":5,"href":"https:\/\/consmadrid.esteri.it\/it\/wp-json\/wp\/v2\/pages\/400\/revisions"}],"predecessor-version":[{"id":4085,"href":"https:\/\/consmadrid.esteri.it\/it\/wp-json\/wp\/v2\/pages\/400\/revisions\/4085"}],"up":[{"embeddable":true,"href":"https:\/\/consmadrid.esteri.it\/it\/wp-json\/wp\/v2\/pages\/85"}],"wp:attachment":[{"href":"https:\/\/consmadrid.esteri.it\/it\/wp-json\/wp\/v2\/media?parent=400"}],"curies":[{"name":"wp","href":"https:\/\/api.w.org\/{rel}","templated":true}]}}