{"id":393,"date":"2023-10-13T15:47:15","date_gmt":"2023-10-13T13:47:15","guid":{"rendered":"https:\/\/consmadrid.esteri.it\/?page_id=393"},"modified":"2026-01-15T16:30:36","modified_gmt":"2026-01-15T15:30:36","slug":"voglio-cambiare-il-mio-comune-a-i-r-e-in-italia-trasferimento-aire-aire","status":"publish","type":"page","link":"https:\/\/consmadrid.esteri.it\/it\/servizi-consolari-e-visti\/servizi-per-il-cittadino-italiano\/anagrafe-degli-italiani-residenti-allestero-aire\/voglio-cambiare-il-mio-comune-a-i-r-e-in-italia-trasferimento-aire-aire\/","title":{"rendered":"Cambio del Comune AIRE in Italia (trasferimento AIRE\/AIRE)"},"content":{"rendered":"<p>I cittadini gi\u00e0 iscritti nell&#8217;A.I.R.E. di un comune che per ragioni di famiglia o di convenienza vogliono cambiare Comune A.I.R.E. possono fare domanda di spostamento dell&#8217;iscrizione presso un altro comune, ma <strong>unicamente nei seguenti casi previsti dalla legge<\/strong>:<\/p>\n<ul>\n<li>trasferimento nell&#8217;A.I.R.E. di un comune nella cui\u00a0<strong>A.P.R.<\/strong>\u00a0(Anagrafe della Popolazione Residente in Italia) sono iscritti membri del nucleo familiare (*)<\/li>\n<li>trasferimento nell&#8217;A.I.R.E. di un comune nella cui\u00a0<strong>A.I.R.E.<\/strong>\u00a0sono gi\u00e0 iscritti membri del proprio nucleo familiare (*)<\/li>\n<\/ul>\n<p>(*) Per\u00a0<strong>nucleo familiare<\/strong>, in base a quanto contenuto nel D.L. n. 69\/1988, s&#8217;intende quanto segue: &#8220;<em>il nucleo familiare \u00e9 composto dai coniugi, con esclusione del coniuge separato, e dai figli ed equiparati (art. 38 del D.P.R. n. 818\/1957) di et\u00e0 inferiore ai 18 anni compiuti, ovvero, senza limite di et\u00e0, qualora si trovino, a causa di infermit\u00e0 o difetto fisico o mentale, nell&#8217;assoluta e permanente impossibilit\u00e0 di dedicarsi ad un proficuo lavoro, nel caso in sui essi siano orfani di entrambi i genitori e non abbiano conseguito il diritto a pensione ai superstiti<\/em>&#8220;.<\/p>\n<p>Il trasferimento \u00e8 soggetto alla valutazione dei due comuni interessati. In caso di accettazione della domanda verr\u00e0 modificata anche l&#8217;iscrizione nelle liste elettorali del nuovo comune. Le persone che non sono iscritte all&#8217;A.I.R.E.\u00a0<strong>non possono presentare direttamente la domanda di trasferimento presso un altro comune<\/strong>. Esse devono in primo luogo ottenere l&#8217;iscrizione A.I.R.E. del Comune di ultima residenza in Italia e, solo dopo aver ricevuto la formale notifica di conclusione del procedimenti, possono avviare una domanda il trasferimento AIRE\/AIRE.<\/p>\n<p>Per spostare anche i\u00a0<strong>figli minorenni<\/strong>\u00a0\u00e8 necessario allegare alla domanda la\u00a0<span style=\"text-decoration: underline;\"><strong>dichiarazione di assenso firmata da entrambi i genitori<\/strong><\/span>; i figli maggiorenni, invece, devono presentare una richiesta di trasferimento individuale.<\/p>\n<p>Trattandosi di una procedura straordinaria, al momento attuale il servizio <strong>non si pu\u00f2 richiedere nel portale FAST IT<\/strong>. La domanda si deve inviare per posta (Consolato Generale d&#8217;Italia &#8211; Calle Agust\u00edn de Betancourt, 3 &#8211; 28003 Madrid), unitamente alla copia del documento d&#8217;identit\u00e0 del richiedente e degli eventuali membri del nucleo familiare, utilizzando il modulo di seguito riportato \u00b7&gt; [<a href=\"https:\/\/consmadrid.esteri.it\/wp-content\/uploads\/2024\/08\/mod-cambio_aire-aire-2024-ver-27.08.pdf\"><strong>scarica qui<\/strong><\/a>]<\/p>\n","protected":false},"excerpt":{"rendered":"I cittadini gi\u00e0 iscritti nell&#8217;A.I.R.E. di un comune che per ragioni di famiglia o di convenienza vogliono cambiare Comune A.I.R.E. possono fare domanda di spostamento dell&#8217;iscrizione presso un altro comune, ma unicamente nei seguenti casi previsti dalla legge: trasferimento nell&#8217;A.I.R.E. di un comune nella cui\u00a0A.P.R.\u00a0(Anagrafe della Popolazione Residente in Italia) sono iscritti membri del nucleo [&hellip;]","protected":false},"author":4,"featured_media":0,"parent":85,"menu_order":0,"comment_status":"closed","ping_status":"closed","template":"","meta":{"footnotes":""},"class_list":["post-393","page","type-page","status-publish","hentry"],"_links":{"self":[{"href":"https:\/\/consmadrid.esteri.it\/it\/wp-json\/wp\/v2\/pages\/393","targetHints":{"allow":["GET"]}}],"collection":[{"href":"https:\/\/consmadrid.esteri.it\/it\/wp-json\/wp\/v2\/pages"}],"about":[{"href":"https:\/\/consmadrid.esteri.it\/it\/wp-json\/wp\/v2\/types\/page"}],"author":[{"embeddable":true,"href":"https:\/\/consmadrid.esteri.it\/it\/wp-json\/wp\/v2\/users\/4"}],"replies":[{"embeddable":true,"href":"https:\/\/consmadrid.esteri.it\/it\/wp-json\/wp\/v2\/comments?post=393"}],"version-history":[{"count":6,"href":"https:\/\/consmadrid.esteri.it\/it\/wp-json\/wp\/v2\/pages\/393\/revisions"}],"predecessor-version":[{"id":6794,"href":"https:\/\/consmadrid.esteri.it\/it\/wp-json\/wp\/v2\/pages\/393\/revisions\/6794"}],"up":[{"embeddable":true,"href":"https:\/\/consmadrid.esteri.it\/it\/wp-json\/wp\/v2\/pages\/85"}],"wp:attachment":[{"href":"https:\/\/consmadrid.esteri.it\/it\/wp-json\/wp\/v2\/media?parent=393"}],"curies":[{"name":"wp","href":"https:\/\/api.w.org\/{rel}","templated":true}]}}