{"id":39,"date":"2023-04-03T19:16:29","date_gmt":"2023-04-03T17:16:29","guid":{"rendered":"https:\/\/consolatozurigo.esteri.it\/?page_id=39"},"modified":"2025-11-04T12:22:28","modified_gmt":"2025-11-04T11:22:28","slug":"la-rete-consolare","status":"publish","type":"page","link":"https:\/\/consmadrid.esteri.it\/it\/chi-siamo\/la-rete-consolare\/","title":{"rendered":"La Rete Consolare"},"content":{"rendered":"<p>Le Ambasciate ed i Consolati esercitano le proprie funzioni esclusivamente entro i territori e le aree geografiche assegnate dal Ministero degli Affari Esteri della Cooperazione Internazionale (MAECI).<\/p>\n<p>In Spagna vi sono un Consolato Generale a Madrid, un Consolato Generale a Barcellona e un Vice Consolato ad Arona (Tenerife). I cittadini italiani o stranieri che desiderano ottenere un servizio consolare si devono rivolgere all&#8217;ufficio competente, in base alla propria localit\u00e0 o provincia di residenza.<\/p>\n<p>Tali aree vengono denominate &#8220;Circoscrizioni Consolari&#8221;, e sono divise a loro volta in varie ripartizioni pi\u00f9 piccole, ove operano gli Uffici Consolari Onorari:\u00a0<strong>Consolati e Vice Consolati Onorari<\/strong>.<\/p>\n<p>&nbsp;<\/p>\n<p><strong>Consolato Generale d&#8217;Italia a Madrid<\/strong>:\u00a0<strong>ANDALUCIA<\/strong>\u00a0(Almer\u00eda, C\u00e1diz, C\u00f3rdoba, Granada, Huelva, Ja\u00e9n, M\u00e1laga, Sevilla),\u00a0<strong>ASTURIAS, CANTABRIA, CASTILLA-LE\u00d3N<\/strong>\u00a0(Burgos, Le\u00f3n, Palencia, Salamanca, Segovia, Valladolid, Zamora),\u00a0<strong>CASTILLA LA MANCHA<\/strong>\u00a0(Albacete, Ciudad Real, Cuenca, Guadalajara, Soria, Toledo),\u00a0<strong>CEUTA, MADRID<\/strong>\u00a0Comunidad Aut\u00f3noma,\u00a0<strong>EXTREMADURA<\/strong>\u00a0(Badajoz, C\u00e1ceres),\u00a0<strong>GALICIA<\/strong>\u00a0(A Coru\u00f1a, Lugo, Orense, Pontevedra),\u00a0<strong>LA RIOJA, MELILLA, NAVARRA, PA\u00cdS VASCO-EUSKADI<\/strong>\u00a0(Alava, Guip\u00fazcoa, Vizcaya) \u00b7&gt; [<a href=\"https:\/\/consmadrid.esteri.it\/it\/servizi-consolari-e-visti\/servizi-per-il-cittadino-italiano\/\"><strong>cliccare qui per accedere ai servizi consolari del Consolato Generale d&#8217;Italia a Madrid<\/strong><\/a>]<\/p>\n<p><strong>Consolato Generale d&#8217;Italia a Barcellona<\/strong>:\u00a0<strong>ARAG\u00d3N<\/strong>\u00a0(Huesca, Teruel, Zaragoza),\u00a0<strong>CATALU\u00d1A<\/strong>\u00a0(Barcelona, Gerona, L\u00e9rida, Tarragona),\u00a0<strong>COMUNIDAD VALENCIANA<\/strong>\u00a0(Alicante, Castell\u00f2n, Valencia),\u00a0<strong>MURCIA<\/strong>\u00a0(Cartagena, Murcia),\u00a0<strong>BALEARES<\/strong>\u00a0(Cabrera, Formentera, Ibiza, Mallorca, Menorca) e il Principato di\u00a0<strong>ANDORRA<\/strong>\u00a0&#8211; &#8211; I cittadini italiani residenti o domiciliati nelle province appartenenti al Consolato Generale di Barcellona che desiderano ottenere servizi consolari devono contattare direttamente tale ufficio (tranne per il servizio visti, che \u00e8 centralizzato a Madrid) \u00b7&gt; [<a href=\"https:\/\/consbarcellona.esteri.it\/it\/chi-siamo\/la-rete-consolare\/\"><strong>cliccare qui per accedere alle informazioni del Consolato Generale d&#8217;Italia a Barcellona<\/strong><\/a>]<\/p>\n<p><strong>Vice Consolato d&#8217;Italia ad Arona (Tenerife)<\/strong>:\u00a0<strong>ISOLE CANARIE<\/strong>\u00a0&#8211; I cittadini italiani residenti o domiciliati nelle Isole Canarie che desiderano ottenere servizi consolari devono contattare direttamente tale ufficio (tranne per il servizio visti, che \u00e8 centralizzato a Madrid) \u00b7&gt; [<a href=\"https:\/\/consmadrid.esteri.it\/consolato_madrid\/it\/i-servizi\/sportello-tenerife-arona.html\"><strong>cliccare qui per accedere alle informazioni del Vice Consolato d&#8217;Italia ad Arona<\/strong><\/a><a href=\"https:\/\/consarona.esteri.it\/consolato_arona\/it\/\">]<\/a><\/p>\n<p>&nbsp;<\/p>\n<p>***<\/p>\n<p>&nbsp;<\/p>\n<p><strong>Circoscrizione del Consolato Generale d&#8217;Italia a Madrid<\/strong><\/p>\n<p>Nella Circoscrizione di Madrid operano\u00a0<strong>nove Uffici Consolari Onorari<\/strong>. Questi ultimi si occupano prevalentemente di orientare i cittadini e di inoltrare le loro istanze al Consolato Generale d&#8217;Italia a Madrid. Per quelle localit\u00e0 dove non esiste un ufficio onorario oppure dove \u00e8 temporaneamente chiuso la competenza spetta direttamente a Madrid. Le funzioni svolte dagli Uffici consolari onorari sono limitate. Esse sono elencate nei <strong>Decreti Ministeriali di limitazione delle funzioni<\/strong>, consultabili in questa stessa pagina.<\/p>\n<p>I funzionari consolari onorari sono scelti tra persone che risiedono stabilmente sul territorio del Paese ospitante, preferibilmente di cittadinanza italiana, che godano di stima e prestigio e che diano pieno affidamento di poter adempiere adeguatamente alle funzioni consolari. Svolgono il loro incarico\u00a0<strong>a titolo gratuito<\/strong>\u00a0e non sono tenuti ad abbandonare la propria attivit\u00e0 lavorativa principale. In conseguenza di quanto sopra, gli orari di ricevimento al pubblico e pi\u00f9 in generale l&#8217;orario di svolgimento dell&#8217;attivit\u00e0 consolare e di reperibilit\u00e0 del funzionario onorario possono essere limitati o variare a seconda, appunto, di eventuali altri impegni legati allo svolgimento della propria attivit\u00e0 professionale.<\/p>\n<p>In ogni caso \u00e8 sempre possibile contattare il Consolato Generale in luogo dell&#8217;Ufficio Onorario di riferimento.<\/p>\n<p>&nbsp;<\/p>\n<p>***<\/p>\n<p>&nbsp;<\/p>\n<p><strong>Recapiti degli Uffici Consolari Onorari e decreti di limitazione funzioni<br \/>\n<\/strong><br \/>\n<em>Nota:\u00a0i numeri di telefono che iniziano con &#8220;8&#8221;\u00a0sono raggiungibili solo in\u00a0Spagna<\/em><\/p>\n<p>Corrispondente consolare: <strong>BILBAO<\/strong><br \/>\nSig. Gorka Baravalle y Parra<br \/>\nC\/ Ercilla n\u00ba 14-2\u00ba A, 48009 Bilbao (Espa\u00f1a)<br \/>\nemail: <a href=\"mailto:gbaravalle@icabizkaia.net\">gbaravalle@icabizkaia.net<\/a><br \/>\nCircoscrizione: Alava, Guip\u00fazcoa, Vizcaya<br \/>\n<em><a href=\"https:\/\/consmadrid.esteri.it\/wp-content\/uploads\/2025\/06\/DECRETO-corrispondente-consolare-Baravalle-_Firmato-1.pdf\">Decreto di nomina<\/a><\/em><\/p>\n<p>***<\/p>\n<p>Vice Consolato Onorario d&#8217;Italia:\u00a0<strong>BURGOS<\/strong><br \/>\nCircoscrizione: Burgos, Le\u00f3n, Palencia, Soria, Valladolid, Zamora<br \/>\nVice Console Onorario: Sig. Giancarlo Federighi Rinc\u00f3n<br \/>\nAvda. de la Paz, 10\/1\u00baB &#8211; 09004 Burgos<br \/>\nTelefono: 947.270.723 &#8211; email:\u00a0<a href=\"mailto:burgos.onorario@esteri.it\">burgos.onorario@esteri.it<\/a><br \/>\nSi riceve il pubblico esclusivamente su appuntamento da prenotare via email<br \/>\nAvvisi: ===<br \/>\n<a href=\"https:\/\/consmadrid.esteri.it\/wp-content\/uploads\/2023\/11\/DLF-BURGOS.pdf\"><em>Decreto limitazione funzioni<\/em><\/a><\/p>\n<p>***<\/p>\n<p style=\"margin: 0cm;\">Consolato Onorario d&#8217;Italia:<strong>\u00a0CEUTA<\/strong><br \/>\nCircoscrizione: Ceuta, Melilla, Islas Chafarinas, Pe\u00f1ones de Alhucemas, Velez de la Gomera<br \/>\nConsole Onorario: Sig.ra Lucia Cerdeira Arg\u00fcelles<\/p>\n<p style=\"margin: 0cm;\">C\/Cervantes, 8 &#8211; 51001 Ceuta<br \/>\nTelefono: 856.091.100 &#8211; email:\u00a0<a href=\"mailto:ceuta.onorario@esteri.it\">ceuta.onorario@esteri.it<\/a><em>\u00a0<\/em><br \/>\nOrario al pubblico: su appuntamento, dal luned\u00ec al venerd\u00ec dalle ore 9.30 alle ore 21.00<br \/>\nAvvisi: ===<br \/>\n<a href=\"https:\/\/consmadrid.esteri.it\/wp-content\/uploads\/2025\/06\/Decreto-limitazione-funzioni-Ceuta_GU.pdf\"><em>Decreto limitazione funzioni<\/em><\/a><\/p>\n<p>***<\/p>\n<p>Vice Consolato Onorario d&#8217;Italia:\u00a0<strong>JEREZ DE LA FRONTERA<\/strong><br \/>\nCircoscrizione: solo la citt\u00e0 di Jerez de la Frontera (il resto della provincia di Cadice dipende dal Consolato Onorario di Siviglia)<br \/>\nVice Console Onorario: Sig.\u00a0Gabriel Gonz\u00e1lez-Gordon Aranda<br \/>\nC\/Manuel M. Gonzalez, 12\u00a0&#8211;\u00a0Bodegas Gonzalez Byass S.A &#8211; 11403\u00a0Jerez de la Frontera<br \/>\nTelefono: 956.357.000 &#8211; email:\u00a0<a href=\"mailto:jerez.onorario@esteri.it\">jerez.onorario@esteri.it<\/a><em>\u00a0<\/em><br \/>\nOrario al\u00a0pubblico: dal luned\u00ec al gioved\u00ec, dalle ore 10.00\u00a0alle\u00a0ore 13:30 &#8211; Si riceve il pubblico esclusivamente su appuntamento, da prenotare via email o telefonicamente<br \/>\nAvvisi: <em>l&#8217;ufficio sar\u00e0 chiuso dal 14 luglio al 5 agosto\u00a0<\/em><br \/>\n<em><a href=\"https:\/\/consmadrid.esteri.it\/wp-content\/uploads\/2023\/11\/DLF-JEREZ-DE-LA-FRONTERA.pdf\">Decreto limitazione funzioni<\/a><br \/>\n<\/em><\/p>\n<p>***<\/p>\n<p>Vice Consolato Onorario:\u00a0<strong>LA CORU\u00d1A (A CORU\u00d1A)<\/strong><br \/>\nCircoscrizione:\u00a0Galizia<br \/>\nVice Console Onorario:\u00a0Sig. Francesco Milani<br \/>\nNuovo indirizzo dal 1\u00ba aprile 2023: Calle Huertas, 8\/7\u00ba &#8211; 15003 A Coru\u00f1a<br \/>\nTelefono: 663.787.010 &#8211;\u00a0email:\u00a0<a href=\"mailto:lacoruna.onorario@esteri.it\">lacoruna.onorario@esteri.it<\/a><br \/>\nSi riceve il pubblico esclusivamente su appuntamento da prenotare via email<strong><br \/>\n<\/strong>Avvisi: = = =<br \/>\n<a href=\"https:\/\/consmadrid.esteri.it\/wp-content\/uploads\/2023\/11\/DLF-LA-CORUNA.pdf\"><em>Decreto limitazione funzioni<\/em><\/a><\/p>\n<p>***<\/p>\n<p>Consolato Onorario d&#8217;Italia:\u00a0<strong>M\u00c1LAGA<\/strong><br \/>\nCircoscrizione: Almer\u00eda, Granada, Ja\u00e9n, M\u00e1laga<br \/>\nConsole Onorario: Sig. Marcello Memoli<br \/>\nAlameda Principal, 35\/1\u00ba izq. &#8211; 29001 Malaga<br \/>\nemail:\u00a0<a href=\"mailto:malaga.onorario@esteri.it\">malaga.onorario@esteri.it<\/a><br \/>\nSi riceve il pubblico esclusivamente su appuntamento da prenotare via email<br \/>\nAvvisi: ===<br \/>\n<a href=\"https:\/\/consmadrid.esteri.it\/wp-content\/uploads\/2023\/12\/DLF-MALAGA.pdf\"><em>Decreto limitazione funzioni<\/em><\/a><\/p>\n<p>***<\/p>\n<p>Vice Consolato Onorario d&#8217;Italia:\u00a0<strong>OVIEDO<\/strong><br \/>\nCircoscrizione: Asturias, Cantabria<br \/>\nVice Console Onorario: Sig. Paolo Augusto Ercolani<br \/>\nOficinas Municipales del Talud de la Eria &#8211; C\/Virgilio Palacio, 1 &#8211; 33013 Oviedo (Asturias)<br \/>\nemail:\u00a0<a href=\"mailto:oviedo.onorario@esteri.it\">oviedo.onorario@esteri.it<\/a>\u00a0<em>\u00a0<\/em><br \/>\nSi riceve il pubblico esclusivamente su appuntamento\u00a0da prenotare via email<br \/>\nOrario al pubblico: dalle ore 10.00 alle ore 13.00<br \/>\nAvvisi: ===<br \/>\n<a href=\"https:\/\/consmadrid.esteri.it\/wp-content\/uploads\/2023\/11\/DLF-OVIEDO.pdf\"><em>Decreto limitazione funzioni<\/em><\/a><\/p>\n<p>***<\/p>\n<p>Consolato Onorario d&#8217;Italia:\u00a0<strong>PAMPLONA<\/strong><br \/>\nCircoscrizione: La Rioja, Navarra<br \/>\nConsole Onorario: Sig.ra Luciana Schiavarelli<br \/>\nC\/Leyre 21\/1\u00ba &#8211;\u00a031004 Pamplona<br \/>\nTelefono: 650.753.053 &#8211; email:\u00a0<a href=\"mailto:pamplona.onorario@esteri.it\">pamplona.onorario@esteri.it<\/a><br \/>\nAttenzione telefonica: dalle ore\u00a011.00 alle ore 14.00, dal luned\u00ec al venerd\u00ec<br \/>\nSi riceve il pubblico esclusivamente su appuntamento i marted\u00ec dalle ore 10.30 alle ore 16.30 (da prenotare via email)<br \/>\nAvvisi: <em>l\u2019ufficio sar\u00e0 chiuso dall&#8217;11 al 31 agosto <\/em><br \/>\n<a href=\"https:\/\/consmadrid.esteri.it\/wp-content\/uploads\/2023\/11\/DLF-PAMPLONA.pdf\"><em>Decreto limitazione funzioni<\/em><\/a><\/p>\n<p>***<\/p>\n<p>Consolato Onorario d&#8217;Italia:<strong>\u00a0SIVIGLIA<\/strong><br \/>\nCircoscrizione: Badajoz, C\u00e1ceres, C\u00e1diz (meno Jerez de la Frontera), C\u00f3rdoba, Huelva, Sevilla<br \/>\nConsole Onorario: Sig. Carlos Ruiz-Berdejo y Sigurt\u00e0 Muchetti<br \/>\nC\/Fabiola, 10 &#8211; 41004 Sevilla<br \/>\nemail:\u00a0<a href=\"mailto:siviglia.onorario@esteri.it\">siviglia.onorario@esteri.it<\/a><br \/>\nSi riceve al pubblico esclusivamente su appuntamento da concordare via email oppure al numero +34 954226964<br \/>\nAvvisi: ===<br \/>\n<a href=\"https:\/\/consmadrid.esteri.it\/wp-content\/uploads\/2023\/11\/DLF-SIVIGLIA.pdf\"><em>Decreto limitazione funzioni<\/em><\/a><\/p>\n","protected":false},"excerpt":{"rendered":"Le Ambasciate ed i Consolati esercitano le proprie funzioni esclusivamente entro i territori e le aree geografiche assegnate dal Ministero degli Affari Esteri della Cooperazione Internazionale (MAECI). In Spagna vi sono un Consolato Generale a Madrid, un Consolato Generale a Barcellona e un Vice Consolato ad Arona (Tenerife). I cittadini italiani o stranieri che desiderano [&hellip;]","protected":false},"author":1,"featured_media":0,"parent":13,"menu_order":12,"comment_status":"closed","ping_status":"closed","template":"","meta":{"footnotes":""},"class_list":["post-39","page","type-page","status-publish","hentry"],"_links":{"self":[{"href":"https:\/\/consmadrid.esteri.it\/it\/wp-json\/wp\/v2\/pages\/39","targetHints":{"allow":["GET"]}}],"collection":[{"href":"https:\/\/consmadrid.esteri.it\/it\/wp-json\/wp\/v2\/pages"}],"about":[{"href":"https:\/\/consmadrid.esteri.it\/it\/wp-json\/wp\/v2\/types\/page"}],"author":[{"embeddable":true,"href":"https:\/\/consmadrid.esteri.it\/it\/wp-json\/wp\/v2\/users\/1"}],"replies":[{"embeddable":true,"href":"https:\/\/consmadrid.esteri.it\/it\/wp-json\/wp\/v2\/comments?post=39"}],"version-history":[{"count":11,"href":"https:\/\/consmadrid.esteri.it\/it\/wp-json\/wp\/v2\/pages\/39\/revisions"}],"predecessor-version":[{"id":6527,"href":"https:\/\/consmadrid.esteri.it\/it\/wp-json\/wp\/v2\/pages\/39\/revisions\/6527"}],"up":[{"embeddable":true,"href":"https:\/\/consmadrid.esteri.it\/it\/wp-json\/wp\/v2\/pages\/13"}],"wp:attachment":[{"href":"https:\/\/consmadrid.esteri.it\/it\/wp-json\/wp\/v2\/media?parent=39"}],"curies":[{"name":"wp","href":"https:\/\/api.w.org\/{rel}","templated":true}]}}