{"id":386,"date":"2023-10-13T15:43:58","date_gmt":"2023-10-13T13:43:58","guid":{"rendered":"https:\/\/consmadrid.esteri.it\/?page_id=386"},"modified":"2024-08-28T09:57:05","modified_gmt":"2024-08-28T07:57:05","slug":"386-2","status":"publish","type":"page","link":"https:\/\/consmadrid.esteri.it\/it\/servizi-consolari-e-visti\/servizi-per-il-cittadino-italiano\/anagrafe-degli-italiani-residenti-allestero-aire\/386-2\/","title":{"rendered":"Cambio dell&#8217;indirizzo all&#8217;interno della circoscrizione di Madrid (domicilio)"},"content":{"rendered":"<p style=\"text-align: justify;\">Dopo aver ottenuto l&#8217;iscrizione nell&#8217;A.I.R.E. presso la circoscrizione consolare di Madrid, i cittadini devono mantenere aggiornata la propria posizione anagrafica, comunicando tempestivamente all&#8217;Ufficio consolare qualsiasi modifica della propria residenza all&#8217;estero.<\/p>\n<p style=\"text-align: justify;\">Il cambio di indirizzo all\u2019interno della stessa circoscrizione andr\u00e0 comunicato attraverso il portale\u00a0<strong>FAST IT<\/strong>\u00a0(<a href=\"https:\/\/consmadrid.esteri.it\/it\/servizi-consolari-e-visti\/servizi-per-il-cittadino-italiano\/anagrafe-degli-italiani-residenti-allestero-aire\/dettagli-iscrizione-aire-con-fast-it-e-documentazione-da-presentare\/\">vedi anche\u00a0consigli di utilizzo portale\u00a0<strong>FAST IT<\/strong><\/a>).<\/p>\n<p style=\"text-align: justify;\">Come procedere\u00a0<strong>per coloro che hanno gi\u00e0 un account<\/strong>\u00a0sul portale FAST IT:<\/p>\n<ol>\n<li style=\"text-align: justify;\">accedere al portale <span style=\"text-decoration: underline;\"><a href=\"https:\/\/serviziconsolari.esteri.it\/ScoFE\/index.sco\">FAST IT<\/a><\/span> con il proprio account, con lo SPID<\/li>\n<li style=\"text-align: justify;\">cliccare su \u201cAnagrafe Consolare e A.I.R.E.\u201d (icona della pennetta sotto la sezione servizi per il cittadino)<\/li>\n<li style=\"text-align: justify;\">a seguito dell\u2019apertura del menu a scomparsa, cliccare su \u201cComunicare il cambio di residenza&#8221;<\/li>\n<\/ol>\n<p><strong>Se\u00a0non si dispone ancora di un account FAST IT<\/strong> \u00e8 necessario crearne uno nuovo. Prima di creare un account \u00e8 necessario accertarsi che non esistesse gi\u00e0 in precedenza. Non si possono creare due o pi\u00f9 account di FAST IT.<\/p>\n<p style=\"text-align: justify;\">Come sopra specificato, si pu\u00f2 accedere al portale anche con il proprio <strong>SPID<\/strong>. In ottemperanza al \u201cDecreto Semplificazioni\u201d nel futuro sar\u00e0 possibile accedere al portale con le sole credenziali SPID (Sistema Pubblico di Identit\u00e0 Digitale) oppure con le credenziali della Carta d&#8217;Identit\u00e0 Elettronica (CIE).<\/p>\n<p style=\"text-align: justify;\"><strong>I connazionali iscritti all\u2019AIRE prima dell\u2019introduzione del portale FAST IT<\/strong> potranno \u201cVisualizzare la propria scheda anagrafica\u201d dopo aver completato il procedimento di \u201cassociazione\u201d on-line&#8221; (ASON). Non \u00e8 necessario inviare alcuna email, la procedura di identificazione ed associazione \u00e8 tutta on-line. Il portale FAST IT pu\u00f2 inviare risposte alla email dell\u2019utente. Successivamente si potr\u00e0 comunicare la variazione della residenza. Tali risposte sono <strong>unidirezionali<\/strong> e servono unicamente a notificare eventuali rifiuti o problemi delle pratiche presentate. Non si dar\u00e0 risposta ad eventuali conversazioni avviate tramite il portale.<\/p>\n","protected":false},"excerpt":{"rendered":"Dopo aver ottenuto l&#8217;iscrizione nell&#8217;A.I.R.E. presso la circoscrizione consolare di Madrid, i cittadini devono mantenere aggiornata la propria posizione anagrafica, comunicando tempestivamente all&#8217;Ufficio consolare qualsiasi modifica della propria residenza all&#8217;estero. Il cambio di indirizzo all\u2019interno della stessa circoscrizione andr\u00e0 comunicato attraverso il portale\u00a0FAST IT\u00a0(vedi anche\u00a0consigli di utilizzo portale\u00a0FAST IT). Come procedere\u00a0per coloro che hanno gi\u00e0 [&hellip;]","protected":false},"author":4,"featured_media":0,"parent":85,"menu_order":0,"comment_status":"closed","ping_status":"closed","template":"","meta":{"footnotes":""},"class_list":["post-386","page","type-page","status-publish","hentry"],"_links":{"self":[{"href":"https:\/\/consmadrid.esteri.it\/it\/wp-json\/wp\/v2\/pages\/386","targetHints":{"allow":["GET"]}}],"collection":[{"href":"https:\/\/consmadrid.esteri.it\/it\/wp-json\/wp\/v2\/pages"}],"about":[{"href":"https:\/\/consmadrid.esteri.it\/it\/wp-json\/wp\/v2\/types\/page"}],"author":[{"embeddable":true,"href":"https:\/\/consmadrid.esteri.it\/it\/wp-json\/wp\/v2\/users\/4"}],"replies":[{"embeddable":true,"href":"https:\/\/consmadrid.esteri.it\/it\/wp-json\/wp\/v2\/comments?post=386"}],"version-history":[{"count":6,"href":"https:\/\/consmadrid.esteri.it\/it\/wp-json\/wp\/v2\/pages\/386\/revisions"}],"predecessor-version":[{"id":4075,"href":"https:\/\/consmadrid.esteri.it\/it\/wp-json\/wp\/v2\/pages\/386\/revisions\/4075"}],"up":[{"embeddable":true,"href":"https:\/\/consmadrid.esteri.it\/it\/wp-json\/wp\/v2\/pages\/85"}],"wp:attachment":[{"href":"https:\/\/consmadrid.esteri.it\/it\/wp-json\/wp\/v2\/media?parent=386"}],"curies":[{"name":"wp","href":"https:\/\/api.w.org\/{rel}","templated":true}]}}