{"id":37,"date":"2023-04-03T19:15:59","date_gmt":"2023-04-03T17:15:59","guid":{"rendered":"https:\/\/consolatozurigo.esteri.it\/?page_id=37"},"modified":"2025-04-02T11:42:07","modified_gmt":"2025-04-02T09:42:07","slug":"contatti","status":"publish","type":"page","link":"https:\/\/consmadrid.esteri.it\/it\/chi-siamo\/contatti\/","title":{"rendered":"Contatti"},"content":{"rendered":"<div class=\"sr-only\"><span style=\"text-decoration: underline;\"><strong>Contatti del Consolato Generale d&#8217;Italia a Madrid<\/strong><\/span><\/div>\n<div>\n<p>&#8211;\u00a0<strong>Posta cartacea<\/strong>: Calle Agustin de Betancourt, 3 &#8211; 28003 Madrid<\/p>\n<p>&#8211;\u00a0<strong>Servizio informazioni senza costi aggiuntivi<\/strong>: (+34)\u00a0<strong>646.437.890<\/strong>\u00a0&#8211; Luned\u00ec, marted\u00ec, mercoled\u00ec e gioved\u00ec, dalle ore 12,00 alle ore 13,00<\/p>\n<p>&#8211;\u00a0<strong>Posta Elettronica Certificata (PEC)<\/strong>: <a href=\"mailto:cons.madrid@cert.esteri.it\">cons.madrid@cert.esteri.it<\/a> &#8211; La posta PEC pu\u00f2 essere utilizzata unicamente da altri utenti in possesso di una casella PEC; la casella PEC non \u00e8 abilitata a ricevere di posta elettronica normali, che il sistema segnala come &#8220;anomalie&#8221;.<\/p>\n<p>Prima di contattare gli Uffici, si raccomanda di verificare nelle apposite sezioni le informazioni richieste poich\u00e9 le risposte ai vostri quesiti potrebbero gi\u00e0 essere contenute all&#8217;interno del sito internet.<\/p>\n<p>Ad ogni modo, laddove fossero necessarie ulteriori informazioni, chiarimenti e\/o precisazioni, gli utenti sono inviati a sottoporre <strong>quesiti sintetici e completi di tutti i propri<\/strong>\u00a0<strong>dati anagrafici <\/strong>(cognome, nome, data di nascita, localit\u00e0 di residenza, telefono di contatto, ecc.).<\/p>\n<p>Di seguito si indicano gli indirizzi e-mail dei diversi settori:<\/p>\n<ul>\n<li><strong>A.I.R.E. (Anagrafe Italiani Residenti all&#8217;Estero)<br \/>\n<\/strong><\/p>\n<ul>\n<li>iscrizione\/cambio indirizzo\/cancellazione:\u00a0<a href=\"mailto:madrid.aire@esteri.it\">madrid.aire@esteri.it<\/a><\/li>\n<li>verifica funzionamento account dei portali on-line:\u00a0<a href=\"mailto:anagrafe.madrid@esteri.it\">anagrafe.madrid@esteri.it<\/a><\/li>\n<\/ul>\n<\/li>\n<\/ul>\n<ul>\n<li><strong>Assistenza sociale<\/strong>:\u00a0<a href=\"mailto:sociale.madrid@esteri.it\">sociale.madrid@esteri.it<\/a><\/li>\n<\/ul>\n<ul>\n<li><strong>Carta d&#8217;identit\u00e0 elettronica<\/strong>: <a href=\"consgenmadrid.cie@esteri.it\">consgenmadrid.cie@esteri.it<\/a><\/li>\n<\/ul>\n<ul>\n<li><strong>Certificati anagrafici:\u00a0<\/strong><a href=\"mailto:anagrafe2.madrid@esteri.it\">madrid.statocivile@esteri.it<\/a><\/li>\n<\/ul>\n<ul>\n<li><strong>Cittadinanza<\/strong>\n<ul>\n<li>per discendenza<strong>:\u00a0<\/strong><a href=\"mailto:madrid.statocivile@esteri.it\">madrid.statocivile@esteri.it<\/a><\/li>\n<li>per matrimonio<strong>:\u00a0<\/strong><a href=\"mailto:cittadinanza.madrid@esteri.it\">cittadinanza.madrid@esteri.it<\/a><\/li>\n<\/ul>\n<\/li>\n<\/ul>\n<ul>\n<li><strong>Codice Fiscale\/Pincode Fisconline:\u00a0<\/strong><a href=\"mailto:madrid.cfiscale@esteri.it\">madrid.cfiscale@esteri.it<\/a>\u00a0(solo per via telematica)<\/li>\n<\/ul>\n<ul>\n<li><strong>Elezioni\/Voto: <\/strong><a href=\"mailto:consgenmadrid.elettorale@esteri.it\">consgenmadrid.elettorale@esteri.it<\/a>\u00a0(casella\u00a0attiva solo durante le operazioni di voto)<\/li>\n<\/ul>\n<ul>\n<li><strong>Navigazione\/Marittimi<\/strong>:\u00a0<a href=\"mailto:navigazione.madrid@esteri.it\">navigazione.madrid@esteri.it<\/a><\/li>\n<\/ul>\n<ul>\n<li><strong>Passaporti\/ETD<\/strong>:\u00a0<a href=\"mailto:passaporti.madrid@esteri.it\">passaporti.madrid@esteri.it<\/a><\/li>\n<\/ul>\n<ul>\n<li><strong>Stato civile<\/strong>\n<ul>\n<li>nascite\/matrimoni\/sentenze di divorzio:\u00a0<a href=\"mailto:madrid.statocivile@esteri.it\">madrid.statocivile@esteri.it<\/a><\/li>\n<li>pubblicazioni di matrimonio:\u00a0<a href=\"mailto:madrid.statocivile@esteri.it\">madrid.statocivile@esteri.it<\/a><\/li>\n<li>pratica di capacit\u00e0 matrimoniale:\u00a0<a href=\"mailto:madrid.statocivile@esteri.it\">madrid.statocivile@esteri.it<\/a><\/li>\n<li>decessi:\u00a0<a href=\"mailto:sociale.madrid@esteri.it\">sociale.madrid@esteri.it<\/a><\/li>\n<\/ul>\n<\/li>\n<\/ul>\n<ul>\n<li><strong>Ufficio notarile\/Procure\/Cognomi e nomi:\u00a0<\/strong><a href=\"mailto:notarile.madrid@esteri.it\">notarile.madrid@esteri.it<\/a><\/li>\n<\/ul>\n<ul>\n<li><strong>Ufficio studi\/Dichiarazioni di valore<\/strong>:\u00a0<a href=\"mailto:scuole.madrid@esteri.it\">scuole.madrid@esteri.it<\/a><\/li>\n<\/ul>\n<ul>\n<li><strong>Visti per l\u2019ingresso di stranieri in Italia<\/strong>:\u00a0<a href=\"mailto:visti.madrid@esteri.it\">visti.madrid@esteri.it<\/a><\/li>\n<\/ul>\n<ul>\n<li><strong>Altre questioni:\u00a0<\/strong><a href=\"mailto:info.madrid@esteri.it\">info.madrid@esteri.it<\/a><\/li>\n<\/ul>\n<p>&nbsp;<\/p>\n<p><strong>Per accedere ai contatti degli Uffici Consolari Onorari della Circoscrizione \u00b7&gt; [<a href=\"https:\/\/consmadrid.esteri.it\/it\/chi-siamo\/la-rete-consolare\/\">cliccare qui<\/a>]<\/strong><\/p>\n<p>&nbsp;<\/p>\n<p><span style=\"text-decoration: underline;\"><strong>Emergenze<\/strong><\/span><\/p>\n<p>Per i contatti in situazione di emergenza<a href=\"https:\/\/consmadrid.esteri.it\/it\/chi-siamo\/numeri-di-emergenza\/\"><em><b> cliccare qui<\/b><\/em><\/a><\/p>\n<\/div>\n","protected":false},"excerpt":{"rendered":"Contatti del Consolato Generale d&#8217;Italia a Madrid &#8211;\u00a0Posta cartacea: Calle Agustin de Betancourt, 3 &#8211; 28003 Madrid &#8211;\u00a0Servizio informazioni senza costi aggiuntivi: (+34)\u00a0646.437.890\u00a0&#8211; Luned\u00ec, marted\u00ec, mercoled\u00ec e gioved\u00ec, dalle ore 12,00 alle ore 13,00 &#8211;\u00a0Posta Elettronica Certificata (PEC): cons.madrid@cert.esteri.it &#8211; La posta PEC pu\u00f2 essere utilizzata unicamente da altri utenti in possesso di una casella [&hellip;]","protected":false},"author":1,"featured_media":0,"parent":13,"menu_order":8,"comment_status":"closed","ping_status":"closed","template":"","meta":{"footnotes":""},"class_list":["post-37","page","type-page","status-publish","hentry"],"_links":{"self":[{"href":"https:\/\/consmadrid.esteri.it\/it\/wp-json\/wp\/v2\/pages\/37","targetHints":{"allow":["GET"]}}],"collection":[{"href":"https:\/\/consmadrid.esteri.it\/it\/wp-json\/wp\/v2\/pages"}],"about":[{"href":"https:\/\/consmadrid.esteri.it\/it\/wp-json\/wp\/v2\/types\/page"}],"author":[{"embeddable":true,"href":"https:\/\/consmadrid.esteri.it\/it\/wp-json\/wp\/v2\/users\/1"}],"replies":[{"embeddable":true,"href":"https:\/\/consmadrid.esteri.it\/it\/wp-json\/wp\/v2\/comments?post=37"}],"version-history":[{"count":9,"href":"https:\/\/consmadrid.esteri.it\/it\/wp-json\/wp\/v2\/pages\/37\/revisions"}],"predecessor-version":[{"id":5688,"href":"https:\/\/consmadrid.esteri.it\/it\/wp-json\/wp\/v2\/pages\/37\/revisions\/5688"}],"up":[{"embeddable":true,"href":"https:\/\/consmadrid.esteri.it\/it\/wp-json\/wp\/v2\/pages\/13"}],"wp:attachment":[{"href":"https:\/\/consmadrid.esteri.it\/it\/wp-json\/wp\/v2\/media?parent=37"}],"curies":[{"name":"wp","href":"https:\/\/api.w.org\/{rel}","templated":true}]}}