{"id":364,"date":"2023-10-13T15:25:03","date_gmt":"2023-10-13T13:25:03","guid":{"rendered":"https:\/\/consmadrid.esteri.it\/?page_id=364"},"modified":"2026-04-15T16:10:51","modified_gmt":"2026-04-15T14:10:51","slug":"dettagli-iscrizione-aire-con-fast-it-e-documentazione-da-presentare","status":"publish","type":"page","link":"https:\/\/consmadrid.esteri.it\/it\/servizi-consolari-e-visti\/servizi-per-il-cittadino-italiano\/anagrafe-degli-italiani-residenti-allestero-aire\/dettagli-iscrizione-aire-con-fast-it-e-documentazione-da-presentare\/","title":{"rendered":"Istruzioni per l&#8217;iscrizione all&#8217;AIRE con il portale FAST IT &#8211; Documentazione da presentare"},"content":{"rendered":"<p>L\u2019iscrizione A.I.R.E. si richiede <strong>tramite il portale FAST IT<\/strong>\u00a0(Farnesina Servizi Telematici per Italiani all&#8217;estero) dopo essersi registrato nel sistema. <strong>La creazione dell\u2019account nel portale\u00a0non comporta l\u2019iscrizione all&#8217;A.I.R.E.<\/strong>\u00a0Una volta creato l\u2019account \u00e8 necessario avviare la pratica selezionando \u201cAnagrafe Consolare e A.I.R.E.\u201d (icona della pennetta) e poi cliccare su \u201cRichiedere l&#8217;iscrizione all&#8217;Anagrafe degli Italiani all&#8217;Estero\u201d. Questa procedura permette al cittadino di richiedere l&#8217;iscrizione compilando on-line il relativo modello, che va comunque\u00a0<strong>firmato a mano<\/strong> allegando il documento d&#8217;identit\u00e0 e una prova di residenza in formato elettronico, preferibilmente PDF.<\/p>\n<p><strong>NON \u00c8 GARANTITO IL CORRETTO FUNZIONAMENTO DEL PORTALE DA DISPOSITIVI MOBILI (SMARTPHONE, TABLET, ECC.) &#8211; <\/strong><strong>LE OPERAZIONI DI REGISTRAZIONE ED ACCESSO DEVONO ESSERE EFFETTUATE <u>DA UN COMPUTER<\/u>\u00a0FISSO O PORTATILE.<\/strong><\/p>\n<p>&nbsp;<\/p>\n<p><span style=\"text-decoration: underline;\"><strong>FAST.IT: UTENZE E REGISTRAZIONE DEGLI ACCOUNT<\/strong><\/span><\/p>\n<p><span style=\"text-decoration: underline;\"><strong>Connazionali che non si sono mai registrati in FAST-IT<\/strong><\/span><\/p>\n<p>Le <strong>persone che non si sono mai registrate nel portale FAST.IT (in nessun Paese)<\/strong> devono procedere ad effettuare una nuova registrazione sulla piattaforma di Madrid. Ci\u00f2 \u00e8 necessario per poter chiedere successivamente l&#8217;iscrizione all&#8217;AIRE ed altri servizi. La registrazione si deve effettuare <strong>inserendo esattamente gli stessi dati personali che risultano sul documento d&#8217;identit\u00e0 italiano<\/strong>.<\/p>\n<p><span style=\"text-decoration: underline;\"><strong>Connazionali gi\u00e0 in possesso di un account FAST-IT<\/strong><\/span><\/p>\n<p>La procedura \u00e8 invece diversa per gli utenti che sono gi\u00e0 in possesso di un account FAST-IT associato ad un altro ufficio consolare: dopo l&#8217;accesso al proprio account, \u00e8 necessario selezionare il servizio &#8220;<strong>Comunicare la variazione della propria residenza<\/strong>&#8221; e seguire le istruzioni del portale. Con questa procedura <strong>si trasferisce solo l&#8217;account<\/strong> presso un altro ufficio consolare ma, successivamente, deve essere presentata comunque una nuova &#8220;richiesta AIRE&#8221; (non importa se la persona \u00e8 gi\u00e0 a iscritta all&#8217;AIRE) per permettere al consolato di effettuare la nuova iscrizione e di associare l&#8217;utenza FAST IT del cittadino al proprio schedario consolare.<\/p>\n<p>&nbsp;<\/p>\n<p><span style=\"text-decoration: underline;\"><strong>FAST IT: DOCUMENTI RICHIESTI PER L\u2019ISCRIZIONE A.I.R.E.<\/strong><\/span><\/p>\n<p>L\u2019iscrizione si considera completa quando si caricano i\u00a0<strong>tre documenti richiesti<\/strong> nella piattaforma FAST IT e si inoltra la pratica, la quale deve avere come stato \u201cPresentata\u201d. La mancanza di uno dei tre documenti comporter\u00e0 il\u00a0<strong>rigetto<\/strong> della richiesta A.I.R.E. e sar\u00e0 necessario presentare una nuova pratica A.I.R.E. completa.<\/p>\n<p><span style=\"text-decoration: underline;\"><strong>1. Modulo\/dichiarazione di richiesta<\/strong><\/span><\/p>\n<p>Il modulo di iscrizione si compila on-line e alla fine viene generato automaticamente dal sistema. Per la firma del modulo esistono tre possibilit\u00e0:<\/p>\n<p>a) stampare la domanda su carta,\u00a0<strong>firmarla a penna<\/strong>, e successivamente fare la scansione in formato PDF (preferibilmente)<br \/>\nb) firmare il modulo &#8211; senza stamparlo &#8211; con la\u00a0<strong>firma digitale SPID &#8211; <\/strong>Sistema Pubblico di Identit\u00e0 Digitale, la cui firma si pu\u00f2 ottenere tramite il seguente link:\u00a0<strong><a href=\"https:\/\/www.spid.gov.it\">https:\/\/www.spid.gov.it<\/a> <\/strong><br \/>\nc) firmare il modulo PDF con la\u00a0<strong>firma digitale spagnola<\/strong>\u00a0(per es. @Clave)<\/p>\n<p>\u00c8 sufficiente\u00a0<strong>un unico modulo per tutto il nucleo familiare<\/strong>. I figli minorenni e maggiorenni conviventi devono essere inclusi nella dichiarazione, mentre invece i figli maggiorenni che vivono <strong>presso un indirizzo diverso<\/strong> devono compilare una richiesta A.I.R.E. individuale.<\/p>\n<p><strong><span style=\"text-decoration: underline;\">2. Documento d&#8217;identit\u00e0<\/span><br \/>\n<\/strong>Si tratta della carta d\u2019identit\u00e0 o del passaporto italiano. In caso di\u00a0<strong>documento scaduto<\/strong> e anche se il sistema non permette l&#8217;inserimento delle informazioni, dovr\u00e0 essere allegata sempre una copia agli effetti identificativi (passaporto: pagina con la foto e con i dati anagrafici del cittadino, pagina con la residenza al\u00a0 momento del rilascio; carta d&#8217;identit\u00e0: fronte e retro del documento e non solo la parte frontale).\u00a0 Se non si \u00e8 in possesso di un documento italiano \u00e8 necessario fornire una prova del possesso della cittadinanza italiana, mediante presentazione o della copia del certificato di nascita trascritto in Italia, oppure comunicando gli estremi della trascrizione dell\u2019atto nascita in Italia. \u00c8 importante caricare <strong>un documento d\u2019identit\u00e0 per ogni membro della famiglia<\/strong> che si intende iscrivere all\u2019A.I.R.E. (si ricorda che i file &#8220;PDF&#8221; da caricare possono contenere varie pagine).<\/p>\n<p><span style=\"text-decoration: underline;\"><strong>3. Prova di residenza<\/strong><\/span><br \/>\nSi tratta di un documento che attesta la residenza legale e stabile nel territorio spagnolo. Si ricorda che i file PDF &#8211; formato suggerito per i documenti &#8211; possono contenere insieme varie pagine. Ciascun file non deve superare le dimensioni di <strong>1 MB.<\/strong><\/p>\n<p>Prove di residenza valide:<\/p>\n<ul>\n<li><strong>Certificato verde del NIE<\/strong> con lo stesso indirizzo riportato sul modulo di richiesta (non si accettano certificati rilasciati su carta bianca)<\/li>\n<li><strong>Certificato di &#8220;empadronamiento&#8221;<\/strong> spagnolo con lo stesso indirizzo riportato sul modulo di richiesta: certificato individuale per iscrizioni singole; certificato familiare per l&#8217;iscrizione di un nucleo familiare con varie persone registrate nello stesso domicilio<\/li>\n<li><strong>Bollette di utenze residenziali<\/strong> a nome del richiedente; acqua, luce, gas, telefono fisso\/internet<\/li>\n<li><strong>Contratto di affitto di un immobile<\/strong> con lo stesso indirizzo riportato sul modulo di richiesta, a nome del richiedente e sottoscritto da entrambe le parti (locatario e locatore)<\/li>\n<\/ul>\n<p>Se non si \u00e8 in possesso di almeno una delle prove di cui sopra non sar\u00e0 possibile procedere all\u2019iscrizione A.I.R.E.; ai sensi del D.L. 223\/2012\u00a0<strong>la presentazione di tale prova <span style=\"text-decoration: underline;\">\u00e8 obbligatoria<\/span><\/strong>. La prova di residenza deve recare nell\u2019intestazione il nome e l\u2019indirizzo degli interessati. Documenti bancari o scontrini fiscali non sono considerati prove di residenza valide. Le<strong>\u00a0&#8220;autocertificazioni&#8221; non possono essere utilizzate come prova di residenza<\/strong>\u00a0per richiedere l&#8217;iscrizione all&#8217;A.I.R.E. (D.L. 223\/2012).<\/p>\n<p>&nbsp;<\/p>\n<p><span style=\"text-decoration: underline;\"><strong>FAST IT: ACCESSO ALLA PIATTAFORMA<\/strong><\/span><\/p>\n<h3>Link alla piattaforma FAST IT: <strong><a href=\"https:\/\/serviziconsolarionline.esteri.it\">https:\/\/serviziconsolarionline.esteri.it<\/a><\/strong><\/h3>\n<p><strong>La registrazione dell\u2019account FAST IT deve essere fatta con il cognome\/i ed il nome\/i riportato\/i sul documento d\u2019identit\u00e0. Non devono essere quindi omesse o aggiunte parti del cognome o del nome. \u00c8 preferibile non utilizzare caratteri con accenti o altri caratteri estranei al set standard di caratteri (ASCII). <\/strong><\/p>\n<p>&nbsp;<\/p>\n<p><strong><span style=\"text-decoration: underline;\">FAST IT: CONSIGLI PER UN CORRETTO USO DELLA PIATTAFORMA<\/span><br \/>\n<\/strong><\/p>\n<p>Prima di avviare la procedura online, si consiglia di assicurarsi di disporre di stampante e scanner.<\/p>\n<p>\u2022 Quando si\u00a0\u00e8 in possesso dei tre documenti richiesti (<strong>formulario firmato, documenti identificativi e prova di residenza<\/strong>) bisogna tornare sulla pagina di richiesta del servizio per concludere; se non si caricano i tre file di massimo 1 MB ciascuno (1024 KB) non compare il bottone \u201cInviare la richiesta\u201d.<\/p>\n<p>\u2022 Se si usa un traduttore automatico, \u00e8 possibile che il portale non funzioni correttamente.<\/p>\n<p>\u2022 Gli utenti che hanno creato l&#8217;account FAST IT tramite SPID (Sistema Pubblico per l&#8217;Identit\u00e0 Digitale) possono accedere solo utilizzando l&#8217;identit\u00e0 digitale, ovvero, non possono utilizzare le utenze e password tradizionali.<\/p>\n<p>\u2022\u00a0<strong>INDIRIZZO IN SPAGNA<\/strong>: deve essere inserito il pi\u00f9 completo possibile per garantire la corretta ricezione della posta: in Spagna \u00e8 fondamentale inserire oltre al numero civico, il portone\/scala\/piano\/interno, ecc.:<br \/>\n\u2022 localit\u00e0: deve essere indicata la localit\u00e0 esatta di residenza in Spagna (<span style=\"text-decoration: underline;\">non il capoluogo di provincia<\/span>)<br \/>\n\u2022 codice postale: deve corrispondere esattamente alla localit\u00e0 indicata (<span style=\"text-decoration: underline;\">in caso di dubbio verificare su Internet<\/span>)<br \/>\n\u2022 tipo di via: calle, plaza, avenida, paseo, urbanizaci\u00f3n, ecc. (<span style=\"text-decoration: underline;\">possono essere anche abbreviate: C\/; Pza.; Avda.; Po.; Urb.; ecc.<\/span>)<br \/>\n\u2022 nome della via (<span style=\"text-decoration: underline;\">toponimo<\/span>) e numero civico: \u00e8 l&#8217;indirizzo senza caratteri accentati n\u00e8 la lettera &#8220;\u00f1&#8221; non esistente nell&#8217;alfabeto italiano (<span style=\"text-decoration: underline;\">sostituirla con una normale &#8220;n&#8221;<\/span>) &#8211; poi indicare numero civico, portone, scala, piano, interno, porta, edificio, ecc.<\/p>\n<p>\u2022\u00a0<strong>ALLEGATI DIGITALI<\/strong>: il FAST IT ammette allegati di una dimensione massima di 1 MB ciascuno (1025 KB). Per generare tali documenti \u00e8 preferibile utilizzare uno scanner in modalit\u00e0 &#8220;bianco e nero&#8221;, che permette di ottenere file del tipo PDF di ridotte dimensioni. Le foto scattate con i cellulari creano file di dimensioni troppo grandi. La pagina <a href=\"https:\/\/serviziconsolarionline.esteri.it\/ScoFE\/static\/uso-scanner.sco\">https:\/\/serviziconsolarionline.esteri.it\/ScoFE\/static\/uso-scanner.sco<\/a>\u00a0contiene una serie di suggerimenti utili per impostare correttamente lo scanner. Se non si dispone di uno scanner, esistono applicazioni che consentono di ottenere file PDF ottimizzati con lo smartphone, come Office Lens di Microsoft (per IOS\/Iphone:\u00a0<a href=\"https:\/\/apps.apple.com\/app\/id975925059\">https:\/\/apps.apple.com\/app\/id975925059<\/a>\u00a0&#8211; per Android:\u00a0<a href=\"https:\/\/play.google.com\/store\/apps\/details?id=com.microsoft.office.officelens\">https:\/\/play.google.com\/store\/apps\/details?id=com.microsoft.office.officelens<\/a>).<\/p>\n<p>\u2022 <strong>SEGNALAZIONI DI ERRORI E RIGETTI<\/strong>: qualora la domanda risulti incompleta l&#8217;interessato ricever\u00e0 un avviso automatico via email e potr\u00e0 prendere visione degli errori o dei motivi del rifiuto entrando nel portale. Si suggerisce di verificare sempre la cartella di &#8220;spam&#8221; o &#8220;posta non desiderata&#8221; per non perdere questo tipo di comunicazioni. <span style=\"text-decoration: underline;\">Per le richieste segnalate come errate si dispone di 30 giorni per ricompletarle<\/span>, trascorsi i quali la domanda passa automaticamente in stato &#8220;istanza scaduta&#8221;. <span style=\"text-decoration: underline;\">In questi casi bisogna inserire una nuova domanda AIRE completa<\/span>.<\/p>\n<p><strong>Si ricorda che i messaggi dell&#8217;Operatore consolare sono limitati a segnalazioni di errori o per dare istruzioni, vale a dire: non saranno avviate conversazioni del tipo &#8220;domanda\/risposta&#8221;, a meno che non sia ritenuto necessario.<\/strong><\/p>\n<p>&#8211; &#8211; &#8211;<\/p>\n<p>(*) viene dalla sezione &#8220;Indirizzo in Spagna&#8221;<\/p>\n<p>Alcuni esempi di indirizzi corretti ed abbreviazioni utilizzate in Spagna:<br \/>\nCalle de xxx numero 18 piso 1 puerta B =\u00a0<em>C\/DE XXX, 18\/P.1-B<\/em><br \/>\nPlaza de xxx numero 23 bloque 5 piso 3 letra C =\u00a0<em>PZA. DE XXX, 23\/BLQ.5\/P.3-C<\/em><br \/>\nAvenida de xxx numero 57 escalera C piso 4 puerta 15 =\u00a0<em>AVDA. DE XXX, 57\/ESC.C\/P.4-P.15<\/em><br \/>\nPaseo de xxx numero 235 edificio La Estrella piso 5 puerta H =\u00a0<em>PO. DE XXX, 235\/P.5-H (EDIF. LA ESTRELLA<\/em>)<br \/>\nBulevar de xxx numero 64 chalet 18 urbanizaci\u00f3n Las Zarzas =\u00a0<em>BULEVAR DE XXX, 54\/CHALET 18 (URB. LAS ZARZAS)<\/em><\/p>\n","protected":false},"excerpt":{"rendered":"L\u2019iscrizione A.I.R.E. si richiede tramite il portale FAST IT\u00a0(Farnesina Servizi Telematici per Italiani all&#8217;estero) dopo essersi registrato nel sistema. La creazione dell\u2019account nel portale\u00a0non comporta l\u2019iscrizione all&#8217;A.I.R.E.\u00a0Una volta creato l\u2019account \u00e8 necessario avviare la pratica selezionando \u201cAnagrafe Consolare e A.I.R.E.\u201d (icona della pennetta) e poi cliccare su \u201cRichiedere l&#8217;iscrizione all&#8217;Anagrafe degli Italiani all&#8217;Estero\u201d. Questa procedura [&hellip;]","protected":false},"author":4,"featured_media":0,"parent":85,"menu_order":0,"comment_status":"closed","ping_status":"closed","template":"","meta":{"footnotes":""},"class_list":["post-364","page","type-page","status-publish","hentry"],"_links":{"self":[{"href":"https:\/\/consmadrid.esteri.it\/it\/wp-json\/wp\/v2\/pages\/364","targetHints":{"allow":["GET"]}}],"collection":[{"href":"https:\/\/consmadrid.esteri.it\/it\/wp-json\/wp\/v2\/pages"}],"about":[{"href":"https:\/\/consmadrid.esteri.it\/it\/wp-json\/wp\/v2\/types\/page"}],"author":[{"embeddable":true,"href":"https:\/\/consmadrid.esteri.it\/it\/wp-json\/wp\/v2\/users\/4"}],"replies":[{"embeddable":true,"href":"https:\/\/consmadrid.esteri.it\/it\/wp-json\/wp\/v2\/comments?post=364"}],"version-history":[{"count":7,"href":"https:\/\/consmadrid.esteri.it\/it\/wp-json\/wp\/v2\/pages\/364\/revisions"}],"predecessor-version":[{"id":7054,"href":"https:\/\/consmadrid.esteri.it\/it\/wp-json\/wp\/v2\/pages\/364\/revisions\/7054"}],"up":[{"embeddable":true,"href":"https:\/\/consmadrid.esteri.it\/it\/wp-json\/wp\/v2\/pages\/85"}],"wp:attachment":[{"href":"https:\/\/consmadrid.esteri.it\/it\/wp-json\/wp\/v2\/media?parent=364"}],"curies":[{"name":"wp","href":"https:\/\/api.w.org\/{rel}","templated":true}]}}