{"id":36,"date":"2023-04-03T19:15:47","date_gmt":"2023-04-03T17:15:47","guid":{"rendered":"https:\/\/consolatozurigo.esteri.it\/?page_id=36"},"modified":"2025-12-31T15:23:14","modified_gmt":"2025-12-31T14:23:14","slug":"gli-uffici","status":"publish","type":"page","link":"https:\/\/consmadrid.esteri.it\/it\/chi-siamo\/gli-uffici\/","title":{"rendered":"Gli Uffici"},"content":{"rendered":"<p>Il Consolato Generale d&#8217;Italia a Madrid si trova al seguente indirizzo:<\/p>\n<p><strong>Calle Agust\u00edn de Betancourt n.3 &#8211; 28003 Madrid<\/strong><\/p>\n<ul>\n<li>Zona: Nuevos Ministerios &#8211; R\u00edos Rosas<\/li>\n<li>Metropolitana: L6, L8 e L10 a Nuevos Ministerios &#8211; L1 a R\u00edos Rosas (<a href=\"http:\/\/www.metromadrid.es\/\">www.metromadrid.es<\/a>)<\/li>\n<li>Autobus: linee 5, 12, 27, 45 (<a href=\"http:\/\/www.emtmadrid.es\/\">www.emtmadrid.es<\/a>)<\/li>\n<li>Parcheggi pubblici: Calle R\u00edos Rosas, 47 &#8211; Calle Cristobal Bordi\u00fa, 51 &#8211; Calle Modesto Lafuente, 53<\/li>\n<\/ul>\n<p>&nbsp;<\/p>\n<p><span style=\"text-decoration: underline;\"><strong>Accesso agli sportelli consolari<\/strong><\/span><\/p>\n<p>L&#8217;acceso agli sportelli \u00e8 consentito solo previa prenotazione dell&#8217;appuntamento tramite il nuovo portale\u00a0<a href=\"https:\/\/consmadrid.esteri.it\/it\/servizi-consolari-e-visti\/servizi-per-il-cittadino-italiano\/prenotmi-prenota-lappuntamento-online-2\/\"><strong>Prenot@Mi<\/strong><\/a>.<\/p>\n<p>Per facilitare le operazioni di accesso agli uffici, gli utenti sono invitati a presentarsi presso il Consolato Generale con un\u00a0 <strong>anticipo di almeno 10 minuti rispetto all&#8217;ora fissata<\/strong>\u00a0<strong>e<\/strong>\u00a0<strong>muniti del codice di prenotazione stampato<\/strong>.<\/p>\n<p>Orario degli sportelli\u00a0<strong>previo appuntamento:<\/strong><\/p>\n<ul>\n<li><strong>LUNEDI&#8217;,\u00a0MARTEDI&#8217;,\u00a0GIOVEDI&#8217;\u00a0<\/strong>e<strong>\u00a0VENERDI&#8217; &#8211;\u00a0<\/strong>dalle ore\u00a0<strong>9,30<\/strong>\u00a0alle ore\u00a0<strong>13,00<\/strong><\/li>\n<li><strong>MERCOLEDI&#8217;<\/strong>\u00a0pomeriggio &#8211; dalle ore\u00a0<strong>15,00<\/strong>\u00a0alle ore\u00a0<strong>17,00<\/strong><\/li>\n<\/ul>\n<p>Si segnala che, per ragioni di sicurezza, sar\u00e0 consentito l\u2019accesso al Consolato Generale solo a coloro che abbiano un appuntamento o che si trovino in una situazione di comprovata emergenza. Tutti coloro che accedono saranno sottoposti al controllo di sicurezza.<\/p>\n<p>&nbsp;<\/p>\n<p><strong><span style=\"text-decoration: underline;\">Festivit\u00e0 osservate dal Consolato Generale d&#8217;Italia a Madrid per l&#8217;anno 2026<\/span><\/strong><\/p>\n<p>1 gennaio \u2013 CAPODANNO<br \/>\n6 gennaio \u2013 EPIFANIA<br \/>\n3 aprile \u2013 VENERD\u00cc SANTO<br \/>\n1 maggio \u2013 FESTA DEL LAVORO<br \/>\n2 giugno \u2013 FESTA NAZIONALE<br \/>\n15 agosto \u2013 FERRAGOSTO<br \/>\n12 ottobre \u2013 FESTA NAZIONALE SPAGNOLA<br \/>\n1 novembre \u2013 OGNISSANTI<br \/>\n8 dicembre \u2013 IMMACOLATA CONCEZIONE<br \/>\n25 dicembre \u2013 NATALE<br \/>\n26 dicembre \u2013 SANTO STEFANO<\/p>\n<p>&nbsp;<\/p>\n<p><strong>Contatti con il Consolato Generale d&#8217;Italia a Madrid \u00b7&gt; <\/strong>[<a href=\"https:\/\/consmadrid.esteri.it\/it\/chi-siamo\/contatti\/?preview=true\">cliccare qui<\/a><a href=\"https:\/\/consmadrid.esteri.it\/it\/chi-siamo\/contatti\/?preview=true\">]<\/a><\/p>\n","protected":false},"excerpt":{"rendered":"Il Consolato Generale d&#8217;Italia a Madrid si trova al seguente indirizzo: Calle Agust\u00edn de Betancourt n.3 &#8211; 28003 Madrid Zona: Nuevos Ministerios &#8211; R\u00edos Rosas Metropolitana: L6, L8 e L10 a Nuevos Ministerios &#8211; L1 a R\u00edos Rosas (www.metromadrid.es) Autobus: linee 5, 12, 27, 45 (www.emtmadrid.es) Parcheggi pubblici: Calle R\u00edos Rosas, 47 &#8211; Calle Cristobal [&hellip;]","protected":false},"author":1,"featured_media":0,"parent":13,"menu_order":6,"comment_status":"closed","ping_status":"closed","template":"","meta":{"footnotes":""},"class_list":["post-36","page","type-page","status-publish","hentry"],"_links":{"self":[{"href":"https:\/\/consmadrid.esteri.it\/it\/wp-json\/wp\/v2\/pages\/36","targetHints":{"allow":["GET"]}}],"collection":[{"href":"https:\/\/consmadrid.esteri.it\/it\/wp-json\/wp\/v2\/pages"}],"about":[{"href":"https:\/\/consmadrid.esteri.it\/it\/wp-json\/wp\/v2\/types\/page"}],"author":[{"embeddable":true,"href":"https:\/\/consmadrid.esteri.it\/it\/wp-json\/wp\/v2\/users\/1"}],"replies":[{"embeddable":true,"href":"https:\/\/consmadrid.esteri.it\/it\/wp-json\/wp\/v2\/comments?post=36"}],"version-history":[{"count":6,"href":"https:\/\/consmadrid.esteri.it\/it\/wp-json\/wp\/v2\/pages\/36\/revisions"}],"predecessor-version":[{"id":6717,"href":"https:\/\/consmadrid.esteri.it\/it\/wp-json\/wp\/v2\/pages\/36\/revisions\/6717"}],"up":[{"embeddable":true,"href":"https:\/\/consmadrid.esteri.it\/it\/wp-json\/wp\/v2\/pages\/13"}],"wp:attachment":[{"href":"https:\/\/consmadrid.esteri.it\/it\/wp-json\/wp\/v2\/media?parent=36"}],"curies":[{"name":"wp","href":"https:\/\/api.w.org\/{rel}","templated":true}]}}