{"id":35,"date":"2023-04-03T19:15:30","date_gmt":"2023-04-03T17:15:30","guid":{"rendered":"https:\/\/consolatozurigo.esteri.it\/?page_id=35"},"modified":"2024-10-18T10:14:39","modified_gmt":"2024-10-18T08:14:39","slug":"la-sede","status":"publish","type":"page","link":"https:\/\/consmadrid.esteri.it\/it\/chi-siamo\/la-sede\/","title":{"rendered":"La Sede"},"content":{"rendered":"<p>L&#8217;immobile che ospita il Consolato Generale \u00e8 un palazzo storico che si trova nel quartiere di Chamber\u00ed, una zona di Madrid di grande bellezza e variet\u00e0 architettonica.<\/p>\n<p>Il palazzo fu progettato nel 1911 dall&#8217;architetto Joaqu\u00edn Salda\u00f1a L\u00f3pez e la sua costruzione fu realizzata tra il 1911 e il 1914. In quel periodo fu la residenza del\u00a0<strong>Conte di Santa Coloma<\/strong>, Don Enrique de Queralt y Fern\u00e1ndez Maquieira (1867-1933), nobile madrileno e senatore di origine catalana.<\/p>\n<p>Nel 1940 il palazzo fu acquistato dal Governo italiano, inizialmente come sede della Scuola Statale Italiana di Madrid e, negli anni &#8217;80, per stabilirvi gli uffici consolari.<\/p>\n<p>La zona dove si trova il consolato, chiamata\u00a0<strong>Los Nuevos Ministerios<\/strong>\u00a0(&#8220;i nuovi ministeri&#8221;) \u00e8 diventata centro di molteplici attivit\u00e0 che coinvolgono gli italiani residenti a Madrid. Si possono trovare infatti numerosi bar e ristoranti di cucina e stile italiani, e negozi di prodotti tipici della nostra bellissima terra.<\/p>\n<p>&nbsp;<\/p>\n<p><strong>Un po&#8217; di storia del Consolato<\/strong><\/p>\n<p>Fino agli anni &#8217;70 gli uffici del Consolato d&#8217;Italia di Madrid si trovavano in un piccolo locale posto al pianterreno, in centro citt\u00e0. L&#8217;ufficio era sufficiente all&#8217;epoca per soddisfare le richieste degli italiani che vivevano in Spagna il quel periodo. In pochi anni per\u00f2, poich\u00e9 la Spagna si era aperta all&#8217;estero, la collettivit\u00e0 residente iniziava a sperimentare una notevole crescita e, quindi, si rese necessario trovare un immobile pi\u00f9 ampio e piazzato in un quartiere pi\u00f9 tranquillo ed accessibile. Per ottemperare a queste necessit\u00e0, all&#8217;inizio degli anni ottanta il Governo italiano decise di trasferire la sede consolare presso il Palazzo di Santa Coloma, acquistato nel 1940 per altri usi. La decisione si rivel\u00f2 molto opportuna: l&#8217;edificio \u00e8 infatti collocato strategicamente nei pressi del <strong>Paseo de la Castellana<\/strong>\u00a0&#8211; considerata la via pi\u00f9 importante della citt\u00e0 di Madrid &#8211; e nella confluenza tra le vie\u00a0<strong>R\u00edos Rosas<\/strong>\u00a0e\u00a0<strong>Agust\u00edn de Betancourt y Molina<\/strong>, quest&#8217;ultima dedicata ad un importante scienziato ed ingegnere civile spagnolo, vissuto tra i secoli XVIII e XIX.<\/p>\n","protected":false},"excerpt":{"rendered":"L&#8217;immobile che ospita il Consolato Generale \u00e8 un palazzo storico che si trova nel quartiere di Chamber\u00ed, una zona di Madrid di grande bellezza e variet\u00e0 architettonica. Il palazzo fu progettato nel 1911 dall&#8217;architetto Joaqu\u00edn Salda\u00f1a L\u00f3pez e la sua costruzione fu realizzata tra il 1911 e il 1914. In quel periodo fu la residenza [&hellip;]","protected":false},"author":1,"featured_media":0,"parent":13,"menu_order":2,"comment_status":"closed","ping_status":"closed","template":"","meta":{"footnotes":""},"class_list":["post-35","page","type-page","status-publish","hentry"],"_links":{"self":[{"href":"https:\/\/consmadrid.esteri.it\/it\/wp-json\/wp\/v2\/pages\/35","targetHints":{"allow":["GET"]}}],"collection":[{"href":"https:\/\/consmadrid.esteri.it\/it\/wp-json\/wp\/v2\/pages"}],"about":[{"href":"https:\/\/consmadrid.esteri.it\/it\/wp-json\/wp\/v2\/types\/page"}],"author":[{"embeddable":true,"href":"https:\/\/consmadrid.esteri.it\/it\/wp-json\/wp\/v2\/users\/1"}],"replies":[{"embeddable":true,"href":"https:\/\/consmadrid.esteri.it\/it\/wp-json\/wp\/v2\/comments?post=35"}],"version-history":[{"count":3,"href":"https:\/\/consmadrid.esteri.it\/it\/wp-json\/wp\/v2\/pages\/35\/revisions"}],"predecessor-version":[{"id":4734,"href":"https:\/\/consmadrid.esteri.it\/it\/wp-json\/wp\/v2\/pages\/35\/revisions\/4734"}],"up":[{"embeddable":true,"href":"https:\/\/consmadrid.esteri.it\/it\/wp-json\/wp\/v2\/pages\/13"}],"wp:attachment":[{"href":"https:\/\/consmadrid.esteri.it\/it\/wp-json\/wp\/v2\/media?parent=35"}],"curies":[{"name":"wp","href":"https:\/\/api.w.org\/{rel}","templated":true}]}}