{"id":1534,"date":"2023-11-30T13:28:45","date_gmt":"2023-11-30T12:28:45","guid":{"rendered":"https:\/\/consmadrid.esteri.it\/?page_id=1534"},"modified":"2025-04-23T12:17:20","modified_gmt":"2025-04-23T10:17:20","slug":"carta-di-identita-per-i-minori-di-eta","status":"publish","type":"page","link":"https:\/\/consmadrid.esteri.it\/it\/servizi-consolari-e-visti\/servizi-per-il-cittadino-italiano\/carta-didentita-elettronica-cie-2\/carta-di-identita-per-i-minori-di-eta\/","title":{"rendered":"Carta di identit\u00e0 per minorenne"},"content":{"rendered":"<p>Ai sensi della normativa vigente, i minori devono essere muniti di documento d&#8217;identit\u00e0 individuale.<\/p>\n<p>La presenza del minore presso il Consolato Generale d&#8217;Italia in Madrid il giorno dell\u2019appuntamento \u00e8 indispensabile solo a partire dai 12 anni per la rilevazione dei dati biometrici (impronte digitali) e per la firma, oppure per il riconoscimento nel caso in cui si tratti di primo documento italiano.<\/p>\n<p>&nbsp;<\/p>\n<p><span style=\"text-decoration: underline;\"><strong>A) Richiesta per minore da 12 a 18 anni<\/strong><\/span><\/p>\n<p>1) La domanda di CIE deve essere necessariamente presentata tramite <strong>invio per posta ordinaria o raccomandata <\/strong><em>(Consolato Generale d&#8217;Italia &#8211; Calle Agust\u00edn de Betancourt n. 3 &#8211; <\/em><em>28003 Madrid)<\/em>, allegando la seguente documentazione:<\/p>\n<ul>\n<li><strong>Modulo di richiesta<\/strong>\u00a0interamente compilato in ogni sua parte e firmato da entrambi i genitori e dal minore [<a href=\"https:\/\/consmadrid.esteri.it\/wp-content\/uploads\/2025\/04\/mod-CIE-it-2025-MINORE-ver-23.04.pdf\">CLICCARE QUI<\/a>] &#8211; se uno dei genitori non \u00e8 cittadino UE, la sua firma deve essere autenticata presso il Consolato Generale di Madrid il giorno dell\u2019appuntamento, o un notaio o da un Consolato onorario<\/li>\n<li><strong>Atto di assenso<\/strong>\u00a0(che si trova nel modulo di richiesta di cui sopra) &#8211; IMPORTANTE: qualora non sia possibile presentare l&#8217;atto di assenso firmato da un genitore, l\u2019altro genitore dovr\u00e0 richiedere al Consolato Generale di\u00a0 Madrid o al Tribunale di competenza una autorizzazione al rilascio della carta d\u2019identit\u00e0 mediante pronuncia di decreto consolare \u00b7&gt; [<a href=\"https:\/\/consmadrid.esteri.it\/it\/servizi-consolari-e-visti\/servizi-per-il-cittadino-italiano\/atto-di-assenso-decreto-consolare-per-passaporto-o-carta-didentita\/\" target=\"_blank\" rel=\"noopener\"><strong>cliccare qui<\/strong><\/a>]<\/li>\n<li><strong>Due\u00a0fototessere\u00a0a colori<\/strong>\u00a0\u2013 sfondo bianco \u2013 standard ICAO 9303\/ISO 19794-5 \u2013 45mm x 35mm<\/li>\n<li>Fotocopia di un documento d&#8217;identit\u00e0 del minore<\/li>\n<li>In caso di\u00a0<strong>furto\/smarrimento<\/strong>\u00a0della carta d\u2019identit\u00e0: copia denuncia resa alla Polizia spagnola\/altre Autorit\u00e0 di Polizia<\/li>\n<\/ul>\n<p style=\"text-align: justify;\">2) Una volta terminata l&#8217;istruttoria, uno dei genitori richiedenti <strong>ricever\u00e0 una e-mail<\/strong>\u00a0<strong>con un codice<\/strong>\u00a0personale per poter prendere\u00a0<strong>appuntamento sul portale Prenot@Mi<\/strong>\u00a0(<strong><a href=\"https:\/\/prenotami.esteri.it\/\">https:\/\/prenotami.esteri.it<\/a><\/strong>) &#8211; per informazioni relative al portale di appuntamenti Prenot@Mi \u00b7&gt; [<a href=\"https:\/\/consmadrid.esteri.it\/it\/servizi-consolari-e-visti\/servizi-per-il-cittadino-italiano\/prenotmi-prenota-lappuntamento-online-2\/\"><strong><span style=\"color: windowtext; text-decoration: none; text-underline: none;\">cliccare qui<\/span><\/strong><\/a>]<\/p>\n<p>3) Il giorno dell\u2019appuntamento, l\u2019operatore consolare acquisir\u00e0 i dati biometrici (rilevazione delle impronte digitali) e la firma, che verranno registrati in sicurezza all\u2019interno del microchip presente nella propria CIE.\u00a0<strong>Si fa presente che al momento attuale i Consolati onorari non sono abilitati alla rilevazione delle impronte digitali.<\/strong><\/p>\n<p><strong>ATTENZIONE! Il giorno dell\u2019appuntamento la carta d\u2019identit\u00e0 di cui si \u00e8 in possesso, qualora ancora valida, verr\u00e0 annullata: si rester\u00e0 pertanto privi di una carta d\u2019identit\u00e0 fino alla ricezione della nuova (di solito nel giro di 3-5 settimane).<\/strong><\/p>\n<p>4) I<span style=\"text-decoration: underline;\"><strong>l pagamento si effettua il giorno dell\u2019appuntamento allo sportello tramite POS con carte di debito rilasciate nei paesi UE e\/o contanti.<\/strong><\/span>\u00a0\u00c8 escluso il pagamento con carte appartenenti ai circuiti internazionali (American Express, Diners, etc.).<\/p>\n<p>La<b>\u00a0tariffa consolare\u00a0<\/b>per l&#8217;emissione della carta d&#8217;identit\u00e0 \u00e8 di<strong>\u00a021,95 \u20ac per il rilascio\/rinnovo<\/strong>\u00a0e\u00a0<strong>27,11 \u20ac per il duplicato.<\/strong><\/p>\n<p>5) La CIE \u00e8 prodotta dall\u2019Istituto Poligrafico e Zecca dello Stato e viene successivamente spedita, a mezzo posta a carico di Poste Italiane, all\u2019indirizzo di residenza (o recapito) indicato dal richiedente. <strong>Il documento, pertanto, non \u00e8 rilasciato a vista il giorno dell\u2019appuntamento.<\/strong><\/p>\n<p>La validit\u00e0 della CIE \u00e8 di <strong>5 anni<\/strong> per i minori tra i 3 e i 18 anni.<\/p>\n<p>&nbsp;<\/p>\n<p><span style=\"text-decoration: underline;\"><strong>B) Richiesta della CIE per minore da 0 a 11 anni<\/strong><\/span><\/p>\n<p style=\"text-align: justify;\">La domanda di CIE deve essere necessariamente presentata tramite <strong>invio per posta ordinaria o raccomandata <\/strong><em>(Consolato Generale d&#8217;Italia &#8211; Calle Agust\u00edn de Betancourt n. 3 &#8211; <\/em><em>28003 Madrid)<\/em>, allegando la seguente documentazione:<\/p>\n<ul>\n<li><strong>Modulo di richiesta<\/strong>\u00a0interamente compilato in ogni sua parte e firmato da entrambi i genitori [<a href=\"https:\/\/consmadrid.esteri.it\/wp-content\/uploads\/2025\/04\/mod-CIE-it-2025-MINORE-ver-23.04.pdf\"><strong>CLICCARE QUI<\/strong><\/a>] &#8211; se uno dei genitori non \u00e8 cittadino UE, la sua firma deve essere autenticata presso il Consolato Generale di Madrid il giorno dell\u2019appuntamento, o da un notaio, oppure presso un Consolato onorario prima dell\u2019invio<\/li>\n<li><strong>Atto di assenso<\/strong> (che si trova nel modulo di richiesta di cui sopra) &#8211; IMPORTANTE: qualora non sia possibile presentare l&#8217;atto di assenso firmato da un genitore, l\u2019altro genitore dovr\u00e0 richiedere al Consolato Generale di Madrid o al Tribunale di competenza un\u2019autorizzazione al rilascio della carta d\u2019identit\u00e0 mediante pronuncia di decreto consolare \u00b7&gt; [<a href=\"https:\/\/consmadrid.esteri.it\/it\/servizi-consolari-e-visti\/servizi-per-il-cittadino-italiano\/atto-di-assenso-decreto-consolare-per-passaporto-o-carta-didentita\/\" target=\"_blank\" rel=\"noopener\"><strong>cliccare qui<\/strong><\/a>]<\/li>\n<li><strong>Due\u00a0fototessere\u00a0a colori<\/strong> \u2013 sfondo bianco \u2013 standard ICAO 9303\/ISO 19794-5 \u2013 45mm x 35mm<\/li>\n<li>Fotocopia di un documento d&#8217;identit\u00e0 del minore &#8211; IMPORTANTE: Se si tratta del primo documento italiano del minore, sar\u00e0 comunque necessaria la presenza del minore stesso presso il Consolato Generale d&#8217;Italia in Madrid il giorno dell\u2019appuntamento oppure l\u2019invio di una foto autenticata da un notaio o da un Consolato onorario nel momento della spedizione della seguente documentazione<\/li>\n<li>In caso di <strong>furto\/smarrimento<\/strong> della carta d\u2019identit\u00e0: copia denuncia resa alla Polizia spagnola\/altre Autorit\u00e0 di Polizia<\/li>\n<li>Una volta terminata l&#8217;istruttoria, uno dei genitori richiedenti <strong>ricever\u00e0 una e-mail<\/strong>\u00a0<strong>con un codice<\/strong>\u00a0personale per poter prendere\u00a0<strong>appuntamento sul portale Prenot@Mi<\/strong>\u00a0(<strong><a href=\"https:\/\/prenotami.esteri.it\/\">https:\/\/prenotami.esteri.it<\/a><\/strong>) &#8211; per informazioni relative al portale di appuntamenti Prenot@Mi \u00b7&gt; [<a href=\"https:\/\/consmadrid.esteri.it\/it\/servizi-consolari-e-visti\/servizi-per-il-cittadino-italiano\/prenotmi-prenota-lappuntamento-online-2\/\"><strong><span style=\"color: windowtext; text-decoration: none; text-underline: none;\">cliccare qui<\/span><\/strong><\/a>]<\/li>\n<li><span style=\"text-decoration: underline;\"><strong>I<\/strong><strong>l pagamento si effettua il giorno dell\u2019appuntamento allo sportello tramite POS con carte di debito rilasciate nei paesi UE e\/o contanti.<\/strong><\/span> \u00c8 escluso il pagamento con carte appartenenti ai circuiti internazionali (American Express, Diners, etc.)<\/li>\n<li>La<b>\u00a0tariffa consolare\u00a0<\/b>per l&#8217;emissione della carta d&#8217;identit\u00e0 \u00e8 di<strong>\u00a021,95 \u20ac per il rilascio\/rinnovo<\/strong>\u00a0e\u00a0<strong>27,11 \u20ac per il duplicato.<\/strong><\/li>\n<li>La CIE \u00e8 prodotta dall\u2019Istituto Poligrafico e Zecca dello Stato e viene successivamente spedita, a mezzo posta a carico di Poste Italiane, all\u2019indirizzo di residenza (o recapito) indicato dal richiedente. <strong>Il documento, pertanto, non \u00e8 rilasciato a vista il giorno dell\u2019appuntamento.<\/strong><\/li>\n<li>La validit\u00e0 della CIE \u00e8 di <strong>5 anni<\/strong> per i minori tra i 3 e i 18 anni.<\/li>\n<\/ul>\n<p>La presenza dei minori sotto i 12 anni non \u00e8 necessaria il giorno dell\u2019appuntamento se i genitori sono muniti di un altro documento di recente rilascio (foto comparabile con il passaporto o la carta di identit\u00e0 anche di altre nazionalit\u00e0 o altro documento di identit\u00e0 italiano scaduto da non oltre 12 mesi). In caso contrario si suggerisce vivamente la presenza del minore.<\/p>\n<p>&nbsp;<\/p>\n<p>&nbsp;<\/p>\n","protected":false},"excerpt":{"rendered":"Ai sensi della normativa vigente, i minori devono essere muniti di documento d&#8217;identit\u00e0 individuale. La presenza del minore presso il Consolato Generale d&#8217;Italia in Madrid il giorno dell\u2019appuntamento \u00e8 indispensabile solo a partire dai 12 anni per la rilevazione dei dati biometrici (impronte digitali) e per la firma, oppure per il riconoscimento nel caso in [&hellip;]","protected":false},"author":5,"featured_media":0,"parent":1514,"menu_order":0,"comment_status":"closed","ping_status":"closed","template":"","meta":{"footnotes":""},"class_list":["post-1534","page","type-page","status-publish","hentry"],"_links":{"self":[{"href":"https:\/\/consmadrid.esteri.it\/it\/wp-json\/wp\/v2\/pages\/1534","targetHints":{"allow":["GET"]}}],"collection":[{"href":"https:\/\/consmadrid.esteri.it\/it\/wp-json\/wp\/v2\/pages"}],"about":[{"href":"https:\/\/consmadrid.esteri.it\/it\/wp-json\/wp\/v2\/types\/page"}],"author":[{"embeddable":true,"href":"https:\/\/consmadrid.esteri.it\/it\/wp-json\/wp\/v2\/users\/5"}],"replies":[{"embeddable":true,"href":"https:\/\/consmadrid.esteri.it\/it\/wp-json\/wp\/v2\/comments?post=1534"}],"version-history":[{"count":9,"href":"https:\/\/consmadrid.esteri.it\/it\/wp-json\/wp\/v2\/pages\/1534\/revisions"}],"predecessor-version":[{"id":5822,"href":"https:\/\/consmadrid.esteri.it\/it\/wp-json\/wp\/v2\/pages\/1534\/revisions\/5822"}],"up":[{"embeddable":true,"href":"https:\/\/consmadrid.esteri.it\/it\/wp-json\/wp\/v2\/pages\/1514"}],"wp:attachment":[{"href":"https:\/\/consmadrid.esteri.it\/it\/wp-json\/wp\/v2\/media?parent=1534"}],"curies":[{"name":"wp","href":"https:\/\/api.w.org\/{rel}","templated":true}]}}