{"id":1514,"date":"2023-11-27T13:34:58","date_gmt":"2023-11-27T12:34:58","guid":{"rendered":"https:\/\/consmadrid.esteri.it\/?page_id=1514"},"modified":"2026-04-13T15:37:45","modified_gmt":"2026-04-13T13:37:45","slug":"carta-didentita-elettronica-cie-2","status":"publish","type":"page","link":"https:\/\/consmadrid.esteri.it\/it\/servizi-consolari-e-visti\/servizi-per-il-cittadino-italiano\/carta-didentita-elettronica-cie-2\/","title":{"rendered":"Carta d&#8217;Identit\u00e0 Elettronica (CIE)"},"content":{"rendered":"<p><span style=\"text-decoration: underline;\"><strong>Che cos\u2019\u00e8 la Carta d\u2019Identit\u00e0 Elettronica?<\/strong><\/span><\/p>\n<p>La nuova Carta di identit\u00e0 Elettronica \u00e8 un documento multifunzionale emesso dal Ministero dell\u2019Interno e prodotto dal Poligrafico e Zecca dello Stato (<a href=\"https:\/\/www.cartaidentita.interno.gov.it\/\"><strong>maggiori informazioni dal sito del Ministero dell\u2019Interno<\/strong><\/a>): attesta l\u2019identit\u00e0 del cittadino; \u00e8 un documento di viaggio valido per spostarsi nei paesi dell\u2019Unione Europea e in altri Stati con cui sono in vigore specifici accordi; riporta il codice fiscale e si pu\u00f2 utilizzare per richiedere un\u2019identit\u00e0 sul sistema\u00a0<a href=\"https:\/\/www.spid.gov.it\/\"><strong>SPID<\/strong>\u00a0<\/a>(Sistema Pubblico di Identit\u00e0 Digitale) con cui accedere ai Servizi erogati dalle Pubbliche Amministrazioni Italiane.<\/p>\n<p>Come documento di viaggio, la carta d\u2019identit\u00e0 elettronica equivale al passaporto ai fini dell\u2019espatrio negli Stati membri dell\u2019Unione europea, negli Stati dello Spazio Schengen non UE (Islanda, Norvegia, Svizzera, Liechtenstein) e in quelli in cui vigono particolari accordi internazionali.<br \/>\nAl riguardo, per ulteriori e pi\u00f9 dettagliate informazioni, \u00e8 possibile consultare il sito <a href=\"https:\/\/www.viaggiaresicuri.it\/approfondimenti-insights\/documentidiviaggio\"><strong>Viaggiare Sicuri<\/strong><\/a>.<\/p>\n<p><span style=\"text-decoration: underline;\"><strong>Quale \u00e8 la durata del documento?<\/strong><\/span><\/p>\n<p>La validit\u00e0 della CIE varia a seconda dell\u2019et\u00e0 del titolare al momento della richiesta del documento; in particolare, la CIE scade nel giorno del primo compleanno dopo:<\/p>\n<p>&#8211; 3 anni dalla data di emissione per i minori che hanno\u00a0<strong>meno di 3 anni<\/strong>\u00a0di et\u00e0;<br \/>\n&#8211; 5 anni dalla data di emissione per i minori con un\u2019et\u00e0 compresa\u00a0<strong>tra i 3 e i 18 anni.<\/strong><\/p>\n<p>Per i\u00a0<strong>maggiorenni<\/strong>\u00a0la carta, ai sensi del Regolamento (UE) 2019\/1157, ha una validit\u00e0 massima di 10 anni, pertanto scade dopo 9 anni pi\u00f9 i giorni intercorrenti fra la data della richiesta e la data di nascita.<\/p>\n<p><span style=\"text-decoration: underline;\"><strong>A partire dal 1\u00b0 giugno 2026 i cittadini iscritti all&#8217;AIRE potranno presentare domanda di rilascio della CIE presso qualsiasi Comune italiano.<\/strong><\/span> Presso i Comuni, la carta d&#8217;identit\u00e0 elettronica sar\u00e0 consegnata con le medesime modalit\u00e0 previste in caso di domanda presentata tramite l&#8217;Ufficio consolare, con facolt\u00e0 per l&#8217;interessato di ritirarla personalmente presso il Comune oppure di richiederne la spedizione presso il proprio indirizzo di residenza all&#8217;estero. Per ulteriori informazioni rivolgersi al proprio Comune AIRE.<\/p>\n<p><span style=\"text-decoration: underline;\"><strong>Chi pu\u00f2 richiedere il rilascio della Carta d\u2019Identit\u00e0 presso il Consolato Generale a Madrid? Quali sono i requisiti?<\/strong><\/span><\/p>\n<p>Per poter chiedere il rilascio della CIE al Consolato Generale a Madrid \u00e8 necessario essere cittadini <strong>italiani residenti nella\u00a0<a href=\"https:\/\/consmadrid.esteri.it\/it\/chi-siamo\/la-rete-consolare\/\">circoscrizione consolare di Madrid<\/a><\/strong>, gi\u00e0 iscritti all\u2019A.I.R.E. (Anagrafe degli Italiani Residenti all\u2019Estero). Si rammenta che l\u2019iscrizione all\u2019A.I.R.E. si effettua attraverso il <strong>portale Fast-It<\/strong>. Per maggiori informazioni sull&#8217;iscrizione all&#8217;A.I.R.E. \u00b7&gt; [<strong><a href=\"https:\/\/consmadrid.esteri.it\/it\/servizi-consolari-e-visti\/servizi-per-il-cittadino-italiano\/anagrafe-degli-italiani-residenti-allestero-aire\/\">cliccare qui<\/a>]<\/strong><\/p>\n<p>\u00c8 opportuno che ciascun richiedente la carta d\u2019identit\u00e0 abbia una\u00a0<strong>situazione di stato civile aggiornata<\/strong> presso l\u2019amministrazione italiana. A tal fine, gli atti relativi ad eventi (di matrimonio, nascita figli, divorzio, ecc.) non avvenuti in Italia dovranno essere gi\u00e0 stati presentati all&#8217;Ufficio Consolare o al comune di competenza. Vedere la sezione di Stato Civile \u00b7&gt;\u00a0<strong>[<a href=\"https:\/\/consmadrid.esteri.it\/it\/servizi-consolari-e-visti\/servizi-per-il-cittadino-italiano\/stato-civile\/\">cliccare qui<\/a>]<\/strong><\/p>\n<p><strong>Per i cittadini italiani nati all\u2019estero<\/strong>, \u00e8 necessario che il relativo atto di nascita risulti gi\u00e0 trascritto nei registri di Stato Civile del Comune di riferimento; per maggiori informazioni sulla trascrizione dell&#8217;atto di nascita \u00b7&gt;\u00a0<strong>[<a href=\"https:\/\/consmadrid.esteri.it\/it\/servizi-consolari-e-visti\/servizi-per-il-cittadino-italiano\/stato-civile\/trascrizione-atti-di-nascita\/\">cliccare qui<\/a>]<\/strong><\/p>\n<p><strong>Codice fiscale<\/strong>: <strong>non \u00e8 necessario avere il codice fiscale per richiedere la carta d\u2019identit\u00e0<\/strong>. In fase di istruttoria per il rilascio della CIE, se non esiste codice fiscale, si proceder\u00e0 automaticamente all\u2019attribuzione.<\/p>\n<p>&nbsp;<\/p>\n<p><span style=\"text-decoration: underline;\"><strong>Quando presentare la domanda per il rilascio della CIE?<\/strong><\/span><\/p>\n<p>Le richieste di carta d&#8217;identit\u00e0 vengono evase in rigoroso ordine di arrivo. A causa dell\u2019elevato numero di domande l\u2019attesa per il rilascio \u00e8 solitamente di diversi mesi. Pertanto, si invitano gli interessati a presentare la domanda con congruo anticipo (idealmente 6 mesi prima della scadenza del precedente).<\/p>\n<p>&nbsp;<\/p>\n<p><span style=\"text-decoration: underline;\"><strong>Quanto costa\u00a0<\/strong><\/span><strong>la CIE?<\/strong><\/p>\n<p>\u2022 21,95 \u20ac in caso di primo rilascio o rinnovo<br \/>\n\u2022 27,11 \u20ac in caso di duplicato per furto\/smarrimento o deterioramento di CIE ancora in corso di validit\u00e0<\/p>\n<p>&nbsp;<\/p>\n<p><span style=\"text-decoration: underline;\"><strong>Come si presenta la domanda per il rilascio della CIE?<\/strong><\/span><\/p>\n<p>a) <a href=\"https:\/\/consmadrid.esteri.it\/it\/servizi-consolari-e-visti\/servizi-per-il-cittadino-italiano\/carta-didentita-elettronica-cie-2\/carta-didentita-per-adulto-con-figli-minori\/\"><strong>Carta d\u2019identit\u00e0 per maggiorenne<\/strong><\/a><\/p>\n<p>b) <a href=\"https:\/\/consmadrid.esteri.it\/it\/servizi-consolari-e-visti\/servizi-per-il-cittadino-italiano\/carta-didentita-elettronica-cie-2\/carta-di-identita-per-i-minori-di-eta\/\"><strong>Carta d\u2019identit\u00e0 per minorenne<\/strong><\/a><\/p>\n<p>&nbsp;<\/p>\n<p>La CIE \u00e8 prodotta dall\u2019Istituto Poligrafico e Zecca dello Stato e successivamente spedita, a mezzo posta a carico di Poste Italiane, all\u2019indirizzo di residenza (o recapito) indicato dal richiedente. <strong>Il documento, pertanto, non \u00e8 rilasciato a vista il giorno dell\u2019appuntamento.<\/strong><\/p>\n<p>&nbsp;<\/p>\n<p>Per ulteriori informazioni scrivere a:\u00a0<a href=\"mailto:consgenmadrid.cie@esteri.it\">consgenmadrid.cie@esteri.it<\/a><\/p>\n","protected":false},"excerpt":{"rendered":"Che cos\u2019\u00e8 la Carta d\u2019Identit\u00e0 Elettronica? La nuova Carta di identit\u00e0 Elettronica \u00e8 un documento multifunzionale emesso dal Ministero dell\u2019Interno e prodotto dal Poligrafico e Zecca dello Stato (maggiori informazioni dal sito del Ministero dell\u2019Interno): attesta l\u2019identit\u00e0 del cittadino; \u00e8 un documento di viaggio valido per spostarsi nei paesi dell\u2019Unione Europea e in altri Stati [&hellip;]","protected":false},"author":5,"featured_media":0,"parent":59,"menu_order":4,"comment_status":"closed","ping_status":"closed","template":"","meta":{"footnotes":""},"class_list":["post-1514","page","type-page","status-publish","hentry"],"_links":{"self":[{"href":"https:\/\/consmadrid.esteri.it\/it\/wp-json\/wp\/v2\/pages\/1514","targetHints":{"allow":["GET"]}}],"collection":[{"href":"https:\/\/consmadrid.esteri.it\/it\/wp-json\/wp\/v2\/pages"}],"about":[{"href":"https:\/\/consmadrid.esteri.it\/it\/wp-json\/wp\/v2\/types\/page"}],"author":[{"embeddable":true,"href":"https:\/\/consmadrid.esteri.it\/it\/wp-json\/wp\/v2\/users\/5"}],"replies":[{"embeddable":true,"href":"https:\/\/consmadrid.esteri.it\/it\/wp-json\/wp\/v2\/comments?post=1514"}],"version-history":[{"count":8,"href":"https:\/\/consmadrid.esteri.it\/it\/wp-json\/wp\/v2\/pages\/1514\/revisions"}],"predecessor-version":[{"id":6999,"href":"https:\/\/consmadrid.esteri.it\/it\/wp-json\/wp\/v2\/pages\/1514\/revisions\/6999"}],"up":[{"embeddable":true,"href":"https:\/\/consmadrid.esteri.it\/it\/wp-json\/wp\/v2\/pages\/59"}],"wp:attachment":[{"href":"https:\/\/consmadrid.esteri.it\/it\/wp-json\/wp\/v2\/media?parent=1514"}],"curies":[{"name":"wp","href":"https:\/\/api.w.org\/{rel}","templated":true}]}}