{"id":1323,"date":"2023-11-23T17:52:44","date_gmt":"2023-11-23T16:52:44","guid":{"rendered":"https:\/\/consmadrid.esteri.it\/?page_id=1323"},"modified":"2026-04-13T16:29:47","modified_gmt":"2026-04-13T14:29:47","slug":"celebrare-matrimonio-unione-civile-in-spagna","status":"publish","type":"page","link":"https:\/\/consmadrid.esteri.it\/it\/servizi-consolari-e-visti\/servizi-per-il-cittadino-italiano\/stato-civile\/celebrare-matrimonio-unione-civile-in-spagna\/","title":{"rendered":"Celebrare matrimonio\/unione civile in Spagna"},"content":{"rendered":"<p>Il matrimonio di un cittadino italiano\u00a0<strong>in Spagna<\/strong>\u00a0<strong>non\u00a0<\/strong>\u00e8 soggetto all&#8217;obbligo delle pubblicazioni.<\/p>\n<p>&nbsp;<\/p>\n<p><span style=\"text-decoration: underline;\"><strong>Matrimonio CIVILE\/RELIGIOSO in Spagna<\/strong><\/span><\/p>\n<p>Il matrimonio di un cittadino italiano in Spagna si celebra dinanzi alle Autorit\u00e0 spagnole competenti con le formalit\u00e0 previste dalla legge locale. A seconda dei casi:<\/p>\n<ul>\n<li>se il cittadino italiano \u00e8\u00a0<strong>residente in Spagna<\/strong> e iscritto all&#8217;AIRE nella circoscrizione consolare di Madrid, deve chiedere la capacit\u00e0 matrimoniale presso questo Consolato Generale (nota: non bisogna confondere la capacit\u00e0 matrimoniale con il certificato individuale di &#8220;stato libero&#8221; che \u00e8 un certificato anagrafico e individuale)<\/li>\n<\/ul>\n<ul>\n<li>se il cittadino italiano \u00e8\u00a0<strong>residente in Italia<\/strong> deve richiedere la capacit\u00e0 matrimoniale direttamente al suo Comune italiano di riferimento<\/li>\n<\/ul>\n<p><span style=\"text-decoration: underline;\"><strong>\u00c8 necessario inviare la domanda con la documentazione completa almeno due mesi prima dell&#8217;appuntamento con il <em>Registro Civil<\/em>\u00a0o\u00a0<em>Juzgado<\/em>\u00a0spagnolo<em>.<\/em><\/strong><\/span><\/p>\n<p>La richiesta si deve inviare\u00a0<strong>esclusivamente per posta ordinaria o raccomandata, <\/strong>allegando il formulario compilato e firmato e la documentazione specificata, a:<\/p>\n<p><em>Consolato Generale d&#8217;Italia in Madrid<\/em><br \/>\n<em>Calle Agust\u00edn de Betancourt n.3 &#8211; 28003 Madrid<\/em><\/p>\n<p><span style=\"text-decoration: underline;\"><strong>Si prega di tener presente che il tempo di rilascio del certificato di capacit\u00e0 matrimoniale \u00e8 mediamente di 30 giorni.<\/strong><\/span><\/p>\n<p>&nbsp;<\/p>\n<p><strong>Quali adempimenti preliminari sono a carico del richiedente?<\/strong><br \/>\n\u2022 Aggiornare la situazione di stato civile nei confronti delle autorit\u00e0 italiane, verificando che gli atti relativi ad eventi di matrimonio, nascita figli, divorzio, ecc. non avvenuti in Italia siano gi\u00e0 stati presentati all\u2019Ufficio Consolare o al comune di competenza. Vedere sezione [<a href=\"https:\/\/consmadrid.esteri.it\/it\/servizi-consolari-e-visti\/servizi-per-il-cittadino-italiano\/stato-civile\/\"><strong>Stato Civile<\/strong><\/a>].<br \/>\n\u2022 Comunicare eventuali cambi nell\u2019indirizzo di residenza attraverso il portale [<strong><a href=\"https:\/\/serviziconsolari.esteri.it\/ScoFE\/index.sco\">FAST.IT<\/a><\/strong>]<\/p>\n<p>&nbsp;<\/p>\n<p><strong>Documentazione da presentare per ottenere la capacit\u00e0 matrimoniale di entrambe le persone che si devono sposare<br \/>\n<\/strong><\/p>\n<p><strong>NEL CASO IN CUI <span style=\"text-decoration: underline;\">ENTRAMBI I NUBENDI SIANO ITALIANI<\/span> E SIANO ISCRITTI ALL&#8217;AIRE E PRESSO IL CONSOLATO GENERALE DI MADRID:<\/strong><\/p>\n<ol>\n<li>Modulo di richiesta della capacit\u00e0 matrimoniale (CIASCUN NUBENDO DEVE COMPILARE IL PROPRIO MODULO) \u00b7&gt; [<a href=\"https:\/\/consmadrid.esteri.it\/wp-content\/uploads\/2026\/04\/rich-capacita-matrimoniale-2026.pdf\"><strong>scarica qui<\/strong><\/a>] &#8211; PDF ITA<\/li>\n<li>Modulo di dichiarazione sostitutiva di certificato di nascita (CIASCUN NUBENDO DEVE COMPILARE IL PROPRIO MODULO)\u00b7&gt; [<a href=\"https:\/\/consmadrid.esteri.it\/wp-content\/uploads\/2023\/11\/mod-autocertificazionenascita.pdf\"><strong>scarica qui<\/strong><\/a>] &#8211; PDF ITA<\/li>\n<li>Fotocopia del documento d&#8217;identit\u00e0 italiano (DI ENTRAMBI I NUBENDI)<\/li>\n<li>In caso di divorzio (PER ENTRAMBI):\u00a0fotocopia dell\u2019atto di matrimonio con annotazione del divorzio rilasciato dal comune italiano<\/li>\n<li>Ricevuta originale del versamento in banca della\u00a0 tassa di Euro <span style=\"text-decoration: underline;\"><strong>36,00 \u20ac<\/strong> <\/span>(Euro 6,00 per la capacit\u00e0 matrimoniale + Euro 15,00 per ciascun certificato di iscrizione consolare richiesto dalle Autorit\u00e0 locali) al Banco Santander &#8211; IBAN: ES08 0030 1126 4500 0155 4271<\/li>\n<li>Busta preaffrancata TRACCIABILE di <strong>Correos (&#8220;<a href=\"https:\/\/consmadrid.esteri.it\/wp-content\/uploads\/2024\/11\/Certificada-premium.pdf\"><em>certificada premium<\/em><\/a>&#8220;) di dimensioni medie fino a 100 grammi<\/strong>, con l&#8217;indicazione dell&#8217;indirizzo al quale va rispedito il certificato.<\/li>\n<\/ol>\n<p>&nbsp;<\/p>\n<p><strong>NEL CASO IN CUI <span style=\"text-decoration: underline;\">UNO DEI NUBENDI SIA ITALIANO<\/span> (ISCRITTO ALL&#8217;AIRE E PRESSO IL CONSOLATO GENERALE DI MADRID) <span style=\"text-decoration: underline;\">E L&#8217;ALTRO NUBENDO\/A SIA STRANIERO<\/span>:<\/strong><\/p>\n<p>1. Modulo di richiesta della capacit\u00e0 matrimoniale DEL NUBENDO ITALIANO \u00b7&gt; [<a href=\"https:\/\/consmadrid.esteri.it\/wp-content\/uploads\/2026\/04\/rich-capacita-matrimoniale-2026.pdf\"><strong>scarica qui<\/strong><\/a>]<br \/>\n2. Modulo di dichiarazione sostitutiva di certificato di nascita DEL NUBENDO ITALIANO\u00b7&gt; [<a href=\"https:\/\/consmadrid.esteri.it\/wp-content\/uploads\/2023\/11\/mod-autocertificazionenascita.pdf\"><strong>scarica qui<\/strong><\/a>]<br \/>\n3. Fotocopia del documento d&#8217;identit\u00e0 italiano DEL NUBENDO ITALIANO<br \/>\n4. In caso di divorzio DEL NUBENDO ITALIANO: fotocopia dell\u2019atto di matrimonio con annotazione del divorzio rilasciato dal comune italiano<br \/>\n5. Fotocopia del certificato di nascita DEL NUBENDO STRANIERO rilasciato dalle autorit\u00e0 del proprio Paese (legalizzato e tradotto, se del caso)<br \/>\n6. Fotocopia del certificato di stato libero DEL NUBENDO STRANIERO rilasciato dalle autorit\u00e0 del proprio paese massimo 6 mesi prima della richiesta (legalizzato e tradotto, se del caso). Se il nubendo straniero \u00e8 spagnolo \u00e8 necessario chiedere il<strong> CERTIFICADO DE FE DE VIDA Y ESTADO<\/strong> (<span style=\"text-decoration: underline;\">non \u00e8 possibile accettare la &#8220;declaraci\u00f3n responsable de fe de vida y estado&#8221;<\/span>, che \u00e8 un tipo di autocertificazione valida solo per la normativa spagnola)<br \/>\n7. Fotocopia del documento d&#8217;identit\u00e0 DEL NUBENDO STRANIERO<br \/>\n8. In caso di divorzio DEL NUBENDO STRANIERO: fotocopia del certificato di matrimonio con annotazione del divorzio<br \/>\n9. Certificato di residenza DEL NUBENDO STRANIERO (per i residenti in Spagna \u00e8 il &#8220;certificado de empadronamiento\u201d)<br \/>\n10. Ricevuta originale del versamento in banca della tassa di Euro <span style=\"text-decoration: underline;\"><strong>21,00 \u20ac<\/strong><\/span> (Euro 6,00 per la capacit\u00e0 matrimoniale + Euro 15,00 per il certificato di iscrizione consolare richiesto dalle Autorit\u00e0 locali) al Banco Santander &#8211; IBAN: ES08 0030 1126 4500 0155 4271<br \/>\n11. Busta preaffrancata TRACCIABILE di <strong>Correos (&#8220;<a href=\"https:\/\/consmadrid.esteri.it\/wp-content\/uploads\/2024\/11\/Certificada-premium.pdf\"><em>certificada premium<\/em><\/a>&#8220;) di dimensioni medie fino a 100 grammi<\/strong>, con l&#8217;indicazione dell&#8217;indirizzo al quale va rispedito il certificato. <span style=\"text-decoration: underline;\"><strong>Si consiglia di prendere nota del codice di tracciamento, al fine di tracciare la spedizione.<\/strong><\/span><\/p>\n<p><strong>Importante<\/strong><strong>:\u00a0<\/strong>i documenti in lingua spagnola non vanno tradotti; i documenti devono essere solo in fotocopia; si prega di non spillare i documenti tra loro.<\/p>\n<p>&nbsp;<\/p>\n<p><strong>L&#8217;atto di capacit\u00e0 matrimoniale ha una validit\u00e0 di 6 mesi ed \u00e8 comprensivo del \u201cCertificado de edictos\u201d.<\/strong><\/p>\n<p>Dopo la celebrazione del matrimonio si dovr\u00e0 essere richiesto al &#8220;Registro Civil&#8221; l&#8217;atto di matrimonio civile in originale (nelle due forme\u00a0<em>Plurilingue<\/em>\u00a0e\u00a0<em>Literal<\/em>) da spedire successivamente al Consolato Generale d&#8217;Italia a Madrid per la registrazione del matrimonio stesso in Italia. Per altre informazioni per il servizio di trascrizione \u00b7&gt; [<a href=\"https:\/\/consmadrid.esteri.it\/it\/servizi-consolari-e-visti\/servizi-per-il-cittadino-italiano\/stato-civile\/\"><strong>cliccare qui<\/strong><\/a>]<\/p>\n<p>&nbsp;<\/p>\n<p><span style=\"text-decoration: underline;\"><strong>L&#8217;atto di nascita italiano richiesto dalle Autorit\u00e0 spagnole<\/strong><\/span> per procedere al matrimonio in Spagna <span style=\"text-decoration: underline;\"><strong>va richiesto direttamente al Comune italiano<\/strong><\/span> di registrazione del cittadino. Gli Uffici consolari, infatti, non possono richiedere o emettere atti n\u00e9 certificati di stato civile. Si suggerisce di richiedere l&#8217;atto di nascita <strong>in formato internazionale\/plurilingue<\/strong>, che \u00e8 esente da traduzione e legalizzazione.<\/p>\n","protected":false},"excerpt":{"rendered":"Il matrimonio di un cittadino italiano\u00a0in Spagna\u00a0non\u00a0\u00e8 soggetto all&#8217;obbligo delle pubblicazioni. &nbsp; Matrimonio CIVILE\/RELIGIOSO in Spagna Il matrimonio di un cittadino italiano in Spagna si celebra dinanzi alle Autorit\u00e0 spagnole competenti con le formalit\u00e0 previste dalla legge locale. A seconda dei casi: se il cittadino italiano \u00e8\u00a0residente in Spagna e iscritto all&#8217;AIRE nella circoscrizione consolare [&hellip;]","protected":false},"author":5,"featured_media":0,"parent":86,"menu_order":6,"comment_status":"closed","ping_status":"closed","template":"","meta":{"footnotes":""},"class_list":["post-1323","page","type-page","status-publish","hentry"],"_links":{"self":[{"href":"https:\/\/consmadrid.esteri.it\/it\/wp-json\/wp\/v2\/pages\/1323","targetHints":{"allow":["GET"]}}],"collection":[{"href":"https:\/\/consmadrid.esteri.it\/it\/wp-json\/wp\/v2\/pages"}],"about":[{"href":"https:\/\/consmadrid.esteri.it\/it\/wp-json\/wp\/v2\/types\/page"}],"author":[{"embeddable":true,"href":"https:\/\/consmadrid.esteri.it\/it\/wp-json\/wp\/v2\/users\/5"}],"replies":[{"embeddable":true,"href":"https:\/\/consmadrid.esteri.it\/it\/wp-json\/wp\/v2\/comments?post=1323"}],"version-history":[{"count":8,"href":"https:\/\/consmadrid.esteri.it\/it\/wp-json\/wp\/v2\/pages\/1323\/revisions"}],"predecessor-version":[{"id":7024,"href":"https:\/\/consmadrid.esteri.it\/it\/wp-json\/wp\/v2\/pages\/1323\/revisions\/7024"}],"up":[{"embeddable":true,"href":"https:\/\/consmadrid.esteri.it\/it\/wp-json\/wp\/v2\/pages\/86"}],"wp:attachment":[{"href":"https:\/\/consmadrid.esteri.it\/it\/wp-json\/wp\/v2\/media?parent=1323"}],"curies":[{"name":"wp","href":"https:\/\/api.w.org\/{rel}","templated":true}]}}