{"id":1273,"date":"2023-11-23T17:11:56","date_gmt":"2023-11-23T16:11:56","guid":{"rendered":"https:\/\/consmadrid.esteri.it\/?page_id=1273"},"modified":"2026-02-23T09:56:02","modified_gmt":"2026-02-23T08:56:02","slug":"certificati-rilasciati-dalla-cancelleria-consolare-altri-atti-certificati","status":"publish","type":"page","link":"https:\/\/consmadrid.esteri.it\/it\/servizi-consolari-e-visti\/servizi-per-il-cittadino-italiano\/certificati-rilasciati-dalla-cancelleria-consolare-altri-atti-certificati\/","title":{"rendered":"Certificati"},"content":{"rendered":"<p><span style=\"text-decoration: underline;\"><strong>Certificati anagrafici on-line &#8211; Anagrafe Nazionale (ANPR)<\/strong><\/span><\/p>\n<p><strong>I connazionali iscritti all&#8217;AIRE possono richiedere i seguenti certificati<\/strong><strong> anagrafici <a href=\"https:\/\/www.anagrafenazionale.interno.it\/servizi-al-cittadino\/\">online<\/a>:<\/strong><\/p>\n<ul>\n<li>Anagrafico di nascita<\/li>\n<li>di Cittadinanza<\/li>\n<li>di Residenza AIRE<\/li>\n<li>di Stato di famiglia AIRE<\/li>\n<\/ul>\n<p>I sopraindicati certificati posso essere richiesti per s\u00e9 stessi oppure per i familiari italiani conviventi.<\/p>\n<p>Il rilascio di tali certificati \u00e8 possibile <strong>solo a condizione di avere un\u2019identit\u00e0 digitale<\/strong> (<strong>CIE<\/strong>=Carta d\u2019Identit\u00e0 Elettronica;\u00a0<strong>SPID<\/strong>=Sistema Pubblico di Identit\u00e0 Digitale;\u00a0<strong>CNS<\/strong>=Carta Nazionale Servizi. Per altre informazioni al riguardo si prega di visitare direttamente i siti istituzionali delle identit\u00e0 digitali).<br \/>\nAd oggi infatti, l\u2019accesso ai servizi telematici erogati dalla Pubblica Amministrazione (ANPR) \u00e8 riservata ai titolari di identit\u00e0 digitale.<br \/>\nAttenzione, il Consolato\u00a0<strong>non<\/strong>\u00a0gestisce l\u2019ANPR.<\/p>\n<p>Il sito al quale \u00e8 necessario connettersi \u00e8\u00a0<strong><a href=\"https:\/\/www.anagrafenazionale.interno.it\/servizi-al-cittadino\/\">https:\/\/www.anagrafenazionale.interno.it\/servizi-al-cittadino<\/a><\/strong>. In caso di problemi tecnici sar\u00e0 necessario rivolgersi direttamente al proprio Comune in Italia.<\/p>\n<p>***<\/p>\n<h5><strong>Questo Consolato Generale NON emette certificati di nascita, matrimonio, morte, divorzio, perch\u00e9 di competenza ESCLUSIVA dei Comuni in Italia, ai quali \u00e8 necessario rivolgersi direttamente.<\/strong><\/h5>\n<p>***<\/p>\n<p><strong>CERTIFICATI RILASCIATI DALL\u2019UFFICIO STATO CIVILE<\/strong><\/p>\n<p><strong>ATTENZIONE<\/strong>: Prima di inoltrare la richiesta, \u00e8 necessario accertarsi di essere correttamente iscritto all\u2019AIRE come residente nella circoscrizione di questo Consolato Generale tramite il sito dell\u2019<a class=\"\" href=\"https:\/\/www.anagrafenazionale.interno.it\/\" data-focus-mouse=\"false\">anagrafe nazionale<\/a>. In mancanza, sar\u00e0 necessario in primo luogo richiedere l&#8217;iscrizione all&#8217;AIRE (<a href=\"https:\/\/consmadrid.esteri.it\/it\/servizi-consolari-e-visti\/servizi-per-il-cittadino-italiano\/anagrafe-degli-italiani-residenti-allestero-aire\/\"><em>clicca qui<\/em><\/a>).<\/p>\n<p>L\u2019Ufficio Stato Civile emette certificati attestanti situazioni ricavate dagli archivi anagrafici.<\/p>\n<p>Tali certificati non possono essere pi\u00f9 prodotti alla Pubblica Amministrazione italiana o ai privati gestori di servizi pubblici. Nei rapporti con tali Organi i certificati sono sempre sostituiti dalle <strong>dichiarazioni sostitutive di certificazione\u00a0<\/strong>o dell&#8217;atto di notoriet\u00e0. Per visitare la sezione delle autocertificazioni \u00b7&gt;\u00a0<a href=\"https:\/\/consmadrid.esteri.it\/consolato_madrid\/it\/in_linea_con_utente\/autocertificazione\"><strong>[<\/strong><\/a><a href=\"https:\/\/consmadrid.esteri.it\/it\/servizi-consolari-e-visti\/servizi-per-il-cittadino-italiano\/altre-informazioni\/autocertificazione-dichiarazione-sostitutiva-di-atto-di-notorieta\/\"><strong>cliccare qui<\/strong><\/a>]. Le certificazioni rilasciate dalle Pubbliche Amministrazioni in ordine a stati, qualit\u00e0 personali e fatti sono valide ed utilizzabili solo nei rapporti tra privati.<\/p>\n<p>Il Consolato Generale di Madrid pu\u00f2 rilasciare i seguenti certificati anagrafici, validi solo all&#8217;estero oppure da esibire in Italia a soggetti privati, ai cittadini la cui iscrizione nell&#8217;anagrafe consolare sia gi\u00e0 stata perfezionata<a name=\"certif-tipi\"><\/a>:<\/p>\n<ul>\n<li>certificato di\u00a0<strong>iscrizione consolare\/famiglia anagrafica\u00a0<\/strong>(15 Euro).<\/li>\n<li>certificato di\u00a0<strong>iscrizione consolare individuale\u00a0<\/strong>(15 Euro).<\/li>\n<li>certificato di\u00a0<strong>stato libero\/stato civile individuale <\/strong>(6 Euro). <strong>ATTENZIONE<\/strong>: per celebrare un <strong>matrimonio in Spagna<\/strong> \u00e8 generalmente richiesto il <strong>certificato di capacit\u00e0 matrimoniale<\/strong>, non il certificato di stato libero\/stato civile individuale. Per maggiori informazioni: <strong><a href=\"https:\/\/consmadrid.esteri.it\/it\/servizi-consolari-e-visti\/servizi-per-il-cittadino-italiano\/stato-civile\/celebrare-matrimonio-unione-civile-in-spagna\/\">Celebrare matrimonio\/unione civile in Spagna \u2013 Consolato Generale d&#8217;Italia di Madrid<\/a><\/strong><\/li>\n<li>certificato di\u00a0<strong>cittadinanza italiana individuale\u00a0<\/strong>(11 Euro). Si ricorda che il certificato di cittadinanza \u00e8 scaricabile anche online (v. sopra)<\/li>\n<li>certificato di\u00a0<strong>esistenza in vita<\/strong> (solo in presenza dell&#8217;interessato) (gratuito se emesso per finalit\u00e0 pensionistiche)<\/li>\n<\/ul>\n<p>NOTA: per ottenere i certificati l&#8217;interessato deve prima aver ricevuto via e-mail copia dell&#8217;avvio del procedimento di iscrizione AIRE, trasmesso al Comune italiano competente.<\/p>\n<p><strong>Si prega di tener presente che il tempo di rilascio dei certificati \u00e8 mediamente di 30 giorni <\/strong>a partire dalla data di registrazione della richiesta presso il Consolato Generale di Madrid (da non confondere con l&#8217;invio postale effettuato dal cittadino).<\/p>\n<p>&nbsp;<\/p>\n<p><strong>Quali adempimenti preliminari sono a carico del richiedente?<\/strong><br \/>\n\u2022 Aggiornare la situazione di stato civile nei confronti delle autorit\u00e0 italiane, verificando che gli atti relativi ad eventi di matrimonio, nascita figli, divorzio, ecc. non avvenuti in Italia siano gi\u00e0 stati presentati all\u2019Ufficio Consolare o al comune di competenza. Vedere sezione [<a href=\"https:\/\/consmadrid.esteri.it\/it\/servizi-consolari-e-visti\/servizi-per-il-cittadino-italiano\/stato-civile\/\"><strong>Stato Civile<\/strong><\/a>].<br \/>\n\u2022 Comunicare eventuali cambi nell\u2019indirizzo di residenza attraverso il portale [<strong><a href=\"https:\/\/serviziconsolari.esteri.it\/ScoFE\/index.sco\">FAST.IT<\/a><\/strong>]<\/p>\n<p>&nbsp;<\/p>\n<p><span style=\"text-decoration: underline;\"><strong>Modalit\u00e0 di richiesta dei certificati<\/strong><\/span><\/p>\n<p>I cittadini italiani\u00a0<strong>iscritti nello schedario consolare di Madrid<\/strong>\u00a0o che hanno ricevuto via email la formale conferma di avvio del procedimento AIRE, devono chiedere i certificati\u00a0<strong>per posta ordinaria<\/strong> direttamente al Consolato Generale d&#8217;Italia in Madrid (<em>Calle Agust\u00edn de Betancourt n.3 &#8211;\u00a0<\/em><em>28003 Madrid)<\/em> inviando:<\/p>\n<ol>\n<li>il modulo di richiesta di certificato [<a href=\"https:\/\/consmadrid.esteri.it\/wp-content\/uploads\/2025\/10\/rich-certificaticonsolato-2025-ver-8.10.pdf\"><strong>cliccare qui<\/strong><\/a>]<\/li>\n<li>copia del documento d&#8217;identit\u00e0<\/li>\n<li>Ricevuta di pagamento della tariffa consolare prevista indicata sopra a fianco di ogni tipologia di certificato al conto corrente del Consolato Generale a Madrid (Banco Santander) IBAN ES08 0030 1126 4500 0155 4271<\/li>\n<li>Busta preaffrancata TRACCIABILE di\u00a0<strong>Correos (&#8220;<a href=\"https:\/\/consmadrid.esteri.it\/wp-content\/uploads\/2024\/11\/Certificada-premium.pdf\">Certificada premium<\/a>&#8220;) di dimensioni medie fino a 100 grammi<\/strong>, con l\u2019indicazione dell\u2019indirizzo al quale va rispedito il certificato.<\/li>\n<\/ol>\n<p>Importante: i <strong>diritti di urgenza<\/strong>\u00a0previsti dall&#8217;art. 74 delle tariffe consolari (attualmente Euro 50,00)\u00a0<strong>non si applicano ai certificati consolari richiesti per posta<\/strong>\u00a0per impossibilit\u00e0 di fornire il servizio entro le 24 ore previste.<\/p>\n<p>&nbsp;<\/p>\n<p>***<\/p>\n<p>&nbsp;<\/p>\n<p><strong><span style=\"text-decoration: underline;\">Altre tipologie di certificazioni<\/span><br \/>\n<\/strong><\/p>\n<ul>\n<li><strong>Certificato di &#8220;baja consular&#8221; richiesto dalle Autorit\u00e0 spagnole<\/strong> &#8211; Gli Uffici Consolari\u00a0<strong>non<\/strong>\u00a0rilasciano certificati di &#8220;<strong>baja consular<\/strong>&#8221; (=cancellazione consolare) per pratiche doganali, importazione\/esportazione di autovetture o per altre questioni (patenti di guida, ecc.)<\/li>\n<li><strong>Certificato di &#8220;capacit\u00e0 matrimoniale&#8221;<\/strong> &#8211; Il &#8220;certificato di capacit\u00e0 matrimoniale&#8221; non \u00e8 un certificato anagrafico ma fa parte della pratica per la celebrazione di un matrimonio. La materia dei matrimoni \u00e8 disciplinata dalla normativa di Stato Civile \u00b7&gt; [<a href=\"https:\/\/consmadrid.esteri.it\/it\/servizi-consolari-e-visti\/servizi-per-il-cittadino-italiano\/stato-civile\/celebrare-matrimonio-unione-civile-in-spagna\/\"><strong>cliccare qui<\/strong><\/a>]<\/li>\n<li><strong>Certificato di &#8220;flussi migratori&#8221;<\/strong> &#8211; Gli Uffici Consolari\u00a0<strong>non<\/strong>\u00a0rilasciano certificati di &#8220;<strong>flussi migratori<\/strong>&#8220;<\/li>\n<\/ul>\n<p>&nbsp;<\/p>\n<p>&nbsp;<\/p>\n","protected":false},"excerpt":{"rendered":"Certificati anagrafici on-line &#8211; Anagrafe Nazionale (ANPR) I connazionali iscritti all&#8217;AIRE possono richiedere i seguenti certificati anagrafici online: Anagrafico di nascita di Cittadinanza di Residenza AIRE di Stato di famiglia AIRE I sopraindicati certificati posso essere richiesti per s\u00e9 stessi oppure per i familiari italiani conviventi. Il rilascio di tali certificati \u00e8 possibile solo a [&hellip;]","protected":false},"author":4,"featured_media":0,"parent":59,"menu_order":8,"comment_status":"closed","ping_status":"closed","template":"","meta":{"footnotes":""},"class_list":["post-1273","page","type-page","status-publish","hentry"],"_links":{"self":[{"href":"https:\/\/consmadrid.esteri.it\/it\/wp-json\/wp\/v2\/pages\/1273","targetHints":{"allow":["GET"]}}],"collection":[{"href":"https:\/\/consmadrid.esteri.it\/it\/wp-json\/wp\/v2\/pages"}],"about":[{"href":"https:\/\/consmadrid.esteri.it\/it\/wp-json\/wp\/v2\/types\/page"}],"author":[{"embeddable":true,"href":"https:\/\/consmadrid.esteri.it\/it\/wp-json\/wp\/v2\/users\/4"}],"replies":[{"embeddable":true,"href":"https:\/\/consmadrid.esteri.it\/it\/wp-json\/wp\/v2\/comments?post=1273"}],"version-history":[{"count":8,"href":"https:\/\/consmadrid.esteri.it\/it\/wp-json\/wp\/v2\/pages\/1273\/revisions"}],"predecessor-version":[{"id":6904,"href":"https:\/\/consmadrid.esteri.it\/it\/wp-json\/wp\/v2\/pages\/1273\/revisions\/6904"}],"up":[{"embeddable":true,"href":"https:\/\/consmadrid.esteri.it\/it\/wp-json\/wp\/v2\/pages\/59"}],"wp:attachment":[{"href":"https:\/\/consmadrid.esteri.it\/it\/wp-json\/wp\/v2\/media?parent=1273"}],"curies":[{"name":"wp","href":"https:\/\/api.w.org\/{rel}","templated":true}]}}