{"id":1232,"date":"2023-11-23T16:54:45","date_gmt":"2023-11-23T15:54:45","guid":{"rendered":"https:\/\/consmadrid.esteri.it\/?page_id=1232"},"modified":"2025-11-03T15:06:14","modified_gmt":"2025-11-03T14:06:14","slug":"dichiarazioni-di-valore-per-titoli-di-studio-spagnoli","status":"publish","type":"page","link":"https:\/\/consmadrid.esteri.it\/it\/servizi-consolari-e-visti\/servizi-per-il-cittadino-italiano\/dichiarazioni-di-valore-per-titoli-di-studio-spagnoli\/","title":{"rendered":"Dichiarazioni di valore per titoli di studio spagnoli"},"content":{"rendered":"<p class=\"MsoNormal\"><b>Dichiarazioni di valore<\/b><\/p>\n<p class=\"MsoNormal\">Le dichiarazioni di valore rilasciate da questo Consolato Generale attestano il valore accademico di titoli di studio ufficiali conseguiti in Spagna nella circoscrizione consolare di Madrid (Andalucia, Asturias, Cantabria, Castilla-La Mancha, Castilla y Le\u00f3n, Extremadura, Galicia, La Rioja, Madrid, Navarra, Pais Vasco, Ceuta e Melilla).<\/p>\n<p class=\"boxLevel03\">Per i titoli di studio rilasciati in\u00a0<strong>Arag\u00f3n, Catalu\u00f1a, Comunidad Valenciana, Islas Baleares, Murcia e Principato di Andorra<\/strong>\u00a0la dichiarazione di valore deve essere richiesta al\u00a0<strong>Consolato <a href=\"https:\/\/consbarcellona.esteri.it\/it\/servizi-consolari-e-visti\/servizi-per-il-cittadino-italiano\/studi\/dichiarazioni-di-valore\/\">Generale d&#8217;Italia di Barcellona<\/a><br \/>\n<\/strong><\/p>\n<p>Per titoli di studio rilasciati alle\u00a0<strong>Isole Canarie<\/strong>\u00a0la dichiarazione di valore deve essere richiesta al\u00a0<strong><a href=\"https:\/\/consarona.esteri.it\/servizi-consolari-e-visti\/servizi-per-il-cittadino-italiano\/altri-servizi\/dichiarazioni-di-valore-solo-per-titoli-di-studio-spagnoli\/\">Vice Consolato d\u2019Italia in Arona<\/a><br \/>\n<\/strong><\/p>\n<p>Non saranno rilasciate dichiarazioni di valore relative a \u201c<strong>titoli propri delle universit\u00e0 spagnole<\/strong>\u201d, vale a dire a diplomi riguardanti programmi universitari non ufficiali la cui disciplina non \u00e8 stata regolata dal governo spagnolo.<\/p>\n<p class=\"MsoNormal\">La dichiarazione di valore dei titoli pu\u00f2 essere richiesta dalle Autorit\u00e0 italiane per diversi motivi:<\/p>\n<p class=\"MsoNormal\">\u2022 il prosieguo degli studi in Italia (servizio gratuito)<\/p>\n<p class=\"MsoNormal\">\u2022 ai fini pensionistici (INPS) (servizio gratuito)<\/p>\n<p class=\"MsoNormal\">\u2022 ai fini professionali, in questo caso si applica la tariffa consolare di \u20ac 50,00.<\/p>\n<p class=\"MsoNormal\">Per ottenere una lista dei documenti necessari per l\u2019iscrizione presso le Universit\u00e0 italiane, oltre alla dichiarazione di valore, \u00e8 opportuno contattare la Segreteria della Facolt\u00e0 prescelta: <a href=\"https:\/\/studenti-internazionali.cineca.it\/index.php\/it\/pub\/contatti_atenei\">https:\/\/studenti-internazionali.cineca.it\/index.php\/it\/pub\/contatti_atenei<\/a><\/p>\n<p>&nbsp;<\/p>\n<p class=\"MsoNormal\">La documentazione per richiedere la dichiarazione di valore deve essere inoltrata <strong>per posta cartacea<\/strong> a: Consolato Generale d\u2019Italia in Madrid &#8211; c\/Agustin de Betancourt, 3 \u2013 28003 Madrid<\/p>\n<p>&nbsp;<\/p>\n<p class=\"MsoNormal\"><b>A. Documentazione da inoltrare<\/b><span style=\"font-variant-numeric: normal; font-variant-east-asian: normal; font-variant-alternates: normal; font-kerning: auto; font-optical-sizing: auto; font-feature-settings: normal; font-variation-settings: normal; font-variant-position: normal; font-stretch: normal; font-size: 7pt; line-height: normal; font-family: 'Times New Roman';\">\u00a0<\/span><\/p>\n<ol>\n<li><strong>Modulo di richiesta<\/strong> debitamente compilato e firmato <strong>in originale<\/strong> \u00b7&gt; <u>[<a href=\"https:\/\/consmadrid.esteri.it\/wp-content\/uploads\/2024\/09\/rich-dichvalore-2024-ver-03.09.pdf\"><strong>scarica qui<\/strong><\/a>]<\/u><\/li>\n<li><strong>Fotocopia del documento di riconoscimento<\/strong> (carta d\u2019identit\u00e0 o passaporto).<\/li>\n<li><strong>Copia autentica del titolo di studio<\/strong>, o in sua assenza del certificato accademico, precedentemente legalizzato (Apostille prevista dalla Convenzione dell\u2019Aja del 5\/10\/1961) \u2013 <span style=\"text-decoration: underline;\"><strong><em>Leggere con attenzione il procedimento descritto al punto B<\/em><\/strong><\/span><\/li>\n<li>Per dichiarazioni a <strong>fini professionali, ricevuta del pagamento della tariffa di 50\u20ac<\/strong> versata sul conto corrente del BANCO SANTANDER, IBAN: ES08 0030 1126 4500 0155 4271, BIC\/SWIFT: BSCHESMM; causale &#8220;Dichiarazione di valore + <em>nome richiedente<\/em>&#8220;.<\/li>\n<li>una <strong>busta preaffrancata<\/strong> di dimensioni medie per la restituzione della dichiarazione di valore emessa, con l&#8217;indicazione del proprio indirizzo\n<ul>\n<li>In caso di invio in Spagna acquistare presso Correos una busta con affrancatura di 100 gr.<\/li>\n<li>In caso di invio in Italia \u00e8 possibile acquistare online sul sito di Correos un invio prepagato: <a href=\"https:\/\/www.correos.es\/es\/es\/particulares\/enviar\/envios-nacionales\/burofax-cartas\/carta\/carta-certificada\">https:\/\/www.correos.es\/es\/es\/particulares\/enviar\/envios-nacionales\/burofax-cartas\/carta\/carta-certificada<\/a><\/li>\n<\/ul>\n<\/li>\n<\/ol>\n<p class=\"MsoListParagraphCxSpMiddle\" style=\"padding-left: 80px;\">In alternativa si pu\u00f2 predisporre un ritiro con corriere privato internazionale a proprie spese.<\/p>\n<p class=\"MsoNormal\" style=\"line-height: normal; margin: 0cm 0cm 6.4pt 12.75pt;\">Per dichiarazioni di valore di <b>dottorati di ricerca<\/b> serve, oltre alla documentazione sopra descritta, un certificato universitario munito del codice CSV o QR di verifica, con i seguenti dati:<\/p>\n<ul>\n<li>nome del programma di dottorato<\/li>\n<li>nome del dipartimento e della Facolt\u00e0<\/li>\n<li>data di lettura della tesi e voto ottenuto<\/li>\n<li>durata del dottorato in anni accademici<\/li>\n<li>Regio Decreto che lo disciplina<\/li>\n<\/ul>\n<p>&nbsp;<\/p>\n<p class=\"MsoNormal\" style=\"mso-margin-top-alt: auto; mso-margin-bottom-alt: auto; line-height: normal;\"><b>Certificati d\u2019Iscrizione al dottorato di ricerca ai fini dell\u2019aspettativa<\/b><\/p>\n<p class=\"MsoNormal\" style=\"mso-margin-top-alt: auto; mso-margin-bottom-alt: auto; line-height: normal;\">La richiesta deve pervenire con i documenti di cui ai punti 1,2, 4 e 5 ed il certificato universitario, munito del codice CSV o QR di verifica, contente i dati:<\/p>\n<p class=\"MsoNormal\" style=\"margin-bottom: .0001pt; line-height: normal;\">&#8211; nome del dipartimento o della Facolt\u00e0 e del programma di dottorato<\/p>\n<p class=\"MsoNormal\" style=\"margin-bottom: .0001pt; line-height: normal;\">&#8211; Regio Decreto che lo disciplina<\/p>\n<p class=\"MsoNormal\" style=\"margin-bottom: .0001pt; line-height: normal;\">&#8211; indicazione di ammissione o meno a tempo completo<\/p>\n<p class=\"MsoNormal\" style=\"margin-bottom: .0001pt; line-height: normal;\">&#8211; indicazione di godimento o meno di borsa di studio.<\/p>\n<p class=\"MsoNormal\"><b>\u00a0<\/b><\/p>\n<p class=\"MsoNormal\"><strong>B. Autentica di copia<\/strong><\/p>\n<p class=\"MsoNormal\"><strong>Non inviare mai la documentazione originale<\/strong> in quanto questo Consolato non pu\u00f2 rispondere di eventuali smarrimenti o disguidi postali.<\/p>\n<p class=\"MsoNormal\">Il <strong>procedimento per ottenere la copia autentica<\/strong> \u00e8 il seguente (<span style=\"text-decoration: underline;\"><em>va seguito passo per passo nell&#8217;ordine descritto<\/em><\/span>)<\/p>\n<p class=\"MsoNormal\">Il titolo di studio e\/o il certificato accademico <strong>originale<\/strong> deve essere presentato:<\/p>\n<p class=\"MsoNormal\">1) <strong>in primo luogo<\/strong> presso il \u201cMinisterio de Universidades\u201d (diplomi universitari) <a href=\"https:\/\/www.ciencia.gob.es\/Universidades\/Legalizaciones.html\">https:\/\/www.ciencia.gob.es\/Universidades\/Legalizaciones.html<\/a> o presso la \u201cConsejer\u00eda de Educaci\u00f3n&#8221; della Comunit\u00e0 Autonoma (diplomi non universitari)<\/p>\n<p class=\"MsoNormal\">2) <strong>successivamente<\/strong> presso il \u201cMinisterio de Justicia\u201d (o \u201cTribunal Superior de Justicia\u201d nelle Comunit\u00e0 Autonome) per l&#8217;apposizione dell&#8217;Apostille dell&#8217;Aja\u00a0 <a href=\"https:\/\/www.mjusticia.gob.es\/es\/ciudadania\/tramites\/legalizacion-unica-apostilla\">https:\/\/www.mjusticia.gob.es\/es\/ciudadania\/tramites\/legalizacion-unica-apostilla<\/a><\/p>\n<p>3) <strong>infine<\/strong> va richiesta la copia autentica del diploma\/certificato accademico a un Ente pubblico o ad un Notaio.<\/p>\n<p>&nbsp;<\/p>\n<p class=\"MsoNormal\"><b>Traduzioni<\/b><\/p>\n<p class=\"MsoNormal\">Per il rilascio della dichiarazione di valore non \u00e8 richiesta la traduzione.<\/p>\n<p class=\"MsoNormal\">Se gli istituti scolastici o universitari italiani richiedessero una traduzione legalizzata ci si potr\u00e0 avvalere delle possibilit\u00e0 illustrate nell\u2019apposita sezione di questo sito.<\/p>\n<p class=\"MsoNormal\">Per ulteriori informazioni o chiarimenti si prega di contattare l\u2019Ufficio Scuole di questo Consolato Generale.<\/p>\n<p class=\"MsoNormal\"><b>\u00a0<\/b><\/p>\n<p class=\"MsoNormal\"><b>Riconoscimento e convalida dei titoli di studio conseguiti in Italia<\/b><\/p>\n<p class=\"MsoNormal\">La competenza per il riconoscimento e la convalida dei titoli di studio conseguiti in Italia \u00e8 delle Autorit\u00e0 spagnole<\/p>\n<p class=\"MsoNormal\" style=\"margin-bottom: .0001pt; line-height: normal;\"><a href=\"https:\/\/www.educacionyfp.gob.es\/italia\/consejeria-educacion.html\"><span style=\"mso-ascii-font-family: Calibri; mso-fareast-font-family: Calibri; mso-hansi-font-family: Calibri; mso-bidi-font-family: 'Times New Roman'; color: #0563c1;\">https:\/\/www.educacionyfp.gob.es\/italia\/consejeria-educacion.html<\/span><\/a><\/p>\n<p class=\"MsoNormal\"><b>\u00a0<\/b><\/p>\n<p class=\"MsoNormal\"><b>Trova pi\u00f9 informazioni in:<\/b><\/p>\n<p class=\"MsoNormal\">MIUR (Ministero dell\u2019Universit\u00e0 e Ricerca)<\/p>\n<p class=\"MsoNormal\"><a href=\"https:\/\/www.mur.gov.it\/it\/aree-tematiche\/universita\/equipollenze-equivalenza-ed-equiparazioni-tra-titoli-di-studio\/titoli\">https:\/\/www.mur.gov.it\/it\/aree-tematiche\/universita\/equipollenze-equivalenza-ed-equiparazioni-tra-titoli-di-studio\/titoli<\/a><\/p>\n<p class=\"MsoNormal\">CIMEA<\/p>\n<p class=\"boxLevel03\"><a href=\"https:\/\/www.cimea.it\/pagina-riconoscimento-professionale\">https:\/\/www.cimea.it\/pagina-riconoscimento-professionale<\/a><\/p>\n<p>&nbsp;<\/p>\n","protected":false},"excerpt":{"rendered":"Dichiarazioni di valore Le dichiarazioni di valore rilasciate da questo Consolato Generale attestano il valore accademico di titoli di studio ufficiali conseguiti in Spagna nella circoscrizione consolare di Madrid (Andalucia, Asturias, Cantabria, Castilla-La Mancha, Castilla y Le\u00f3n, Extremadura, Galicia, La Rioja, Madrid, Navarra, Pais Vasco, Ceuta e Melilla). Per i titoli di studio rilasciati in\u00a0Arag\u00f3n, [&hellip;]","protected":false},"author":4,"featured_media":0,"parent":59,"menu_order":12,"comment_status":"closed","ping_status":"closed","template":"","meta":{"footnotes":""},"class_list":["post-1232","page","type-page","status-publish","hentry"],"_links":{"self":[{"href":"https:\/\/consmadrid.esteri.it\/it\/wp-json\/wp\/v2\/pages\/1232","targetHints":{"allow":["GET"]}}],"collection":[{"href":"https:\/\/consmadrid.esteri.it\/it\/wp-json\/wp\/v2\/pages"}],"about":[{"href":"https:\/\/consmadrid.esteri.it\/it\/wp-json\/wp\/v2\/types\/page"}],"author":[{"embeddable":true,"href":"https:\/\/consmadrid.esteri.it\/it\/wp-json\/wp\/v2\/users\/4"}],"replies":[{"embeddable":true,"href":"https:\/\/consmadrid.esteri.it\/it\/wp-json\/wp\/v2\/comments?post=1232"}],"version-history":[{"count":8,"href":"https:\/\/consmadrid.esteri.it\/it\/wp-json\/wp\/v2\/pages\/1232\/revisions"}],"predecessor-version":[{"id":6521,"href":"https:\/\/consmadrid.esteri.it\/it\/wp-json\/wp\/v2\/pages\/1232\/revisions\/6521"}],"up":[{"embeddable":true,"href":"https:\/\/consmadrid.esteri.it\/it\/wp-json\/wp\/v2\/pages\/59"}],"wp:attachment":[{"href":"https:\/\/consmadrid.esteri.it\/it\/wp-json\/wp\/v2\/media?parent=1232"}],"curies":[{"name":"wp","href":"https:\/\/api.w.org\/{rel}","templated":true}]}}