{"id":1161,"date":"2023-11-23T15:37:31","date_gmt":"2023-11-23T14:37:31","guid":{"rendered":"https:\/\/consmadrid.esteri.it\/?page_id=1161"},"modified":"2025-03-07T11:42:04","modified_gmt":"2025-03-07T10:42:04","slug":"atto-di-assenso-decreto-consolare-per-passaporto-o-carta-didentita","status":"publish","type":"page","link":"https:\/\/consmadrid.esteri.it\/it\/servizi-consolari-e-visti\/servizi-per-il-cittadino-italiano\/atto-di-assenso-decreto-consolare-per-passaporto-o-carta-didentita\/","title":{"rendered":"Atto di assenso &#8211; Decreto consolare (per passaporto o carta d&#8217;identit\u00e0)"},"content":{"rendered":"<p><span style=\"text-decoration: underline;\"><strong>ATTO DI ASSENSO<\/strong><\/span><\/p>\n<p>Nel modulo di domanda di passaporto o carta d&#8217;identit\u00e0 il cittadino italiano\u00a0<strong>deve indicare obbligatoriamente l&#8217;esistenza di figli minori<\/strong>, siano essi conviventi o meno con il richiedente stesso.<\/p>\n<p>Ai sensi del D.L. 69\/2023, a partire dal 14 giugno 2023\u00a0<strong>non sar\u00e0 pi\u00f9 necessario per i genitori di figli minori presentare l\u2019atto di assenso dell\u2019altro genitore<\/strong>\u00a0ai fini del rilascio del proprio documento d\u2019identit\u00e0 (passaporto e CIE).<\/p>\n<p>Nello specifico il novellato articolo 3-bis della L. 1185\/1967 indica che, quando vi \u00e8 concreto e attuale pericolo che a causa del trasferimento all&#8217;estero questo possa sottrarsi all&#8217;adempimento dei suoi obblighi verso i figli, sar\u00e0 possibile per l\u2019altro genitore richiedere una inibitoria al rilascio del documento.<\/p>\n<p>L\u2019istanza potr\u00e0 essere presentata presso il giudice competente presso il Tribunale ordinario in cui il minore ha la residenza abituale ovvero, se il minore \u00e8 residente all\u2019estero, il Tribunale nel cui circondario si trova il suo Comune di iscrizione AIRE.<\/p>\n<p><strong>Nessuna variazione \u00e8 stata invece apportata alla normativa relativa al rilascio del passaporto\/carta d&#8217;identit\u00e0 al figlio minorenne; resta pertanto necessario l&#8217;assenso di entrambi i genitori per il rilascio del documento in favore di minori di et\u00e0.<\/strong><\/p>\n<p>I formulari di richiesta passaporto e carta d\u2019identit\u00e0 per minori presentano gi\u00e0 in allegato l\u2019atto di assenso. In caso di figli di genitori diversi dovr\u00e0 essere presentato un atto di assenso per ciascuno dei figli. L&#8217;atto di assenso \u00e8 valido per sei mesi dalla firma dello stesso. Per la firma \u00e8 necessario procedere come segue:<\/p>\n<p>\u2022\u00a0<strong>Genitore cittadino dell&#8217;Unione europea &#8211; <\/strong>L&#8217;assenso gi\u00e0 firmato, unitamente a copia di documento d&#8217;identit\u00e0 valido UE, pu\u00f2 essere presentato dal richiedente assieme alla domanda di passaporto o carta d&#8217;identit\u00e0. Qualora l\u2019altro genitore <strong>non sia convivente<\/strong> pu\u00f2 inviare autonomamente, per posta ordinaria o elettronica, l\u2019atto di assenso con copia del documento<strong>.<\/strong><\/p>\n<p>\u2022\u00a0<strong>Genitore cittadino non UE &#8211; <\/strong>La firma sull\u2019atto di assenso deve essere autenticata. Ci\u00f2 \u00e8 possibile presso il Consolato Generale d&#8217;Italia in Madrid, presso un Consolato Onorario oppure presso un Notaio. Se residente in Italia o all\u2019estero, il genitore pu\u00f2 autenticare la firma sull\u2019assenso presso la Questura o Consolato di riferimento, che poi invieranno l\u2019atto all\u2019Ufficio passaporti di Madrid<strong>.<\/strong><\/p>\n<p><strong>Modulo unico di atto di assenso<\/strong> \u00b7&gt; [<a href=\"https:\/\/consmadrid.esteri.it\/wp-content\/uploads\/2024\/09\/mod-assenso-2024-ver-28.08.pdf\"><strong>scarica qui<\/strong><\/a>]<\/p>\n<p><strong>Atto di assenso destinato a un altro Ufficio:<\/strong>\u00a0 l\u2019autentica della firma sull\u2019atto di assenso per rilascio di passaporto\/CIE presso un ufficio diverso da questo Consolato Generale (<strong>Questure, Commissariati, Comuni in Italia e altri Consolati e Ambasciate italiani<\/strong>) potr\u00e0 richiedersi tutti i <strong>mercoled\u00ec, dalle 15:00 alle 16:30<\/strong>, e prevede il versamento della tassa consolare di\u00a0<strong>Euro 20,00<\/strong>\u00a0(art. 19 della tariffa consolare) \u00b7&gt; [<a href=\"https:\/\/www.esteri.it\/it\/servizi-consolari-e-visti\/normativa_consolare\/tariffa-consolare\/\"><strong>cliccare qui per accedere alla tariffa consolare<\/strong><\/a>]<\/p>\n<p>Saranno necessari:<\/p>\n<ul>\n<li>un proprio documento d\u2019identit\u00e0 in corso di validit\u00e0;<\/li>\n<li>formulario compilato ma <u>non<\/u> firmato &gt; [<a href=\"https:\/\/consmadrid.esteri.it\/wp-content\/uploads\/2024\/09\/mod-assenso-2024-ver-28.08.pdf\"><strong>scarica qui<\/strong><\/a>];<\/li>\n<li>indicazione dell\u2019Ufficio al quale \u00e8 destinato l\u2019atto di assenso.<\/li>\n<\/ul>\n<p>Il pagamento si effettua allo sportello del Consolato di Madrid tramite POS con carte di debito rilasciate nei paesi UE. \u00c8 escluso il pagamento con carte appartenenti ai circuiti internazionali e il pagamento in contanti.<\/p>\n<p>&nbsp;<\/p>\n<p>&nbsp;<\/p>\n<p><span style=\"text-decoration: underline;\"><strong>Casi di esenzione dell\u2019atto di assenso<\/strong><\/span><\/p>\n<p>&#8211; Decesso di uno dei genitori. In questo caso bisogna allegare alla richiesta del documento una copia del certificato di morte. Inoltre, se il decesso non \u00e8 gi\u00e0 stato registrato in Italia, occorre richiederne la trascrizione.<\/p>\n<p>&#8211; Sentenza italiana o straniera (quest&#8217;ultima solo se resa esecutiva da un Giudice in Italia) di attribuzione esclusiva della responsabilit\u00e0 genitoriale al genitore richiedente. Non sono valide sentenze che attribuiscano la sola custodia o sentenze straniere non esecutive in Italia.<\/p>\n<p>&#8211; Autorizzazione al rilascio di passaporto\/carta d\u2019identit\u00e0 senza assenso, che l\u2019interessato deve richiedere al Giudice Tutelare italiano competente per il luogo di residenza del minore (anche se diverso dal luogo di emissione del documento):<\/p>\n<ul>\n<li>Per minori residenti in Italia\u00a0<strong>presso un Tribunale<\/strong>\u00a0(volontaria giurisdizione) \u00b7&gt; per vedere l&#8217;elenco dei tribunali nel sito web del Ministero della Giustizia \u00b7&gt; [<a href=\"https:\/\/www.giustizia.it\/giustizia\/it\/mg_4.page\"><strong>cliccare qui<\/strong><\/a>]<\/li>\n<li>Per minori residenti all\u2019estero presso la\u00a0<strong>Rappresentanza diplomatico\/consolare competente<\/strong> &#8211; per vedere la Rete Diplomatica all&#8217;estero \u00b7&gt; [<a href=\"https:\/\/www.esteri.it\/it\/ministero\/struttura\/laretediplomatica\/\"><strong>cliccare qui<\/strong><\/a>]<\/li>\n<\/ul>\n<p>Se il minore risiede nella circoscrizione consolare di\u00a0<strong>Madrid<\/strong>\u00a0\u00e8 possibile richiedere l\u2019autorizzazione secondo le modalit\u00e0 descritte di seguito.<\/p>\n<p>&nbsp;<\/p>\n<p><span style=\"text-decoration: underline;\"><strong>DECRETO CONSOLARE DI AUTORIZZAZIONE (per rilascio passaporto o carta d\u2019identit\u00e0)<\/strong><\/span><\/p>\n<p>Se non \u00e8 possibile ottenere il consenso dell\u2019altro genitore al rilascio del documento, il richiedente pu\u00f2 avviare la procedura per ottenere l\u2019autorizzazione da parte del Giudice Tutelare italiano competente (vedi sopra) e previa valutazione dei motivi del mancato assenso, delle condizioni sociali e psicologiche del minore, dell&#8217;attribuzione della responsabilit\u00e0 genitoriale e dell&#8217;affidamento, degli obblighi imposti ai genitori (es. eventuali obblighi alimentari) ecc..<\/p>\n<p>Se il minore di riferimento \u00e8 residente nella circoscrizione consolare di Madrid, l\u2019interessato potr\u00e0 richiedere un decreto consolare di autorizzazione da parte del Capo dell\u2019Ufficio Consolare, nella veste di &#8220;Giudice Tutelare&#8221;.<\/p>\n<p>Di seguito si indica la documentazione da presentare insieme alla domanda di\u00a0<strong>[<a href=\"https:\/\/consmadrid.esteri.it\/it\/servizi-consolari-e-visti\/servizi-per-il-cittadino-italiano\/passaporti-e-carte-didentita\/\">passaporto<\/a>]<\/strong>\u00a0o\u00a0<strong>[<a href=\"https:\/\/consmadrid.esteri.it\/it\/servizi-consolari-e-visti\/servizi-per-il-cittadino-italiano\/carta-didentita-elettronica-cie\/\">carta d&#8217;identit\u00e0<\/a>]<\/strong>:<\/p>\n<ul>\n<li>modulo di richiesta \u00b7&gt; [<a href=\"https:\/\/consmadrid.esteri.it\/wp-content\/uploads\/2024\/08\/rich-decretoconsolarepassapecic-it-2024-ver-28.08.pdf\"><strong>scarica qui<\/strong><\/a>]<\/li>\n<li>copia della sentenza di divorzio o separazione o copia del provvedimento giudiziario concernente l\u2019affidamento dei minori;<\/li>\n<li>copia della raccomandata con avviso di ricevimento inviata al luogo dell\u2019ultima residenza conosciuta dell\u2019altro genitore per ottenere il suo assenso<\/li>\n<li>documentazione attestante il pagamento degli alimenti eventualmente stabiliti con sentenza<\/li>\n<li>ricevuta originale di versamento o bonifico della tassa di Euro 11,00\u20ac per l&#8217;istanza sul conto corrente del Banco Santander (IBAN: <strong>ES08 0030 1126 4500 0155 4271<\/strong> \u2013 Codice BIC\/SWIFT: <strong>BSCHESMM;\u00a0<\/strong>causale \u201cdecreto consolare+ <em>nome richiedente<\/em>\u201c)<\/li>\n<\/ul>\n<p>L&#8217;autorit\u00e0 consolare, in fase istruttoria, potr\u00e0 fissare un\u2019udienza tra le parti, anche in modalit\u00e0 da remoto, e richiedere documentazione supplementare. Se si accerta che le ragioni del mancato consenso dell&#8217;altro genitore non sono giustificate, il Capo dell&#8217;Ufficio Consolare, valutato il superiore interesse del minore, pu\u00f2 autorizzare, con apposito decreto, il rilascio del documento (se non sussistono ulteriori cause ostative).<\/p>\n<p>L&#8217;emissione del decreto consolare \u00e8 soggetta al pagamento di un&#8217;ulteriore tariffa di 11 \u20ac il cui pagamento verr\u00e0 richiesto dall&#8217;ufficio competente al termine dell&#8217;istruttoria.<\/p>\n<p>Questa procedura \u00e8 di natura eccezionale e giudiziaria, quindi pu\u00f2 essere utilizzata solo in caso di\u00a0<strong>assoluta impossibilit\u00e0<\/strong> ad ottenere l&#8217;atto di assenso previsto dalla legge. Occorre inoltre tenere presente che, a causa degli accertamenti dovuti in tali situazioni, i tempi di attesa per ottenere il passaporto\/carta d\u2019identit\u00e0 possono allungarsi considerevolmente.<\/p>\n","protected":false},"excerpt":{"rendered":"ATTO DI ASSENSO Nel modulo di domanda di passaporto o carta d&#8217;identit\u00e0 il cittadino italiano\u00a0deve indicare obbligatoriamente l&#8217;esistenza di figli minori, siano essi conviventi o meno con il richiedente stesso. Ai sensi del D.L. 69\/2023, a partire dal 14 giugno 2023\u00a0non sar\u00e0 pi\u00f9 necessario per i genitori di figli minori presentare l\u2019atto di assenso dell\u2019altro [&hellip;]","protected":false},"author":5,"featured_media":0,"parent":59,"menu_order":5,"comment_status":"closed","ping_status":"closed","template":"","meta":{"footnotes":""},"class_list":["post-1161","page","type-page","status-publish","hentry"],"_links":{"self":[{"href":"https:\/\/consmadrid.esteri.it\/it\/wp-json\/wp\/v2\/pages\/1161","targetHints":{"allow":["GET"]}}],"collection":[{"href":"https:\/\/consmadrid.esteri.it\/it\/wp-json\/wp\/v2\/pages"}],"about":[{"href":"https:\/\/consmadrid.esteri.it\/it\/wp-json\/wp\/v2\/types\/page"}],"author":[{"embeddable":true,"href":"https:\/\/consmadrid.esteri.it\/it\/wp-json\/wp\/v2\/users\/5"}],"replies":[{"embeddable":true,"href":"https:\/\/consmadrid.esteri.it\/it\/wp-json\/wp\/v2\/comments?post=1161"}],"version-history":[{"count":7,"href":"https:\/\/consmadrid.esteri.it\/it\/wp-json\/wp\/v2\/pages\/1161\/revisions"}],"predecessor-version":[{"id":5422,"href":"https:\/\/consmadrid.esteri.it\/it\/wp-json\/wp\/v2\/pages\/1161\/revisions\/5422"}],"up":[{"embeddable":true,"href":"https:\/\/consmadrid.esteri.it\/it\/wp-json\/wp\/v2\/pages\/59"}],"wp:attachment":[{"href":"https:\/\/consmadrid.esteri.it\/it\/wp-json\/wp\/v2\/media?parent=1161"}],"curies":[{"name":"wp","href":"https:\/\/api.w.org\/{rel}","templated":true}]}}