{"id":981,"date":"2023-11-07T17:59:13","date_gmt":"2023-11-07T16:59:13","guid":{"rendered":"https:\/\/consmadrid.esteri.it\/?page_id=981"},"modified":"2025-09-03T12:54:16","modified_gmt":"2025-09-03T10:54:16","slug":"asistencia-consular-a-las-victimas-de-violencia-de-genero-violencia-domestica-y-abuso-sexual","status":"publish","type":"page","link":"https:\/\/consmadrid.esteri.it\/es\/servizi-consolari-e-visti\/servizi-per-il-cittadino-italiano\/asistencia-consular-a-las-victimas-de-violencia-de-genero-violencia-domestica-y-abuso-sexual\/","title":{"rendered":"Asistencia consular a las v\u00edctimas de violencia de g\u00e9nero, violencia dom\u00e9stica y abuso sexual"},"content":{"rendered":"<p>Si es Ud. v\u00edctima de violencia dom\u00e9stica o de g\u00e9nero en Espa\u00f1a, p\u00f3ngase en contacto con la <a href=\"https:\/\/www.interior.gob.es\/opencms\/pdf\/archivos-y-documentacion\/documentacion-y-publicaciones\/publicaciones-descargables\/seguridad-ciudadana\/UFAM_126220193_spa.pdf\">\u201c<strong>Unidad de Atenci\u00f3n a la Familia y Mujer<\/strong><\/a>\u201d de la Polic\u00eda Nacional Espa\u00f1ola: n\u00famero de emergencia\u00a0<strong>091<\/strong>.<\/p>\n<p>Si tiene nacionalidad italiana, el <strong>Consulado General de Italia en Madrid<\/strong> puede ofrecerle:<\/p>\n<ul>\n<li>Orientaci\u00f3n jur\u00eddica: le facilitaremos un contacto con uno de los Abogados conocidos para una primera consulta e informaci\u00f3n sobre las diferentes posibilidades de conducta en su caso espec\u00edfico<\/li>\n<li>Contacto con los familiares: si requiere apoyo por parte de su familia, podemos ayudarle a contactar a sus parientes<\/li>\n<li>Repatriaci\u00f3n voluntaria: si decide volver a Italia, podemos arreglar los documentos para el viaje y considerar si existen las condiciones para un retorno gratuito<\/li>\n<\/ul>\n<p>&nbsp;<\/p>\n<p><strong>Contactos<\/strong><\/p>\n<ul>\n<li>e-mail: <a href=\"mailto:sociale.madrid@esteri.it\">sociale.madrid@esteri.it<\/a> ; <a href=\"mailto:madrid.emergenze@esteri.it\">madrid.emergenze@esteri.it<\/a><\/li>\n<li>Tel\u00e9fono de emergencias: +34 629.842.287 (ver horarios abajo indicados)\n<ul>\n<li>de lunes a jueves desde las 18:00 hasta las 22:00 horas<\/li>\n<li>viernes desde las 16:00 hasta las 22:00 horas<\/li>\n<li>s\u00e1bado, domingo y d\u00edas de fiesta desde las 9:00 hasta las 22:00 horas<\/li>\n<\/ul>\n<\/li>\n<\/ul>\n<p><img loading=\"lazy\" decoding=\"async\" class=\"alignnone size-medium wp-image-2210 img-fluid\" src=\"https:\/\/consmadrid.esteri.it\/wp-content\/uploads\/2023\/12\/banne-2-viol-di-genere-300x300.png\" alt=\"\" width=\"300\" height=\"300\" srcset=\"https:\/\/consmadrid.esteri.it\/wp-content\/uploads\/2023\/12\/banne-2-viol-di-genere-300x300.png 300w, https:\/\/consmadrid.esteri.it\/wp-content\/uploads\/2023\/12\/banne-2-viol-di-genere-150x150.png 150w, https:\/\/consmadrid.esteri.it\/wp-content\/uploads\/2023\/12\/banne-2-viol-di-genere.png 540w\" sizes=\"auto, (max-width: 300px) 100vw, 300px\" \/><\/p>\n","protected":false},"excerpt":{"rendered":"Si es Ud. v\u00edctima de violencia dom\u00e9stica o de g\u00e9nero en Espa\u00f1a, p\u00f3ngase en contacto con la \u201cUnidad de Atenci\u00f3n a la Familia y Mujer\u201d de la Polic\u00eda Nacional Espa\u00f1ola: n\u00famero de emergencia\u00a0091. Si tiene nacionalidad italiana, el Consulado General de Italia en Madrid puede ofrecerle: Orientaci\u00f3n jur\u00eddica: le facilitaremos un contacto con uno de [&hellip;]","protected":false},"author":5,"featured_media":0,"parent":167,"menu_order":14,"comment_status":"closed","ping_status":"closed","template":"","meta":{"footnotes":""},"class_list":["post-981","page","type-page","status-publish","hentry"],"_links":{"self":[{"href":"https:\/\/consmadrid.esteri.it\/es\/wp-json\/wp\/v2\/pages\/981","targetHints":{"allow":["GET"]}}],"collection":[{"href":"https:\/\/consmadrid.esteri.it\/es\/wp-json\/wp\/v2\/pages"}],"about":[{"href":"https:\/\/consmadrid.esteri.it\/es\/wp-json\/wp\/v2\/types\/page"}],"author":[{"embeddable":true,"href":"https:\/\/consmadrid.esteri.it\/es\/wp-json\/wp\/v2\/users\/5"}],"replies":[{"embeddable":true,"href":"https:\/\/consmadrid.esteri.it\/es\/wp-json\/wp\/v2\/comments?post=981"}],"version-history":[{"count":6,"href":"https:\/\/consmadrid.esteri.it\/es\/wp-json\/wp\/v2\/pages\/981\/revisions"}],"predecessor-version":[{"id":6261,"href":"https:\/\/consmadrid.esteri.it\/es\/wp-json\/wp\/v2\/pages\/981\/revisions\/6261"}],"up":[{"embeddable":true,"href":"https:\/\/consmadrid.esteri.it\/es\/wp-json\/wp\/v2\/pages\/167"}],"wp:attachment":[{"href":"https:\/\/consmadrid.esteri.it\/es\/wp-json\/wp\/v2\/media?parent=981"}],"curies":[{"name":"wp","href":"https:\/\/api.w.org\/{rel}","templated":true}]}}