{"id":977,"date":"2023-11-23T10:35:04","date_gmt":"2023-11-23T09:35:04","guid":{"rendered":"https:\/\/consmadrid.esteri.it\/?page_id=977"},"modified":"2023-11-28T13:27:03","modified_gmt":"2023-11-28T12:27:03","slug":"ciudadanos-residentes-en-las-canarias","status":"publish","type":"page","link":"https:\/\/consmadrid.esteri.it\/es\/servizi-consolari-e-visti\/servizi-per-il-cittadino-italiano\/ciudadanos-residentes-en-las-canarias\/","title":{"rendered":"Ciudadanos residentes en las Canarias"},"content":{"rendered":"<p>Se informa que en la localidad de\u00a0<strong>Arona (Tenerife)<\/strong>\u00a0opera un\u00a0<strong>Vice Consulado de Italia<\/strong>, con competencia, con <strong>jurisdicci\u00f3n territorial en todas las Islas Canarias<\/strong>:<\/p>\n<p><em>Av. Antonio Dominguez, 5 &#8211; Zentral Center<\/em><br \/>\n<em>Planta 5\/Oficina 8<\/em><br \/>\n<em>38660 Playa de Las Am\u00e9ricas<\/em><br \/>\n<em>Arona (Tenerife)<\/em><\/p>\n<p><strong>Los italianos residentes o en tr\u00e1nsito en las Islas Canarias deber\u00e1n acudir a este Viceconsulado para solicitar servicios consulares<\/strong>.<\/p>\n<p>Toda la informaci\u00f3n est\u00e1 disponible en la p\u00e1gina web\u00a0<strong><a href=\"https:\/\/consarona.esteri.it\/\">https:\/\/consarona.esteri.it<\/a><\/strong>.<\/p>\n<p>En particular:<\/p>\n<p>&#8211; para contactos de la oficina\u00a0<a href=\"https:\/\/consarona.esteri.it\/chi-siamo\/gli-uffici\/\"><strong><em>haga clic aqu\u00ed<\/em><\/strong><\/a><\/p>\n<p>&#8211; para oficinas consulares honorarias dependientes\u00a0<a href=\"https:\/\/consarona.esteri.it\/chi-siamo\/la-rete-consolare\/\"><strong><em>haga clic aqu\u00ed<\/em><\/strong><\/a><\/p>\n<p>&#8211; para contactos en caso de emergencias graves\u00a0<a href=\"https:\/\/consarona.esteri.it\/chi-siamo\/numeri-di-emergenza\/\"><em><strong>haga clic aqu\u00ed<\/strong><\/em><\/a><\/p>\n","protected":false},"excerpt":{"rendered":"Se informa que en la localidad de\u00a0Arona (Tenerife)\u00a0opera un\u00a0Vice Consulado de Italia, con competencia, con jurisdicci\u00f3n territorial en todas las Islas Canarias: Av. Antonio Dominguez, 5 &#8211; Zentral Center Planta 5\/Oficina 8 38660 Playa de Las Am\u00e9ricas Arona (Tenerife) Los italianos residentes o en tr\u00e1nsito en las Islas Canarias deber\u00e1n acudir a este Viceconsulado para [&hellip;]","protected":false},"author":5,"featured_media":0,"parent":167,"menu_order":15,"comment_status":"closed","ping_status":"closed","template":"","meta":{"footnotes":""},"class_list":["post-977","page","type-page","status-publish","hentry"],"_links":{"self":[{"href":"https:\/\/consmadrid.esteri.it\/es\/wp-json\/wp\/v2\/pages\/977","targetHints":{"allow":["GET"]}}],"collection":[{"href":"https:\/\/consmadrid.esteri.it\/es\/wp-json\/wp\/v2\/pages"}],"about":[{"href":"https:\/\/consmadrid.esteri.it\/es\/wp-json\/wp\/v2\/types\/page"}],"author":[{"embeddable":true,"href":"https:\/\/consmadrid.esteri.it\/es\/wp-json\/wp\/v2\/users\/5"}],"replies":[{"embeddable":true,"href":"https:\/\/consmadrid.esteri.it\/es\/wp-json\/wp\/v2\/comments?post=977"}],"version-history":[{"count":2,"href":"https:\/\/consmadrid.esteri.it\/es\/wp-json\/wp\/v2\/pages\/977\/revisions"}],"predecessor-version":[{"id":1600,"href":"https:\/\/consmadrid.esteri.it\/es\/wp-json\/wp\/v2\/pages\/977\/revisions\/1600"}],"up":[{"embeddable":true,"href":"https:\/\/consmadrid.esteri.it\/es\/wp-json\/wp\/v2\/pages\/167"}],"wp:attachment":[{"href":"https:\/\/consmadrid.esteri.it\/es\/wp-json\/wp\/v2\/media?parent=977"}],"curies":[{"name":"wp","href":"https:\/\/api.w.org\/{rel}","templated":true}]}}