{"id":851,"date":"2023-11-17T10:55:13","date_gmt":"2023-11-17T09:55:13","guid":{"rendered":"https:\/\/consmadrid.esteri.it\/?page_id=851"},"modified":"2026-02-26T17:07:39","modified_gmt":"2026-02-26T16:07:39","slug":"notaria-sucesiones-declaraciones-de-ley","status":"publish","type":"page","link":"https:\/\/consmadrid.esteri.it\/es\/servizi-consolari-e-visti\/servizi-per-il-cittadino-italiano\/notaria-sucesiones-declaraciones-de-ley\/","title":{"rendered":"Notar\u00eda &#8211; Sucesiones &#8211; Declaraciones de Ley"},"content":{"rendered":"<p><strong>Las citas para la oficina notarial se reservan exclusivamente a trav\u00e9s de la cuenta de correo electr\u00f3nico<\/strong>\u00a0<a href=\"mailto:notarile.madrid@esteri.it\">notarile.madrid@esteri.it<\/a>. Este servicio no se puede reservar a trav\u00e9s del portal de citas Prenot@Mi. Las personas que se presenten en las ventanillas consulares sin tener cita con dicha oficina no podr\u00e1n ser atendidas, ya que los poderes notariales son <strong>actas complejas y requieren una cuidadosa redacci\u00f3n y preparaci\u00f3n antes de su firma<\/strong>.<\/p>\n<p>&nbsp;<\/p>\n<p><span style=\"text-decoration: underline;\"><strong>Poderes especiales y generales<br \/>\n<\/strong><\/span><\/p>\n<p>Las Oficinas Consulares est\u00e1n habilitadas para ejercer algunas funciones notariales:<\/p>\n<ul>\n<li>Poderes especiales y generales;<\/li>\n<li>Revocaci\u00f3n de poderes;<\/li>\n<li>Renuncias a herencias<\/li>\n<\/ul>\n<p>Se trata de documentos redactados en lengua italiana para las que\u00a0<strong>se requiere el conocimiento del idioma italiano\u00a0<\/strong>y la\u00a0<strong>presencia f\u00edsica del declarante\u00a0<\/strong>en las Oficinas del Consulado General de Italia en Madrid..<\/p>\n<p>Para preparar correctamente la documentaci\u00f3n, y dada la complejidad de la materia, se aconseja elaborar un\u00a0<strong>borrador<\/strong>\u00a0del acta a firmar y contactar con la cuenta de correo electr\u00f3nico\u00a0<a href=\"mailto:notarile.madrid@esteri.it\">notarile.madrid@esteri.it<\/a><em>.<\/em><\/p>\n<p>Se recuerda que el servicio est\u00e1\u00a0<strong>reservado a los ciudadanos italianos<\/strong>. Los ciudadanos extranjeros pueden dirigirse a los Notarios locales y a las Autoridades espa\u00f1olas o de su propio Pa\u00eds, legalizando posteriorimente el acta notarial por medio de la \u00abApostilla de La Haya\u00bb (consultar con el Colegio de Notarios correspondiente) y luego proceder a efectuar una traducci\u00f3n jurada (ver listado de traductores jurados autorizados en Espa\u00f1a en la p\u00e1gina web <a href=\"https:\/\/www.exteriores.gob.es\/es\/ServiciosAlCiudadano\">https:\/\/www.exteriores.gob.es\/es\/ServiciosAlCiudadano<\/a>).<\/p>\n<p>La emisi\u00f3n de poderes est\u00e1 sujeta al ingreso de las correspondientes tarifas consulares.<\/p>\n<p><strong>Nota<\/strong>: Por lo que se refiere a las\u00a0<strong>\u00abdelega\u00bb y compulsa de firmas administrativas (no notariales)<\/strong> es necesario reservar cita escribiendo un correo electr\u00f3nico a <a href=\"mailto:madrid.coordcons@esteri.it\">madrid.coordcons@esteri.it<\/a>.<\/p>\n<p>Las compulsas de firma admnistrativas podr\u00e1n ser solicitadas tambi\u00e9n a los Consules y Vice Consules honorarios.<\/p>\n<p>&nbsp;<\/p>\n<p>***<\/p>\n<p>&nbsp;<\/p>\n<p><span style=\"text-decoration: underline;\"><strong>Sucesiones<\/strong><\/span><\/p>\n<p>Con relaci\u00f3n al fallecimiento de un ciudadano italiano en Espa\u00f1a y a la apertura de la correspondiente sucesi\u00f3n es necesario seguir estos pasos:<\/p>\n<ul>\n<li>Enviar a la Oficina Consular correspondiente para la localidad de defunci\u00f3n (Madrid, Barcelona o Arona-Tenerife) la solicitud de registraci\u00f3n de la defunci\u00f3n (<a href=\"https:\/\/consmadrid.esteri.it\/es\/servizi-consolari-e-visti\/servizi-per-il-cittadino-italiano\/stato-civile\/registrar-una-defuncion\/\">Registrar una defunci\u00f3n \u2013 Consolato Generale d&#8217;Italia di Madrid<\/a>)<\/li>\n<li>En caso de que la competencia sea del <strong>Consulado General de Italia en Madrid<\/strong>, enviar simult\u00e1neamente el impreso de petici\u00f3n,\u00a0que ser\u00e1 remitido al \u00abMinistero di Grazia e Giustizia\u00bb\u00a0con el fin de verificar si existe o no un testamento depositado en Italia (para ello es necesario adjuntar copia de la documentaci\u00f3n descrita en el punto 1 y copia del documento de identidad)<\/li>\n<li>Una vez obtenida la\u00a0<strong>respuesta negativa\u00a0<\/strong>(nota: si en Italia existe un testamento habr\u00e1 que respetar lo que \u00e9ste establezca), los herederos deber\u00e1n cumplimentar un modelo de declaraci\u00f3n acompa\u00f1ada de un certificado de leyes italianas expedido por el Consulado General de Italia en Madrid; el certificado tiene un coste de expedici\u00f3n.<\/li>\n<li>Presentar la documentaci\u00f3n completa\u00a0<strong>ante el Notario espa\u00f1ol<\/strong>, para la apertura de la sucesi\u00f3n en Espa\u00f1a<\/li>\n<\/ul>\n<p>Las tasas previstas por el \u00abRegistro Centrale dei Testamenti\u00bb\u00a0se deben ingresar por transferencia bancaria\u00a0<strong>directamente al citado Registro<\/strong>. Las instrucciones de pago y los datos bancarios est\u00e1n en el impreso de solicitud del certificado. Para m\u00e1s informaci\u00f3n y pagos de las tarifas consulares env\u00ede un e-mail a la cuenta:\u00a0<a href=\"mailto:notarile.madrid@esteri.it\">notarile.madrid@esteri.it<\/a><\/p>\n<p>&nbsp;<\/p>\n<p><strong>Impresos<\/strong><\/p>\n<p>Solicitud de certificado del \u00abRegistro Generale dei Testamenti\u00bb \u00b7&gt; [<strong><a href=\"https:\/\/consmadrid.esteri.it\/wp-content\/uploads\/2023\/11\/rich_registro-testamenti.pdf\">descargar aqu\u00ed<\/a><\/strong>] &#8211;\u00a0<strong>PDF ITA<br \/>\n<\/strong><\/p>\n<p>&nbsp;<\/p>\n<p>***<\/p>\n<p>&nbsp;<\/p>\n<p><span style=\"text-decoration: underline;\"><strong>Declaraciones de vigencia de leyes italianas<\/strong><\/span><\/p>\n<p>Las Oficinas Consulares puede emitir declaraciones de vigencia de leyes italianas, en lengua italiana o en el idioma local (espa\u00f1ol), con el fin de que sea presentada a notarios, jueces, abogados, etc.<\/p>\n<p>Modalidades de acceso a este servicio:<\/p>\n<ol>\n<li><span class=\"jCAhz ChMk0b\"><span class=\"ryNqvb\">Contactar previamente con la oficina notarial enviando un correo electr\u00f3nico a <a href=\"mailto:notarile.madrid@esteri.it\">notarile.madrid@esteri.it<\/a>, especificando en detalle la legislaci\u00f3n objeto de la declaraci\u00f3n;<\/span><\/span><\/li>\n<li><span class=\"jCAhz ChMk0b\"><span class=\"ryNqvb\">Despu\u00e9s de haber recibido confirmaci\u00f3n por parte de la oficina de que se puede emitir la declaraci\u00f3n, enviar una <strong>solicitud por correo postal<\/strong> a<\/span><\/span>l Consulado General de Italia en Madrid csito en Calle August\u00edn de Betancourt n.3 &#8211; 28003 Madrid, especificando con detalle la normativa objeto de la declaraci\u00f3n y adjuntando:\n<ul>\n<li>fotocopia de un documento de identidad v\u00e1lido;<\/li>\n<li><span class=\"jCAhz ChMk0b\"><span class=\"jCAhz ChMk0b\"><span class=\"ryNqvb\"><strong>recibo original de pago de 66,00 \u20ac <\/strong>en la cuenta corriente del <\/span><\/span><\/span>Consulado General de Italia en Madrid <span class=\"jCAhz ChMk0b\"><span class=\"ryNqvb\">(Banco Santander &#8211; IBAN: ES08 0030 1126 4500 0155 4271 \u2013 c\u00f3digo BIC\/SWIFT: BSCHESMM; motivo \u201cdecaraci\u00f3n de vigencia ley + n<em>ombre del solicitante<\/em>\u201d);<\/span><\/span><\/li>\n<li><span class=\"jCAhz ChMk0b\"><span class=\"ryNqvb\">un <strong>sobre prefranqueado<\/strong> (\u00absobre con franqueo pagado\u00bb) de tama\u00f1o mediano hasta 100g.<\/span><\/span> <span class=\"jCAhz ChMk0b\"><span class=\"ryNqvb\">(se puede adquirir en oficinas de correos espa\u00f1olas), con la direcci\u00f3n completa del solicitante.<\/span><\/span> <span class=\"jCAhz ChMk0b\"><span class=\"ryNqvb\">La declaraci\u00f3n legal se enviar\u00e1 al domicilio del solicitante mediante el sobre antes mencionado.<\/span><\/span><\/li>\n<\/ul>\n<\/li>\n<\/ol>\n","protected":false},"excerpt":{"rendered":"Las citas para la oficina notarial se reservan exclusivamente a trav\u00e9s de la cuenta de correo electr\u00f3nico\u00a0notarile.madrid@esteri.it. Este servicio no se puede reservar a trav\u00e9s del portal de citas Prenot@Mi. Las personas que se presenten en las ventanillas consulares sin tener cita con dicha oficina no podr\u00e1n ser atendidas, ya que los poderes notariales son [&hellip;]","protected":false},"author":5,"featured_media":0,"parent":167,"menu_order":11,"comment_status":"closed","ping_status":"closed","template":"","meta":{"footnotes":""},"class_list":["post-851","page","type-page","status-publish","hentry"],"_links":{"self":[{"href":"https:\/\/consmadrid.esteri.it\/es\/wp-json\/wp\/v2\/pages\/851","targetHints":{"allow":["GET"]}}],"collection":[{"href":"https:\/\/consmadrid.esteri.it\/es\/wp-json\/wp\/v2\/pages"}],"about":[{"href":"https:\/\/consmadrid.esteri.it\/es\/wp-json\/wp\/v2\/types\/page"}],"author":[{"embeddable":true,"href":"https:\/\/consmadrid.esteri.it\/es\/wp-json\/wp\/v2\/users\/5"}],"replies":[{"embeddable":true,"href":"https:\/\/consmadrid.esteri.it\/es\/wp-json\/wp\/v2\/comments?post=851"}],"version-history":[{"count":8,"href":"https:\/\/consmadrid.esteri.it\/es\/wp-json\/wp\/v2\/pages\/851\/revisions"}],"predecessor-version":[{"id":6911,"href":"https:\/\/consmadrid.esteri.it\/es\/wp-json\/wp\/v2\/pages\/851\/revisions\/6911"}],"up":[{"embeddable":true,"href":"https:\/\/consmadrid.esteri.it\/es\/wp-json\/wp\/v2\/pages\/167"}],"wp:attachment":[{"href":"https:\/\/consmadrid.esteri.it\/es\/wp-json\/wp\/v2\/media?parent=851"}],"curies":[{"name":"wp","href":"https:\/\/api.w.org\/{rel}","templated":true}]}}