{"id":830,"date":"2023-11-15T12:08:32","date_gmt":"2023-11-15T11:08:32","guid":{"rendered":"https:\/\/consmadrid.esteri.it\/?page_id=830"},"modified":"2025-10-28T12:32:33","modified_gmt":"2025-10-28T11:32:33","slug":"certificado-de-antecedentes-penales-casellario-giudiziale","status":"publish","type":"page","link":"https:\/\/consmadrid.esteri.it\/es\/servizi-consolari-e-visti\/servizi-per-il-cittadino-italiano\/altri-servizi\/certificado-de-antecedentes-penales-casellario-giudiziale\/","title":{"rendered":"Certificado de antecedentes penales (casellario giudiziale)"},"content":{"rendered":"<p>El certificado de antecedentes penales puede ser solicitado por cualquier residente en el extranjero, ciudadano italiano o extranjero,\u00a0<strong>a cualquier Procura de la Rep\u00fablica Italiana<\/strong>\u00a0(Oficina del \u00abCasellario Giudiziale\u00bb) independientemente del lugar de nacimiento o residencia.<\/p>\n<p><span style=\"text-decoration: underline;\"><strong>Las Oficinas Consulares\u00a0no emiten certificados penales\u00a0ni pueden iniciar solicitudes a nombre de terceros.<\/strong><\/span><\/p>\n<p>En caso de dudas o aclaraciones, es necesario contactar directamente con el la Oficina de la Procura della Repubblica elegida. A t\u00edtulo indicativo, se proporciona el contacto de la Procura della Repubblica de Roma, que tambi\u00e9n responde en ingl\u00e9s:<\/p>\n<p><em><strong>Procura della Repubblica presso il Tribunale di Roma<\/strong><\/em><br \/>\n<em>V\u00eda Mario Amato n. 13\/152 (Piazzale Clodio)<\/em><br \/>\n<em>00195 ROMA (RM)<\/em><br \/>\n<em>Tel\u00e9fonos 06 38701 &#8211; 06 38704012 &#8211; 06 38704009<\/em><br \/>\n<em>Email:\u00a0<a href=\"mailto:casellario.procura.roma@giustizia.it\">casellario.procura.roma@giustizia.it<\/a><\/em><\/p>\n<p>Los <strong>ciudadanos italianos residentes en otro Estado miembro de la UE<\/strong> tambi\u00e9n pueden solicitar un certificado de antecedentes penales a la autoridad central del Pa\u00eds de residencia\u00a0 a trav\u00e9s del servicio local competente (en Espa\u00f1a, <a href=\"https:\/\/sede.mjusticia.gob.es\/tramites\/certificado-antecedentes\">Certificado de Antecedentes Penales &#8211; sede.mjusticia.gob.es<\/a>).<\/p>\n<p>El certificado, emitido a trav\u00e9s del sistema ECRIS, indica las condenas emitidas por las autoridades judiciales italianas y de otros Estados miembros de la UE. Para m\u00e1s informaci\u00f3n, visite la p\u00e1gina del Ministerio de Justicia italiano <a href=\"https:\/\/www.giustizia.it\/giustizia\/page\/en\/come_fare_per_certificato_casellario_giudiziale_da_estero?tab=d\">Ministero della giustizia | Certificato casellario giudiziale e dei carichi pendenti richiesti dall\u2019estero<\/a>.<\/p>\n","protected":false},"excerpt":{"rendered":"El certificado de antecedentes penales puede ser solicitado por cualquier residente en el extranjero, ciudadano italiano o extranjero,\u00a0a cualquier Procura de la Rep\u00fablica Italiana\u00a0(Oficina del \u00abCasellario Giudiziale\u00bb) independientemente del lugar de nacimiento o residencia. Las Oficinas Consulares\u00a0no emiten certificados penales\u00a0ni pueden iniciar solicitudes a nombre de terceros. En caso de dudas o aclaraciones, es necesario [&hellip;]","protected":false},"author":5,"featured_media":0,"parent":179,"menu_order":4,"comment_status":"closed","ping_status":"closed","template":"","meta":{"footnotes":""},"class_list":["post-830","page","type-page","status-publish","hentry"],"_links":{"self":[{"href":"https:\/\/consmadrid.esteri.it\/es\/wp-json\/wp\/v2\/pages\/830","targetHints":{"allow":["GET"]}}],"collection":[{"href":"https:\/\/consmadrid.esteri.it\/es\/wp-json\/wp\/v2\/pages"}],"about":[{"href":"https:\/\/consmadrid.esteri.it\/es\/wp-json\/wp\/v2\/types\/page"}],"author":[{"embeddable":true,"href":"https:\/\/consmadrid.esteri.it\/es\/wp-json\/wp\/v2\/users\/5"}],"replies":[{"embeddable":true,"href":"https:\/\/consmadrid.esteri.it\/es\/wp-json\/wp\/v2\/comments?post=830"}],"version-history":[{"count":2,"href":"https:\/\/consmadrid.esteri.it\/es\/wp-json\/wp\/v2\/pages\/830\/revisions"}],"predecessor-version":[{"id":6469,"href":"https:\/\/consmadrid.esteri.it\/es\/wp-json\/wp\/v2\/pages\/830\/revisions\/6469"}],"up":[{"embeddable":true,"href":"https:\/\/consmadrid.esteri.it\/es\/wp-json\/wp\/v2\/pages\/179"}],"wp:attachment":[{"href":"https:\/\/consmadrid.esteri.it\/es\/wp-json\/wp\/v2\/media?parent=830"}],"curies":[{"name":"wp","href":"https:\/\/api.w.org\/{rel}","templated":true}]}}