{"id":6078,"date":"2025-07-10T14:34:35","date_gmt":"2025-07-10T12:34:35","guid":{"rendered":"https:\/\/consmadrid.esteri.it\/?page_id=6078"},"modified":"2026-03-12T16:07:25","modified_gmt":"2026-03-12T15:07:25","slug":"declaracion-de-adquisicion-de-la-nacionalidad-italiana-por-beneficio-de-ley-hijos-menores-nacidos-en-el-extranjero-de-ciudadanos-italianos-iure-sanguinis","status":"publish","type":"page","link":"https:\/\/consmadrid.esteri.it\/es\/servizi-consolari-e-visti\/servizi-per-il-cittadino-straniero\/cittadinanza\/declaracion-de-adquisicion-de-la-nacionalidad-italiana-por-beneficio-de-ley-hijos-menores-nacidos-en-el-extranjero-de-ciudadanos-italianos-iure-sanguinis\/","title":{"rendered":"Declaraci\u00f3n de adquisici\u00f3n de la nacionalidad italiana por beneficio de ley (hijos menores nacidos en el extranjero de ciudadanos italianos iure sanguinis)"},"content":{"rendered":"<p>La nueva normativa sobre la ciudadan\u00eda italiana contempla la posibilidad de adquirir la ciudadan\u00eda italiana aunque no se tenga derecho por nacimiento en el siguiente caso:<\/p>\n<p>Hijo\/a menor de edad a la fecha del 24 de mayo de 2025 de un ciudadano\/a italiano\/a reconocido\/a como tal mediante solicitud presentada antes del 27 de marzo de 2025. En este caso, la declaraci\u00f3n para el\/la menor debe presentarse antes del 31 de mayo de 2029 (y ya no antes de 2026). Si entretanto el menor cumple 18 a\u00f1os, puede presentarla personalmente. (Art. 1, comma 1-ter, D.L. 36\/2025)<\/p>\n<p>A partir del vencimiento del 31 de mayo de 2029, la solicitud podr\u00e1 presentarse \u00fanicamente dentro del tercer a\u00f1o de edad del menor. (Art. 4, comma 1-bis, lettera b), legge 91\/1992)<\/p>\n<p>A partir del 1 de enero de 2026, las solicitudes de adquisici\u00f3n de la ciudadan\u00eda italiana por beneficio de ley son gratuitas y, por lo tanto, no est\u00e1n sujetas al pago de ning\u00fan tipo de contribuci\u00f3n.<\/p>\n<p>&nbsp;<\/p>\n<p>En ambos casos deben concurrir las siguientes condiciones:<\/p>\n<p>Uno de los dos progenitores es ciudadano italiano por nacimiento;<\/p>\n<p>Ambos progenitores deben firmar una declaraci\u00f3n de voluntad de adquisici\u00f3n en la sede del Consulado General en Madrid (NO es posible presentarla en las Oficinas consulares honorarias) previa cita que debe solicitarse mediante <a href=\"https:\/\/consmadrid.esteri.it\/es\/servizi-consolari-e-visti\/servizi-per-il-cittadino-italiano\/prenotami-reserva-de-cita-on-line\/\">Prenot@mi<\/a>, y est\u00e1 sujeta a la verificaci\u00f3n de las condiciones indicadas anteriormente.<\/p>\n<p>La ciudadan\u00eda surte efecto a partir del d\u00eda siguiente a la declaraci\u00f3n.<\/p>\n<p>El d\u00eda de la cita los progenitores deber\u00e1n presentarse con los siguientes documentos:<\/p>\n<p>1)\u00a0\u00a0\u00a0\u00a0\u00a0\u00a0\u00a0\u00a0\u00a0\u00a0\u00a0 Documento de identidad vigente de ambos;<\/p>\n<p>2)\u00a0\u00a0\u00a0\u00a0\u00a0\u00a0\u00a0\u00a0\u00a0\u00a0\u00a0 Prueba de la posesi\u00f3n de la ciudadan\u00eda italiana por nacimiento del progenitor italiano (a solicitar al Comune de inscripci\u00f3n AIRE: \u201catto di nascita integrale oppure estratto dell\u2019atto di nascita italiano con annotazioni oppure certificato di cittadinanza con menzione dell\u2019acquisto per discendenza\u201d; para los reconocimientos por v\u00eda judicial es necesario presentar tambi\u00e9n copia de la ordenanza del Tribunal italiano);<\/p>\n<p>3)\u00a0\u00a0\u00a0\u00a0\u00a0\u00a0\u00a0\u00a0\u00a0\u00a0\u00a0 Si los progenitores est\u00e1n casados, la prueba de la inscripci\u00f3n del acta de matrimonio, que debe solicitarse al Comune de inscripci\u00f3n de los progenitores;<\/p>\n<p>4)\u00a0\u00a0\u00a0\u00a0\u00a0\u00a0\u00a0\u00a0\u00a0\u00a0\u00a0 El pasaporte extranjero o un certificado de ciudadan\u00eda extranjera del menor (o el reconocimiento del estatus de ap\u00e1trida).<\/p>\n<p>Este documento ES INDISPENSABLE.<\/p>\n<p>Esta precisi\u00f3n tiene como finalidad asegurar la aplicaci\u00f3n correcta y uniforme de la normativa (art. 4, apartado 1-bis, ley 91\/1992 y art. 1, apartado 1-ter, D.L. 36\/2025), la cual prev\u00e9 que el beneficio est\u00e9 reservado a quienes posean formalmente el estatus de \u201cmenor extranjero o ap\u00e1trida\u201d.<\/p>\n<p>Las eventuales declaraciones relativas a la posesi\u00f3n de la ciudadan\u00eda extranjera del menor deben presentarse EN ORIGINAL y llevar un sello oficial de la oficina que lo emite o un n\u00famero de registro;<\/p>\n<p>5)\u00a0\u00a0\u00a0\u00a0\u00a0\u00a0\u00a0\u00a0\u00a0\u00a0\u00a0 El acta de nacimiento original del menor:<\/p>\n<p><strong>para los nacidos en Espa\u00f1a<\/strong>:<\/p>\n<ol>\n<li>a) <u>nacidos durante el matrimonio<\/u>: (ambos documentos son necesarios)<\/li>\n<\/ol>\n<p>&#8211; acta de nacimiento \u00edntegra (\u201ccertificado de nacimiento literal original\u201d);<\/p>\n<p>&#8211; acta de nacimiento internacional expedida por el Registro Civil espa\u00f1ol (\u201ccertificado de nacimiento pluriling\u00fce original\u201d).<\/p>\n<ol>\n<li>b) <u>nacidos fuera del matrimonio<\/u>(ambos documentos son necesarios)<\/li>\n<\/ol>\n<p>&#8211; acta de nacimiento \u00edntegra (\u201ccertificado de nacimiento literal original\u201d) CON TRADUCCI\u00d3N OFICIAL AL ITALIANO. Este documento debe indicar a ambos progenitores en el apartado \u201cdeclarantes\u201d como prueba del reconocimiento realizado por ambos. Deben aparecer claramente indicaciones como \u201clos padres\u201d, \u201cambos progenitores\u201d o los nombres y apellidos de ambos. Si aparece solo uno de los progenitores, se debe solicitar una rectificaci\u00f3n al Registro Civil para a\u00f1adir al otro. Si no es posible rectificar el certificado y en el acta figura como declarante solo un progenitor, es necesario solicitar al Registro Civil un documento llamado \u201cTestimonio del expediente tramitado para la inscripci\u00f3n\u201d, que contiene la declaraci\u00f3n firmada por ambos progenitores en la que se reconoce oficialmente al hijo y se da consentimiento rec\u00edproco. Tambi\u00e9n este documento debe traducirse oficialmente al italiano.<\/p>\n<ul>\n<li>acta de nacimiento internacional expedida por el Registro Civil espa\u00f1ol (\u201ccertificado de nacimiento pluriling\u00fce original\u201d).<\/li>\n<\/ul>\n<p><strong>para los nacidos en otros pa\u00edses<\/strong>:<\/p>\n<p>acta de nacimiento \u00edntegra expedida por la Autoridad competente, con legalizaci\u00f3n (Apostilla de La Haya o legalizaci\u00f3n consular para actos de pa\u00edses no adheridos al Convenio de La Haya) y traducci\u00f3n oficial al idioma italiano. Nota importante: es necesario verificar siempre la correcci\u00f3n de la documentaci\u00f3n con el Consulado italiano territorialmente competente para la emisi\u00f3n del acta, consultando el sitio web correspondiente. Las traducciones deben realizarse y legalizarse (con apostilla si lo prev\u00e9n las normas locales, de lo contrario por la Oficina consular italiana territorialmente competente) en el Estado de emisi\u00f3n del documento extranjero, o bien realizarse y certificarse ante un Tribunal o un Notario en Italia. El acta debe contener el reconocimiento expreso por parte de ambos progenitores.<\/p>\n<p>6)\u00a0\u00a0\u00a0\u00a0\u00a0\u00a0\u00a0\u00a0\u00a0\u00a0\u00a0 \u201cEmpadronamiento\u201d espa\u00f1ol. La direcci\u00f3n debe coincidir con la comunicada a este Consulado General en el momento de la inscripci\u00f3n consular. En caso contrario, deber\u00e1 actualizarse a trav\u00e9s del portal FAST-IT en el siguiente enlace: <a href=\"https:\/\/serviziconsolari.esteri.it\/home\">https:\/\/serviziconsolari.esteri.it\/home<\/a><\/p>\n<p>&nbsp;<\/p>\n<p>TODOS LOS DOCUMENTOS ARRIBA MENCIONADOS DEBEN PRESENTARSE EN ORIGINAL Y CON UNA FOTOCOPIA.<\/p>\n<p>&nbsp;<\/p>\n<p>Contacto de la oficina de ciudadan\u00eda: <a href=\"mailto:cittadinanza.madrid@esteri.it\">cittadinanza.madrid@esteri.it<\/a><\/p>\n<p>&nbsp;<\/p>\n","protected":false},"excerpt":{"rendered":"La nueva normativa sobre la ciudadan\u00eda italiana contempla la posibilidad de adquirir la ciudadan\u00eda italiana aunque no se tenga derecho por nacimiento en el siguiente caso: Hijo\/a menor de edad a la fecha del 24 de mayo de 2025 de un ciudadano\/a italiano\/a reconocido\/a como tal mediante solicitud presentada antes del 27 de marzo de [&hellip;]","protected":false},"author":4,"featured_media":0,"parent":183,"menu_order":2,"comment_status":"closed","ping_status":"closed","template":"","meta":{"footnotes":""},"class_list":["post-6078","page","type-page","status-publish","hentry"],"_links":{"self":[{"href":"https:\/\/consmadrid.esteri.it\/es\/wp-json\/wp\/v2\/pages\/6078","targetHints":{"allow":["GET"]}}],"collection":[{"href":"https:\/\/consmadrid.esteri.it\/es\/wp-json\/wp\/v2\/pages"}],"about":[{"href":"https:\/\/consmadrid.esteri.it\/es\/wp-json\/wp\/v2\/types\/page"}],"author":[{"embeddable":true,"href":"https:\/\/consmadrid.esteri.it\/es\/wp-json\/wp\/v2\/users\/4"}],"replies":[{"embeddable":true,"href":"https:\/\/consmadrid.esteri.it\/es\/wp-json\/wp\/v2\/comments?post=6078"}],"version-history":[{"count":6,"href":"https:\/\/consmadrid.esteri.it\/es\/wp-json\/wp\/v2\/pages\/6078\/revisions"}],"predecessor-version":[{"id":6957,"href":"https:\/\/consmadrid.esteri.it\/es\/wp-json\/wp\/v2\/pages\/6078\/revisions\/6957"}],"up":[{"embeddable":true,"href":"https:\/\/consmadrid.esteri.it\/es\/wp-json\/wp\/v2\/pages\/183"}],"wp:attachment":[{"href":"https:\/\/consmadrid.esteri.it\/es\/wp-json\/wp\/v2\/media?parent=6078"}],"curies":[{"name":"wp","href":"https:\/\/api.w.org\/{rel}","templated":true}]}}