{"id":5719,"date":"2025-04-10T13:20:15","date_gmt":"2025-04-10T11:20:15","guid":{"rendered":"https:\/\/consmadrid.esteri.it\/?page_id=5719"},"modified":"2025-04-10T13:21:30","modified_gmt":"2025-04-10T11:21:30","slug":"adopciones","status":"publish","type":"page","link":"https:\/\/consmadrid.esteri.it\/es\/servizi-consolari-e-visti\/servizi-per-il-cittadino-italiano\/stato-civile\/adopciones\/","title":{"rendered":"Adopciones"},"content":{"rendered":"<p><strong>TRANSCRIPCI\u00d3N DE SENTENCIAS DE ADOPCI\u00d3N EXTRANJERA<\/strong><\/p>\n<p>&nbsp;<\/p>\n<p><strong>ADOPCI\u00d3N DE UN MENOR<\/strong><\/p>\n<p>El menor extranjero adoptado por un ciudadano italiano adquiere la ciudadan\u00eda italiana (art. 3 L. 91\/92).El padre o los padres italianos que hayan adoptado a un menor al extranjero deber\u00e1n presentar una solicitud de reconocimiento de la sentencia de adopci\u00f3n.<\/p>\n<p>La adopci\u00f3n pronunciada por la autoridad competente espa\u00f1ola a petici\u00f3n de ciudadanos italianos, que demuestren en el momento del pronunciamiento haber residido durante al menos dos a\u00f1os de forma continuada en Espa\u00f1a, se reconoce a todos los efectos en Italia por orden del Tribunal de menores, siempre que cumpla los principios del Convenio para la Protecci\u00f3n de los Menores y la Cooperaci\u00f3n en Materia de Adopci\u00f3n Internacional de La Haya del 29 de mayo de 1993 (art. 36 co. 4 de la Ley n. 184\/1983). El Tribunal de Menores competente es el del lugar de la \u00faltima residencia de los padres adoptivos italianos que adoptan o, en caso de que no sea posible establecer cu\u00e1l fue la \u00faltima residencia, el de Roma.<\/p>\n<p>La solicitud de reconocimiento de la sentencia de adopci\u00f3n puede ser entregada por los padres directamente al Tribunal de Menores competente o, si residen en esta circunscripci\u00f3n consular y est\u00e1n regularmente inscritos en AIRE, a trav\u00e9s de este Consulado General, mediante cita previa, a la que deben estar presentes ambos progenitores adoptivos (aunque uno de los dos no sea ciudadano italiano), con un documento de identidad v\u00e1lido.<\/p>\n<p>El Tribunal, luego del reconocimiento de la sentencia, solicitar\u00e1 al Municipio AIRE de registraci\u00f3n de los padres adoptivos que transcriba el nacimiento del menor en el registro del estado civil.<\/p>\n<p>&nbsp;<\/p>\n<p><strong>ADOPCI\u00d3N DE UN MAYOR DE EDAD<\/strong><\/p>\n<p>El padre o los padres italianos que hayan adoptado a un adulto en Espa\u00f1a deben presentar una solicitud de registraci\u00f3n de la sentencia espa\u00f1ola de adopci\u00f3n.<\/p>\n<p>Esta solicitud puede ser enviada por el progenitor adoptivo italiano a su municipio de registro en AIRE (si los progenitores que han adoptado son ambos italianos registrados en AIRE en dos municipios diferentes, ser\u00e1 necesario elegir el municipio AIRE al que dirigir la solicitud de reconocimiento de la sentencia de adopci\u00f3n) o, si reside en esta circunscripci\u00f3n consular y est\u00e1 regularmente registrado en AIRE, a trav\u00e9s de este Consulado General, mediante cita previa, a la que deben estar presentes ambos progenitores adoptivos (aunque uno de los dos no sea ciudadano italiano), con un documento de identidad v\u00e1lido.<\/p>\n<p>La sentencia de adopci\u00f3n se registrar\u00e1 en el registro de estado civil del Municipio AIRE.<\/p>\n<p>Los padres interesados \u200b\u200ben registrar una adopci\u00f3n pueden enviar un correo electr\u00f3nico a la direcci\u00f3n de correo electr\u00f3nico <a href=\"mailto:notarile.madrid@esteri.it\">notarile.madrid@esteri.it<\/a>, donde se les facilitar\u00e1 la informaci\u00f3n necesaria sobre la documentaci\u00f3n a presentar y los formularios a rellenar a los efectos de la solicitud.<\/p>\n<p>&nbsp;<\/p>\n","protected":false},"excerpt":{"rendered":"TRANSCRIPCI\u00d3N DE SENTENCIAS DE ADOPCI\u00d3N EXTRANJERA &nbsp; ADOPCI\u00d3N DE UN MENOR El menor extranjero adoptado por un ciudadano italiano adquiere la ciudadan\u00eda italiana (art. 3 L. 91\/92).El padre o los padres italianos que hayan adoptado a un menor al extranjero deber\u00e1n presentar una solicitud de reconocimiento de la sentencia de adopci\u00f3n. La adopci\u00f3n pronunciada por [&hellip;]","protected":false},"author":4,"featured_media":0,"parent":171,"menu_order":8,"comment_status":"closed","ping_status":"closed","template":"","meta":{"footnotes":""},"class_list":["post-5719","page","type-page","status-publish","hentry"],"_links":{"self":[{"href":"https:\/\/consmadrid.esteri.it\/es\/wp-json\/wp\/v2\/pages\/5719","targetHints":{"allow":["GET"]}}],"collection":[{"href":"https:\/\/consmadrid.esteri.it\/es\/wp-json\/wp\/v2\/pages"}],"about":[{"href":"https:\/\/consmadrid.esteri.it\/es\/wp-json\/wp\/v2\/types\/page"}],"author":[{"embeddable":true,"href":"https:\/\/consmadrid.esteri.it\/es\/wp-json\/wp\/v2\/users\/4"}],"replies":[{"embeddable":true,"href":"https:\/\/consmadrid.esteri.it\/es\/wp-json\/wp\/v2\/comments?post=5719"}],"version-history":[{"count":1,"href":"https:\/\/consmadrid.esteri.it\/es\/wp-json\/wp\/v2\/pages\/5719\/revisions"}],"predecessor-version":[{"id":5722,"href":"https:\/\/consmadrid.esteri.it\/es\/wp-json\/wp\/v2\/pages\/5719\/revisions\/5722"}],"up":[{"embeddable":true,"href":"https:\/\/consmadrid.esteri.it\/es\/wp-json\/wp\/v2\/pages\/171"}],"wp:attachment":[{"href":"https:\/\/consmadrid.esteri.it\/es\/wp-json\/wp\/v2\/media?parent=5719"}],"curies":[{"name":"wp","href":"https:\/\/api.w.org\/{rel}","templated":true}]}}