{"id":540,"date":"2023-11-07T09:24:04","date_gmt":"2023-11-07T08:24:04","guid":{"rendered":"https:\/\/consmadrid.esteri.it\/?page_id=540"},"modified":"2025-03-24T09:56:02","modified_gmt":"2025-03-24T08:56:02","slug":"autocertificacion-acta-de-notoriedad","status":"publish","type":"page","link":"https:\/\/consmadrid.esteri.it\/es\/servizi-consolari-e-visti\/servizi-per-il-cittadino-italiano\/altri-servizi\/autocertificacion-acta-de-notoriedad\/","title":{"rendered":"Autocertificaci\u00f3n &#8211; Acta de Notoriedad"},"content":{"rendered":"<p>La \u00abautocertificazione\u00bb es una declaraci\u00f3n jurada que el interesado redacta y firma en su propio inter\u00e9s, con el fin de declarar hechos y circunstancias personales, y que se utiliza con la Administraci\u00f3n P\u00fablica y con los Servicios P\u00fablicos al ciudadano.<\/p>\n<p>En la relaci\u00f3n con un\u00a0<strong>sujeto privado<\/strong>\u00a0el recurso de la autocertificaci\u00f3n es discrecional y depende del sujeto mismo. La declaraci\u00f3n puede sustituir las certificaciones normales o las actas de notoriedad.<\/p>\n<p>Con el DPR\u00a0n. 445\/2000 y con la Ley n. 183\/2011 se ha iniciado un importante proceso de simplificaci\u00f3n administrativa para reformar la Administraci\u00f3n p\u00fablica y hacer que funcione de forma m\u00e1s eficaz y transparente.<\/p>\n<p>Existe tambi\u00e9n una \u00ab<strong>Declaraci\u00f3n sustitutiva de acta de notoriedad<\/strong>\u00bb para aquellos casos en los que no\u00a0es v\u00e1lida la Autocertificaci\u00f3n (consulte con la oficina consular).<\/p>\n<p><strong>Impresos<\/strong><\/p>\n<ul>\n<li><strong>Atto di Notoriet\u00e0<\/strong> (para administraciones p\u00fablicas)\u00a0 &gt; [<a href=\"https:\/\/consmadrid.esteri.it\/wp-content\/uploads\/2023\/12\/MOD-DICHSOSTITUTIVApubbamm.doc\">haga clic aqu\u00ed<\/a>] &#8211; WORD ITA<\/li>\n<li><strong>Declaraci\u00f3n sustitutiva de herederos <\/strong>&gt; [<a href=\"https:\/\/consmadrid.esteri.it\/wp-content\/uploads\/2025\/03\/mod-attonotorioeredi-privati-2024-ver-28.08.pdf\">haga clic aqu\u00ed<\/a>] &#8211; PDF ITA<\/li>\n<li><strong>Autocertificaci\u00f3n de copias conformes<\/strong> (gen\u00e9rica) &gt; [<a href=\"https:\/\/consmadrid.esteri.it\/wp-content\/uploads\/2023\/11\/mod-attonotorietacopieconformi_generico.pdf\">haga clic aqu\u00ed<\/a>] &#8211; PDF ITA<\/li>\n<\/ul>\n","protected":false},"excerpt":{"rendered":"La \u00abautocertificazione\u00bb es una declaraci\u00f3n jurada que el interesado redacta y firma en su propio inter\u00e9s, con el fin de declarar hechos y circunstancias personales, y que se utiliza con la Administraci\u00f3n P\u00fablica y con los Servicios P\u00fablicos al ciudadano. En la relaci\u00f3n con un\u00a0sujeto privado\u00a0el recurso de la autocertificaci\u00f3n es discrecional y depende del [&hellip;]","protected":false},"author":5,"featured_media":0,"parent":179,"menu_order":0,"comment_status":"closed","ping_status":"closed","template":"","meta":{"footnotes":""},"class_list":["post-540","page","type-page","status-publish","hentry"],"_links":{"self":[{"href":"https:\/\/consmadrid.esteri.it\/es\/wp-json\/wp\/v2\/pages\/540","targetHints":{"allow":["GET"]}}],"collection":[{"href":"https:\/\/consmadrid.esteri.it\/es\/wp-json\/wp\/v2\/pages"}],"about":[{"href":"https:\/\/consmadrid.esteri.it\/es\/wp-json\/wp\/v2\/types\/page"}],"author":[{"embeddable":true,"href":"https:\/\/consmadrid.esteri.it\/es\/wp-json\/wp\/v2\/users\/5"}],"replies":[{"embeddable":true,"href":"https:\/\/consmadrid.esteri.it\/es\/wp-json\/wp\/v2\/comments?post=540"}],"version-history":[{"count":5,"href":"https:\/\/consmadrid.esteri.it\/es\/wp-json\/wp\/v2\/pages\/540\/revisions"}],"predecessor-version":[{"id":5568,"href":"https:\/\/consmadrid.esteri.it\/es\/wp-json\/wp\/v2\/pages\/540\/revisions\/5568"}],"up":[{"embeddable":true,"href":"https:\/\/consmadrid.esteri.it\/es\/wp-json\/wp\/v2\/pages\/179"}],"wp:attachment":[{"href":"https:\/\/consmadrid.esteri.it\/es\/wp-json\/wp\/v2\/media?parent=540"}],"curies":[{"name":"wp","href":"https:\/\/api.w.org\/{rel}","templated":true}]}}