{"id":5277,"date":"2025-02-10T14:47:26","date_gmt":"2025-02-10T13:47:26","guid":{"rendered":"https:\/\/consmadrid.esteri.it\/?page_id=5277"},"modified":"2025-08-08T14:54:53","modified_gmt":"2025-08-08T12:54:53","slug":"ciudadania-por-descendencia-iure-sanguinis","status":"publish","type":"page","link":"https:\/\/consmadrid.esteri.it\/es\/servizi-consolari-e-visti\/servizi-per-il-cittadino-straniero\/cittadinanza\/ciudadania-por-descendencia-iure-sanguinis\/","title":{"rendered":"Ciudadan\u00eda por descendencia (iure sanguinis)"},"content":{"rendered":"<p>Versi\u00f3n en espa\u00f1ol en actualizaci\u00f3n. Se ruega consultar la p\u00e1gina en italiano<\/p>\n","protected":false},"excerpt":{"rendered":"Versi\u00f3n en espa\u00f1ol en actualizaci\u00f3n. Se ruega consultar la p\u00e1gina en italiano","protected":false},"author":4,"featured_media":0,"parent":183,"menu_order":1,"comment_status":"closed","ping_status":"closed","template":"","meta":{"footnotes":""},"class_list":["post-5277","page","type-page","status-publish","hentry"],"_links":{"self":[{"href":"https:\/\/consmadrid.esteri.it\/es\/wp-json\/wp\/v2\/pages\/5277","targetHints":{"allow":["GET"]}}],"collection":[{"href":"https:\/\/consmadrid.esteri.it\/es\/wp-json\/wp\/v2\/pages"}],"about":[{"href":"https:\/\/consmadrid.esteri.it\/es\/wp-json\/wp\/v2\/types\/page"}],"author":[{"embeddable":true,"href":"https:\/\/consmadrid.esteri.it\/es\/wp-json\/wp\/v2\/users\/4"}],"replies":[{"embeddable":true,"href":"https:\/\/consmadrid.esteri.it\/es\/wp-json\/wp\/v2\/comments?post=5277"}],"version-history":[{"count":6,"href":"https:\/\/consmadrid.esteri.it\/es\/wp-json\/wp\/v2\/pages\/5277\/revisions"}],"predecessor-version":[{"id":6192,"href":"https:\/\/consmadrid.esteri.it\/es\/wp-json\/wp\/v2\/pages\/5277\/revisions\/6192"}],"up":[{"embeddable":true,"href":"https:\/\/consmadrid.esteri.it\/es\/wp-json\/wp\/v2\/pages\/183"}],"wp:attachment":[{"href":"https:\/\/consmadrid.esteri.it\/es\/wp-json\/wp\/v2\/media?parent=5277"}],"curies":[{"name":"wp","href":"https:\/\/api.w.org\/{rel}","templated":true}]}}