{"id":524,"date":"2023-11-07T09:07:27","date_gmt":"2023-11-07T08:07:27","guid":{"rendered":"https:\/\/consmadrid.esteri.it\/?page_id=524"},"modified":"2023-11-07T09:21:39","modified_gmt":"2023-11-07T08:21:39","slug":"trasladarse-a-espana","status":"publish","type":"page","link":"https:\/\/consmadrid.esteri.it\/es\/servizi-consolari-e-visti\/servizi-per-il-cittadino-italiano\/trasladarse-a-espana\/","title":{"rendered":"Trasladarse a Espa\u00f1a"},"content":{"rendered":"<p>ESTA SECCI\u00d3N EST\u00c1 DISPONIBLE S\u00d3LO EN LENGUA ITALIANA.<\/p>\n<p>LAMENTAMOS LAS MOLESTIAS.<\/p>\n","protected":false},"excerpt":{"rendered":"ESTA SECCI\u00d3N EST\u00c1 DISPONIBLE S\u00d3LO EN LENGUA ITALIANA. LAMENTAMOS LAS MOLESTIAS.","protected":false},"author":5,"featured_media":0,"parent":167,"menu_order":19,"comment_status":"closed","ping_status":"closed","template":"","meta":{"footnotes":""},"class_list":["post-524","page","type-page","status-publish","hentry"],"_links":{"self":[{"href":"https:\/\/consmadrid.esteri.it\/es\/wp-json\/wp\/v2\/pages\/524","targetHints":{"allow":["GET"]}}],"collection":[{"href":"https:\/\/consmadrid.esteri.it\/es\/wp-json\/wp\/v2\/pages"}],"about":[{"href":"https:\/\/consmadrid.esteri.it\/es\/wp-json\/wp\/v2\/types\/page"}],"author":[{"embeddable":true,"href":"https:\/\/consmadrid.esteri.it\/es\/wp-json\/wp\/v2\/users\/5"}],"replies":[{"embeddable":true,"href":"https:\/\/consmadrid.esteri.it\/es\/wp-json\/wp\/v2\/comments?post=524"}],"version-history":[{"count":1,"href":"https:\/\/consmadrid.esteri.it\/es\/wp-json\/wp\/v2\/pages\/524\/revisions"}],"predecessor-version":[{"id":525,"href":"https:\/\/consmadrid.esteri.it\/es\/wp-json\/wp\/v2\/pages\/524\/revisions\/525"}],"up":[{"embeddable":true,"href":"https:\/\/consmadrid.esteri.it\/es\/wp-json\/wp\/v2\/pages\/167"}],"wp:attachment":[{"href":"https:\/\/consmadrid.esteri.it\/es\/wp-json\/wp\/v2\/media?parent=524"}],"curies":[{"name":"wp","href":"https:\/\/api.w.org\/{rel}","templated":true}]}}