{"id":488,"date":"2023-11-06T12:21:22","date_gmt":"2023-11-06T11:21:22","guid":{"rendered":"https:\/\/consmadrid.esteri.it\/?page_id=488"},"modified":"2024-08-28T14:54:47","modified_gmt":"2024-08-28T12:54:47","slug":"consejos-para-viajes-turisticos-espana","status":"publish","type":"page","link":"https:\/\/consmadrid.esteri.it\/es\/servizi-consolari-e-visti\/servizi-per-il-cittadino-italiano\/altri-servizi\/consejos-para-viajes-turisticos-espana\/","title":{"rendered":"Consejos para viajes tur\u00edsticos &#8211; Espa\u00f1a"},"content":{"rendered":"<p><strong>ESTA INFORMACI\u00d3N S\u00d3LO EST\u00c1 DISPONIBLE EN LENGUA ITALIANA.<\/strong><\/p>\n<p><strong>LAMENTAMOS LAS MOLESTIAS.<\/strong><\/p>\n","protected":false},"excerpt":{"rendered":"ESTA INFORMACI\u00d3N S\u00d3LO EST\u00c1 DISPONIBLE EN LENGUA ITALIANA. LAMENTAMOS LAS MOLESTIAS.","protected":false},"author":5,"featured_media":0,"parent":179,"menu_order":0,"comment_status":"closed","ping_status":"closed","template":"","meta":{"footnotes":""},"class_list":["post-488","page","type-page","status-publish","hentry"],"_links":{"self":[{"href":"https:\/\/consmadrid.esteri.it\/es\/wp-json\/wp\/v2\/pages\/488","targetHints":{"allow":["GET"]}}],"collection":[{"href":"https:\/\/consmadrid.esteri.it\/es\/wp-json\/wp\/v2\/pages"}],"about":[{"href":"https:\/\/consmadrid.esteri.it\/es\/wp-json\/wp\/v2\/types\/page"}],"author":[{"embeddable":true,"href":"https:\/\/consmadrid.esteri.it\/es\/wp-json\/wp\/v2\/users\/5"}],"replies":[{"embeddable":true,"href":"https:\/\/consmadrid.esteri.it\/es\/wp-json\/wp\/v2\/comments?post=488"}],"version-history":[{"count":2,"href":"https:\/\/consmadrid.esteri.it\/es\/wp-json\/wp\/v2\/pages\/488\/revisions"}],"predecessor-version":[{"id":4263,"href":"https:\/\/consmadrid.esteri.it\/es\/wp-json\/wp\/v2\/pages\/488\/revisions\/4263"}],"up":[{"embeddable":true,"href":"https:\/\/consmadrid.esteri.it\/es\/wp-json\/wp\/v2\/pages\/179"}],"wp:attachment":[{"href":"https:\/\/consmadrid.esteri.it\/es\/wp-json\/wp\/v2\/media?parent=488"}],"curies":[{"name":"wp","href":"https:\/\/api.w.org\/{rel}","templated":true}]}}