{"id":425,"date":"2023-10-13T16:05:08","date_gmt":"2023-10-13T14:05:08","guid":{"rendered":"https:\/\/consmadrid.esteri.it\/?page_id=425"},"modified":"2026-04-16T10:38:20","modified_gmt":"2026-04-16T08:38:20","slug":"pasaporte-para-menores-de-18-anos","status":"publish","type":"page","link":"https:\/\/consmadrid.esteri.it\/es\/servizi-consolari-e-visti\/servizi-per-il-cittadino-italiano\/passaporti-e-carte-didentita\/pasaporte-para-menores-de-18-anos\/","title":{"rendered":"Pasaporte para menores de 18 a\u00f1os"},"content":{"rendered":"<p>Para poder expedir un pasaporte a un menor de edad es imprescindible que el certificado de nacimiento haya sido registrado en Italia o bien que la Oficina Consular haya iniciado el tr\u00e1mite de transcripci\u00f3n. Para los menores nacidos en Espa\u00f1a que necesiten urgentemente el pasaporte se aconseja presentar la solicitud de pasaporte junto con la solicitud de transcripci\u00f3n del certificado de nacimiento. Para acceder a la secci\u00f3n de Registro civil \u00b7&gt; <strong><a href=\"https:\/\/consmadrid.esteri.it\/consolato_madrid\/es\/i-servizi\/domande-frequenti\/stato-civile\/\">[haga clic aqu\u00ed]<\/a><\/strong><\/p>\n<p><strong>ATENCI\u00d3N: <\/strong><strong>a partir del 1 de diciembre de 2025,<\/strong> <strong><u>el coste de emisi\u00f3n del pasaporte ser\u00e1 de <\/u><\/strong><strong><u>116,20<\/u><\/strong><strong><u> \u20ac<\/u><\/strong><strong>.<\/strong><\/p>\n<p><span style=\"text-decoration: underline;\"><strong>1. Solicitud al Consulado General de Italia en Madrid<\/strong><\/span><\/p>\n<p>La solicitud se env\u00eda <strong>por correo postal<\/strong> al Consulado General de Madrid (<em>Calle Agust\u00edn de Betancourt, 3 \u2013 28003 Madrid<\/em>) adjuntando la siguiente documentaci\u00f3n:<\/p>\n<ol>\n<li>formulario de solicitud cumplimentado y firmado POR AMBOS PADRES y declaraci\u00f3n de residencia [<a href=\"https:\/\/consmadrid.esteri.it\/wp-content\/uploads\/2026\/04\/mod-passaporti-es-2025-MENOR-ver-01.12.docx\"><strong>d<\/strong><strong>escargar aqu\u00ed<\/strong><\/a>]\n<ul>\n<li>IMPORTANTE: si el formulario de solicitud no puede ser firmado por uno de los progenitores, se deber\u00e1 obtener el consentimiento del otro progenitor, con m\u00e9todos diferentes si es ciudadano de la Uni\u00f3n Europea o ciudadano extracomunitario \u00b7&gt;\u00a0 [<a href=\"https:\/\/consmadrid.esteri.it\/es\/servizi-consolari-e-visti\/servizi-per-il-cittadino-italiano\/acta-de-consentimiento-decreto-consular-para-pasaporte-o-carta-didentita\/\"><strong>haga clic aqu\u00ed<\/strong><\/a>]<\/li>\n<li>IMPORTANTE: si no es posible presentar el documento de consentimiento firmado por uno de los padres, el otro padre deber\u00e1 solicitar autorizaci\u00f3n judicial para expedir el documento. Si el menor tiene su residencia en la circunscripci\u00f3n consular de Madrid, el interesado podr\u00e1 solicitar decreto de autorizaci\u00f3n consular al C\u00f3nsul General, en su calidad de \u00abJuez Tutelar\u00bb \u00b7&gt;\u00a0 [<a href=\"https:\/\/consmadrid.esteri.it\/es\/servizi-consolari-e-visti\/servizi-per-il-cittadino-italiano\/acta-de-consentimiento-decreto-consular-para-pasaporte-o-carta-didentita\/\"><strong>haga clic aqu\u00ed<\/strong><\/a>]<\/li>\n<\/ul>\n<\/li>\n<\/ol>\n<ol>\n<li>dos fotograf\u00edas en color 40\u00d730 mm.<\/li>\n<li>fotocopia del pasaporte italiano anterior (si no se posee, de otro documento de identidad)<\/li>\n<li>fotocopia del pasaporte de los padres (u otros documentos de identidad)<\/li>\n<li>en caso de robo\/extrav\u00edo del pasaporte: copia de la denuncia presentada a la Polic\u00eda espa\u00f1ola\/otras autoridades de Polic\u00eda<\/li>\n<li><span style=\"text-decoration: underline;\"><strong>S\u00d3LO PARA MENORES DE 12 A\u00d1OS<\/strong><\/span>, recibo original del pago o transferencia de la tasa de <strong>116,20 \u20ac<\/strong> a la cuenta corriente del Consulado General de Italia en Madrid &#8211; Banco Santander (IBAN: ES08 0030 1126 4500 0155 4271 \u2013 C\u00f3digo BIC\/SWIFT: BSCHESMM \u2013 Motivo: \u201c Pasaporte + <em>nombre menor<\/em>\u00ab)<br \/>\n<span style=\"text-decoration: underline;\"><strong>PARA MENORES DE 12 A 18 A\u00d1OS<\/strong><\/span>, el pago se realiza en la ventanilla mediante TPV con tarjetas de d\u00e9bito emitidas en pa\u00edses de la UE. Queda excluido el pago con tarjetas pertenecientes a circuitos internacionales y el pago en efectivo.<\/li>\n<\/ol>\n<p>Una vez finalizada la instrucci\u00f3n, la oficina de pasaportes enviar\u00e1 un correo electr\u00f3nico con las instrucciones para recoger el documento (<strong>es IMPORTANTE indicar en el formulario en may\u00fasculas y en caracteres claros y legibles la direcci\u00f3n de correo electr\u00f3nico<\/strong>).<\/p>\n<p><strong>El pasaporte deber\u00e1 ser recogido <span style=\"text-decoration: underline;\">en el Consulado General de Madrid por al menos uno de los padres<\/span> en presencia del menor de edad.<\/strong><\/p>\n<p>&nbsp;<\/p>\n<p><strong><span style=\"text-decoration: underline;\">2. Solicitud a trav\u00e9s de un Consulado Honorario<\/span><br \/>\n<\/strong><\/p>\n<p>Los residentes en las provincias de <strong>\u00c1lava, Guip\u00fazcoa, Vizcaya, La Rioja, Navarra, La Coru\u00f1a, Lugo, Pontevedra, Ourense, M\u00e1laga, Almer\u00eda, Granada, Ja\u00e9n, Badajoz, C\u00e1ceres, C\u00e1diz, C\u00f3rdoba, Huelva, Sevilla<\/strong> pueden solicitar el pasaporte acudiendo, previa cita, a al Consulado Honorario de referencia con la siguiente documentaci\u00f3n:<\/p>\n<ol>\n<li>formulario de solicitud cumplimentado y firmado POR AMBOS PADRES y declaraci\u00f3n de residencia [<a href=\"https:\/\/consmadrid.esteri.it\/wp-content\/uploads\/2025\/12\/mod-passaporti-es-2025-MENOR-ver-01.12-1.pdf\"><strong>descargar aqu\u00ed<\/strong><\/a>]<\/li>\n<\/ol>\n<ul>\n<li style=\"list-style-type: none;\">\n<ul>\n<li>IMPORTANTE: si el formulario de solicitud no puede ser firmado por uno de los progenitores, se deber\u00e1 obtener el consentimiento del otro progenitor, con m\u00e9todos diferentes si es ciudadano de la Uni\u00f3n Europea o ciudadano extracomunitario \u00b7&gt;\u00a0 [<a href=\"https:\/\/consmadrid.esteri.it\/es\/servizi-consolari-e-visti\/servizi-per-il-cittadino-italiano\/acta-de-consentimiento-decreto-consular-para-pasaporte-o-carta-didentita\/\"><strong>haga clic aqu\u00ed<\/strong><\/a>]<\/li>\n<li>IMPORTANTE: si no es posible presentar el documento de consentimiento firmado por uno de los padres, el otro padre deber\u00e1 solicitar autorizaci\u00f3n judicial para expedir el documento. Si el menor tiene su residencia en la circunscripci\u00f3n consular de Madrid, el interesado podr\u00e1 solicitar decreto de autorizaci\u00f3n consular al C\u00f3nsul General, en su calidad de \u00abJuez Tutelar\u00bb \u00b7&gt;\u00a0 [<a href=\"https:\/\/consmadrid.esteri.it\/es\/servizi-consolari-e-visti\/servizi-per-il-cittadino-italiano\/acta-de-consentimiento-decreto-consular-para-pasaporte-o-carta-didentita\/\"><strong>haga clic aqu\u00ed<\/strong><\/a>]<\/li>\n<\/ul>\n<\/li>\n<\/ul>\n<ol>\n<li>dos fotograf\u00edas en color 40\u00d730 mm.<\/li>\n<li>fotocopia del pasaporte italiano anterior (si no se posee, de otro documento de identidad)<\/li>\n<li>fotocopia del pasaporte de los padres (u otros documentos de identidad)<\/li>\n<li>en caso de robo\/extrav\u00edo del pasaporte: copia de la denuncia presentada a la Polic\u00eda Espa\u00f1ola\/otras Autoridades Policiales<\/li>\n<li>recibo original del pago o transferencia de la tasa de <strong>116,20 \u20ac<\/strong> a la cuenta corriente del Consulado General de Italia en Madrid &#8211; Banco Santander (IBAN: ES08 0030 1126 4500 0155 4271 \u2013 C\u00f3digo BIC\/SWIFT: BSCHESMM \u2013 Motivo: \u201cPasaporte + <em>nombre del menor<\/em>\u201d)<\/li>\n<\/ol>\n<p><strong>El pasaporte deber\u00e1 ser recogido <span style=\"text-decoration: underline;\">en la Oficina Consular Honoraria<\/span> por al menos uno de los padres.<\/strong><\/p>\n<p>Para concertar una cita env\u00ede un correo electr\u00f3nico a:<\/p>\n<p><strong>La Coru\u00f1a<\/strong> (residentes en Galicia): <a href=\"mailto:lacoruna.onorario@esteri.it\">lacoruna.onorario@esteri.it<\/a><br \/>\n<strong>M\u00e1laga<\/strong> (residentes en Almer\u00eda, Granada, Ja\u00e9n, M\u00e1laga): <a href=\"mailto:malaga.onorario@esteri.it\">malaga.onorario@esteri.it<\/a><br \/>\n<strong>Pamplona<\/strong> (residentes en \u00c1lava, Guip\u00fazcoa, Vizcaya, La Rioja, Navarra): <a href=\"mailto:pamplona.onorario@esteri.it\">pamplona.onorario@esteri.it<\/a><br \/>\n<strong>Sevilla<\/strong> (residentes en Badajoz, C\u00e1ceres, C\u00e1diz, C\u00f3rdoba, Huelva, Sevilla): <a href=\"mailto:siviglia.onorario@esteri.it\">siviglia.onorario@esteri.it<\/a><\/p>\n<p>Para informaci\u00f3n relativa a los viajes de menores no acompa\u00f1ados por los padres \u00b7&gt; <strong>[<a href=\"https:\/\/consmadrid.esteri.it\/consolato_madrid\/resource\/doc\/2022\/09\/mod-passaportiminori-sp.pdf\">haga clic qu\u00ed<\/a>]<\/strong><\/p>\n","protected":false},"excerpt":{"rendered":"Para poder expedir un pasaporte a un menor de edad es imprescindible que el certificado de nacimiento haya sido registrado en Italia o bien que la Oficina Consular haya iniciado el tr\u00e1mite de transcripci\u00f3n. Para los menores nacidos en Espa\u00f1a que necesiten urgentemente el pasaporte se aconseja presentar la solicitud de pasaporte junto con la [&hellip;]","protected":false},"author":3,"featured_media":0,"parent":168,"menu_order":0,"comment_status":"closed","ping_status":"closed","template":"","meta":{"footnotes":""},"class_list":["post-425","page","type-page","status-publish","hentry"],"_links":{"self":[{"href":"https:\/\/consmadrid.esteri.it\/es\/wp-json\/wp\/v2\/pages\/425","targetHints":{"allow":["GET"]}}],"collection":[{"href":"https:\/\/consmadrid.esteri.it\/es\/wp-json\/wp\/v2\/pages"}],"about":[{"href":"https:\/\/consmadrid.esteri.it\/es\/wp-json\/wp\/v2\/types\/page"}],"author":[{"embeddable":true,"href":"https:\/\/consmadrid.esteri.it\/es\/wp-json\/wp\/v2\/users\/3"}],"replies":[{"embeddable":true,"href":"https:\/\/consmadrid.esteri.it\/es\/wp-json\/wp\/v2\/comments?post=425"}],"version-history":[{"count":7,"href":"https:\/\/consmadrid.esteri.it\/es\/wp-json\/wp\/v2\/pages\/425\/revisions"}],"predecessor-version":[{"id":7058,"href":"https:\/\/consmadrid.esteri.it\/es\/wp-json\/wp\/v2\/pages\/425\/revisions\/7058"}],"up":[{"embeddable":true,"href":"https:\/\/consmadrid.esteri.it\/es\/wp-json\/wp\/v2\/pages\/168"}],"wp:attachment":[{"href":"https:\/\/consmadrid.esteri.it\/es\/wp-json\/wp\/v2\/media?parent=425"}],"curies":[{"name":"wp","href":"https:\/\/api.w.org\/{rel}","templated":true}]}}