{"id":423,"date":"2023-10-13T16:04:21","date_gmt":"2023-10-13T14:04:21","guid":{"rendered":"https:\/\/consmadrid.esteri.it\/?page_id=423"},"modified":"2025-12-03T14:36:01","modified_gmt":"2025-12-03T13:36:01","slug":"pasaporte-para-adulto-con-hijos-menores","status":"publish","type":"page","link":"https:\/\/consmadrid.esteri.it\/es\/servizi-consolari-e-visti\/servizi-per-il-cittadino-italiano\/passaporti-e-carte-didentita\/pasaporte-para-adulto-con-hijos-menores\/","title":{"rendered":"Pasaporte para adulto"},"content":{"rendered":"<p><strong><span class=\"jCAhz ChMk0b\"><span class=\"ryNqvb\"><span style=\"text-decoration: underline;\">1. Solicitud a trav\u00e9s del Consulado General de Italia en Madrid<\/span><br \/>\n<\/span><\/span><\/strong><\/p>\n<p><span class=\"jCAhz ChMk0b\"><span class=\"ryNqvb\">La solicitud se env\u00eda <strong>por correo postal<\/strong> al Consulado General de Italia en Madrid (<em>Calle Agust\u00edn de Betancourt, 3 \u2013 28003 Madrid<\/em>) adjuntando la siguiente documentaci\u00f3n:<\/span><\/span><\/p>\n<ol>\n<li><span class=\"jCAhz ChMk0b\"><span class=\"ryNqvb\">Formulario de solicitud y declaraci\u00f3n de residencia cumplimentado y firmado [<a href=\"https:\/\/consmadrid.esteri.it\/wp-content\/uploads\/2025\/03\/mod-passaporti-es-2025-MAYOR-MADRID-ver-24.03.pdf\"><strong>descargar aqu\u00ed<\/strong><\/a>]<br \/>\n<\/span><\/span><\/li>\n<li><span class=\"jCAhz ChMk0b\"><span class=\"ryNqvb\">dos fotograf\u00edas en color 40\u00d730 mm,<\/span><\/span><\/li>\n<li><span class=\"jCAhz ChMk0b\"><span class=\"ryNqvb\">fotocopia del pasaporte italiano anterior (si no se posee, de otro documento de identidad),<\/span><\/span><\/li>\n<li><span class=\"jCAhz ChMk0b\"><span class=\"ryNqvb\">en caso de robo\/p\u00e9rdida del pasaporte: copia de la denuncia de robo\/extrav\u00edo presentada a la Polic\u00eda Espa\u00f1ola\/otras Autoridades Policiales.<\/span><\/span><\/li>\n<\/ol>\n<p>Una vez finalizada la instrucci\u00f3n, la oficina de pasaportes enviar\u00e1 un correo electr\u00f3nico con las instrucciones para reservar una cita para recoger el documento (es IMPORTANTE indicar en el formulario <strong>en may\u00fasculas y en caracteres claros y legibles<\/strong> la direcci\u00f3n de correo electr\u00f3nico).<\/p>\n<p><strong><span class=\"jCAhz ChMk0b\"><span class=\"ryNqvb\">El pasaporte deber\u00e1 ser recogido <span style=\"text-decoration: underline;\">en el Consulado General de Italia en Madrid<\/span> personalmente por el interesado.<\/span><\/span> <\/strong><\/p>\n<p><span class=\"jCAhz ChMk0b\"><span class=\"ryNqvb\">El pago de <strong>116,20\u20ac<\/strong> se realiza el d\u00eda de la cita en la ventanilla del Consulado de Madrid mediante TPV con tarjetas de d\u00e9bito emitidas en pa\u00edses de la UE.<\/span><\/span> <span class=\"jCAhz ChMk0b\"><span class=\"ryNqvb\">Queda excluido el pago con tarjetas pertenecientes a circuitos internacionales y el pago en efectivo.<\/span><\/span><\/p>\n<p>&nbsp;<\/p>\n<p><strong><span class=\"jCAhz ChMk0b\"><span class=\"ryNqvb\"><span style=\"text-decoration: underline;\">2. Solicitud a trav\u00e9s de los Consulados Honorarios<\/span><br \/>\n<\/span><\/span><\/strong><\/p>\n<p><span class=\"jCAhz ChMk0b\"><span class=\"ryNqvb\">Los residentes en las provincias de <strong>\u00c1lava, Guip\u00fazcoa, Vizcaya, La Rioja, Navarra, La Coru\u00f1a, Lugo, Pontevedra, Ourense, M\u00e1laga, Almer\u00eda, Granada, Ja\u00e9n, Badajoz, C\u00e1ceres, C\u00e1diz, C\u00f3rdoba, Huelva, Sevilla<\/strong> pueden solicitar el pasaporte dirigi\u00e9ndose\u00a0<\/span><\/span>al Consulado Honorario correspondiente <span class=\"jCAhz ChMk0b\"><span class=\"ryNqvb\">&#8211;\u00a0 con cita previa a solicitar por correo electr\u00f3nico &#8211; con la siguiente documentaci\u00f3n:<\/span><\/span><\/p>\n<ol>\n<li><span class=\"jCAhz ChMk0b\"><span class=\"ryNqvb\">Formulario de solicitud y declaraci\u00f3n de residencia cumplimentado y firmado [<a href=\"https:\/\/consmadrid.esteri.it\/wp-content\/uploads\/2025\/12\/mod-passaporti-it-2025-MAGGIORENNE-ONORARI-ver-01.12.pdf\"><strong>descargar aqu\u00ed<\/strong><\/a>] &#8211; impreso \u00fanico temporalmente solo en lengua italiana<br \/>\n<\/span><\/span><\/li>\n<li><span class=\"jCAhz ChMk0b\"><span class=\"ryNqvb\">dos fotograf\u00edas en color 40\u00d730 mm.<\/span><\/span><\/li>\n<li><span class=\"jCAhz ChMk0b\"><span class=\"ryNqvb\">fotocopia del pasaporte italiano anterior (si no se posee, otro documento de identidad)<\/span><\/span><\/li>\n<li><span class=\"jCAhz ChMk0b\"><span class=\"ryNqvb\">En caso de robo\/p\u00e9rdida del pasaporte: copia del informe presentado a la Polic\u00eda Espa\u00f1ola\/otras Autoridades Policiales<\/span><\/span><\/li>\n<li><span class=\"jCAhz ChMk0b\"><span class=\"ryNqvb\">Recibo original del pago o transferencia de la tasa de <strong>116,20 \u20ac<\/strong> a la cuenta corriente del Banco Santander (IBAN: ES08 0030 1126 4500 0155 4271 \u2013 C\u00f3digo BIC\/SWIFT: BSCHESMM; asunto: \u201cpasaporte + <em>nombre del solicitante<\/em>\u201d)<\/span><\/span><\/li>\n<\/ol>\n<p><strong><span class=\"jCAhz ChMk0b\"><span class=\"ryNqvb\">El pasaporte deber\u00e1 ser recogido personalmente <span style=\"text-decoration: underline;\">en la Oficina Consular Honoraria<\/span> por el interesado.<\/span><\/span><\/strong><\/p>\n<p><span class=\"jCAhz ChMk0b\"><span class=\"ryNqvb\">Para concertar una cita env\u00ede un correo electr\u00f3nico a:<\/span><\/span><\/p>\n<ul>\n<li><span class=\"jCAhz ChMk0b\"><span class=\"ryNqvb\"><strong>La Coru\u00f1a<\/strong> (residentes en Galicia): lacoruna.onorario@esteri.it<br \/>\n<\/span><\/span><\/li>\n<li><span class=\"jCAhz ChMk0b\"><span class=\"ryNqvb\"><strong>M\u00e1laga<\/strong> (residentes en Almer\u00eda, Granada, Ja\u00e9n, M\u00e1laga): malaga.onorario@esteri.it<\/span><\/span><\/li>\n<li><span class=\"jCAhz ChMk0b\"><span class=\"ryNqvb\"><strong>Pamplona<\/strong> (residentes en \u00c1lava, Guip\u00fazcoa, Vizcaya, La Rioja, Navarra): pamplona.onorario@esteri.it<\/span><\/span><\/li>\n<li><span class=\"jCAhz ChMk0b\"><span class=\"ryNqvb\"><strong>Sevilla<\/strong> (residentes en Badajoz, C\u00e1ceres, C\u00e1diz, C\u00f3rdoba, Huelva, Sevilla): siviglia.onorario@esteri.it<\/span><\/span><\/li>\n<\/ul>\n<p>En virtud del D.L. 69\/2023, a partir del 14 de junio de 2023 <strong>los padres y madres de hijos menores ya no deber\u00e1n presentar el consentimiento del otro progenitor<\/strong> para la emisi\u00f3n de su propio documento de identidad (pasaporte y CIE).<\/p>\n<p>Es decir que el art\u00edculo 3-bis modificado de la Ley n\u00ba 1185\/1967 indica que, cuando exista un peligro concreto y actual de que, debido al traslado al extranjero, pueda eludir el cumplimiento de sus obligaciones hacia sus hijos, el otro progenitor podr\u00e1 solicitar una medida cautelar contra la expedici\u00f3n del documento.<\/p>\n<p>Dicha solicitud deber\u00e1 presentarse ante el juez competente del tribunal ordinario donde el menor tenga su residencia habitual o, si el menor reside en el extranjero, ante el Tribunal en cuya circunscripci\u00f3n se encuentre su municipio de inscripci\u00f3n en el AIRE.<\/p>\n","protected":false},"excerpt":{"rendered":"1. Solicitud a trav\u00e9s del Consulado General de Italia en Madrid La solicitud se env\u00eda por correo postal al Consulado General de Italia en Madrid (Calle Agust\u00edn de Betancourt, 3 \u2013 28003 Madrid) adjuntando la siguiente documentaci\u00f3n: Formulario de solicitud y declaraci\u00f3n de residencia cumplimentado y firmado [descargar aqu\u00ed] dos fotograf\u00edas en color 40\u00d730 mm, [&hellip;]","protected":false},"author":3,"featured_media":0,"parent":168,"menu_order":0,"comment_status":"closed","ping_status":"closed","template":"","meta":{"footnotes":""},"class_list":["post-423","page","type-page","status-publish","hentry"],"_links":{"self":[{"href":"https:\/\/consmadrid.esteri.it\/es\/wp-json\/wp\/v2\/pages\/423","targetHints":{"allow":["GET"]}}],"collection":[{"href":"https:\/\/consmadrid.esteri.it\/es\/wp-json\/wp\/v2\/pages"}],"about":[{"href":"https:\/\/consmadrid.esteri.it\/es\/wp-json\/wp\/v2\/types\/page"}],"author":[{"embeddable":true,"href":"https:\/\/consmadrid.esteri.it\/es\/wp-json\/wp\/v2\/users\/3"}],"replies":[{"embeddable":true,"href":"https:\/\/consmadrid.esteri.it\/es\/wp-json\/wp\/v2\/comments?post=423"}],"version-history":[{"count":7,"href":"https:\/\/consmadrid.esteri.it\/es\/wp-json\/wp\/v2\/pages\/423\/revisions"}],"predecessor-version":[{"id":6667,"href":"https:\/\/consmadrid.esteri.it\/es\/wp-json\/wp\/v2\/pages\/423\/revisions\/6667"}],"up":[{"embeddable":true,"href":"https:\/\/consmadrid.esteri.it\/es\/wp-json\/wp\/v2\/pages\/168"}],"wp:attachment":[{"href":"https:\/\/consmadrid.esteri.it\/es\/wp-json\/wp\/v2\/media?parent=423"}],"curies":[{"name":"wp","href":"https:\/\/api.w.org\/{rel}","templated":true}]}}