{"id":183,"date":"2023-04-03T19:30:58","date_gmt":"2023-04-03T17:30:58","guid":{"rendered":"https:\/\/consmadrid.esteri.it\/servizi-consolari-e-visti\/servizi-per-il-cittadino-straniero\/cittadinanza\/"},"modified":"2025-09-23T14:35:34","modified_gmt":"2025-09-23T12:35:34","slug":"cittadinanza","status":"publish","type":"page","link":"https:\/\/consmadrid.esteri.it\/es\/servizi-consolari-e-visti\/servizi-per-il-cittadino-straniero\/cittadinanza\/","title":{"rendered":"Ciudadan\u00eda"},"content":{"rendered":"<ol>\n<li><a href=\"https:\/\/consmadrid.esteri.it\/es\/servizi-consolari-e-visti\/servizi-per-il-cittadino-straniero\/cittadinanza\/ciudadania-por-descendencia-iure-sanguinis\/\">Reconocimiento de la ciudadan\u00eda por descendencia (iure sanguinis)<\/a><\/li>\n<li><a href=\"https:\/\/consmadrid.esteri.it\/es\/servizi-consolari-e-visti\/servizi-per-il-cittadino-straniero\/cittadinanza\/declaracion-de-adquisicion-de-la-nacionalidad-italiana-por-beneficio-de-ley-hijos-menores-nacidos-en-el-extranjero-de-ciudadanos-italianos-iure-sanguinis\/\">Adquisici\u00f3n de la ciudadan\u00eda por \u00abbeneficio de ley\u00bb (hijos menores nacidos en el extranjero)<\/a><\/li>\n<li><a href=\"https:\/\/consmadrid.esteri.it\/it\/servizi-consolari-e-visti\/servizi-per-il-cittadino-straniero\/cittadinanza\/acquisto-della-cittadinanza-di-figli-minori-conviventi-con-genitore-non-cittadino-dalla-nascita\/\">Adquisici\u00f3n de la ciudadan\u00eda para hijos menores que conviven con un progenitor extranjero desde su nacimiento<\/a><\/li>\n<li><a href=\"https:\/\/consmadrid.esteri.it\/it\/servizi-consolari-e-visti\/servizi-per-il-cittadino-straniero\/cittadinanza\/5267-2\/\">Ciudadan\u00eda por matrimonio o uni\u00f3n civil<\/a><\/li>\n<li><a href=\"https:\/\/consmadrid.esteri.it\/it\/servizi-consolari-e-visti\/servizi-per-il-cittadino-straniero\/cittadinanza\/riconoscimento-in-base-a-leggi-speciali\/\">Reconocimiento seg\u00fan leyes especiales<\/a><\/li>\n<li><a href=\"https:\/\/consmadrid.esteri.it\/it\/servizi-consolari-e-visti\/servizi-per-il-cittadino-straniero\/cittadinanza\/riacquisto-della-cittadinanza\/\">Recuperaci\u00f3n de la ciudadan\u00eda<\/a><\/li>\n<li><a href=\"https:\/\/consmadrid.esteri.it\/it\/servizi-consolari-e-visti\/servizi-per-il-cittadino-straniero\/cittadinanza\/certificato-di-non-rinuncia-istanza-cittadinanza-iure-sanguinis-presentata-in-italia\/\">Certificado de no renuncia (solicitud de ciudadan\u00eda por descendencia presentada en Italia)<\/a><\/li>\n<\/ol>\n<p>&nbsp;<\/p>\n<p><strong>No ser\u00e1 posible responder individualmente por correo electr\u00f3nico o tel\u00e9fono a las solicitudes de los usuarios de informaci\u00f3n general sobre los tr\u00e1mites o documentaci\u00f3n necesaria para solicitar la ciudadan\u00eda y se remite a las instrucciones contenidas en las p\u00e1ginas web correspondientes.<\/strong><\/p>\n<p>Para m\u00e1s informaci\u00f3n sobre las modalidades de adquisici\u00f3n, as\u00ed como sobre la renuncia y readquisici\u00f3n de la ciudadan\u00eda italiana, puede consultar la p\u00e1gina web dedicada del Ministerio de Asuntos Exteriores y de la Cooperaci\u00f3n Internacional: <a href=\"https:\/\/www.esteri.it\/it\/servizi-consolari-e-visti\/italiani-all-estero\/cittadinanza\/\">Cittadinanza \u2013 Ministero degli Affari Esteri e della Cooperazione Internazionale<\/a><\/p>\n","protected":false},"excerpt":{"rendered":"Reconocimiento de la ciudadan\u00eda por descendencia (iure sanguinis) Adquisici\u00f3n de la ciudadan\u00eda por \u00abbeneficio de ley\u00bb (hijos menores nacidos en el extranjero) Adquisici\u00f3n de la ciudadan\u00eda para hijos menores que conviven con un progenitor extranjero desde su nacimiento Ciudadan\u00eda por matrimonio o uni\u00f3n civil Reconocimiento seg\u00fan leyes especiales Recuperaci\u00f3n de la ciudadan\u00eda Certificado de no [&hellip;]","protected":false},"author":1,"featured_media":0,"parent":181,"menu_order":2,"comment_status":"closed","ping_status":"closed","template":"","meta":{"footnotes":""},"class_list":["post-183","page","type-page","status-publish","hentry"],"_links":{"self":[{"href":"https:\/\/consmadrid.esteri.it\/es\/wp-json\/wp\/v2\/pages\/183","targetHints":{"allow":["GET"]}}],"collection":[{"href":"https:\/\/consmadrid.esteri.it\/es\/wp-json\/wp\/v2\/pages"}],"about":[{"href":"https:\/\/consmadrid.esteri.it\/es\/wp-json\/wp\/v2\/types\/page"}],"author":[{"embeddable":true,"href":"https:\/\/consmadrid.esteri.it\/es\/wp-json\/wp\/v2\/users\/1"}],"replies":[{"embeddable":true,"href":"https:\/\/consmadrid.esteri.it\/es\/wp-json\/wp\/v2\/comments?post=183"}],"version-history":[{"count":8,"href":"https:\/\/consmadrid.esteri.it\/es\/wp-json\/wp\/v2\/pages\/183\/revisions"}],"predecessor-version":[{"id":6312,"href":"https:\/\/consmadrid.esteri.it\/es\/wp-json\/wp\/v2\/pages\/183\/revisions\/6312"}],"up":[{"embeddable":true,"href":"https:\/\/consmadrid.esteri.it\/es\/wp-json\/wp\/v2\/pages\/181"}],"wp:attachment":[{"href":"https:\/\/consmadrid.esteri.it\/es\/wp-json\/wp\/v2\/media?parent=183"}],"curies":[{"name":"wp","href":"https:\/\/api.w.org\/{rel}","templated":true}]}}