{"id":179,"date":"2023-04-03T19:30:35","date_gmt":"2023-04-03T17:30:35","guid":{"rendered":"https:\/\/consmadrid.esteri.it\/servizi-consolari-e-visti\/servizi-per-il-cittadino-italiano\/altri-servizi\/"},"modified":"2024-09-26T15:23:48","modified_gmt":"2024-09-26T13:23:48","slug":"altri-servizi","status":"publish","type":"page","link":"https:\/\/consmadrid.esteri.it\/es\/servizi-consolari-e-visti\/servizi-per-il-cittadino-italiano\/altri-servizi\/","title":{"rendered":"Otros servicios"},"content":{"rendered":"<p>Desde esta secci\u00f3n es posible acceder a las siguientes informaciones:<\/p>\n<ul>\n<li><a href=\"https:\/\/consmadrid.esteri.it\/es\/servizi-consolari-e-visti\/servizi-per-il-cittadino-italiano\/altri-servizi\/consejos-para-viajes-turisticos-espana\/\">consejos y sugerencias para viajes tur\u00edsticos a Espa\u00f1a<\/a><\/li>\n<li><a href=\"https:\/\/consmadrid.esteri.it\/es\/servizi-consolari-e-visti\/servizi-per-il-cittadino-italiano\/altri-servizi\/profesionales-de-referencia\/\">profesionales de referencia (m\u00e9dicos, abogados, etc.)<\/a><\/li>\n<li><a href=\"https:\/\/consmadrid.esteri.it\/es\/servizi-consolari-e-visti\/servizi-per-il-cittadino-italiano\/altri-servizi\/c-e-l-certificazione-esecuzione-lavori-allestero\/\">C.E.L. \u2013 Certificaci\u00f3n de Ejecuci\u00f3n de Obras realizadas en el extranjero<\/a><\/li>\n<li><a href=\"https:\/\/consmadrid.esteri.it\/es\/servizi-consolari-e-visti\/servizi-per-il-cittadino-italiano\/altri-servizi\/autocertificacion-acta-de-notoriedad\/\">autocertificaci\u00f3n y declaraci\u00f3n jurada<\/a><\/li>\n<li><a href=\"https:\/\/consmadrid.esteri.it\/es\/servizi-consolari-e-visti\/servizi-per-il-cittadino-italiano\/altri-servizi\/servicio-militar\/\">servicio militar<\/a><\/li>\n<li><a href=\"https:\/\/consmadrid.esteri.it\/es\/servizi-consolari-e-visti\/servizi-per-il-cittadino-italiano\/altri-servizi\/certificado-de-antecedentes-penales-casellario-giudiziale\/\">certificado de antecedentes penales (Casellario Giudiziale)<\/a><\/li>\n<li><a href=\"https:\/\/consmadrid.esteri.it\/es\/servizi-consolari-e-visti\/servizi-per-il-cittadino-italiano\/altri-servizi\/autoveicoli-e-patenti-di-guida\/\">veh\u00edculos a motor y permisos de conducir<\/a><\/li>\n<\/ul>\n","protected":false},"excerpt":{"rendered":"Desde esta secci\u00f3n es posible acceder a las siguientes informaciones: consejos y sugerencias para viajes tur\u00edsticos a Espa\u00f1a profesionales de referencia (m\u00e9dicos, abogados, etc.) C.E.L. \u2013 Certificaci\u00f3n de Ejecuci\u00f3n de Obras realizadas en el extranjero autocertificaci\u00f3n y declaraci\u00f3n jurada servicio militar certificado de antecedentes penales (Casellario Giudiziale) veh\u00edculos a motor y permisos de conducir","protected":false},"author":1,"featured_media":0,"parent":167,"menu_order":21,"comment_status":"closed","ping_status":"closed","template":"","meta":{"footnotes":""},"class_list":["post-179","page","type-page","status-publish","hentry"],"_links":{"self":[{"href":"https:\/\/consmadrid.esteri.it\/es\/wp-json\/wp\/v2\/pages\/179","targetHints":{"allow":["GET"]}}],"collection":[{"href":"https:\/\/consmadrid.esteri.it\/es\/wp-json\/wp\/v2\/pages"}],"about":[{"href":"https:\/\/consmadrid.esteri.it\/es\/wp-json\/wp\/v2\/types\/page"}],"author":[{"embeddable":true,"href":"https:\/\/consmadrid.esteri.it\/es\/wp-json\/wp\/v2\/users\/1"}],"replies":[{"embeddable":true,"href":"https:\/\/consmadrid.esteri.it\/es\/wp-json\/wp\/v2\/comments?post=179"}],"version-history":[{"count":7,"href":"https:\/\/consmadrid.esteri.it\/es\/wp-json\/wp\/v2\/pages\/179\/revisions"}],"predecessor-version":[{"id":4667,"href":"https:\/\/consmadrid.esteri.it\/es\/wp-json\/wp\/v2\/pages\/179\/revisions\/4667"}],"up":[{"embeddable":true,"href":"https:\/\/consmadrid.esteri.it\/es\/wp-json\/wp\/v2\/pages\/167"}],"wp:attachment":[{"href":"https:\/\/consmadrid.esteri.it\/es\/wp-json\/wp\/v2\/media?parent=179"}],"curies":[{"name":"wp","href":"https:\/\/api.w.org\/{rel}","templated":true}]}}