{"id":178,"date":"2023-04-03T19:30:19","date_gmt":"2023-04-03T17:30:19","guid":{"rendered":"https:\/\/consmadrid.esteri.it\/servizi-consolari-e-visti\/servizi-per-il-cittadino-italiano\/pensioni-e-sicurezza-sociale\/"},"modified":"2025-09-12T10:27:04","modified_gmt":"2025-09-12T08:27:04","slug":"pensioni-e-sicurezza-sociale","status":"publish","type":"page","link":"https:\/\/consmadrid.esteri.it\/es\/servizi-consolari-e-visti\/servizi-per-il-cittadino-italiano\/pensioni-e-sicurezza-sociale\/","title":{"rendered":"Pensiones y seguridad social &#8211; Patronatos"},"content":{"rendered":"<p>Para verificar la propia posici\u00f3n pension\u00edstica los ciudadanos italianos pueden dirigirse a los \u00abPatronatos\u00bb. Los Institutos de Patronato son Entidades de asistencia social sin \u00e1nimo de lucro, constituidas y gestionadas por las confederaciones o por las asociaciones sindicales, que ofrecen soporte y consejo a los ciudadanos italianos en los siguientes \u00e1mbitos:<\/p>\n<ul>\n<li>Pensiones (contributivas y no contributivas): informaci\u00f3n, asesoramiento, inicio de expedientes, localizaci\u00f3n de cotizaciones en otros Pa\u00edses donde se haya prestado actividad laboral (a trav\u00e9s de las sedes del patronato en Europa y en las Am\u00e9ricas).<\/li>\n<li>C\u00e1lculo del extracto contributivo (de los Pa\u00edses en que se haya trabajado)<\/li>\n<li>RED\/EST: declaraci\u00f3n de renta a presentar en la sede INPS de referencia<\/li>\n<li>Problemas relacionados con diferentes instituciones de la seguridad social (pensiones no pagadas, cambio de banco, cambio de residencia, exenci\u00f3n fiscal italiana, re-c\u00e1lculo de la pensi\u00f3n, etc.)<\/li>\n<li>Declaraciones de vario tipo (no cobertura m\u00e9dica, no posesi\u00f3n de pensiones italianas, etc.)<\/li>\n<li>Solicitud de cobertura sanitaria para los pensionistas en el extranjero<\/li>\n<li>Inclusi\u00f3n del per\u00edodo militar en el extracto contributivo, a los fines de la pensi\u00f3n.<\/li>\n<\/ul>\n<p>&nbsp;<\/p>\n<p><a class=\"mceItemAnchor\" name=\"inps-pagos\"><\/a><span style=\"text-decoration: underline;\"><strong>Pago de las pensiones INPS en el extranjero<\/strong><\/span><\/p>\n<p>Para el abono de las pensiones las personas que tienen derecho y son residentes en el extranjero el INPS ha recurrido a un instituto de cr\u00e9dito adjudicatario de un concurso p\u00fablico que se renueva cada tres a\u00f1os. El banco que recibe el encargo de este servicio opera a su vez por medio de institutos de cr\u00e9dito correspondientes en las diferntes \u00e1reas.<\/p>\n<p>Las pensiones se abonan a los residentes en el extranjero cada mes. Las pensiones de importem inferior a un l\u00edmite establecido por la ley se abonan con periodicidad semestral como ocurre con los pensionistas en Italia. El pago de las pensiones se efect\u00faa generalmente por transferencia en la cuenta corriente del pensionistas.<\/p>\n<p>A partir de febrero de 2012 el pago de las pensiones ha sido encargado a\u00a0<strong>Citibank<\/strong>, banco que tiene la misi\u00f3n de verificar anualmente la existencia en vida, la direcci\u00f3n y la residencia del pensionista.<\/p>\n<p>Las modalidades acordadas entre el INPS y Citibank prev\u00e9n que el pensionista rellene un \u00abImpreso de Certificaci\u00f3n de Existencia en Vida\u00bb (que debe recibir en su domicilio) y que autentifique su firma por una Oficina Consular y otro funcionario p\u00fablico habilitado.<\/p>\n<p>La segunda fase de la\u00a0<strong>campa\u00f1a de existencia en vida para los a\u00f1os 2024 y 2025 <\/strong>afectar\u00e1 a los pensionistas residentes en Europa. A partir del\u00a0<strong>20 de septiembre de 2024<\/strong>\u00a0Citibank se ocupar\u00e1 de enviar las certificaciones de existencia en vida, que deber\u00e1n ser devueltas\u00a0<strong>antes del 18 de enero de 2025<\/strong>. Para m\u00e1s informaci\u00f3n \u00b7&gt; [<a href=\"https:\/\/consmadrid.esteri.it\/es\/servizi-consolari-e-visti\/servizi-per-il-cittadino-italiano\/pensioni-e-sicurezza-sociale\/campagna-verifica-esistenza-in-vita\/\"><strong>haga clic aqu\u00ed<\/strong><\/a>]<\/p>\n<p><strong>IMPORTANTE<\/strong>: Los pensionistas que tengan que firmar el citado impreso o que necesiten un certificado de existencia en vida para otros tr\u00e1mites relacionados con la pensi\u00f3n, pueden dirigirse a su propio m\u00e9dico de familia o tambi\u00e9n al Patronato de referencia para obtener una asistencia m\u00e1s personalizada.<\/p>\n<p>&nbsp;<\/p>\n<p><a class=\"mceItemAnchor\" name=\"inps-patronatos\"><\/a><span style=\"text-decoration: underline;\"><strong>Patronatos que operan actualmente en Espa\u00f1a<\/strong><\/span><\/p>\n<p>&nbsp;<\/p>\n<p><strong>Patronato ACAI-ENAS (Los Cristianos-Tenerife)<\/strong><br \/>\nC\/Boston, 2\/PM L3<br \/>\n38650 Los Cristianos<br \/>\nTel: +34 656.584.315<\/p>\n<p>\u00b7<\/p>\n<p><strong>Patronato INAS (Barcelona)<\/strong><br \/>\nRambla de Catalunya, 87\/2\u00baE<br \/>\n08008 Barcelona<br \/>\nTel: +34 932.726.800<br \/>\nEmail:\u00a0<a href=\"mailto:spagna@inas.it\">spagna@inas.it<\/a><\/p>\n<p>\u00b7<\/p>\n<p><strong>Patronato INAS (Madrid)<\/strong><br \/>\nTel: +34 673932871<br \/>\nEmail:\u00a0<a href=\"mailto:v.agostini@inas.it\">v.agostini@inas.it<\/a><br \/>\nReferencia en MADRID: sede de la Sociedad Italiana de Beneficencia, Calle Agustin de Betancourt 3 (<strong>se recibe una vez al mes previa reserva de cita<\/strong>)<\/p>\n<p>\u00b7<\/p>\n<p><strong>Patronato INAS (San Isidro-Tenerife)<\/strong><br \/>\nResponsabile: Francesca Sgorbissa<br \/>\nCalle Anaga, 15 \u2013 38611 San Isidro, Granadilla de Abona<br \/>\nTelo: +34\u00a0611.327.124 &#8211; Email:\u00a0<a href=\"mailto:f.sgorbissa@inas.it\">f.sgorbissa@inas.it<\/a><br \/>\nOrario di ricevimento: lunedi-mercoledi-giovedi: 9:30\/13:30 &#8211; martedi: 9:30\/17:30<\/p>\n<p>\u00b7<\/p>\n<p><strong>Patronato INCA (Barcelona)<\/strong><br \/>\nVia Laietana, 16\/bajo (Edif. Comisiones Obreras)<br \/>\n08003 Barcelona<br \/>\nTel: +34 934.812.847- Fax: +34 934.812.849<br \/>\nEmail\u00a0<a href=\"mailto:barcellona.spagna@inca.it\">barcellona.spagna@inca.it<\/a><br \/>\nHorario: de lunes a jueves de 10 a 14 horas y de 15 a 17 horas; viernes cerrado<\/p>\n<p>\u00b7<\/p>\n<p><strong>Patronato INCA (Madrid)<\/strong><br \/>\nc\/o Asociaci\u00f3n Circolo Sardo Ichnusa<br \/>\nc\/o Centro Gallego in c\/Carretas 14 3 (sol)<br \/>\n28012 &#8211; Madrid<br \/>\nEmail\u00a0<a href=\"mailto:spagna@inca.it\">spagna@inca.it<\/a><br \/>\nTel: +34 934.812.847<\/p>\n<p>\u00b7<\/p>\n<p><strong>Patronato INCA CGIL (Alicante)<\/strong><br \/>\nc\/o Sindacato Comisiones Obreras<br \/>\nAvenida Salamanca, 33 &#8211; 03005 Alicante<br \/>\nE-mail\u00a0<a href=\"mailto:spagna@inca.it\">spagna@inca.it<\/a><br \/>\nTel. +34 934.812.847<\/p>\n<p>\u00b7<\/p>\n<p><strong>Patronato INCA (Puerto de la Cruz-Tenerife)<\/strong><br \/>\npresso la sede di CC.OO.<br \/>\nC\/ San Felipe, n\u00ba 89, Edificio Chavito-Bajo<br \/>\n38400 &#8211; Puerto de la Cruz<br \/>\nEmail\u00a0<a href=\"mailto:tenerife@inca.it\">tenerife@inca.it<\/a><br \/>\nTel: +34 616.723.898<\/p>\n<p>\u00b7<\/p>\n<p><strong>Patronato INCA (Los Cristianos-Tenerife)<\/strong><br \/>\nc\/o la sede di CC.OO.<br \/>\nAvenida Juan Carlos I (EDF Royal 2\u00b0 piano)<br \/>\n38650 &#8211; Los Cristianos<br \/>\nEmail\u00a0<a href=\"mailto:tenerife@inca.it\">tenerife@inca.it<\/a><br \/>\nTel: +34 666.955.623<\/p>\n<p><strong>Patronato INCA TENERIFE (Tenerife)<\/strong><br \/>\nc\/o la sede di CC.OO. Calle M\u00e9ndez N\u00fa\u00f1ez, 84 (7\u00b0 piano)<br \/>\n38900 &#8211; Santa Cruz de Tenerife<br \/>\nEmail\u00a0<a href=\"mailto:tenerife@inca.it\">tenerife@inca.it<\/a><br \/>\nTel: +34 616.723.898<\/p>\n<p>\u00b7<\/p>\n<p><strong>Patronato ITAL (Barcellona)<\/strong><br \/>\nCalle Muntaner, 48 4 4<br \/>\n08011 Barcelona<br \/>\nTel\/Whatsapp: +34 933046885<br \/>\nE-mail\u00a0<a href=\"mailto:ital.barcellona@gmail.com\">ital.barcellona@gmail.com<\/a>\u00a0&#8211; PEC\u00a0<a href=\"mailto:barcellona@pec.italuil.com\">barcellona@pec.italuil.com<\/a><br \/>\nSito web:\u00a0<a href=\"http:\/\/www.ital-uil.it\">www.ital-uil.it<\/a><br \/>\nLa cita se reserva por telefono, whatsapp o correo electr\u00f3nico (Horario atenci\u00f3n telef\u00f3nica: lunes y miercoles de 11.00 a 14.00 &#8211; jueves de 14.30 a 17.30)<\/p>\n<p>\u00b7<\/p>\n<p><strong>PATRONATO ITAL (Los Cristianos-Tenerife)<\/strong><br \/>\nAvenida de la Penetraci\u00f3n 1, C.C. Apolo Center, local 72<br \/>\n38650 Los Cristianos<br \/>\nApertura miercoles de 9.30 a 16.30 y viernes de 9.30 a 15.30<br \/>\nTel\/Whatsapp: +34 933046885<br \/>\nE-mail\u00a0<a href=\"mailto:ital.barcellona@gmail.com\">ital.barcellona@gmail.com<\/a>\u00a0&#8211; PEC\u00a0<a href=\"mailto:barcellona@pec.italuil.com\">barcellona@pec.italuil.com<\/a><br \/>\nSito web:\u00a0<a href=\"http:\/\/www.ital-uil.it\">www.ital-uil.it<\/a><br \/>\nLa cita se reserva por telefono, whatsapp o correo electr\u00f3nico (horario de atenci\u00f3n telef\u00f3nica: martes y jueves, de 11.00 a 14.00 horas)<\/p>\n<p>\u00b7<\/p>\n<p><strong>PATRONATO ITAL (Madrid)<\/strong><br \/>\nc\/o SIB &#8211; Calle Agust\u00edn de Betancourt, 3<br \/>\n28003 Madrid<br \/>\nTel\/Whatsapp: +34 933046885<br \/>\nE-mail\u00a0<a href=\"mailto:ital.barcellona@gmail.com\">ital.barcellona@gmail.com<\/a>\u00a0&#8211; PEC\u00a0<a href=\"mailto:barcellona@pec.italuil.com\">barcellona@pec.italuil.com<\/a><br \/>\nSito web:\u00a0<a href=\"http:\/\/www.ital-uil.it\">www.ital-uil.it<\/a><br \/>\nLLa cita se reserva por telefono, whatsapp o correo electr\u00f3nico (Horario atenci\u00f3n telef\u00f3nica: lunes y miercoles de 11.00 a 14.00 &#8211; jueves de 14.30 a 17.30)<\/p>\n<p>\u00b7<\/p>\n<p><strong>Patronato 50&amp;Pi\u00f9Enasco (Valencia)<\/strong><br \/>\nGran Via del Marqu\u00e9s del T\u00faria, 71<br \/>\n46005 &#8211; Valencia<br \/>\nTel: +34 961.030.890<br \/>\nEmail:\u00a0<a href=\"mailto:m.mallia@enasco.it\">m.mallia@enasco.it<\/a><\/p>\n<p>&nbsp;<\/p>\n<p>***<\/p>\n<p>&nbsp;<\/p>\n<p><a class=\"mceItemAnchor\" name=\"inps-asociaciones\"><\/a><span style=\"text-decoration: underline;\"><strong>Asociaciones italianas en el extranjero presentes en la base de datos del M.A.E.C.I.<\/strong><\/span><\/p>\n<p>Se detallan continuaci\u00f3n las Asociaciones representativas de las colectividades en el extranjero que responden a ciertos requisitos establecidos por el Ministero degli Affari Esteri e della Cooperazione Internazionale (consistencia num\u00e9rica de socios superior a ciertos niveles m\u00ednimos, efectiva operatividad en el territorio desde hace al menos 5 a\u00f1os, ectc.).<\/p>\n<p>&nbsp;<\/p>\n<p><strong>Associazione Circolo Sardo Ichnusa<\/strong><br \/>\nCalle Carretas, 14 3\u00ba \u2013 28012 Madrid<br \/>\nemail:\u00a0<a href=\"mailto:presidenteichnusa@hotmail.com\">presidenteichnusa@hotmail.com<\/a><br \/>\nWhatsapp: +34 693774893<br \/>\nFacebook:\u00a0<em>circolo sardo madrid ichnusa<\/em><br \/>\nTwitter:\u00a0<em>circolomadrid<\/em><br \/>\nBlog:\u00a0<em>ilcircolosardomadrid.blogspot.com.es<br \/>\n<\/em><\/p>\n<p>\u00b7<\/p>\n<p><strong>Associazione Italiani Spagna<\/strong><br \/>\nPaseo Maritimo, 35 apt. 231 &#8211; 29640 Fuengirola<br \/>\nemail:\u00a0<a href=\"mailto:pacifici.paola1@gmail.com\">pacifici.paola1@gmail.com<\/a><br \/>\nweb:\u00a0<a href=\"http:\/\/www.italianinspagna.org\">www.italianinspagna.org<\/a><\/p>\n<p>\u00b7<\/p>\n<p><strong>Associazione Pugliesi in Spagna<\/strong><br \/>\nCalle Castell\u00f3, 113 \u2013 28006 &#8211; Madrid<br \/>\nemail:\u00a0<a href=\"mailto:info.pugliesiinspagna@gmail.com\">info.pugliesiinspagna@gmail.com<\/a><br \/>\nTf. +34 649570521 &#8211; Tf. +34 653572010<\/p>\n<p>\u00b7<\/p>\n<p><strong>Asociaci\u00f3n de los Emiliano-Romagnoli en Espa\u00f1a<\/strong>\u00a0(AS.ER.ES)<br \/>\nCalle Vel\u00e1zquez, 37 1\u00ba \u2013 28001 Madrid<br \/>\nemail:\u00a0<a href=\"mailto:info@aseres.org\">info@aseres.org<\/a><br \/>\nTf. +34 645521720<\/p>\n<p>\u00b7<\/p>\n<p><strong>Bocconi Alumni Community (Chapter of Madrid)<\/strong><br \/>\nCalle Alcal\u00e1, 75 &#8211; 28009 Madrid<br \/>\nemail:\u00a0<a href=\"mailto:madrid@bocconalumni.it\">madrid@bocconialumni.it<\/a><br \/>\nweb:\u00a0<a href=\"https:\/\/www.bocconialumni.it\/permalink\/group\/madrid\">https:\/\/www.bocconialumni.it\/permalink\/group\/madrid<\/a><br \/>\nlinkedin:\u00a0<a href=\"https:\/\/www.linkedin.com\/company\/bocconi-alumni-community-madrid\">https:\/\/www.linkedin.com\/company\/bocconi-alumni-community-madrid<\/a><\/p>\n<p>\u00b7<\/p>\n<p><strong>Il Ceppo \u2013 Associazione di Veneti in Spagna<\/strong><br \/>\nemail:\u00a0<a href=\"mailto:il_ceppo@yahoo.es\">il_ceppo@yahoo.es<\/a><\/p>\n<p>\u00b7<\/p>\n<p><strong>Societ\u00e0 Italiana di Beneficenza<\/strong><br \/>\nCalle Agust\u00edn de Betancourt, 3 \u2013 28003 Madrid<br \/>\nemail:\u00a0<a href=\"mailto:presidente@sibenitalia.org\">presidente@sibenitalia.org<\/a><\/p>\n<p>\u00b7<\/p>\n<p><strong>Asociaci\u00f3n Residentes Italo-Argentinos de la Costa del Sol<\/strong><br \/>\nemail:\u00a0<a href=\"mailto:andresmontesanto@gmail.com\">andresmontesanto@gmail.com<\/a><\/p>\n<p>\u00b7<\/p>\n<p><strong>Associazione Dante Alighieri Malaga<\/strong><br \/>\nPlaza Uncibay 9 1\u00ba izq. &#8211; 29008 Malaga<br \/>\nTf. +34 952211820<br \/>\nemail:\u00a0<a href=\"mailto:infocursos@ladante.es\">infocursos@ladante.es<\/a><\/p>\n<p>\u00b7<\/p>\n<p><strong>Asociaci\u00f3n Italiani a Siviglia<\/strong><br \/>\nCalle Gabriela S\u00e1nchez Aranda, local 5A &#8211; 51010 Sevilla<br \/>\nemail:\u00a0<a href=\"mailto:mastrantoni.martina@gmail.com\">mastrantoni.martina@gmail.com<\/a><\/p>\n<p>.<\/p>\n<p><strong>Asociaci\u00f3n Italiani nella Rioja<\/strong><br \/>\nCalle Gonzalo de Berceo, 2 oficina 8 -26005 Logro\u00f1o<br \/>\nemail:\u00a0<a href=\"mailto:duepassi2015@gmail.com\">duepassi2015@gmail.com<\/a><br \/>\nfacebook:\u00a0<a href=\"https:\/\/www.facebook.com\/DuePassi.org\">https:\/\/www.facebook.com\/DuePassi.org<\/a><br \/>\ninstagram: @duepassiitalianilogrono<br \/>\nTf: +34 658183611<\/p>\n","protected":false},"excerpt":{"rendered":"Para verificar la propia posici\u00f3n pension\u00edstica los ciudadanos italianos pueden dirigirse a los \u00abPatronatos\u00bb. Los Institutos de Patronato son Entidades de asistencia social sin \u00e1nimo de lucro, constituidas y gestionadas por las confederaciones o por las asociaciones sindicales, que ofrecen soporte y consejo a los ciudadanos italianos en los siguientes \u00e1mbitos: Pensiones (contributivas y no [&hellip;]","protected":false},"author":1,"featured_media":0,"parent":167,"menu_order":16,"comment_status":"closed","ping_status":"closed","template":"","meta":{"footnotes":""},"class_list":["post-178","page","type-page","status-publish","hentry"],"_links":{"self":[{"href":"https:\/\/consmadrid.esteri.it\/es\/wp-json\/wp\/v2\/pages\/178","targetHints":{"allow":["GET"]}}],"collection":[{"href":"https:\/\/consmadrid.esteri.it\/es\/wp-json\/wp\/v2\/pages"}],"about":[{"href":"https:\/\/consmadrid.esteri.it\/es\/wp-json\/wp\/v2\/types\/page"}],"author":[{"embeddable":true,"href":"https:\/\/consmadrid.esteri.it\/es\/wp-json\/wp\/v2\/users\/1"}],"replies":[{"embeddable":true,"href":"https:\/\/consmadrid.esteri.it\/es\/wp-json\/wp\/v2\/comments?post=178"}],"version-history":[{"count":6,"href":"https:\/\/consmadrid.esteri.it\/es\/wp-json\/wp\/v2\/pages\/178\/revisions"}],"predecessor-version":[{"id":6273,"href":"https:\/\/consmadrid.esteri.it\/es\/wp-json\/wp\/v2\/pages\/178\/revisions\/6273"}],"up":[{"embeddable":true,"href":"https:\/\/consmadrid.esteri.it\/es\/wp-json\/wp\/v2\/pages\/167"}],"wp:attachment":[{"href":"https:\/\/consmadrid.esteri.it\/es\/wp-json\/wp\/v2\/media?parent=178"}],"curies":[{"name":"wp","href":"https:\/\/api.w.org\/{rel}","templated":true}]}}