{"id":177,"date":"2023-04-03T19:30:10","date_gmt":"2023-04-03T17:30:10","guid":{"rendered":"https:\/\/consmadrid.esteri.it\/servizi-consolari-e-visti\/servizi-per-il-cittadino-italiano\/codice-fiscale\/"},"modified":"2025-08-08T15:10:46","modified_gmt":"2025-08-08T13:10:46","slug":"codice-fiscale","status":"publish","type":"page","link":"https:\/\/consmadrid.esteri.it\/es\/servizi-consolari-e-visti\/servizi-per-il-cittadino-italiano\/codice-fiscale\/","title":{"rendered":"C\u00f3digo fiscal &#8211; Solicitud PIN (Fisconline) &#8211; SPID"},"content":{"rendered":"<p>El c\u00f3digo fiscal es el c\u00f3digo alfanum\u00e9rico emitido por la Agencia Tributaria para identificar al ciudadano (italiano o extranjero) en las relaciones con las administraciones p\u00fablicas, particulares y entidades italianas. Para las personas f\u00edsicas, el c\u00f3digo tributario se determina sobre la base de datos personales.<\/p>\n<p>Cualquier obligaci\u00f3n administrativa (pago de impuestos, derechos, tasas, etc.) o actividad administrativa (aceptaci\u00f3n de herencias, contratos con entidades p\u00fablicas o privadas, solicitud de financiaci\u00f3n, patrocinios, arrendamientos o pr\u00e9stamos para el uso de bienes inmuebles, etc.) requiere la indicaci\u00f3n del c\u00f3digo fiscal de la persona que la realiza.<\/p>\n<p>***<\/p>\n<p><strong>1. CIUDADANOS ITALIANOS RESIDENTES EN EL DISTRITO CONSULAR Y REGISTRADOS EN AIRE<\/strong><br \/>\nLos ciudadanos italianos residentes en la jurisdicci\u00f3n consular y registrados en AIRE podr\u00e1n solicitar la asignaci\u00f3n de un c\u00f3digo fiscal a trav\u00e9s de la <a href=\"https:\/\/serviziconsolari.esteri.it\/ScoFE\/\">plataforma informatica FAST-IT<\/a>.<\/p>\n<p>El servicio de solicitud del C\u00f3digo Fiscal est\u00e1 disponible en el Portal Fast It exclusivamente para los <strong>ciudadanos italianos adultos registrados en AIRE<\/strong>, que podr\u00e1n iniciar el tr\u00e1mite <strong>para ellos y para sus hijos menores de edad<\/strong>, tambi\u00e9n italianos registrados en AIRE, que consten en su familia (<a href=\"https:\/\/consmadrid.esteri.it\/wp-content\/uploads\/2024\/07\/CF-FAST-IT.pdf\"><em>haga clic aqu\u00ed para obtener m\u00e1s informaci\u00f3n sobre c\u00f3mo proceder<\/em><\/a>).<\/p>\n<p><strong>Una vez procesada la solicitud, el solicitante podr\u00e1 descargar de forma independiente el certificado de atribuci\u00f3n del c\u00f3digo fiscal.<\/strong><\/p>\n<p>Si este certificado elaborado y descargado por Fast-IT no fuese aceptado por el proveedor de la identidad digital SPID, el ciudadano podr\u00e1 se\u00f1alar al proveedor que la AGID emiti\u00f3 el 30.04.2024 un <span style=\"text-decoration: underline;\">aviso espec\u00edfico por el que los proveedores autorizados para expedir el SPID est\u00e1n obligados a reconocer como v\u00e1lidos y aut\u00e9nticos los certificados de atribuci\u00f3n del c\u00f3digo fiscal emitidos por las oficinas consulares<\/span>. En la misma p\u00e1gina de inicio de Fast-It es posible consultar este aviso, disponible adem\u00e1s en el siguiente enlace: <a href=\"https:\/\/www.agid.gov.it\/sites\/default\/files\/repository_files\/spid-avviso-n7v2-rilascio-identita-italiani-stabiliti-estero_f.pdf\">spid-avviso-n7v2-rilascio-identita-italiani-stabiliti-estero_f.pdf (agid.gov.it)<\/a>.<\/p>\n<p><strong>S\u00f3lo en casos de necesidad comprobada se podr\u00e1 solicitar la tarjeta fisica del c\u00f3digo fiscal<\/strong>. En este caso el solicitante, adem\u00e1s de justificar su solicitud, deber\u00e1 enviar <strong>por correo postal<\/strong> la siguiente documentaci\u00f3n (<em>Consulado General de Italia en Madrid &#8211; Calle Agust\u00edn de Betancourt n.3 &#8211; 28003 Madrid<\/em>):<br \/>\n\u2022 <strong>formulario AA4\/8<\/strong> cumplimentado en todas sus partes y con indicaci\u00f3n de una direcci\u00f3n de residencia en Espa\u00f1a, impreso y firmado; para menores de edad deber\u00e1 firmar uno de los padres o tutor legal \u00b7&gt; [<a href=\"https:\/\/consmadrid.esteri.it\/wp-content\/uploads\/2023\/11\/mod-codicefiscale-aa4-8-editabile.pdf\"><strong>descargar aqu\u00ed<\/strong><\/a>] &#8211; <a href=\"https:\/\/www.agenziaentrate.gov.it\/portale\/documents\/20143\/278893\/istruzioni+cf+AA48_istruzioni+modello+AA4+8.pdf\/1c62b06c-535a-5b59-c8e0-4a329a5b4668\">Instrucciones para rellenar el formulario<\/a><br \/>\n\u2022 <strong>copia del documento de identidad<\/strong><br \/>\n\u2022 un <strong>sobre vac\u00edo prefranqueado<\/strong> (tama\u00f1o mediano, hasta 100 g) con la direcci\u00f3n ya escrita del solicitante para el env\u00edo de la tarjeta (se puede adquirir en las oficinas de Correos).<\/p>\n<p>***<\/p>\n<p><strong>2. CIUDADANOS EXTRANJEROS NO RESIDENTES EN ITALIA<\/strong><br \/>\n<span class=\"jCAhz ChMk0b\"><span class=\"ryNqvb\"><strong>E<\/strong><span style=\"text-decoration: underline;\"><strong>l ciudadano extranjero no residente en Italia debe delegar espec\u00edficamente una persona para presentar el formulario de solicitud del C\u00f3digo Fiscal directamente en las oficinas de la Agenzia delle Entrate<\/strong><\/span> situadas en Italia<\/span><\/span><span class=\"jCAhz ChMk0b\"><span class=\"ryNqvb\">. <\/span><\/span><\/p>\n<p><span class=\"jCAhz ChMk0b\"><span class=\"ryNqvb\">Las direcciones de las oficinas de la Agencia Tributaria se pueden encontrar en el sitio web <\/span><\/span><a class=\"focus--mouse\" href=\"https:\/\/www.agenziaentrate.gov.it\/portale\/lista-uffici\" data-focus-mouse=\"true\"><strong>Lista de oficinas \u2013 Agenzia delle Entrate<\/strong><\/a><\/p>\n<p>El C\u00f3digo Fiscal puede ser solicitado a este Consulado General por un ciudadano extranjero residente en la <a href=\"https:\/\/consmadrid.esteri.it\/es\/chi-siamo\/la-rete-consolare\/\">circunscripci\u00f3n consular<\/a> <strong>s\u00f3lo en los casos en que sea necesario que los tr\u00e1mites se realicen online, o sea <span style=\"text-decoration: underline;\">sin que sea prevista la entrada a Italia<\/span>: <\/strong>en estos\u00a0 casos la Oficina Consular remitir\u00e1 la solicitud a la Agenzia delle Entrate en Italia.<\/p>\n<p><strong><span style=\"text-decoration: underline;\"> En los dem\u00e1s casos, ser\u00e1 necesario delegar la solicitud del c\u00f3digo tributario a un representante en Italia<\/span>, <\/strong>mediante el <a href=\"https:\/\/consmadrid.esteri.it\/wp-content\/uploads\/2023\/11\/mod-codicefiscale-aa4-8-editabile.pdf\">modelo AA4\/8<\/a> que prev\u00e9 la delega en la \u00faltima casilla y que deber\u00e1 ser entregado directamente a la persona delegada para presentar la solicitud ante la Agenzia delle Entrate en Italia.<\/p>\n<p>&nbsp;<\/p>\n<p><span style=\"text-decoration: underline;\"><strong><span class=\"jCAhz ChMk0b\"><span class=\"ryNqvb\">ESTUDIANTES <\/span><\/span><\/strong><\/span><\/p>\n<p><span class=\"jCAhz ChMk0b\"><span class=\"ryNqvb\">Los <strong>estudiantes<\/strong> que necesiten un c\u00f3digo fiscal para la preinscripci\u00f3n en la Universidad pueden obtenerlo autom\u00e1ticamente en el <a href=\"https:\/\/www.universitaly.it\/\">Portal UNIVERSITALY<\/a> durante la solicitud de preinscripci\u00f3n.<\/span><\/span> <span class=\"jCAhz ChMk0b\"><span class=\"ryNqvb\">La atribuci\u00f3n del C\u00f3digo Tributario podr\u00e1 realizarse: <\/span><\/span><\/p>\n<ul>\n<li><span class=\"jCAhz ChMk0b\"><span class=\"ryNqvb\">en el caso de estudiantes extra-UE en la Ventanilla \u00danica de Inmigraci\u00f3n o en la Questura cuando soliciten el permiso de residencia; <\/span><\/span><\/li>\n<li><span class=\"jCAhz ChMk0b\"><span class=\"ryNqvb\">en el caso de estudiantes UE, en las oficinas de la Agenzia delle Entrate mediante la presentaci\u00f3n del <a href=\"https:\/\/consmadrid.esteri.it\/wp-content\/uploads\/2023\/11\/mod-codicefiscale-aa4-8-editabile.pdf\">formulario AA4\/8<\/a> (<a href=\"https:\/\/www.agenziaentrate.gov.it\/portale\/documents\/20143\/278893\/istruzioni+cf+AA48_istruzioni+modello+AA4+8.pdf\/1c62b06c-535a-5b59-c8e0-4a329a5b4668\">Instrucciones para rellenar el formulario<\/a>)<\/span><\/span><\/li>\n<\/ul>\n<p>Los <span style=\"text-decoration: underline;\"><strong>ESTUDIANTES ERASMUS<\/strong><\/span> pueden solicitar personalmente el c\u00f3digo fiscal a la Agencia Tributaria una vez llegados a Italia. Si lo necesitan antes de entrar en el Pa\u00eds, deber\u00e1n delegar un representante en Italia que lo solicite directamente en las oficinas de la Agencia Tributaria, utilizando el <a href=\"https:\/\/consmadrid.esteri.it\/wp-content\/uploads\/2023\/11\/mod-codicefiscale-aa4-8-editabile.pdf\">formulario AA4\/8<\/a> que incluye la delega en la \u00faltima casilla y que deber\u00e1 ser entregado directamente a la persona delegada (<a href=\"https:\/\/www.agenziaentrate.gov.it\/portale\/documents\/20143\/278893\/istruzioni+cf+AA48_istruzioni+modello+AA4+8.pdf\/1c62b06c-535a-5b59-c8e0-4a329a5b4668\">Instrucciones para rellenar el formulario<\/a>).<\/p>\n<p>&nbsp;<\/p>\n<p><span style=\"text-decoration: underline;\"><strong><span class=\"jCAhz ChMk0b\"><span class=\"ryNqvb\">COMPRA DE INMUEBLES U OTRAS ACTIVIDADES COMERCIALES\/FINANCIERAS <\/span><\/span><\/strong><\/span><\/p>\n<p><span class=\"jCAhz ChMk0b\"><span class=\"ryNqvb\">Los ciudadanos extranjeros que necesiten un c\u00f3digo fiscal para comprar bienes inmuebles o para otras actividades comerciales o financieras en Italia deben delegar, mediante un documento espec\u00edfico, a un representante para que solicite el c\u00f3digo fiscal a la Agenzia delle Entrate en su nombre. <\/span><\/span><\/p>\n<p><span class=\"jCAhz ChMk0b\"><span class=\"ryNqvb\">El ciudadano extranjero que necesite un c\u00f3digo fiscal <strong>para iniciar un procedimiento judicial en Italia<\/strong> puede incluir entre los poderes atribuidos al abogado que le representa el poder de solicitar el c\u00f3digo fiscal en cualquier oficina de la Agenzia delle Entrate.<\/span><\/span>\u00a0<span class=\"jCAhz ChMk0b\"><span class=\"ryNqvb\">Las direcciones de las oficinas de la Agenzia delle Entrate se pueden encontrar en el sitio web <a href=\"http:\/\/www.agenziaentrate.it\">www.agenziaentrate.it<\/a>.\u00a0<\/span><\/span><\/p>\n<p>&nbsp;<\/p>\n<p><span class=\"jCAhz ChMk0b\"><span class=\"ryNqvb\"><strong>A los ciudadanos de Pa\u00edses no pertenecientes a la UE<\/strong> que deseen residir en Italia se les asigna un c\u00f3digo fiscal: <\/span><\/span><\/p>\n<p><span class=\"jCAhz ChMk0b\"><span class=\"ryNqvb\">\u2013 por el \u00abSportello Unico dell&#8217;Immigrazione\u00bb, presente en cada Prefectura y encargada de expedir los permisos de residencia a los ciudadanos extranjeros que solicitan un permiso de residencia por trabajo o por reunificaci\u00f3n familiar; <\/span><\/span><\/p>\n<p><span class=\"jCAhz ChMk0b\"><span class=\"ryNqvb\">\u2013 por la \u00abQuestura\u00bb competente por el lugar de residencia, para los ciudadanos extranjeros que soliciten otros tipos de permisos de residencia (como se destaca en la Mini gu\u00eda del c\u00f3digo fiscal para extranjeros, publicada por la Agencia delle Entrate en 18 idiomas <a href=\"https:\/\/www.agenziaentrate.gov.it\/portale\/web\/guest\/mini-guida-codice-fiscale-per-stranieri\">La Agencia \u2013 Mini gu\u00eda del c\u00f3digo fiscal para extranjeros \u2013 Agencia Tributaria (agenziaentrate.gov.it)<\/a>).<\/span><\/span><\/p>\n<p>&nbsp;<\/p>\n<p><strong>Documentaci\u00f3n a presentar y enviar por correo electr\u00f3nico a <a href=\"mailto:madrid.cfiscale@esteri.it\">madrid.cfiscale@esteri.it<\/a>, s\u00f3lo en caso de tr\u00e1mites a realizar online y <span style=\"text-decoration: underline;\">PARA LOS QUE NO EST\u00c1 PREVISTA LA ENTRADA DEL EXTRANJERO EN ITALIA<\/span>):<\/strong><\/p>\n<ol>\n<li><a href=\"https:\/\/consmadrid.esteri.it\/wp-content\/uploads\/2023\/11\/mod-codicefiscale-aa4-8-editabile.pdf\">Formulario (AA4\/8 del Agenzia delle Entrate)<\/a> impreso y firmado; para menores de edad deber\u00e1 firmar uno de los padres o tutor legal (<a href=\"https:\/\/www.agenziaentrate.gov.it\/portale\/documents\/20143\/278893\/istruzioni+cf+AA48_istruzioni+modello+AA4+8.pdf\/1c62b06c-535a-5b59-c8e0-4a329a5b4668\">Instrucciones para rellenar el formulario<\/a>);<\/li>\n<li>Copia del documento de identidad;<\/li>\n<li><strong>Motivo documentado de la solicitud e indicaci\u00f3n concreta y especifica del procedimiento a realizar en Italia que no requiere la entrada del extranjero al Pa\u00eds<\/strong>;<\/li>\n<li>Documentaci\u00f3n comprobante el tr\u00e1mite a realizar on line.<\/li>\n<\/ol>\n<p><strong><u>Toda la documentaci\u00f3n debe estar en formato PDF y no debe exceder 1 MB<br \/>\n<\/u><\/strong><\/p>\n<p>La solicitud debe ser individual y <span style=\"text-decoration: underline;\">el Consulado General se reserva el derecho de solicitar documentaci\u00f3n adicional<\/span>.<\/p>\n<p>El n\u00famero de c\u00f3digo fiscal asignado se comunica al solicitante por correo electr\u00f3nico.<\/p>\n<p>El tiempo de emisi\u00f3n del c\u00f3digo fiscal a trav\u00e9s del Consulado General es en promedio de 30 d\u00edas.<\/p>\n<p>&nbsp;<\/p>\n<p>&nbsp;<\/p>\n<p>&nbsp;<\/p>\n<p>***<\/p>\n<p>Para los <strong>c\u00f3digos fiscales de las empresas y los n\u00fameros de IVA<\/strong>, las empresas interesadas deben comunicarse directamente con la Agencia Tributaria \u00b7&gt; [<a href=\"http:\/\/www.agenziaentrate.gov.it\"><em>haga clic aqu\u00ed<\/em><\/a>]<\/p>\n<p>&nbsp;<\/p>\n<p>***<\/p>\n<p>Para cualquier otra informaci\u00f3n relativa a cuestiones tributarias sugerimos visitar el sitio web oficial de la Agencia Tributaria: <a href=\"http:\/\/www.agenziaentrate.gov.it\">http:\/\/www.agenziaentrate.gov.it\u00a0<\/a><\/p>\n<p>&nbsp;<\/p>\n<p>***<\/p>\n<p>&nbsp;<\/p>\n<p><span style=\"text-decoration: underline;\"><strong>DECLARACI\u00d3N DE LA RENTA EN EL EXTRANJERO &#8211; SOLICITUD DEL PINCODE DE ACCESO<\/strong><\/span><\/p>\n<p>La Agenzia delle Entrate italiana ofrece a los\u00a0<strong>ciudadanos italianos residentes en el extranjero<\/strong>\u00a0la posibilidad de obtener el PINCODE\u00a0que les permitir\u00e1 enviar por Internet la\u00a0<strong>\u00abdichiarazione Unico persone fisiche\u00bb<\/strong>\u00a0y efectuar los pagos correspondientes a la misma. Los procedimientos indicados se refieren \u00fanicamente a personas que ya no residen en\u00a0territorio italiano, y que por tanto pueden dirigirse a las Embajadas y Consulados en el extranjero para solicitar su PINCODE.<\/p>\n<p>Requisitos para activar el PINCODE a trav\u00e9s del Consulado:<\/p>\n<ol>\n<li>inscripci\u00f3n en el registro consular de residentes \u00b7&gt; [<a href=\"https:\/\/consmadrid.esteri.it\/es\/servizi-consolari-e-visti\/servizi-per-il-cittadino-italiano\/anagrafe-degli-italiani-residenti-allestero-aire\/\"><em>link<\/em><\/a>]<\/li>\n<li>inscripci\u00f3n en el registro AIRE del Municipio italiano de referencia<\/li>\n<\/ol>\n<p>El servicio\u00a0<strong>no es operativo para los ciudadano extranjeros\u00a0<\/strong>(es decir, no italianos) que deben dirigirse directamente y personalmente a las sucursales de la Agenzia delle Entrate que se encuentran\u00a0<strong>en Italia<\/strong>.<\/p>\n<p><strong>Modalidades de solicitud del PINCODE<br \/>\n<\/strong><br \/>\nPara obtener el PINCODE es necesario seguir estos pasos:<\/p>\n<p>1. conectarse al sitio web \u00a0<a href=\"http:\/\/telematici.agenziaentrate.gov.it\/\">http:\/\/telematici.agenziaentrate.gov.it<\/a>\u00a0y\u00a0<strong>activar el procedimiento\u00a0<\/strong>desde la\u00a0secci\u00f3n \u00abAbilitazione\u00bb, utilizando la funci\u00f3n espec\u00edfica \u00abPresentazione della domanda &#8211; Cittadini italiani residenti all&#8217;estero\u00bb<br \/>\n2.\u00a0<strong>imprimir la solicitud aceptada por la Agenzia delle Entrate\u00a0<\/strong>y enviarla al Consulado por correo electr\u00f3nico al email\u00a0<strong><a href=\"mailto:madrid.cfiscale@esteri.it\">madrid.cfiscale@esteri.it<\/a><\/strong>\u00a0indicando los datos personales completos (nombre, apellido, lugar y fecha de nacimiento, direcci\u00f3n de residencia, tel\u00e9fono de contacto, direcci\u00f3n de correo electr\u00f3nico) y adjuntando la copia escaneada del documento de identidad<br \/>\n3.\u00a0<strong>esperar\u00a0<\/strong>la comunicaci\u00f3n del Consulado que contendr\u00e1 la\u00a0<strong>primera parte del PINCODE\u00a0<\/strong>y la clave de acceso<br \/>\n4.\u00a0<strong>acceder<\/strong>\u00a0de nuevo al sitio web\u00a0<a href=\"http:\/\/telematici.agenziaentrate.gov.it\/\">http:\/\/telematici.agenziaentrate.gov.it<\/a>\u00a0 para recibir la\u00a0<strong>segunda parte del PINCODE<\/strong><\/p>\n<p>No se admiten otros procedimientos diferentes al indicado.<\/p>\n<p><strong>El Consulado no puede activar, en ning\u00fan caso, la primera fase de la solicitud (punto 1).<\/strong><\/p>\n<p>&nbsp;<\/p>\n<p>***<\/p>\n<p>&nbsp;<\/p>\n<p><span style=\"text-decoration: underline;\"><strong>INCENTIVOS FISCALES PARA EL REGRESO A ITALIA DE LOS TRABAJADORES (Ley n. 238, 30\/12\/2010)<\/strong><\/span><\/p>\n<p>Para m\u00e1s informaci\u00f3n [<strong><a href=\"https:\/\/www.normattiva.it\/uri-res\/N2Ls?urn:nir:stato:legge:2010;238\">haga clic aqu\u00ed<\/a><\/strong>] (nota: el enlace es externo a nuestra p\u00e1gina web &#8211; sitio web en italiano y en ingl\u00e9s)<\/p>\n","protected":false},"excerpt":{"rendered":"El c\u00f3digo fiscal es el c\u00f3digo alfanum\u00e9rico emitido por la Agencia Tributaria para identificar al ciudadano (italiano o extranjero) en las relaciones con las administraciones p\u00fablicas, particulares y entidades italianas. Para las personas f\u00edsicas, el c\u00f3digo tributario se determina sobre la base de datos personales. Cualquier obligaci\u00f3n administrativa (pago de impuestos, derechos, tasas, etc.) o [&hellip;]","protected":false},"author":1,"featured_media":0,"parent":167,"menu_order":10,"comment_status":"closed","ping_status":"closed","template":"","meta":{"footnotes":""},"class_list":["post-177","page","type-page","status-publish","hentry"],"_links":{"self":[{"href":"https:\/\/consmadrid.esteri.it\/es\/wp-json\/wp\/v2\/pages\/177","targetHints":{"allow":["GET"]}}],"collection":[{"href":"https:\/\/consmadrid.esteri.it\/es\/wp-json\/wp\/v2\/pages"}],"about":[{"href":"https:\/\/consmadrid.esteri.it\/es\/wp-json\/wp\/v2\/types\/page"}],"author":[{"embeddable":true,"href":"https:\/\/consmadrid.esteri.it\/es\/wp-json\/wp\/v2\/users\/1"}],"replies":[{"embeddable":true,"href":"https:\/\/consmadrid.esteri.it\/es\/wp-json\/wp\/v2\/comments?post=177"}],"version-history":[{"count":7,"href":"https:\/\/consmadrid.esteri.it\/es\/wp-json\/wp\/v2\/pages\/177\/revisions"}],"predecessor-version":[{"id":6193,"href":"https:\/\/consmadrid.esteri.it\/es\/wp-json\/wp\/v2\/pages\/177\/revisions\/6193"}],"up":[{"embeddable":true,"href":"https:\/\/consmadrid.esteri.it\/es\/wp-json\/wp\/v2\/pages\/167"}],"wp:attachment":[{"href":"https:\/\/consmadrid.esteri.it\/es\/wp-json\/wp\/v2\/media?parent=177"}],"curies":[{"name":"wp","href":"https:\/\/api.w.org\/{rel}","templated":true}]}}