{"id":1736,"date":"2023-10-13T16:41:28","date_gmt":"2023-10-13T14:41:28","guid":{"rendered":"https:\/\/consmadrid.esteri.it\/?page_id=1736"},"modified":"2025-12-01T17:10:03","modified_gmt":"2025-12-01T16:10:03","slug":"expedicion-de-pasaporte-en-casos-de-demostrada-urgencia","status":"publish","type":"page","link":"https:\/\/consmadrid.esteri.it\/es\/servizi-consolari-e-visti\/servizi-per-il-cittadino-italiano\/passaporti-e-carte-didentita\/expedicion-de-pasaporte-en-casos-de-demostrada-urgencia\/","title":{"rendered":"Expedici\u00f3n de pasaporte en casos de demostrada urgencia"},"content":{"rendered":"<p><span style=\"text-decoration: underline;\"><strong>CASOS DE URGENCIA<\/strong><\/span><\/p>\n<p>En caso de viaje con comprobada urgencia, acreditada por\u00a0<strong>razones de salud, trabajo, estudio o familiares graves<\/strong>, los ciudadanos residentes e<strong>\u00a0inscritos en el AIRE<\/strong>\u00a0en la jurisdicci\u00f3n de Madrid\u00a0podr\u00e1n acceder a un tr\u00e1mite extraordinario enviando\u00a0<strong>por correo ordinario o certificado<\/strong>\u00a0la siguiente documentaci\u00f3n:<\/p>\n<p>A) el <strong>formulario de urgencia<\/strong> y la <strong>solicitud de pasaporte completa con la documentaci\u00f3n<\/strong> necesaria para la expedici\u00f3n del pasaporte [<a href=\"https:\/\/consmadrid.esteri.it\/wp-content\/uploads\/2025\/10\/mod-passaportimotivourgenza-2024-ver-28.08.2024.pdf\"><strong>haga clic aqu\u00ed<\/strong><\/a>]<\/p>\n<p>B) <strong>documentaci\u00f3n que demuestre la urgencia<\/strong>\u00a0perteneciente a una de las siguientes categor\u00edas:<\/p>\n<ul>\n<li><strong>motivos de salud<\/strong>: certificado de estructuras o autoridades competentes, p\u00fablicas o privadas.<\/li>\n<li><strong>necesidades laborales urgentes<\/strong>: solicitud motivada firmada por la persona que ocupa cargos directivos (completa con nombre, cargo y n\u00famero de tel\u00e9fono de la persona que firma) y escrita en papel con membrete del empleador.<\/li>\n<li><strong>motivos de estudio<\/strong>: carta de la Universidad\/Centro de Estudios explicando la urgencia;<\/li>\n<li>\u00a0<strong>motivos familiares graves<\/strong>: documentaci\u00f3n acreditativa \u00fatil para acreditar el motivo de urgencia.<\/li>\n<\/ul>\n<p>Si la documentaci\u00f3n enviada para justificar la urgencia se considera adecuada, la<strong>\u00a0oficina de pasaportes comunicar\u00e1 una cita<\/strong>\u00a0para recoger las huellas dactilares.<\/p>\n<p>Se proceder\u00e1 a emitir el pasaporte el mismo d\u00eda de la cita\u00a0<strong>s\u00f3lo si\u00a0<\/strong>durante la tramitaci\u00f3n de la solicitud<strong>\u00a0no aparezcan antecedentes<\/strong>\u00a0y la\u00a0<strong>posici\u00f3n de registro\/estado civil est\u00e9 en regla<\/strong>. En el supuesto de emisi\u00f3n del pasaporte con urgencia, el solicitante deber\u00e1 abonar (adem\u00e1s de la tasa de 116,20 euros para el pasaporte), los derechos de urgencia que ascienden a <strong>50 euros<\/strong>, seg\u00fan tarifa consular, siguiendo las instrucciones que recibir\u00e1 en la ventanilla.<\/p>\n<p>El procedimiento descrito es v\u00e1lido s\u00f3lo para los casos indicados anteriormente.<\/p>\n<p>No es posible aceptar solicitudes de expedici\u00f3n urgente de pasaportes para tr\u00e1mites burocr\u00e1ticos a realizar en Espa\u00f1a o para viajes tur\u00edsticos.<\/p>\n<p>&nbsp;<\/p>\n<p><span style=\"text-decoration: underline;\"><strong>CASOS DE EXTREMA URGENCIA<\/strong><\/span><\/p>\n<p>En caso de\u00a0<strong>urgencia absoluta y documentada<\/strong>\u00a0para que los viajes se realicen\u00a0<strong>dentro de los 7 d\u00edas<\/strong>\u00a0por los mismos motivos antes expuestos (<strong>motivos graves familiares, de salud, laborales o de estudio<\/strong>) los residentes en la jurisdicci\u00f3n consular inscritos en el AIRE podr\u00e1n presentar lasolicitud a la oficina de pasaportes a trav\u00e9s del correo electr\u00f3nico\u00a0<a href=\"mailto:passaporti.madrid@esteri.it,\">passaporti.madrid@esteri.it,<\/a> adjuntando la documentaci\u00f3n indicada a continuaci\u00f3n:<\/p>\n<p>A) el <strong>formulario de urgencia<\/strong> y la <strong>solicitud de pasaporte completa con la documentaci\u00f3n<\/strong> necesaria para la expedici\u00f3n del pasaporte [<a href=\"https:\/\/consmadrid.esteri.it\/wp-content\/uploads\/2025\/10\/mod-passaportimotivourgenza-2024-ver-28.08.2024.pdf\"><strong>haga clic aqu\u00ed<\/strong><\/a>]<\/p>\n<p>B) <strong>documentaci\u00f3n que demuestre la urgencia.<\/strong><\/p>\n<p>A los casos de extrema urgencia se aplica la misma tarifa de los derechos de emergencia mencionada anteriormente.<\/p>\n<p>El procedimiento descrito es v\u00e1lido \u00fanicamente para las circunstancias indicadas anteriormente.<\/p>\n","protected":false},"excerpt":{"rendered":"CASOS DE URGENCIA En caso de viaje con comprobada urgencia, acreditada por\u00a0razones de salud, trabajo, estudio o familiares graves, los ciudadanos residentes e\u00a0inscritos en el AIRE\u00a0en la jurisdicci\u00f3n de Madrid\u00a0podr\u00e1n acceder a un tr\u00e1mite extraordinario enviando\u00a0por correo ordinario o certificado\u00a0la siguiente documentaci\u00f3n: A) el formulario de urgencia y la solicitud de pasaporte completa con la [&hellip;]","protected":false},"author":4,"featured_media":0,"parent":168,"menu_order":0,"comment_status":"closed","ping_status":"closed","template":"","meta":{"footnotes":""},"class_list":["post-1736","page","type-page","status-publish","hentry"],"_links":{"self":[{"href":"https:\/\/consmadrid.esteri.it\/es\/wp-json\/wp\/v2\/pages\/1736","targetHints":{"allow":["GET"]}}],"collection":[{"href":"https:\/\/consmadrid.esteri.it\/es\/wp-json\/wp\/v2\/pages"}],"about":[{"href":"https:\/\/consmadrid.esteri.it\/es\/wp-json\/wp\/v2\/types\/page"}],"author":[{"embeddable":true,"href":"https:\/\/consmadrid.esteri.it\/es\/wp-json\/wp\/v2\/users\/4"}],"replies":[{"embeddable":true,"href":"https:\/\/consmadrid.esteri.it\/es\/wp-json\/wp\/v2\/comments?post=1736"}],"version-history":[{"count":6,"href":"https:\/\/consmadrid.esteri.it\/es\/wp-json\/wp\/v2\/pages\/1736\/revisions"}],"predecessor-version":[{"id":6648,"href":"https:\/\/consmadrid.esteri.it\/es\/wp-json\/wp\/v2\/pages\/1736\/revisions\/6648"}],"up":[{"embeddable":true,"href":"https:\/\/consmadrid.esteri.it\/es\/wp-json\/wp\/v2\/pages\/168"}],"wp:attachment":[{"href":"https:\/\/consmadrid.esteri.it\/es\/wp-json\/wp\/v2\/media?parent=1736"}],"curies":[{"name":"wp","href":"https:\/\/api.w.org\/{rel}","templated":true}]}}