{"id":171,"date":"2023-04-03T19:29:02","date_gmt":"2023-04-03T17:29:02","guid":{"rendered":"https:\/\/consmadrid.esteri.it\/servizi-consolari-e-visti\/servizi-per-il-cittadino-italiano\/stato-civile\/"},"modified":"2025-11-21T14:04:45","modified_gmt":"2025-11-21T13:04:45","slug":"stato-civile","status":"publish","type":"page","link":"https:\/\/consmadrid.esteri.it\/es\/servizi-consolari-e-visti\/servizi-per-il-cittadino-italiano\/stato-civile\/","title":{"rendered":"Registro civil"},"content":{"rendered":"<p style=\"text-align: center;\"><span style=\"text-decoration: underline;\"><strong>AVISO<\/strong><\/span><\/p>\n<p>Todos los servicios de Registro Civil se solicitan <strong><span style=\"text-decoration: underline;\">exclusivamente v\u00eda correo postal<\/span><\/strong> (<em>Consolato Generale d&#8217;Italia &#8211; C\/ Agust\u00edn de Betancourt, 3 &#8211; 28003 Madrid<\/em>), y no en las ventanillas consulares. El portal de citas Prenot@Mi no contempla actualmente ning\u00fan servicio de recepci\u00f3n para la documentaci\u00f3n de registro civil.<strong><br \/>\n<\/strong><\/p>\n<p><strong>La oficina NO confirma la recepci\u00f3n de los documentos, solo comunica por correo electr\u00f3nico con aquellas personas cuya solicitud est\u00e9 incompleta o incorrecta. La confirmaci\u00f3n de que las actas han sido transcritas en Italia debe ser solicitada directamente por el ciudadano interesado al Municipio italiano de referencia.<\/strong><\/p>\n<p>&nbsp;<\/p>\n<p><span style=\"text-decoration: underline;\"><strong>INFORMACI\u00d3N GENERAL<\/strong><\/span><\/p>\n<p>En virtud del\u00a0<strong>DPR n. 396\/2000<\/strong>\u00a0los ciudadanos italianos tienen la obligaci\u00f3n de declarar todos los cambios de estado civil que se verifiquen durante su permanencia en el extranjero. Es por tanto obligatorio entregar a la Oficina Consular territorialmente competente las actas o certificados de nacimiento, matrimonio, defunci\u00f3n de familiares, o bien la relativa documentaci\u00f3n de divorcio, reconocimiento de hijos, cambios en el r\u00e9gimen patrimonial del matrimonio, etc.<\/p>\n<p>Para los ciudadanos inscritos en el A.I.R.E. la Oficina Consular se ocupa de actualizar su propio fichero y de remitir el acta (o actas) de estado civil al Comune italiano de referencia, mientras que para los ciudadanos italianos residentes en Italia, se encarga \u00fanicamente del env\u00edo de dichas actas al Comune italiano de residencia del n\u00facleo familiar.<\/p>\n<p>Se recuerda que los ciudadanos italianos pueden hacer tambi\u00e9n entrega de las actas de estado civil &#8211; debidamente legalizadas y traducidas (excepto las exenciones previstas por los convenios internacionales y la legislaci\u00f3n europea &#8211; <em>ver m\u00e1s abajo<\/em>) <strong>directamente al Comune italiano al que pertenecen<\/strong>\u00a0(art. 12, p\u00e1rrafo 11, DPR 396\/2000). En estos casos, despu\u00e9s de haber hecho entrega directa al Comune, es aconsejable enviar copia del certificado italiano al propio Consulado de referencia, para la actualizaci\u00f3n del fichero consular.<\/p>\n<p>&nbsp;<\/p>\n<p><span style=\"text-decoration: underline;\"><strong>Exenci\u00f3n de legalizaci\u00f3n<\/strong><\/span><\/p>\n<p>En aplicaci\u00f3n del\u00a0<strong>Convenio Bilateral entre la Repubblica Italiana y Espa\u00f1a<\/strong> (Ley n. 761\/1985 y G.U. 303\/1985 Suppl.ord. 106, y BOE n. 124\/1986) la documentaci\u00f3n de estado civil emitida por uno de los dos Estados <strong>no se debe legalizar<\/strong>\u00a0si se presenta a las Autoridades del otro Estado &#8211; para cualquier finalidad &#8211; a condici\u00f3n que est\u00e9 sellada, fechada y firmada por un Funcionario.<\/p>\n<p>En aplicaci\u00f3n del\u00a0<strong>Reglamento UE n. 2016\/1911<\/strong>\u00a0del 6 de julio de 2016 ya no es necesario requerir que los documentos p\u00fablicos emitidos en un Estado UE (solo los previstos por el reglamento) est\u00e9n perfeccionados con la \u00abApostilla\u00bb de La Haya del 5 de octubre de 1961. Dichos documentos p\u00fablicos son: documentos administrativos, actas notariales, sentencias y documentos consulares. El reglamento instituye adem\u00e1s impresos est\u00e1ndar en formato multilingue (en todos los idiomas de la UE) los cuales podr\u00e1n ser adoptados, a petici\u00f3n de los interesados, para los documentos p\u00fablicos relativos a: nacimiento, fe de vida, deceso, matrimonio, uni\u00f3n registrada, domicilio y\/o residencia, ausencia de antecedentes penales.<\/p>\n<ul>\n<li><a href=\"https:\/\/consmadrid.esteri.it\/es\/servizi-consolari-e-visti\/servizi-per-il-cittadino-italiano\/stato-civile\/registrar-un-nacimiento-2\/\">Registrar un nacimiento<\/a><\/li>\n<li><a href=\"https:\/\/consmadrid.esteri.it\/es\/servizi-consolari-e-visti\/servizi-per-il-cittadino-italiano\/stato-civile\/registrar-un-matrimonio-2\/\">Registrar un matrimonio<\/a><\/li>\n<li><a href=\"https:\/\/consmadrid.esteri.it\/es\/servizi-consolari-e-visti\/servizi-per-il-cittadino-italiano\/stato-civile\/registrar-un-divorcio-2\/\">Registrar un divorcio<\/a><\/li>\n<li><a href=\"https:\/\/consmadrid.esteri.it\/es\/servizi-consolari-e-visti\/servizi-per-il-cittadino-italiano\/stato-civile\/registrar-una-defuncion\/\">Registrar una defunci\u00f3n<\/a><\/li>\n<li><a href=\"https:\/\/consmadrid.esteri.it\/es\/servizi-consolari-e-visti\/servizi-per-il-cittadino-italiano\/stato-civile\/celebrar-matrimonio-en-italia-o-en-el-consulado\/\">Celebrar un matrimonio en Italia o en el consulado<\/a><\/li>\n<li><a href=\"https:\/\/consmadrid.esteri.it\/es\/servizi-consolari-e-visti\/servizi-per-il-cittadino-italiano\/stato-civile\/celebrar-matrimonio-unione-civile-en-espana\/\">Celebrar un matrimonio\/\u00bbunione civile\u00bb en Espa\u00f1a<\/a><\/li>\n<li><a href=\"https:\/\/consmadrid.esteri.it\/es\/servizi-consolari-e-visti\/servizi-per-il-cittadino-italiano\/stato-civile\/apellidos-y-nombres-cambio-correccion-anadido\/\">Solicitud de modificaci\u00f3n del nombre o del apellido<\/a><\/li>\n<li><a href=\"https:\/\/consmadrid.esteri.it\/it\/servizi-consolari-e-visti\/servizi-per-il-cittadino-italiano\/stato-civile\/unione-civile\/\">Uni\u00f3n civil<\/a><\/li>\n<li><a href=\"https:\/\/consmadrid.esteri.it\/es\/servizi-consolari-e-visti\/servizi-per-il-cittadino-italiano\/stato-civile\/adopciones\/\">Adopciones<\/a><\/li>\n<\/ul>\n","protected":false},"excerpt":{"rendered":"AVISO Todos los servicios de Registro Civil se solicitan exclusivamente v\u00eda correo postal (Consolato Generale d&#8217;Italia &#8211; C\/ Agust\u00edn de Betancourt, 3 &#8211; 28003 Madrid), y no en las ventanillas consulares. El portal de citas Prenot@Mi no contempla actualmente ning\u00fan servicio de recepci\u00f3n para la documentaci\u00f3n de registro civil. La oficina NO confirma la recepci\u00f3n [&hellip;]","protected":false},"author":1,"featured_media":0,"parent":167,"menu_order":2,"comment_status":"closed","ping_status":"closed","template":"","meta":{"footnotes":""},"class_list":["post-171","page","type-page","status-publish","hentry"],"_links":{"self":[{"href":"https:\/\/consmadrid.esteri.it\/es\/wp-json\/wp\/v2\/pages\/171","targetHints":{"allow":["GET"]}}],"collection":[{"href":"https:\/\/consmadrid.esteri.it\/es\/wp-json\/wp\/v2\/pages"}],"about":[{"href":"https:\/\/consmadrid.esteri.it\/es\/wp-json\/wp\/v2\/types\/page"}],"author":[{"embeddable":true,"href":"https:\/\/consmadrid.esteri.it\/es\/wp-json\/wp\/v2\/users\/1"}],"replies":[{"embeddable":true,"href":"https:\/\/consmadrid.esteri.it\/es\/wp-json\/wp\/v2\/comments?post=171"}],"version-history":[{"count":7,"href":"https:\/\/consmadrid.esteri.it\/es\/wp-json\/wp\/v2\/pages\/171\/revisions"}],"predecessor-version":[{"id":6600,"href":"https:\/\/consmadrid.esteri.it\/es\/wp-json\/wp\/v2\/pages\/171\/revisions\/6600"}],"up":[{"embeddable":true,"href":"https:\/\/consmadrid.esteri.it\/es\/wp-json\/wp\/v2\/pages\/167"}],"wp:attachment":[{"href":"https:\/\/consmadrid.esteri.it\/es\/wp-json\/wp\/v2\/media?parent=171"}],"curies":[{"name":"wp","href":"https:\/\/api.w.org\/{rel}","templated":true}]}}