{"id":170,"date":"2023-04-03T19:28:49","date_gmt":"2023-04-03T17:28:49","guid":{"rendered":"https:\/\/consmadrid.esteri.it\/servizi-consolari-e-visti\/servizi-per-il-cittadino-italiano\/anagrafe-degli-italiani-residenti-allestero-aire\/"},"modified":"2026-03-24T16:52:34","modified_gmt":"2026-03-24T15:52:34","slug":"anagrafe-degli-italiani-residenti-allestero-aire","status":"publish","type":"page","link":"https:\/\/consmadrid.esteri.it\/es\/servizi-consolari-e-visti\/servizi-per-il-cittadino-italiano\/anagrafe-degli-italiani-residenti-allestero-aire\/","title":{"rendered":"Registro Italianos Residentes en el Extranjero (AIRE) &#8211; Portal FAST IT &#8211; Inscripci\u00f3n\/Cambio domicilio\/Cambio del AIRE\/Inscripci\u00f3n menores\/Traslados a Italia u otros pa\u00edses"},"content":{"rendered":"<article id=\"articolo_centro\" class=\"col-md-15 col-sm-15 padding_articolo item-page\" role=\"main\" aria-label=\"articolo\">El Anagrafe de los Italianos Residentes en el Extranjero (en italiano A.I.R.E.) fue instituido con la ley 27 de octubre de 1988, n. 470.<\/article>\n<article class=\"col-md-15 col-sm-15 padding_articolo item-page\" role=\"main\" aria-label=\"articolo\">El AIRE es gestionado por los Municipios italianos y el Ministerio del Interior en base a las informaciones que provienen desde las Oficinas Consulares.<\/article>\n<article class=\"col-md-15 col-sm-15 padding_articolo item-page\" role=\"main\" aria-label=\"articolo\">Los Municipios italianos (\u00abComuni\u00bb) son los \u00fanicos que tienen la competencia para mantener actualizados los registros demogr\u00e1ficos, tanto de la poblaci\u00f3n residente en Italia como de los ciudadanos que viven fuera del pa\u00eds.<\/article>\n<article class=\"col-md-15 col-sm-15 padding_articolo item-page\" role=\"main\" aria-label=\"articolo\">Las Oficinas Consulares de referencia, una vez examinada la solicitud de inscripici\u00f3n presentada por el ciudadano, la env\u00edan al Comune italiano competente, que se ocupa de actualizar la posici\u00f3n de residencia anagr\u00e1fica en el extranjero, as\u00ed como las listas electorales.<\/article>\n<p>La inscripci\u00f3n en el AIRE es una <strong>obligaci\u00f3n<\/strong> del ciudadano (art\u00edculo 6 de la Ley 470\/1988; art\u00edculo 11 de la Ley 1228\/1954) y constituye un requisito indispensable para acceder a los servicios consulares que prestan las Representaciones italianas en el extranjero, as\u00ed como para ejercer importantes derechos electorales, civiles y personales, tales como:<\/p>\n<ul>\n<li>votar por correo en elecciones pol\u00edticas y referendum, de conformidad con los art\u00edculos 75 y 138 de la Constituci\u00f3n, seg\u00fan lo dispuesto en la Ley 459\/2001;<\/li>\n<li>votar en las elecciones para representantes italianos al Parlamento Europeo en los colegios electorales establecidos por la red diplom\u00e1tico-consular en los pa\u00edses de la UE;<\/li>\n<li>obtener la expedici\u00f3n de documentos de identidad y de viaje;<\/li>\n<li>solicitar la expedici\u00f3n de certificados de competencia a las Representaciones italianas en el extranjero.<\/li>\n<\/ul>\n<article role=\"main\" aria-label=\"articolo\"><\/article>\n<article role=\"main\" aria-label=\"articolo\">Deben solicitar la inscripci\u00f3n en el AIRE al Consulado General de Italia en Madrid los ciudadanos italianos residentes en <strong>Andalucia, Asturias, Cantabria, Castilla y Le\u00f3n, Castilla la Mancha, Ceuta, Extremadura, Galicia, La Rioja, <\/strong><strong>Madrid, <\/strong><strong>Melilla, Navarra, Pa\u00eds Vasco-Euskadi<\/strong>.Los ciudadanos italianos residentes en Arag\u00f3n, Catalu\u00f1a, Comunidad Valenciana, Murcia y Baleares deber\u00e1n dirigirse al Consulado General de Italia en Barcelona (<a href=\"https:\/\/consbarcellona.esteri.it\/it\/servizi-consolari-e-visti\/servizi-per-il-cittadino-italiano\/anagrafe-italiani-residenti-allestero-a-i-r-e\/\">Anagrafe Italiani residenti all\u2019estero (A.I.R.E.) \u2013 Consolato Generale d&#8217;Italia Barcellona<\/a>).Los ciudadanos italianos residentes en Canarias deber\u00e1n dirigirse al Vice Consulado de Italia en Arona (<a href=\"https:\/\/consarona.esteri.it\/servizi-consolari-e-visti\/servizi-per-il-cittadino-italiano\/anagrafe-degli-italiani-residenti-allestero-aire\/\">Anagrafe degli Italiani residenti all\u2019estero (AIRE) \u2013 Vice Consolato Arona<\/a>).<\/article>\n<article role=\"main\" aria-label=\"articolo\"><\/article>\n<article role=\"main\" aria-label=\"articolo\"><\/article>\n<article role=\"main\" aria-label=\"articolo\">***<\/article>\n<article role=\"main\" aria-label=\"articolo\"><\/article>\n<article role=\"main\" aria-label=\"articolo\">El ciudadano tiene que solicitar la inscripci\u00f3n en el AIRE <strong>en los primeros 90 d\u00edas desde el traslado<\/strong>\u00a0al extranjero.<\/article>\n<article class=\"col-md-15 col-sm-15 padding_articolo item-page\" role=\"main\" aria-label=\"articolo\"><b><span lang=\"ES\">El tiempo establecido por ley para el procesamiento de las solicitudes es de 180 d\u00edas. El estado de la solicitud se puede consultar en cualquier momento en el portal FAST-IT.<\/span><\/b><\/p>\n<p><strong>En virtud del DL 22\/2019 art. 6, c.9bis<\/strong>, la fecha de inscripci\u00f3n en el AIRE corresponder\u00e1 al d\u00eda en que el ciudadano haya presentado la solicitud completa a la Oficina Consular de referencia.<\/p>\n<p><span style=\"text-decoration: underline;\">Se se\u00f1ala que el art. 1, p\u00e1rrafo 242, de la ley 213 de 30 de diciembre de 2023, vigente desde el 1 de enero de 2024, introduce una sanci\u00f3n pecuniaria de 200 a 1.000 euros por cada a\u00f1o de no inscripci\u00f3n en el A.I.R.E. La autoridad competente para evaluar e imponer la sanci\u00f3n es el Municipio en cuyo registro est\u00e9 registrado el ciudadano infractor.<\/span><\/p>\n<\/article>\n<p>***<\/p>\n<p><strong><span style=\"text-decoration: underline;\">C\u00f3mo establecer el Comune AIRE competente<\/span><br \/>\n<\/strong><\/p>\n<p>Todos los ciudadanos italianos tienen un Comune italiano de referencia, sin excepci\u00f3n. Seg\u00fan los casos, dicho Comune se establece de esta forma:<\/p>\n<ul>\n<li><span style=\"text-decoration: underline;\">ciudadanos que provienen desde Italia<\/span>: el Comune a indicar en el impreso de solicitud <span style=\"text-decoration: underline;\">es el de \u00faltima residencia efectiva en el territorio de la Rep\u00fablica<\/span>, es decir, el \u00faltimo municipio italiano donde se ha obtenido el registro en el \u201cAPR\u201d (Anagrafe della Popolazione Residente) antes de trasladarse a Espa\u00f1a<\/li>\n<li><span style=\"text-decoration: underline;\">ciudadanos que provienen desde otros Pa\u00edses y que no hayan vivido nunca en Italia<\/span>: en estos casos el Comune a indicar en el impreso de solicitud <span style=\"text-decoration: underline;\">es donde est\u00e1 registrada la partida de nacimiento extranjera<\/span>, es decir, el municipio italiano che ha transcrito toda la documentaci\u00f3n de registro civil que ha sido formada en el extranjero (por ejemplo: para obtener la ciudadan\u00eda italiana; en caso de duda hay que consultar con la Embajada\/Consulado donde se ha tramitado la nacionalidad)<\/li>\n<\/ul>\n<p><strong>Nota: indicar un Comune italiano equivocado puede conllevar que no se efect\u00fae el registro en el AIRE. <\/strong><\/p>\n<p>***<\/p>\n<p><strong><span style=\"text-decoration: underline;\">Como inscribirse &#8211; Modalidades de inscripci\u00f3n &#8211; Menores convivientes<\/span><br \/>\n<\/strong><\/p>\n<p>Salvo en casos especiales (menores\u00a0 que conviven con uno solo de los progenitores, personas mayores que no est\u00e1n familiarizadas con los canales inform\u00e1ticos, etc.), la inscripci\u00f3n en el A.I.R.E. se solicita a trav\u00e9s del <strong>Portal de Servicios Consulares FAST IT<\/strong>\u00a0\u00b7&gt; [<a href=\"https:\/\/serviziconsolari.esteri.it\/ScoFE\/index.sco\"><strong>acceso al FAST IT<\/strong><\/a><strong>]<\/strong><\/p>\n<p>Para <strong>instrucciones pr\u00e1cticas <\/strong>y <strong>consejos \u00fatiles<\/strong> sobre el uso correcto del portal FAST IT\u00a0 \u00b7&gt; [<a href=\"https:\/\/consmadrid.esteri.it\/es\/servizi-consolari-e-visti\/servizi-per-il-cittadino-italiano\/anagrafe-degli-italiani-residenti-allestero-aire\/detalles-para-la-inscripcion-en-el-a-i-r-e-portal-fast-it-y-documentacion-a-presentar\/\"><strong>haga clic aqu\u00ed<\/strong><\/a>]<\/p>\n<p>Para la inscripci\u00f3n de <strong>menores italianos convivientes <\/strong>(con los dos progenitores; con un solo progenitor italiano o extranjero; reci\u00e9n nacidos) visite esta secci\u00f3n detallada \u00b7&gt; [<a href=\"https:\/\/consmadrid.esteri.it\/es\/servizi-consolari-e-visti\/servizi-per-il-cittadino-italiano\/anagrafe-degli-italiani-residenti-allestero-aire\/inscripcion-en-el-aire-para-menores-y-recien-nacidos\/\"><strong>haga clic aqu\u00ed<\/strong><\/a>]<\/p>\n<p>***<\/p>\n<article role=\"main\" aria-label=\"articolo\"><\/article>\n<article role=\"main\" aria-label=\"articolo\"><\/article>\n<article class=\"col-md-15 col-sm-15 padding_articolo item-page\" role=\"main\" aria-label=\"articolo\"><span style=\"text-decoration: underline;\"><strong>Actualizaci\u00f3n de los datos en el AIRE (para las personas ya inscritas)<\/strong><\/span>Los ciudadanos italianos inscritos en el AIRE tienen la obligaci\u00f3n de informar a su Consulado sobre cada cambio que suceda durante la estancia en el extranjero, es decir: cambios de domicilio, o cambios de estado civil o de la composici\u00f3n familiar. El no cumplimiento de estas obligaciones podr\u00eda suponer una\u00a0<strong>baja del A.I.R.E. por \u00abirreperibilit\u00e0\u00bb<\/strong>\u00a0(imposibilidad de localizar al ciudadano).Contactos:\u00a0<strong><a href=\"mailto:madrid.aire@esteri.it\">madrid.aire@esteri.it<\/a><\/strong><span style=\"text-decoration: underline;\"><strong>Comunicaci\u00f3n de las variaciones del AIRE<\/strong><\/span><\/p>\n<ul>\n<li><strong>Cambio de domicilio<\/strong>\u00a0\u00b7&gt; [<a href=\"https:\/\/consmadrid.esteri.it\/es\/servizi-consolari-e-visti\/servizi-per-il-cittadino-italiano\/anagrafe-degli-italiani-residenti-allestero-aire\/cambio-de-domicilio-dentro-de-la-jurisdiccion-consular-de-madrid\/\"><strong>haga clic aqu\u00ed<\/strong><\/a><a href=\"https:\/\/consmadrid.esteri.it\/Consolato_Madrid\/es\/i-servizi\/cambi-d-indirizzo-all-interno-della.html\">]<\/a>\u00a0(cambio de domicilio dentro de la misma jurisdicci\u00f3n consular)<\/li>\n<li><strong>Cambio del Comune AIRE<\/strong>\u00a0\u00b7&gt; [<a href=\"https:\/\/consmadrid.esteri.it\/es\/servizi-consolari-e-visti\/servizi-per-il-cittadino-italiano\/anagrafe-degli-italiani-residenti-allestero-aire\/cambio-del-comune-aire-de-referencia-en-italia-traslado-aire-aire\/\"><strong>haga clic aqu\u00ed<\/strong><\/a>] (traslado de la inscripci\u00f3n AIRE hacia otro Comune &#8211; posible solo para las personas que ya est\u00e1n inscritas en el AIRE)<\/li>\n<li><strong>Retorno o traslado a Italia<\/strong>\u00a0\u00b7&gt; [<a href=\"https:\/\/consmadrid.esteri.it\/es\/servizi-consolari-e-visti\/servizi-per-il-cittadino-italiano\/anagrafe-degli-italiani-residenti-allestero-aire\/retorno-o-traslado-a-italia-solo-personas-ya-inscritas-en-el-fichero-consular-de-madrid\/\"><strong>haga clic aqu\u00ed<\/strong><\/a>] (retorno a un Comune italiano &#8211; cambio de la residencia al territorio de la Rep\u00fablica Italiana)<\/li>\n<li><strong>Traslado a otra jurisdicci\u00f3n consular<\/strong>\u00a0\u00b7&gt; [<a href=\"https:\/\/consmadrid.esteri.it\/es\/servizi-consolari-e-visti\/servizi-per-il-cittadino-italiano\/anagrafe-degli-italiani-residenti-allestero-aire\/traslado-a-otra-jurisdiccion-consular-incluidas-las-del-consulado-general-de-barcelona-y-del-vice-consulado-de-arona-tenerife\/\"><strong>haga clic aqu\u00ed<\/strong><\/a>] (cambio de la residencia desde la Canciller\u00eda Consular de Madrid hacia el territorio de competencia de otro consulado\/embajada, incluidas la del Consulado General de Italia en Barcelona y la del Vice Consulado de Italia de Arona-Tenerife)<\/li>\n<li><strong>Variaci\u00f3n de estado civil<\/strong>\u00a0\u00b7&gt; <strong>[<a href=\"https:\/\/consmadrid.esteri.it\/es\/servizi-consolari-e-visti\/servizi-per-il-cittadino-italiano\/stato-civile\/\">haga clic aqu\u00ed<\/a><\/strong>] (nacimientos, matrimonios, divorcios, decesos)<\/li>\n<\/ul>\n<p>***<\/p>\n<p><span style=\"text-decoration: underline;\"><strong>Actualizaci\u00f3n de email y tel\u00e9fono<\/strong><\/span><\/p>\n<p>Para actualizar solo los contactos de email o el tel\u00e9fono es suficiente enviar un mensaje de correo electr\u00f3nico a\u00a0<a href=\"mailto:aire.madrid@esteri.it\">madrid.aire@esteri.it<\/a> adjuntando copia de un documento de identidad italiano.<\/p>\n<\/article>\n<p><span style=\"text-decoration: underline;\"><strong>Contacto<\/strong><\/span>: <a href=\"mailto:madrid.aire@esteri.it\"><strong>madrid.aire@esteri.it<\/strong><\/a><\/p>\n<article id=\"articolo_centro\" class=\"col-md-15 col-sm-15 padding_articolo item-page\" role=\"main\" aria-label=\"articolo\">\n<div>\n<p>***<\/p>\n<p><strong>F.A.Q. &#8211; PREGUNTAS FRECUENTES<\/strong><\/p>\n<ul>\n<li><a href=\"https:\/\/consmadrid.esteri.it\/es\/servizi-consolari-e-visti\/servizi-per-il-cittadino-italiano\/anagrafe-degli-italiani-residenti-allestero-aire\/quien-se-tiene-que-inscribir-en-el-aire-y-quien-noes-obligatorio\/\"><strong>\u00bfQui\u00e9n se tiene que inscribir en el A.I.R.E. y qui\u00e9n no? \u00bfEs obligatorio?<\/strong><\/a><\/li>\n<li><strong><a href=\"https:\/\/consmadrid.esteri.it\/es\/servizi-consolari-e-visti\/servizi-per-il-cittadino-italiano\/anagrafe-degli-italiani-residenti-allestero-aire\/detalles-para-la-inscripcion-en-el-a-i-r-e-portal-fast-it-y-documentacion-a-presentar\/\">Instrucciones para en el A.I.R.E con el portal FAST IT &#8211; Documentaci\u00f3n a presentar<\/a><\/strong><\/li>\n<\/ul>\n<\/div>\n<\/article>\n","protected":false},"excerpt":{"rendered":"El Anagrafe de los Italianos Residentes en el Extranjero (en italiano A.I.R.E.) fue instituido con la ley 27 de octubre de 1988, n. 470. El AIRE es gestionado por los Municipios italianos y el Ministerio del Interior en base a las informaciones que provienen desde las Oficinas Consulares. Los Municipios italianos (\u00abComuni\u00bb) son los \u00fanicos [&hellip;]","protected":false},"author":1,"featured_media":0,"parent":167,"menu_order":1,"comment_status":"closed","ping_status":"closed","template":"","meta":{"footnotes":""},"class_list":["post-170","page","type-page","status-publish","hentry"],"_links":{"self":[{"href":"https:\/\/consmadrid.esteri.it\/es\/wp-json\/wp\/v2\/pages\/170","targetHints":{"allow":["GET"]}}],"collection":[{"href":"https:\/\/consmadrid.esteri.it\/es\/wp-json\/wp\/v2\/pages"}],"about":[{"href":"https:\/\/consmadrid.esteri.it\/es\/wp-json\/wp\/v2\/types\/page"}],"author":[{"embeddable":true,"href":"https:\/\/consmadrid.esteri.it\/es\/wp-json\/wp\/v2\/users\/1"}],"replies":[{"embeddable":true,"href":"https:\/\/consmadrid.esteri.it\/es\/wp-json\/wp\/v2\/comments?post=170"}],"version-history":[{"count":7,"href":"https:\/\/consmadrid.esteri.it\/es\/wp-json\/wp\/v2\/pages\/170\/revisions"}],"predecessor-version":[{"id":6985,"href":"https:\/\/consmadrid.esteri.it\/es\/wp-json\/wp\/v2\/pages\/170\/revisions\/6985"}],"up":[{"embeddable":true,"href":"https:\/\/consmadrid.esteri.it\/es\/wp-json\/wp\/v2\/pages\/167"}],"wp:attachment":[{"href":"https:\/\/consmadrid.esteri.it\/es\/wp-json\/wp\/v2\/media?parent=170"}],"curies":[{"name":"wp","href":"https:\/\/api.w.org\/{rel}","templated":true}]}}