{"id":168,"date":"2023-04-03T19:27:59","date_gmt":"2023-04-03T17:27:59","guid":{"rendered":"https:\/\/consmadrid.esteri.it\/servizi-consolari-e-visti\/servizi-per-il-cittadino-italiano\/passaporti-e-carte-didentita\/"},"modified":"2025-12-01T16:46:59","modified_gmt":"2025-12-01T15:46:59","slug":"passaporti-e-carte-didentita","status":"publish","type":"page","link":"https:\/\/consmadrid.esteri.it\/es\/servizi-consolari-e-visti\/servizi-per-il-cittadino-italiano\/passaporti-e-carte-didentita\/","title":{"rendered":"Pasaportes"},"content":{"rendered":"<p><span style=\"text-decoration: underline;\"><strong>INFORMACI\u00d3N GENERAL<\/strong><\/span><\/p>\n<p><strong>\u00bfQu\u00e9 es un pasaporte?<\/strong><\/p>\n<p>El pasaporte es un documento de viaje y de identidad v\u00e1lido para todos aquellos pa\u00edses reconocidos por el Gobierno italiano. Para poder residir y circular dentro de la Uni\u00f3n Europea (y en aquellos pa\u00edses con los que se hayan establecidos espec\u00edficos acuerdos) es suficiente la\u00a0<a href=\"https:\/\/consmadrid.esteri.it\/consolato_madrid\/es\/i-servizi\/domande-frequenti\/cartaidentita.html\"><strong>[<\/strong><\/a><a href=\"https:\/\/consmadrid.esteri.it\/es\/servizi-consolari-e-visti\/servizi-per-il-cittadino-italiano\/carta-didentita-electronica-cie\/\"><strong>carta d\u2019identit\u00e0<\/strong><\/a><a href=\"https:\/\/consmadrid.esteri.it\/consolato_madrid\/es\/i-servizi\/domande-frequenti\/cartaidentita.html\"><strong>]<\/strong><\/a> v\u00e1lida para expatriar. Antes de empezar un viaje se recomienda consultar detenidamente la web<a href=\"http:\/\/www.viaggiaresicuri.it\/\"> www.viaggiaresicuri.it<\/a>.<\/p>\n<p>&nbsp;<\/p>\n<p><strong>\u00bfCu\u00e1nto dura un pasaporte?<\/strong><\/p>\n<p>La validez del pasaporte es de\u00a0<strong>10 a\u00f1os<\/strong> (3 a\u00f1os para los menores de 0 a 3 a\u00f1os y 5 a\u00f1os para los menores de 3 a 18 a\u00f1os).<\/p>\n<p>&nbsp;<\/p>\n<p><strong>\u00bfQui\u00e9n puede solicitar la expedici\u00f3n del pasaporte en el Consulado General de Italia en Madrid?<\/strong><\/p>\n<p>El Consulado General de Italia en Madrid tiene competencia para la expedici\u00f3n de pasaportes a los ciudadanos italianos en la propia [<a href=\"https:\/\/consmadrid.esteri.it\/es\/chi-siamo\/la-rete-consolare\/\"><strong>jurisdicci\u00f3n consular<\/strong><\/a><a href=\"https:\/\/consmadrid.esteri.it\/consolato_madrid\/es\/il_consolato\/la-rete-consolare\/\"><strong>]<\/strong><\/a> y que hayan regularizado el <a href=\"https:\/\/consmadrid.esteri.it\/consolato_madrid\/es\/i-servizi\/domande-frequenti\/faq-anagrafe.html\"><strong>[<\/strong><\/a><a href=\"https:\/\/consmadrid.esteri.it\/es\/servizi-consolari-e-visti\/servizi-per-il-cittadino-italiano\/anagrafe-degli-italiani-residenti-allestero-aire\/\"><strong>registro AIRE en el Consulado General de Madrid<\/strong><\/a><a href=\"https:\/\/consmadrid.esteri.it\/consolato_madrid\/es\/i-servizi\/domande-frequenti\/faq-anagrafe.html\"><strong>]<\/strong><\/a>. Las personas que a\u00fan no est\u00e9n inscritas pueden presentar su solicitud de pasaporte inmediatamente despu\u00e9s de haber solicitado la inscripci\u00f3n en el <span style=\"text-decoration: underline;\"><strong>AIRE al Consulado General de Madrid<\/strong><\/span> (ser\u00e1 suficiente haber realizado la solicitud en el portal\u00a0<strong>[<a href=\"https:\/\/serviziconsolari.esteri.it\/ScoFE\/index.sco\">FAST-IT<\/a>]<\/strong>).<\/p>\n<p><strong><span style=\"text-decoration: underline;\">ATENCI\u00d3N: Los residentes en las Islas Canarias<\/span> <\/strong>(Fuerteventura, Gran Canaria, Lanzarote, Tenerife, La Gomera, El Hierro, La Palma) <strong><span style=\"text-decoration: underline;\">deber\u00e1n dirigirse al Vice Consulado de Italia de Arona<\/span> <\/strong>(<a href=\"https:\/\/consarona.esteri.it\/\">para m\u00e1s informaci\u00f3n haga clic aqu\u00ed<\/a>)<\/p>\n<p>Los ciudadanos que no residentes en la jurisdicci\u00f3n consular s\u00f3lo pueden solicitar un pasaporte en <strong>casos muy excepcionales.<\/strong><\/p>\n<p>&nbsp;<\/p>\n<p><strong>\u00bfCu\u00e1ndo se puede presentar la solicitud para la emisi\u00f3n de un pasaporte?<\/strong><\/p>\n<p>Las solicitudes de pasaporte se procesan por estricto orden de llegada. Debido al elevado n\u00famero de solicitudes, la espera suele ser de varios meses. Por lo tanto, se invita a los interesados \u200b\u200ba presentar su solicitud con suficiente antelaci\u00f3n (idealmente 6 meses antes del vencimiento del anterior documento).<\/p>\n<p>&nbsp;<\/p>\n<p><strong>\u00bfQu\u00e9 requisitos previos son responsabilidad del solicitante?<\/strong><\/p>\n<ul>\n<li>Actualizar la situaci\u00f3n del estado civil ante las autoridades italianas, verificando que los documentos relativos a\u00a0 matrimonio, nacimiento de hijos, divorcio, etc. que no hayan ocurrido en Italia ya hayan sido presentados a la Oficina Consular o al municipio correspondiente. Ver secci\u00f3n [<a href=\"https:\/\/consmadrid.esteri.it\/es\/servizi-consolari-e-visti\/servizi-per-il-cittadino-italiano\/stato-civile\/\">Registro Civil<\/a>].<\/li>\n<li>Comunicar cualquier cambio en su direcci\u00f3n de residencia a trav\u00e9s del portal [<a href=\"https:\/\/consmadrid.esteri.it\/es\/servizi-consolari-e-visti\/servizi-per-il-cittadino-italiano\/anagrafe-degli-italiani-residenti-allestero-aire\/\">FAST-IT<\/a>]<\/li>\n<\/ul>\n<p>&nbsp;<\/p>\n<p><strong>\u00bfC\u00f3mo solicitar la expedici\u00f3n de un pasaporte ?<\/strong><\/p>\n<p>Las modalidades de solicitud var\u00edan en funci\u00f3n del lugar de residencia del interesado. Esto depende de la circunstancia de que solo el<br \/>\nConsulado General de Italia en Madrid y los Consulados Honorarios de La Coru\u00f1a, M\u00e1laga, Pamplona y Sevilla est\u00e1n habilitados para la toma de las huellas dactilares.<\/p>\n<p>a) Para los residentes en <strong>\u00c1lava, Guip\u00fazcoa, Vizcaya, Logro\u00f1o, Pamplona, La Coru\u00f1a, Lugo, Pontevedra, Ourense, M\u00e1laga, Almer\u00eda, Granada, Ja\u00e9n, Badajoz, C\u00e1ceres, C\u00e1diz, C\u00f3rdoba, Huelva, Sevilla<\/strong>: presentar al correspondiente <strong>Consulado Honorario<\/strong> los documentos requeridos previa cita que se solicitar\u00e1 v\u00eda correo electr\u00f3nico a la misma oficina honoraria.<\/p>\n<p>b) Para los residentes en la <strong>Comunidad de Madrid y en el resto de provincias<\/strong>: enviar la solicitud de pasaporte, con la documentaci\u00f3n requerida, <strong>al Consulado General de Italia en Madrid y solo por correo ordinario o certificado<\/strong> (<em>Consulado General de Italia en Madrid \u2013 Calle Agust\u00edn de Betancourt, 3 \u2013 28003 Madrid<\/em>).<\/p>\n<p>&nbsp;<\/p>\n<p>&nbsp;<\/p>\n<p><strong>\u00bfQu\u00e9 documentaci\u00f3n enviar al Consulado General de Italia en Madrid o presentar en los Consulados Honorarios\u00a0 habilitados?<\/strong><\/p>\n<ol>\n<li><a href=\"https:\/\/consmadrid.esteri.it\/es\/servizi-consolari-e-visti\/servizi-per-il-cittadino-italiano\/passaporti-e-carte-didentita\/pasaporte-para-adulto-con-hijos-menores\/\"><strong>Pasaporte para mayor de edad<\/strong><\/a><\/li>\n<li><a href=\"https:\/\/consmadrid.esteri.it\/es\/servizi-consolari-e-visti\/servizi-per-il-cittadino-italiano\/passaporti-e-carte-didentita\/pasaporte-para-menores-de-18-anos\/\"><strong>Pasaporte para menor de 18 a\u00f1os<\/strong><\/a><\/li>\n<li><a href=\"https:\/\/consmadrid.esteri.it\/es\/servizi-consolari-e-visti\/servizi-per-il-cittadino-italiano\/passaporti-e-carte-didentita\/expedicion-de-pasaporte-en-casos-de-demostrada-urgencia\/\"><strong>Solicitud del pasaporte en casos de demostrada urgencia<\/strong><\/a><\/li>\n<li><strong>(S\u00d3LO EN CASOS EXCEPCIONALES) <a href=\"https:\/\/consmadrid.esteri.it\/es\/servizi-consolari-e-visti\/servizi-per-il-cittadino-italiano\/passaporti-e-carte-didentita\/solicitudes-de-pasaportes-para-ciudadanos-no-residentes-en-la-circunscripcion-consular-de-madrid\/\">Solicitud de pasaporte de ciudadanos no residentes<\/a><\/strong><\/li>\n<\/ol>\n<p>&nbsp;<\/p>\n<p><strong>\u00bfCu\u00e1nto cuesta el pasaporte?<\/strong><\/p>\n<p>La tarifa consular vigente es de <strong>116,20 \u20ac<\/strong>.<\/p>\n<p><strong>\u00bfC\u00f3mo realizar el pago?<\/strong><\/p>\n<p>La informaci\u00f3n se proporciona en los formularios de solicitud.<\/p>\n","protected":false},"excerpt":{"rendered":"INFORMACI\u00d3N GENERAL \u00bfQu\u00e9 es un pasaporte? El pasaporte es un documento de viaje y de identidad v\u00e1lido para todos aquellos pa\u00edses reconocidos por el Gobierno italiano. Para poder residir y circular dentro de la Uni\u00f3n Europea (y en aquellos pa\u00edses con los que se hayan establecidos espec\u00edficos acuerdos) es suficiente la\u00a0[carta d\u2019identit\u00e0] v\u00e1lida para expatriar. [&hellip;]","protected":false},"author":1,"featured_media":0,"parent":167,"menu_order":3,"comment_status":"closed","ping_status":"closed","template":"","meta":{"footnotes":""},"class_list":["post-168","page","type-page","status-publish","hentry"],"_links":{"self":[{"href":"https:\/\/consmadrid.esteri.it\/es\/wp-json\/wp\/v2\/pages\/168","targetHints":{"allow":["GET"]}}],"collection":[{"href":"https:\/\/consmadrid.esteri.it\/es\/wp-json\/wp\/v2\/pages"}],"about":[{"href":"https:\/\/consmadrid.esteri.it\/es\/wp-json\/wp\/v2\/types\/page"}],"author":[{"embeddable":true,"href":"https:\/\/consmadrid.esteri.it\/es\/wp-json\/wp\/v2\/users\/1"}],"replies":[{"embeddable":true,"href":"https:\/\/consmadrid.esteri.it\/es\/wp-json\/wp\/v2\/comments?post=168"}],"version-history":[{"count":8,"href":"https:\/\/consmadrid.esteri.it\/es\/wp-json\/wp\/v2\/pages\/168\/revisions"}],"predecessor-version":[{"id":6647,"href":"https:\/\/consmadrid.esteri.it\/es\/wp-json\/wp\/v2\/pages\/168\/revisions\/6647"}],"up":[{"embeddable":true,"href":"https:\/\/consmadrid.esteri.it\/es\/wp-json\/wp\/v2\/pages\/167"}],"wp:attachment":[{"href":"https:\/\/consmadrid.esteri.it\/es\/wp-json\/wp\/v2\/media?parent=168"}],"curies":[{"name":"wp","href":"https:\/\/api.w.org\/{rel}","templated":true}]}}