{"id":166,"date":"2023-04-03T18:24:11","date_gmt":"2023-04-03T16:24:11","guid":{"rendered":"https:\/\/consmadrid.esteri.it\/servizi-consolari-e-visti\/"},"modified":"2026-02-09T13:25:11","modified_gmt":"2026-02-09T12:25:11","slug":"servizi-consolari-e-visti","status":"publish","type":"page","link":"https:\/\/consmadrid.esteri.it\/es\/servizi-consolari-e-visti\/","title":{"rendered":"Servicios consulares y de Visados"},"content":{"rendered":"<p><span style=\"text-decoration: underline;\">Aviso seguridad<\/span><\/p>\n<p>Por motivos de seguridad, s\u00f3lo se permitir\u00e1 el acceso a las oficinas a aquellas personas que hayan reservado cita, o que se encuentren en una situaci\u00f3n de comprobada emergencia. Todas aquellas personas que accedan al interior de los locales ser\u00e1n sometidas a un control de seguridad.<\/p>\n<p><span style=\"text-decoration: underline;\">Prestaci\u00f3n de servicios<\/span><\/p>\n<p>Los principales servicios consulares prestados por la Canciller\u00eda Consular de la Embajada de Italia en Madrid son los que aparecen en la <strong>columna de la derecha<\/strong>. Est\u00e1n divididos por materias consulares y contienen los formularios e impresos necesarios para cada tipo de solicitud.<\/p>\n<p>Los servicios consulares se prestan en condiciones de igualdad, imparcialidad, eficacia y transparencia y tienen como objetivo la tutela de los ciudadanos italianos respecto a los derechos fundamentales y a las libertades personales.<\/p>\n<p>La tutela concierne, por ejemplo, casos de defunci\u00f3n, accidentes, graves enfermedades, detenci\u00f3n, actos violentos, asistencia en caso de graves crisis (cat\u00e1strofes naturales, des\u00f3rdenes civiles, conflictos armados, etc.), expedici\u00f3n de documentos de viaje de emergencia por robo o extrav\u00edo del pasaporte.<\/p>\n<p>En virtud de la Ley 470\/88 los ciudadanos italianos\u00a0<strong>residentes en el extranjero<\/strong>\u00a0est\u00e1n sujetos a la obligaci\u00f3n de inscribirse en el registro A.I.R.E. (Anagrafe Italiani Residenti all&#8217;Estero)\u00a0y dicha inscripci\u00f3n\u00a0<strong>debe ser formalizada antes de solicitar los servicios consulares<\/strong>. Para algunos servicios la Oficina Consular debe verificar que los ciudadanos est\u00e9n inscritos en el A.I.R.E. del Municipio italiano de referencia (\u00abComune\u00bb).<\/p>\n<p><strong>Importante: casi todos los servicios consulares se pueden solicitar por correo postal, sin necesidad de acudir personalmente a las ventanillas de Madrid.<\/strong><\/p>\n<p>En la Canciller\u00eda Consular en Madrid est\u00e1 disponible el \u00abRegistro de Observaciones y Sugerencias\u00bb para eventuales reclamaciones, observaciones o sugerencias sobre la prestaci\u00f3n de los servicios consulares.<\/p>\n","protected":false},"excerpt":{"rendered":"Aviso seguridad Por motivos de seguridad, s\u00f3lo se permitir\u00e1 el acceso a las oficinas a aquellas personas que hayan reservado cita, o que se encuentren en una situaci\u00f3n de comprobada emergencia. Todas aquellas personas que accedan al interior de los locales ser\u00e1n sometidas a un control de seguridad. Prestaci\u00f3n de servicios Los principales servicios consulares [&hellip;]","protected":false},"author":1,"featured_media":0,"parent":0,"menu_order":6,"comment_status":"closed","ping_status":"closed","template":"","meta":{"footnotes":""},"class_list":["post-166","page","type-page","status-publish","hentry"],"_links":{"self":[{"href":"https:\/\/consmadrid.esteri.it\/es\/wp-json\/wp\/v2\/pages\/166","targetHints":{"allow":["GET"]}}],"collection":[{"href":"https:\/\/consmadrid.esteri.it\/es\/wp-json\/wp\/v2\/pages"}],"about":[{"href":"https:\/\/consmadrid.esteri.it\/es\/wp-json\/wp\/v2\/types\/page"}],"author":[{"embeddable":true,"href":"https:\/\/consmadrid.esteri.it\/es\/wp-json\/wp\/v2\/users\/1"}],"replies":[{"embeddable":true,"href":"https:\/\/consmadrid.esteri.it\/es\/wp-json\/wp\/v2\/comments?post=166"}],"version-history":[{"count":6,"href":"https:\/\/consmadrid.esteri.it\/es\/wp-json\/wp\/v2\/pages\/166\/revisions"}],"predecessor-version":[{"id":6884,"href":"https:\/\/consmadrid.esteri.it\/es\/wp-json\/wp\/v2\/pages\/166\/revisions\/6884"}],"wp:attachment":[{"href":"https:\/\/consmadrid.esteri.it\/es\/wp-json\/wp\/v2\/media?parent=166"}],"curies":[{"name":"wp","href":"https:\/\/api.w.org\/{rel}","templated":true}]}}