{"id":159,"date":"2023-04-03T19:26:04","date_gmt":"2023-04-03T17:26:04","guid":{"rendered":"https:\/\/consmadrid.esteri.it\/italia-e-spagna\/diplomazia-economica\/fare-affari-in-spagna\/"},"modified":"2023-11-23T10:17:05","modified_gmt":"2023-11-23T09:17:05","slug":"fare-affari-in-spagna","status":"publish","type":"page","link":"https:\/\/consmadrid.esteri.it\/es\/italia-e-spagna\/diplomazia-economica\/fare-affari-in-spagna\/","title":{"rendered":"Negocios"},"content":{"rendered":"<p>Para informaci\u00f3n sobre las relaciones econ\u00f3micas entre Italia y Espa\u00f1a, visite el sitio web de la\u00a0<a href=\"https:\/\/ambmadrid.esteri.it\/es\"><strong>Embajada de Italia en Madrid<\/strong><\/a>.<\/p>\n","protected":false},"excerpt":{"rendered":"Para informaci\u00f3n sobre las relaciones econ\u00f3micas entre Italia y Espa\u00f1a, visite el sitio web de la\u00a0Embajada de Italia en Madrid.","protected":false},"author":1,"featured_media":0,"parent":157,"menu_order":0,"comment_status":"closed","ping_status":"closed","template":"","meta":{"footnotes":""},"class_list":["post-159","page","type-page","status-publish","hentry"],"_links":{"self":[{"href":"https:\/\/consmadrid.esteri.it\/es\/wp-json\/wp\/v2\/pages\/159","targetHints":{"allow":["GET"]}}],"collection":[{"href":"https:\/\/consmadrid.esteri.it\/es\/wp-json\/wp\/v2\/pages"}],"about":[{"href":"https:\/\/consmadrid.esteri.it\/es\/wp-json\/wp\/v2\/types\/page"}],"author":[{"embeddable":true,"href":"https:\/\/consmadrid.esteri.it\/es\/wp-json\/wp\/v2\/users\/1"}],"replies":[{"embeddable":true,"href":"https:\/\/consmadrid.esteri.it\/es\/wp-json\/wp\/v2\/comments?post=159"}],"version-history":[{"count":4,"href":"https:\/\/consmadrid.esteri.it\/es\/wp-json\/wp\/v2\/pages\/159\/revisions"}],"predecessor-version":[{"id":974,"href":"https:\/\/consmadrid.esteri.it\/es\/wp-json\/wp\/v2\/pages\/159\/revisions\/974"}],"up":[{"embeddable":true,"href":"https:\/\/consmadrid.esteri.it\/es\/wp-json\/wp\/v2\/pages\/157"}],"wp:attachment":[{"href":"https:\/\/consmadrid.esteri.it\/es\/wp-json\/wp\/v2\/media?parent=159"}],"curies":[{"name":"wp","href":"https:\/\/api.w.org\/{rel}","templated":true}]}}