{"id":1555,"date":"2023-11-30T13:28:45","date_gmt":"2023-11-30T12:28:45","guid":{"rendered":"https:\/\/consmadrid.esteri.it\/?page_id=1555"},"modified":"2025-04-23T12:18:40","modified_gmt":"2025-04-23T10:18:40","slug":"carta-de-identidad-para-menores-de-edad","status":"publish","type":"page","link":"https:\/\/consmadrid.esteri.it\/es\/servizi-consolari-e-visti\/servizi-per-il-cittadino-italiano\/carta-didentita-electronica-cie\/carta-de-identidad-para-menores-de-edad\/","title":{"rendered":"Carta de Identidad para menor de edad"},"content":{"rendered":"<p>En virtud de la normativa vigente, los menores deben poseer un documento de identidad individual.<\/p>\n<p>La presencia del menor en el Consulado General de Italia de Madrid es indispensable solo <strong>si el mismo ha cumplido los 12 a\u00f1os<\/strong>\u00a0para la captura de los datos biom\u00e9tricos (huellas dactilares) y para la firma, o para su identificaci\u00f3n si se trata del primer documento italiano.<\/p>\n<p><strong>A) Solicitud para menor de 12 a 18 a\u00f1os (no cumplidos)<\/strong><\/p>\n<p>1) La solicitud de la CIE se presenta exclusivamente <strong>por correo postal ordinario o certificado<\/strong> (<em>Consulado General de Italia \u2013 Calle Agust\u00edn de Betancourt n. 3 \u2013 28003 Madrid<\/em>), adjuntando la siguiente documentaci\u00f3n:<\/p>\n<ul>\n<li><strong>Impreso de solicitud<\/strong> de expedici\u00f3n\/duplicado de CIE, cumplimentado en su totalidad y firmado por ambos padres y el menor [<a href=\"https:\/\/consmadrid.esteri.it\/wp-content\/uploads\/2025\/04\/mod-CIE-es-2025-MINORE-ver-23.04.pdf\"><em>DESCARGA AQU\u00cd<\/em><\/a>] \u2013 si uno de los padres no es ciudadano de la UE, su firma deber\u00e1 ser autenticada en el Consulado General de Madrid el d\u00eda de la cita, o en un notario o en un consulado honorario<\/li>\n<li><strong>Acta de consentimiento<\/strong> (que se encuentra en el mismo impreso de solicitud) \u2013 IMPORTANTE: si no es posible presentar el acta de consentimiento firmada por uno de los padres, el otro padre tendr\u00e1 que solicitar autorizaci\u00f3n al Consulado General de Madrid o al Juzgado competente para expedir la CIE mediante la emisi\u00f3n de un decreto consular \u00b7&gt;[<a href=\"https:\/\/consmadrid.esteri.it\/es\/servizi-consolari-e-visti\/servizi-per-il-cittadino-italiano\/acta-de-consentimiento-decreto-consular-para-pasaporte-o-carta-didentita\/\"><em>HAGA CLIC AQU\u00cd<\/em><\/a>]<\/li>\n<li><strong>2 foto de carnet en color<\/strong>\u00a0\u2013 con fondo blanco \u2013 standard ICAO 9303\/ISO 19794-5 \u2013 45mm. x 35mm.<\/li>\n<li><strong>Fotocopia de un documento de identidad<\/strong>\u00a0seg\u00fan lo establecido en el D.P.R. 445\/2000 (Pasaporte y\/o Carta de Identidad italiana)<\/li>\n<li>En caso de\u00a0<strong>p\u00e9rdida\/robo<\/strong>\u00a0de la Carta de Identidad deber\u00e1 presentarse la copia de la denuncia ante la Polic\u00eda espa\u00f1ola\/otras autoridades del Estado<\/li>\n<\/ul>\n<p>2) Una vez finalizada la instrucci\u00f3n, <strong>uno de los padres solicitantes recibir\u00e1 un correo electr\u00f3nico con un c\u00f3digo personal<\/strong> para reservar una cita en el portal <strong>Prenot@Mi<\/strong> (<a href=\"https:\/\/prenotami.esteri.it\">https:\/\/prenotami.esteri.it<\/a>) \u2013 para obtener informaci\u00f3n relativa a el portal de citas Prenot@Mi \u00b7&gt; [<a href=\"https:\/\/consmadrid.esteri.it\/es\/servizi-consolari-e-visti\/servizi-per-il-cittadino-italiano\/prenotami-reserva-de-cita-on-line\/\"><em>click aqu\u00ed<\/em><\/a>]<\/p>\n<p>3) El d\u00eda de la cita, el operador consular adquirir\u00e1 los datos biom\u00e9tricos (huellas dactilares) y la firma, que quedar\u00e1n registrados de forma segura en el interior del microchip presente en su CIE. <strong>De momento los Consulados honorarios no est\u00e1n autorizados a tomar huellas dactilares<\/strong>.<\/p>\n<p><strong>\u00a1ATENCI\u00d3N! El d\u00eda de la cita, el documento de identidad que tenga el menor, si todav\u00eda es v\u00e1lido, ser\u00e1 anulado: por lo tanto, el mismo permanecer\u00e1 sin documento de identidad hasta que reciba el nuevo (normalmente en un plazo de 3 a 5 semanas).<\/strong><\/p>\n<p>4) <span style=\"text-decoration: underline;\"><strong>El pago se realiza el d\u00eda de la cita en ventanilla mediante TPV con tarjetas de d\u00e9bito<\/strong>\u00a0<\/span>emitidas en pa\u00edses de la UE <strong>y\/o en efectivo<\/strong>. Queda excluido el pago con tarjetas pertenecientes a circuitos internacionales (American Express, Diners, etc.).<\/p>\n<p>La <strong>tasa consular<\/strong> por la expedici\u00f3n del documento de identidad es de <strong>21,95 \u20ac por la expedici\u00f3n\/renovaci\u00f3n<\/strong> y de <strong>27,11 \u20ac por el duplicado<\/strong>.<\/p>\n<p>5) La CIE la emite en Italia el \u00abIstituto Poligrafico e Zecca dello Stato\u00bb; posteriormente, se env\u00eda por correo postal a trav\u00e9s de los servicios de \u00abPoste Italiane\u00bb a la direcci\u00f3n de residencia indicada por el solicitante.\u00a0<strong>Por tanto, el documento no se emite el d\u00eda de la cita<\/strong>.<\/p>\n<p>La validez del CIE es de 3 a\u00f1os para ni\u00f1os de 0 a 3 a\u00f1os; de 5 a\u00f1os para menores de entre 3 y 18 a\u00f1os.<\/p>\n<p>&nbsp;<\/p>\n<p><strong><span style=\"text-decoration: underline;\">B) Solicitud para menor de 0 a 11 a\u00f1os<\/span><\/strong><\/p>\n<p>1) La solicitud de la CIE se presenta exclusivamente <strong>por correo ordinario o certificado<\/strong> (<em>Consulado General de Italia \u2013 Calle Agust\u00edn de Betancourt n. 3 \u2013 28003 Madrid<\/em>), adjuntando la siguiente documentaci\u00f3n:<\/p>\n<ul>\n<li><strong>Impreso de solicitud<\/strong> de expedici\u00f3n\/duplicado de CIE, cumplimentado en su totalidad y firmado por ambos padres y el menor [<a href=\"https:\/\/consmadrid.esteri.it\/wp-content\/uploads\/2025\/04\/mod-CIE-es-2025-MINORE-ver-23.04.pdf\"><em>DESCARGA AQU\u00cd<\/em><\/a>] \u2013 si uno de los padres no es ciudadano de la UE, su firma deber\u00e1 ser autenticada en el Consulado General de Madrid el d\u00eda de la cita, o en un notario o en un consulado honorario<\/li>\n<li><strong>Acta de consentimiento<\/strong> (que se encuentra en el mismo impreso de solicitud) \u2013 IMPORTANTE: si no es posible presentar el acta de consentimiento firmada por uno de los padres, el otro padre tendr\u00e1 que solicitar autorizaci\u00f3n al Consulado General de Madrid o al Juzgado competente para expedir la CIE mediante la emisi\u00f3n de un decreto consular \u00b7&gt;[<a href=\"https:\/\/consmadrid.esteri.it\/es\/servizi-consolari-e-visti\/servizi-per-il-cittadino-italiano\/acta-de-consentimiento-decreto-consular-para-pasaporte-o-carta-didentita\/\"><em>HAGA CLIC AQU\u00cd<\/em><\/a>]<\/li>\n<li><strong>2 foto de carnet en color<\/strong>\u00a0\u2013 con fondo blanco \u2013 standard ICAO 9303\/ISO 19794-5 \u2013 45mm. x 35mm.<\/li>\n<li><strong>Fotocopia de un documento de identidad<\/strong> seg\u00fan lo establecido en el D.P.R. 445\/2000 (Pasaporte y\/o Carta de Identidad italiana) &#8211; IMPORTANTE: Si se trata del primer documento italiano del menor, ser\u00e1 necesaria la presencia del menor en el Consulado General de Italia en Madrid el d\u00eda de la cita o el env\u00edo con la solicitud de una fotograf\u00eda compulsada ante un notario o un consulado honorario<\/li>\n<li>En caso de\u00a0<strong>p\u00e9rdida\/robo<\/strong> de la Carta de Identidad deber\u00e1 presentarse la copia de la denuncia ante la Polic\u00eda espa\u00f1ola\/otras autoridades del Estado<\/li>\n<\/ul>\n<p>2) Una vez finalizada la instrucci\u00f3n, <strong>uno de los padres solicitantes recibir\u00e1 un correo electr\u00f3nico con un c\u00f3digo personal<\/strong> para reservar una cita en el portal <strong>Prenot@Mi<\/strong> (<a href=\"https:\/\/prenotami.esteri.it\">https:\/\/prenotami.esteri.it<\/a>) \u2013 para obtener informaci\u00f3n relativa a el portal de citas Prenot@Mi \u00b7&gt; [<a href=\"https:\/\/consmadrid.esteri.it\/es\/servizi-consolari-e-visti\/servizi-per-il-cittadino-italiano\/prenotami-reserva-de-cita-on-line\/\"><em>click aqu\u00ed<\/em><\/a>]<\/p>\n<p>3) <strong>El pago<\/strong> se realiza el mismo d\u00eda de la cita en mostrador mediante POS con <strong>tarjetas de d\u00e9bito emitidas en pa\u00edses de la UE y\/o en efectivo<\/strong>. Queda excluido el pago con tarjetas pertenecientes a circuitos internacionales (American Express, Diners, etc.).<\/p>\n<p>La <strong>tasa consular<\/strong> para la expedici\u00f3n del documento de identidad es de <strong>21,95 \u20ac para la expedici\u00f3n\/renovaci\u00f3n y de 27,11 \u20ac para el duplicado<\/strong>.<\/p>\n<p>4) La CIE la emite en Italia el \u00abIstituto Poligrafico e Zecca dello Stato\u00bb; posteriormente, se env\u00eda por correo postal a trav\u00e9s de los servicios de \u00abPoste Italiane\u00bb a la direcci\u00f3n de residencia indicada por el solicitante. <strong>Por tanto, el documento no se emite el d\u00eda de la cita<\/strong>.<\/p>\n<p>La <strong>vigencia<\/strong> de la CIE es de 3 a\u00f1os para ni\u00f1os de 0 a 3 a\u00f1os; 5 a\u00f1os para menores entre 3 y 18 a\u00f1os.<\/p>\n<p>No es necesaria la presencia de menores de 12 a\u00f1os el d\u00eda de la cita si los padres disponen de otro documento de reciente expedici\u00f3n (foto comparable al pasaporte, c\u00e9dula de identidad de otras nacionalidades u otro documento de identidad italiano caducado hace no m\u00e1s de 12 meses). En caso contrario, se recomienda encarecidamente la presencia del menor.<\/p>\n","protected":false},"excerpt":{"rendered":"En virtud de la normativa vigente, los menores deben poseer un documento de identidad individual. La presencia del menor en el Consulado General de Italia de Madrid es indispensable solo si el mismo ha cumplido los 12 a\u00f1os\u00a0para la captura de los datos biom\u00e9tricos (huellas dactilares) y para la firma, o para su identificaci\u00f3n si [&hellip;]","protected":false},"author":5,"featured_media":0,"parent":1541,"menu_order":0,"comment_status":"closed","ping_status":"closed","template":"","meta":{"footnotes":""},"class_list":["post-1555","page","type-page","status-publish","hentry"],"_links":{"self":[{"href":"https:\/\/consmadrid.esteri.it\/es\/wp-json\/wp\/v2\/pages\/1555","targetHints":{"allow":["GET"]}}],"collection":[{"href":"https:\/\/consmadrid.esteri.it\/es\/wp-json\/wp\/v2\/pages"}],"about":[{"href":"https:\/\/consmadrid.esteri.it\/es\/wp-json\/wp\/v2\/types\/page"}],"author":[{"embeddable":true,"href":"https:\/\/consmadrid.esteri.it\/es\/wp-json\/wp\/v2\/users\/5"}],"replies":[{"embeddable":true,"href":"https:\/\/consmadrid.esteri.it\/es\/wp-json\/wp\/v2\/comments?post=1555"}],"version-history":[{"count":9,"href":"https:\/\/consmadrid.esteri.it\/es\/wp-json\/wp\/v2\/pages\/1555\/revisions"}],"predecessor-version":[{"id":5823,"href":"https:\/\/consmadrid.esteri.it\/es\/wp-json\/wp\/v2\/pages\/1555\/revisions\/5823"}],"up":[{"embeddable":true,"href":"https:\/\/consmadrid.esteri.it\/es\/wp-json\/wp\/v2\/pages\/1541"}],"wp:attachment":[{"href":"https:\/\/consmadrid.esteri.it\/es\/wp-json\/wp\/v2\/media?parent=1555"}],"curies":[{"name":"wp","href":"https:\/\/api.w.org\/{rel}","templated":true}]}}