{"id":155,"date":"2023-04-03T19:16:29","date_gmt":"2023-04-03T17:16:29","guid":{"rendered":"https:\/\/consmadrid.esteri.it\/chi-siamo\/la-rete-consolare\/"},"modified":"2025-11-04T12:38:01","modified_gmt":"2025-11-04T11:38:01","slug":"la-rete-consolare","status":"publish","type":"page","link":"https:\/\/consmadrid.esteri.it\/es\/chi-siamo\/la-rete-consolare\/","title":{"rendered":"La Red Consular"},"content":{"rendered":"<div class=\"sr-only\">Las Embajadas y Consulados ejercen sus funciones \u00fanicamente dentro del territorio u \u00e1rea geogr\u00e1fica de su competencia. Los l\u00edmites de dicha \u00e1rea los establece el \u00abMinistero degli Affari Esteri e della Cooperazione Internazionale\u00bb (MAECI).<\/div>\n<div>\n<p class=\"boxLevel03\">En Espa\u00f1a existen un Consulado General en Madrid, un Consulado General en Barcelona y un Vice Consulado en Arona (Tenerife). Los ciudadanos que deseen obtener un servicio consular tienen que dirigirse a la oficina competente , en base a la propia localidad o provincia de residencia.<\/p>\n<p class=\"boxLevel03\">Dichas jurisdicciones se denominan \u00abCircoscrizioni Consolari\u00bb y est\u00e1n divididas a su vez en zonas m\u00e1s peque\u00f1as, donde operan las Oficinas Consulares Honorarias:\u00a0<strong>Consulados y Vice Consulados<\/strong>.<\/p>\n<p class=\"boxLevel03\">***<\/p>\n<p class=\"boxLevel03\"><strong>Consulado General de Italia en Madrid<\/strong>:\u00a0<strong>ANDALUCIA<\/strong>\u00a0(Almer\u00eda, C\u00e1diz, C\u00f3rdoba, Granada, Huelva, Ja\u00e9n, M\u00e1laga, Sevilla),\u00a0<strong>ASTURIAS, CANTABRIA, CASTILLA-LE\u00d3N<\/strong>\u00a0(Burgos, Le\u00f3n, Palencia, Salamanca, Segovia, Valladolid, Zamora),\u00a0<strong>CASTILLA LA MANCHA<\/strong>\u00a0(Albacete, Ciudad Real, Cuenca, Guadalajara, Soria, Toledo),\u00a0<strong>CEUTA<\/strong>, Comunidad Aut\u00f3noma de\u00a0<strong>MADRID<\/strong>, Extremadura (Badajoz, C\u00e1ceres),\u00a0<strong>GALICIA<\/strong>\u00a0(A Coru\u00f1a, Lugo, Orense, Pontevedra),\u00a0\u00a0<strong>LA RIOJA, MELILLA, NAVARRA, PA\u00cdS VASCO-EUSKADI<\/strong>\u00a0(Alava, Guip\u00fazcoa, Vizcaya) \u00b7&gt; [<a href=\"https:\/\/consmadrid.esteri.it\/es\/servizi-consolari-e-visti\/servizi-per-il-cittadino-italiano\/\"><strong>pinchar aqu\u00ed para ver los servicios consulares del Consulado General de Italia en Madrid<\/strong><\/a>]<\/p>\n<p class=\"boxLevel03\"><strong>Consulado General de Italia en Barcelona<\/strong>:\u00a0<strong>ARAG\u00d3N<\/strong>\u00a0(Huesca, Teruel, Zaragoza),\u00a0<strong>CATALU\u00d1A<\/strong>\u00a0(Barcelona, Gerona, L\u00e9rida, Tarragona),\u00a0<strong>COMUNIDAD VALENCIANA<\/strong>\u00a0(Alicante, Castell\u00f3n, Valencia),\u00a0<strong>MURCIA<\/strong>\u00a0(Cartagena, Murcia),\u00a0<strong>ISLAS BALEARES<\/strong>\u00a0(Cabrera, Formentera, Ibiza, Mallorca, Menorca) y\u00a0Principado de\u00a0<strong>ANDORRA &#8211;\u00a0<\/strong>Los ciudadanos residentes o domiciliados en las provincias que pertenezcan al Consulado General de Barcelona y que quieran obtener servicios consulares, deben contactar directamente con dicha oficina (excepto para el servicio de visados, que est\u00e1 centralizado en Madrid) \u00b7&gt; [<a href=\"https:\/\/consbarcellona.esteri.it\/es\/chi-siamo\/la-rete-consolare\/\"><strong>pinchar aqu\u00ed para informaciones sobre el Consulado General de Italia en Barcelona<\/strong><\/a>]<\/p>\n<p class=\"boxLevel03\"><strong>Vice Consulado de Italia en Arona (Tenerife)<\/strong>:\u00a0<strong>ISLAS CANARIAS<\/strong>\u00a0&#8211;\u00a0Los ciudadanos residentes o domiciliados en las Islas Canarias que quieran obtener servicios consulares deben contactar directamente con dicha oficina consular (excepto para el servicio de visados, que est\u00e1 centralizado en Madrid) \u00b7&gt; [<a href=\"https:\/\/consmadrid.esteri.it\/consolato_madrid\/es\/i-servizi\/sportello-tenerife-arona.html\"><strong>haga clic aqu\u00ed para informaciones sobre el Vice Consulado de Italia en Arona<\/strong><\/a>]<\/p>\n<p class=\"boxLevel03\">***<\/p>\n<p>&nbsp;<\/p>\n<p><strong>Jurisdicci\u00f3n del Consulado General de Italia en Madrid<\/strong><\/p>\n<p>En la jurisdicci\u00f3n de Madrid\u00a0<strong>operan nueve Oficinas Consulares Honorarias<\/strong>. \u00c9stas \u00faltimas de se ocupan principalmente de orientar al ciudadano y de remitir solicitudes de servicios a la superior Canciller\u00eda Consular. Para aquellas localidades donde no haya una oficina honoraria o donde est\u00e1 temporalmente cerrada la competencia pasa directamente a Madrid. Las funciones que desempe\u00f1an las oficinas honorarias est\u00e1n limitadas por los\u00a0<strong>Decretos Ministeriales de Limitaci\u00f3n de Funciones<\/strong>, que se pueden consultar en la versi\u00f3n italiana de esta misma secci\u00f3n.<\/p>\n<p>Los funcionarios consulares se eligen entre personas residentes de forma estable en el pa\u00eds anfitri\u00f3n, que sean preferiblemente ciudadanos italianos bien considerados, que gocen de prestigio y que sean capaces de ejercer de forma adecuada las funciones consulares. La labor que\u00a0<strong>ejercen es totalmente gratuita<\/strong>\u00a0y no est\u00e1n obligados a abandonar su actividad privada. En consecuencia, los horarios de atenci\u00f3n al p\u00fablico y asimismo los horarios de prestaci\u00f3n de servicios pueden estar limitados y, en ocasiones, modificarse a causa de compromisos relacionados con su propia actividad profesional.<\/p>\n<p>En cualquier caso siempre se puede contactar con el Consulado General de Italia en Madrid, en lugar de la Oficina Consular Honoraria de referencia.<\/p>\n<p>&nbsp;<\/p>\n<p>***<\/p>\n<p>&nbsp;<\/p>\n<p><strong>Direcciones de las Oficinas Consulares Honorarias<\/strong><\/p>\n<p><em>Nota: los n\u00fameros de tel\u00e9fono que empiezan por \u00ab8\u00bb s\u00f3lo se pueden usar en Espa\u00f1a\u00a0<\/em><\/p>\n<p>Corresponsal Consular: <strong>BILBAO<\/strong><strong><br \/>\n<\/strong>Jurisdicci\u00f3n: Alava, Guip\u00fazcoa, Vizcaya<br \/>\nSr. Gorka Baravalle y Parra<br \/>\nC\/ Ercilla n\u00ba 14-2\u00ba A, 48009 Bilbao<br \/>\nmail: <a href=\"mailto:gbaravalle@icabizkaia.net\">gbaravalle@icabizkaia.net<\/a><em><br \/>\n<\/em>Avisos: ===<\/p>\n<p>***<\/p>\n<p>Vice Consulado Honorario de Italia:\u00a0<strong>BURGOS<br \/>\n<\/strong>Jurisdicci\u00f3n: Burgos, Le\u00f3n, Palencia, Soria, Valladolid, Zamora<br \/>\nVice C\u00f3nsul Honorario: Sr. Giancarlo Federighi Rinc\u00f3n<br \/>\nAvda. de la Paz, 10\/1\u00baB &#8211; 09004 Burgos<br \/>\nTel\u00e9fono: 947.270.723 &#8211;\u00a0email:\u00a0<a href=\"mailto:burgos.onorario@esteri.it\">burgos.onorario@esteri.it<\/a><em><br \/>\n<\/em>Se recibe al p\u00fablico exclusivamente previa citaa reservar por email<br \/>\nAvisos: ===<\/p>\n<p>***<\/p>\n<p>Consulado Honorario de Italia:\u00a0<strong>CEUTA<\/strong><br \/>\nJurisdicci\u00f3n: Ceuta, Melilla, Islas Chafarinas, Pe\u00f1ones de Alhucemas, Velez de la Gomera<br \/>\nC\u00f3nsul Honorario: Sra. Lucia Cerdeira Arg\u00fcelles<br \/>\nC\/Cervantes, 8 &#8211; 51001 Ceuta<br \/>\nTel\u00e9fono:\u00a0856.091.100 &#8211;\u00a0email:\u00a0<a href=\"mailto:ceuta.onorario@esteri.it\">ceuta.onorario@esteri.it<\/a><em>\u00a0<\/em><br \/>\nHorario al p\u00fablico: con cita previa, de lunes a viernes de 9.30 a 21.00 horas<br \/>\nAvisos: ===<\/p>\n<p>***<\/p>\n<p>Vice Consulado Honorario de Italia:\u00a0<strong>JEREZ DE LA FRONTERA<br \/>\n<\/strong>Jurisdicci\u00f3n: s\u00f3lo la ciudad de Jerez de la Frontera\u00a0(el resto de la provincia de C\u00e1diz depende del Consulado Honorario de Sevilla)<br \/>\nVice C\u00f3nsul Honorario: Sr. Gabriel Gonz\u00e1lez-Gordon Aranda<br \/>\nC\/Manuel M. Gonzalez, 12\u00a0&#8211; Bodegas Gonzalez Byass\u00a0S.A. &#8211; 11403 Jerez de la Frontera<br \/>\nTel\u00e9fono: 956.357.000 &#8211;\u00a0email:\u00a0<a href=\"mailto:jerez.onorario@esteri.it\">jerez.onorario@esteri.it<\/a><em>\u00a0<\/em><br \/>\nHorario al p\u00fablico: de lunes a jueves, de 10.00\u00a0a 13:30 horas &#8211; Se recibe al p\u00fablico exclusivamente previa cita, a reservar via email o telef\u00f3nicamente<br \/>\nAvisos: <em>La oficina estar\u00e1 cerrada del 14 de julio al 5 de agosto.<\/em><\/p>\n<p>***<\/p>\n<p>Vice Consulado Honorario\u00a0de Italia:\u00a0<strong>LA CORU\u00d1A (A CORU\u00d1A)<\/strong><br \/>\nJurisdicci\u00f3n:\u00a0Galicia<br \/>\nVice C\u00f3nsul Honorario:\u00a0Sr. Francesco Milani<br \/>\nNueva direcci\u00f3n desde el 1 de abril de 2023: Calle Huertas, 8\/7\u00ba &#8211; 15003 A Coru\u00f1a<br \/>\nTel\u00e9fono:\u00a0663.787.010 &#8211;\u00a0email:\u00a0<a href=\"mailto:lacoruna.onorario@esteri.it\">lacoruna.onorario@esteri.it<\/a><em><br \/>\n<\/em>Se recibe al p\u00fablico exclusivamente previa cita a reservar por email<br \/>\nAvisos: = = =<\/p>\n<p>***<\/p>\n<p>Consulado Honorario de Italia:\u00a0<strong>M\u00c1LAGA<\/strong><br \/>\nJurisdicci\u00f3n: Almer\u00eda, Granada, Ja\u00e9n, M\u00e1laga<br \/>\nC\u00f3nsul Honorario: Sr. Marcello Memoli<br \/>\nAlameda Principal, 35\/1\u00ba izq. &#8211; 29001 Malaga<br \/>\nemail:\u00a0<a href=\"mailto:malaga.onorario@esteri.it\">malaga.onorario@esteri.it<\/a><br \/>\nSe recibe al p\u00fablico exclusivamente previa cita a reservar por email<br \/>\nAvisos: ===<\/p>\n<p>***<\/p>\n<p>Vice Consulado Honorario de Italia:\u00a0<strong>OVIEDO<\/strong><br \/>\nJurisdicci\u00f3n: Asturias,\u00a0Cantabria<br \/>\nVicec\u00f3nsul Honorario: Sr. Paolo Augusto Ercolani<br \/>\nOficinas Municipales del Talud de la Eria &#8211; C\/Virgilio Palacio, 1 &#8211; 33013 Oviedo (Asturias)<br \/>\nemail:\u00a0<a href=\"mailto:oviedo.onorario@esteri.it\">oviedo.onorario@esteri.it<\/a><em>\u00a0<\/em><br \/>\n<span class=\"baec5a81-e4d6-4674-97f3-e9220f0136c1\">S<\/span>e recibe al p\u00fablico exclusivamente previa cita a reservar por email<br \/>\nAvisos: ===<\/p>\n<p>***<\/p>\n<p>Consulado Honorario de Italia:\u00a0<strong>PAMPLONA<\/strong><br \/>\nJurisdicci\u00f3n: La Rioja, Navarra<br \/>\nC\u00f3nsul Honorario: Sra. Luciana Schiavarelli<br \/>\nC\/Leyre 21, 1\u00ba, 31004 Pamplona<br \/>\nTelefono: 650.753.053 &#8211; email:\u00a0<a href=\"mailto:pamplona.onorario@esteri.it\">pamplona.onorario@esteri.it<\/a><br \/>\nAtenci\u00f3n telef\u00f3nica: de lunes a viernes de 11.00 a 14.00\u00a0horas<br \/>\nSe recibe al p\u00fablico exclusivamente\u00a0previa cita los martes de 10.30 a 16.30 horas (a reservar por email)<br \/>\nAvisos: <em>La oficina estar\u00e1 cerrada del 11 al 31 de agosto<\/em><\/p>\n<p>***<\/p>\n<p>Consulado Honorario de Italia:\u00a0<strong>SEVILLA<\/strong><br \/>\nJurisdicci\u00f3n: Badajoz, C\u00e1ceres, C\u00e1diz (menos Jerez de la Frontera), C\u00f3rdoba, Tarifa, Huelva, Sevilla<br \/>\nC\u00f3nsul Honorario: Sr. Jos\u00e9 Carlos Ruiz-Berdejo y Sigurt\u00e0 Muchetti<br \/>\nC\/Fabiola, 10 &#8211; 41004 Sevilla<br \/>\nemail:\u00a0<a href=\"mailto:siviglia.onorario@esteri.it\">siviglia.onorario@esteri.it<\/a><br \/>\nSe recibe al p\u00fablico exclusivamente previa cita a reservar via email o bien por tel\u00e9fono al n\u00famero +34 954226964<br \/>\nAvisos: ===<\/p>\n<\/div>\n","protected":false},"excerpt":{"rendered":"Las Embajadas y Consulados ejercen sus funciones \u00fanicamente dentro del territorio u \u00e1rea geogr\u00e1fica de su competencia. Los l\u00edmites de dicha \u00e1rea los establece el \u00abMinistero degli Affari Esteri e della Cooperazione Internazionale\u00bb (MAECI). En Espa\u00f1a existen un Consulado General en Madrid, un Consulado General en Barcelona y un Vice Consulado en Arona (Tenerife). Los [&hellip;]","protected":false},"author":1,"featured_media":0,"parent":149,"menu_order":12,"comment_status":"closed","ping_status":"closed","template":"","meta":{"footnotes":""},"class_list":["post-155","page","type-page","status-publish","hentry"],"_links":{"self":[{"href":"https:\/\/consmadrid.esteri.it\/es\/wp-json\/wp\/v2\/pages\/155","targetHints":{"allow":["GET"]}}],"collection":[{"href":"https:\/\/consmadrid.esteri.it\/es\/wp-json\/wp\/v2\/pages"}],"about":[{"href":"https:\/\/consmadrid.esteri.it\/es\/wp-json\/wp\/v2\/types\/page"}],"author":[{"embeddable":true,"href":"https:\/\/consmadrid.esteri.it\/es\/wp-json\/wp\/v2\/users\/1"}],"replies":[{"embeddable":true,"href":"https:\/\/consmadrid.esteri.it\/es\/wp-json\/wp\/v2\/comments?post=155"}],"version-history":[{"count":8,"href":"https:\/\/consmadrid.esteri.it\/es\/wp-json\/wp\/v2\/pages\/155\/revisions"}],"predecessor-version":[{"id":6533,"href":"https:\/\/consmadrid.esteri.it\/es\/wp-json\/wp\/v2\/pages\/155\/revisions\/6533"}],"up":[{"embeddable":true,"href":"https:\/\/consmadrid.esteri.it\/es\/wp-json\/wp\/v2\/pages\/149"}],"wp:attachment":[{"href":"https:\/\/consmadrid.esteri.it\/es\/wp-json\/wp\/v2\/media?parent=155"}],"curies":[{"name":"wp","href":"https:\/\/api.w.org\/{rel}","templated":true}]}}