{"id":1549,"date":"2023-11-27T13:54:26","date_gmt":"2023-11-27T12:54:26","guid":{"rendered":"https:\/\/consmadrid.esteri.it\/?page_id=1549"},"modified":"2025-04-23T12:11:25","modified_gmt":"2025-04-23T10:11:25","slug":"carta-de-identidad-para-adulto-con-hijos-menores","status":"publish","type":"page","link":"https:\/\/consmadrid.esteri.it\/es\/servizi-consolari-e-visti\/servizi-per-il-cittadino-italiano\/carta-didentita-electronica-cie\/carta-de-identidad-para-adulto-con-hijos-menores\/","title":{"rendered":"Carta de Identidad para mayor de edad"},"content":{"rendered":"<p>El virtud del D.L. 69\/2023, desde el 14 de junio de 2023 <strong>los padres y madres de hijos menores ya no tienen que presentar el consentimiento del otro progenitor<\/strong> para la emisi\u00f3n de su propio documento de identidad (pasaporte y CIE).<\/p>\n<p>El art\u00edculo 3-bis modificado de la Ley n\u00ba 1185\/1967 indica que, cuando exista un peligro concreto y actual de que un progenitor, debido al traslado al extranjero, pueda eludir el cumplimiento de sus obligaciones hacia sus hijos, el otro progenitor podr\u00e1 solicitar una medida cautelar contra la expedici\u00f3n del documento. Dicha solicitud deber\u00e1 presentarse ante el Juez competente del tribunal ordinario donde el menor tenga su residencia habitual o, si el menor reside en el extranjero, ante el Tribunal en cuya circunscripci\u00f3n se encuentre su municipio de inscripci\u00f3n en el AIRE.<\/p>\n<p>&nbsp;<\/p>\n<p><strong>\u00bfCu\u00e1l es el procedimiento para obtener la CIE?<\/strong><\/p>\n<p>1) La solicitud del CIE se presenta exclusivamente <strong>por correo postal ordinario o certificado<\/strong> (<em>Consulado General de Italia \u2013 Calle Agust\u00edn de Betancourt n. 3 \u2013 28003 Madrid<\/em>), adjuntando la siguiente documentaci\u00f3n:<\/p>\n<ul>\n<li><strong>Impreso de solicitud<\/strong> de expedici\u00f3n\/duplicado de CIE, cumplimentado en su totalidad y firmado \u00b7&gt; [<em><a href=\"https:\/\/consmadrid.esteri.it\/wp-content\/uploads\/2025\/04\/mod-CIE-it-2025-MAGGIORENNE-ver.23.04.pdf\">HAGA CLIC AQU\u00cd<\/a><\/em>]<\/li>\n<li><strong>2 fotos de carnet en color<\/strong>\u00a0\u2013 con fondo blanco \u2013 standard ICAO 9303\/ISO 19794-5 \u2013 45mm. x 35mm.<\/li>\n<li><strong>Fotocopia de un documento de identidad<\/strong>\u00a0seg\u00fan lo establecido en el D.P.R. 445\/2000 (Pasaporte y\/o Carta de Identidad italiana)<\/li>\n<li>En caso de\u00a0<strong>p\u00e9rdida\/robo<\/strong> de la Carta de Identidad deber\u00e1 presentarse la copia de la denuncia ante la Polic\u00eda espa\u00f1ola\/otras autoridades del Estado<\/li>\n<\/ul>\n<p>2) Una vez finalizada la instrucci\u00f3n, el solicitante recibir\u00e1 un <strong>correo electr\u00f3nico con un c\u00f3digo personal<\/strong> para reservar una cita en el portal <strong>Prenot@Mi<\/strong> (<a href=\"https:\/\/prenotami.esteri.it\">https:\/\/prenotami.esteri.it<\/a>) \u2013 para obtener informaci\u00f3n relativa al Prenot@ portal de citas Yo \u00b7&gt; [<em><a href=\"https:\/\/consmadrid.esteri.it\/es\/servizi-consolari-e-visti\/servizi-per-il-cittadino-italiano\/prenotami-reserva-de-cita-on-line\/\">haga clic aqu\u00ed<\/a><\/em>]<\/p>\n<p>3) El d\u00eda de la cita, el operador consular adquirir\u00e1 los datos biom\u00e9tricos (huellas dactilares) y la firma, que quedar\u00e1n registrados de forma segura en el interior del microchip presente en la CIE. <strong>De momento los Consulados honorarios no est\u00e1n autorizados a tomar huellas dactilares.<\/strong><\/p>\n<p><strong>\u00a1ATENCI\u00d3N! El d\u00eda de la cita, el documento de identidad que tenga, si todav\u00eda es v\u00e1lido, ser\u00e1 anulado: por lo tanto, permanecer\u00e1 sin documento de identidad hasta que reciba el nuevo (normalmente en un plazo de 3 a 5 semanas).<\/strong><\/p>\n<p>4) <span style=\"text-decoration: underline;\"><strong>El pago se realiza el d\u00eda de la cita en ventanilla mediante TPV con tarjetas de d\u00e9bito<\/strong><\/span>\u00a0emitidas en pa\u00edses de la UE. Quedan excluidos el pago con tarjetas pertenecientes a circuitos internacionales (American Express, Diners, etc.) y los pagos en efectivo.<\/p>\n<p>La <strong>tasa consular<\/strong> por la expedici\u00f3n del documento de identidad es de <strong>21,95 \u20ac por la expedici\u00f3n\/renovaci\u00f3n<\/strong> y de <strong>27,11 \u20ac por el duplicado<\/strong>.<\/p>\n<p>5) La CIE la emite en Italia el \u00abIstituto Poligrafico e Zecca dello Stato\u00bb; posteriormente, se env\u00eda por correo postal a trav\u00e9s de los servicios de \u00abPoste Italiane\u00bb a la direcci\u00f3n de residencia indicada por el solicitante. <strong>Por tanto, el documento no se emite el d\u00eda de la cita<\/strong>.<\/p>\n<p>&nbsp;<\/p>\n","protected":false},"excerpt":{"rendered":"El virtud del D.L. 69\/2023, desde el 14 de junio de 2023 los padres y madres de hijos menores ya no tienen que presentar el consentimiento del otro progenitor para la emisi\u00f3n de su propio documento de identidad (pasaporte y CIE). El art\u00edculo 3-bis modificado de la Ley n\u00ba 1185\/1967 indica que, cuando exista un [&hellip;]","protected":false},"author":5,"featured_media":0,"parent":1541,"menu_order":0,"comment_status":"closed","ping_status":"closed","template":"","meta":{"footnotes":""},"class_list":["post-1549","page","type-page","status-publish","hentry"],"_links":{"self":[{"href":"https:\/\/consmadrid.esteri.it\/es\/wp-json\/wp\/v2\/pages\/1549","targetHints":{"allow":["GET"]}}],"collection":[{"href":"https:\/\/consmadrid.esteri.it\/es\/wp-json\/wp\/v2\/pages"}],"about":[{"href":"https:\/\/consmadrid.esteri.it\/es\/wp-json\/wp\/v2\/types\/page"}],"author":[{"embeddable":true,"href":"https:\/\/consmadrid.esteri.it\/es\/wp-json\/wp\/v2\/users\/5"}],"replies":[{"embeddable":true,"href":"https:\/\/consmadrid.esteri.it\/es\/wp-json\/wp\/v2\/comments?post=1549"}],"version-history":[{"count":7,"href":"https:\/\/consmadrid.esteri.it\/es\/wp-json\/wp\/v2\/pages\/1549\/revisions"}],"predecessor-version":[{"id":5813,"href":"https:\/\/consmadrid.esteri.it\/es\/wp-json\/wp\/v2\/pages\/1549\/revisions\/5813"}],"up":[{"embeddable":true,"href":"https:\/\/consmadrid.esteri.it\/es\/wp-json\/wp\/v2\/pages\/1541"}],"wp:attachment":[{"href":"https:\/\/consmadrid.esteri.it\/es\/wp-json\/wp\/v2\/media?parent=1549"}],"curies":[{"name":"wp","href":"https:\/\/api.w.org\/{rel}","templated":true}]}}