{"id":1541,"date":"2023-11-27T13:34:58","date_gmt":"2023-11-27T12:34:58","guid":{"rendered":"https:\/\/consmadrid.esteri.it\/?page_id=1541"},"modified":"2026-02-27T09:39:33","modified_gmt":"2026-02-27T08:39:33","slug":"carta-didentita-electronica-cie","status":"publish","type":"page","link":"https:\/\/consmadrid.esteri.it\/es\/servizi-consolari-e-visti\/servizi-per-il-cittadino-italiano\/carta-didentita-electronica-cie\/","title":{"rendered":"Carta d&#8217;Identit\u00e0 Electr\u00f3nica (CIE)"},"content":{"rendered":"<p><span style=\"text-decoration: underline;\"><strong>\u00bfQu\u00e9 es la Carta d\u2019Identit\u00e0 Elettronica?<\/strong><\/span><\/p>\n<p>La nueva Carta di identit\u00e0 Elettronica (CIE) es un documento multifuncional emitido por el Ministerio del Interior italiano y producido por el \u00abPoligrafico e Zecca dello Stato\u00bb (<a href=\"https:\/\/www.cartaidentita.interno.gov.it\/\"><strong>para m\u00e1s informaci\u00f3n visitar el sitio web del Ministero dell\u2019Interno<\/strong><\/a>). El documento certifica la identidad del ciudadano; es un documento de viaje v\u00e1lido para desplazamientos dentro de la Uni\u00f3n Europea y en otros Pa\u00edses con los que existen acuerdos espec\u00edficos; lleva incorporado el c\u00f3digo fiscal y se puede utilizar para solicitar una identidad en el sistema\u00a0<a href=\"https:\/\/www.spid.gov.it\/\"><strong>SPID<\/strong><\/a>\u00a0(Sistema Pubblico di Identit\u00e0 Digitale) con la que se accede a los Servicios prestados por las Administraciones P\u00fablicas Italianas.<\/p>\n<p>Como documento de viaje, la carta d&#8217;identit\u00e0 elettronica equivale al pasaporte a los fines de expatriar a los Estados miembros de la Uni\u00f3n Europea, en los Pa\u00edses del Espacio Schengen no UE (Islandia, Noruega, Suiza, Liechtenstein) y en aquellos con los que vigen espaciales acuerdos internacionales.<\/p>\n<p>Para informaci\u00f3n m\u00e1s detallada al respecto es posible consutar el sitio web <a href=\"https:\/\/www.viaggiaresicuri.it\/approfondimenti-insights\/documentidiviaggio\"><strong>Viaggiare Sicuri<\/strong><\/a>.<\/p>\n<p>&nbsp;<\/p>\n<p><span style=\"text-decoration: underline;\"><strong>\u00bfCu\u00e1l es la validez del documento?<\/strong><\/span><\/p>\n<p>La validez de la CIE var\u00eda seg\u00fan la edad del titular al momento de la solicitud del documento; en concreto, la CIE vence en el primer cumplea\u00f1os despu\u00e9s de:<br \/>\n&#8211; 3 a\u00f1os, contados a partir de la fecha de emisi\u00f3n, para los menores que tienen\u00a0<strong>menos de 3 a\u00f1os<\/strong>\u00a0de edad;<br \/>\n&#8211; 5 a\u00f1os, contados a partir de la fecha de emisi\u00f3n, para los menores cuya edad est\u00e9\u00a0<strong>entre los 3 y los 18 a\u00f1os<\/strong>.<\/p>\n<p>Para los\u00a0<strong>mayores de edad<\/strong>, la carta d&#8217;identit\u00e0 en virtud del Reglamento (UE) 2019\/1157 tiene una validez m\u00e1xima de 10 a\u00f1os, por tanto vence despu\u00e9s de 9 a\u00f1os m\u00e1s los d\u00edas comprendidos entre la fecha de la solicitud y la fecha de nacimiento.<\/p>\n<p><span style=\"text-decoration: underline;\"><strong>A partir del 1 de junio de 2026, los ciudadanos italianos registrados el A.I.R.E. (Anagrafe degli Italiani Residenti all\u2019Estero) podr\u00e1n solicitar la CIE en su municipio italiano<\/strong><\/span>. El documento de identidad electr\u00f3nico se entregar\u00e1 en estos municipios mediante los mismos procedimientos que las solicitudes presentadas a trav\u00e9s de la oficina consular. Los interesados \u200b\u200bpueden recogerlo personalmente en el municipio o solicitar su env\u00edo a su domicilio en el extranjero. Para m\u00e1s informaci\u00f3n, contacte con su municipio AIRE.<\/p>\n<p><span style=\"text-decoration: underline;\"><strong>\u00bfQui\u00e9n puede pedir la emisi\u00f3n de la Carta d\u2019Identit\u00e0 al Consulado General de Madrid? \u00bfCu\u00e1les son los requisitos?<\/strong><\/span><\/p>\n<p>Para poder solicitar la emisi\u00f3n de la CIE al Consulado General de Madrid es necesario ser ciudadanos <strong>italianos residentes en la\u00a0<a href=\"https:\/\/consmadrid.esteri.it\/es\/chi-siamo\/la-rete-consolare\/\">jurisdicci\u00f3n de competencia de Madrid<\/a><\/strong>, y estar ya inscritos en el A.I.R.E. (Anagrafe degli Italiani Residenti all\u2019Estero). Se recuerda que el registro en el A.I.R.E. se realiza a trav\u00e9s del <strong>portal Fast-It. <\/strong>Para m\u00e1s informaci\u00f3n acerca del registro en el A.I.R.E. \u00b7&gt; [<a href=\"https:\/\/consmadrid.esteri.it\/es\/servizi-consolari-e-visti\/servizi-per-il-cittadino-italiano\/anagrafe-degli-italiani-residenti-allestero-aire\/\"><strong>haga clic aqu\u00ed<\/strong><\/a>]<\/p>\n<p>Es oportuno que cada solicitante de la carta d\u2019identit\u00e0 tenga una <strong>situaci\u00f3n de registro civil actualizada<\/strong> en la administraci\u00f3n italiana. A tal fin, todos los documentos relativos a eventos de este tipo (matrimonio, nacimiento de hijos, divorcio, etc.) y que no hayan tenido lugar en Italia deber\u00e1n haber sido ya preentados a la Oficina Consular o al Comune italiano competente. Se recomienda visitar la secci\u00f3n de Registro Civil \u00b7&gt; [<a href=\"https:\/\/consmadrid.esteri.it\/consolato_madrid\/es\/i-servizi\/domande-frequenti\/stato-civile\"><strong>haga clic aqu\u00ed<\/strong><\/a>]<\/p>\n<p><strong>Para los ciudadanos italianos nacidos en el Extranjero<\/strong>: es necesario que la correspondiente acta de nacimiento ya est\u00e9 transcrita (registrada) en los Registros Civiles del Comune italiano de referencia. Para m\u00e1s informaci\u00f3n sobre el registro de nacimiento se aconseja visitar la secci\u00f3n de Registro Civil \u00b7&gt; [<a href=\"https:\/\/consmadrid.esteri.it\/es\/servizi-consolari-e-visti\/servizi-per-il-cittadino-italiano\/stato-civile\/registrar-un-nacimiento-2\/\"><strong>haga clic aqu\u00ed<\/strong><\/a>]<\/p>\n<p><strong>C\u00f3digo fiscal: no es necesario tener un c\u00f3digo fiscal para solicitar el documento de identidad<\/strong>. Durante la fase de instrucci\u00f3n previa a la expedici\u00f3n de la CIE, si no existe c\u00f3digo fiscal, se proceder\u00e1 autom\u00e1ticamente a la asignaci\u00f3n.<\/p>\n<p>&nbsp;<\/p>\n<p><strong>\u00bf<\/strong><span style=\"text-decoration: underline;\"><strong>Cu\u00e1ndo se puede presentar la solicitud de la CIE?<\/strong><\/span><\/p>\n<p>Las solicitudes de CIE se procesan por estricto orden de llegada. Debido al elevado n\u00famero de solicitudes, la espera suele ser de varios meses. Por lo tanto, se invita a los interesados \u200b\u200ba presentar su solicitud con suficiente antelaci\u00f3n (idealmente 6 meses antes del vencimiento del anterior documento).<\/p>\n<p>&nbsp;<\/p>\n<p><span style=\"text-decoration: underline;\"><strong>\u00bfCu\u00e1nto cuesta la CIE?<\/strong><\/span><\/p>\n<ul>\n<li><strong>21,95 \u20ac<\/strong>\u00a0en el caso de primera emisi\u00f3n o renovaci\u00f3n de la CIE<\/li>\n<li><strong>27,11 \u20ac<\/strong>\u00a0en el caso de duplicado por robo\/p\u00e9rdida o deterioro de la CIE en curso de validez<\/li>\n<\/ul>\n<p>&nbsp;<\/p>\n<p><span style=\"text-decoration: underline;\"><strong>\u00bfC\u00f3mo se presenta la solicitud de la CIE?<\/strong><\/span><\/p>\n<p>a) <a href=\"https:\/\/consmadrid.esteri.it\/es\/servizi-consolari-e-visti\/servizi-per-il-cittadino-italiano\/carta-didentita-electronica-cie\/carta-de-identidad-para-adulto-con-hijos-menores\/\"><strong>CIE para mayores de edad<\/strong><\/a><\/p>\n<p>b) <a href=\"https:\/\/consmadrid.esteri.it\/es\/servizi-consolari-e-visti\/servizi-per-il-cittadino-italiano\/carta-didentita-electronica-cie\/carta-de-identidad-para-menores-de-edad\/\"><strong>CIE para menores de edad<\/strong><\/a><\/p>\n<p>&nbsp;<\/p>\n<p>La CIE la emite en Italia el \u00abIstituto Poligrafico e Zecca dello Stato\u00bb; posteriormente, se env\u00eda por correo postal a trav\u00e9s de los servicios de \u00abPoste Italiane\u00bb a la direcci\u00f3n de residencia indicada por el solicitante.\u00a0<strong>Por tanto, el documento no se emite el d\u00eda de la cita<\/strong>.<\/p>\n<p>&nbsp;<\/p>\n<p>Para m\u00e1s informaciones es posible escribir a:\u00a0<a href=\"mailto:consgenmadrid.cie@esteri.it\">consgenmadrid.cie@esteri.it<\/a><\/p>\n","protected":false},"excerpt":{"rendered":"\u00bfQu\u00e9 es la Carta d\u2019Identit\u00e0 Elettronica? La nueva Carta di identit\u00e0 Elettronica (CIE) es un documento multifuncional emitido por el Ministerio del Interior italiano y producido por el \u00abPoligrafico e Zecca dello Stato\u00bb (para m\u00e1s informaci\u00f3n visitar el sitio web del Ministero dell\u2019Interno). El documento certifica la identidad del ciudadano; es un documento de viaje [&hellip;]","protected":false},"author":5,"featured_media":0,"parent":167,"menu_order":4,"comment_status":"closed","ping_status":"closed","template":"","meta":{"footnotes":""},"class_list":["post-1541","page","type-page","status-publish","hentry"],"_links":{"self":[{"href":"https:\/\/consmadrid.esteri.it\/es\/wp-json\/wp\/v2\/pages\/1541","targetHints":{"allow":["GET"]}}],"collection":[{"href":"https:\/\/consmadrid.esteri.it\/es\/wp-json\/wp\/v2\/pages"}],"about":[{"href":"https:\/\/consmadrid.esteri.it\/es\/wp-json\/wp\/v2\/types\/page"}],"author":[{"embeddable":true,"href":"https:\/\/consmadrid.esteri.it\/es\/wp-json\/wp\/v2\/users\/5"}],"replies":[{"embeddable":true,"href":"https:\/\/consmadrid.esteri.it\/es\/wp-json\/wp\/v2\/comments?post=1541"}],"version-history":[{"count":8,"href":"https:\/\/consmadrid.esteri.it\/es\/wp-json\/wp\/v2\/pages\/1541\/revisions"}],"predecessor-version":[{"id":6916,"href":"https:\/\/consmadrid.esteri.it\/es\/wp-json\/wp\/v2\/pages\/1541\/revisions\/6916"}],"up":[{"embeddable":true,"href":"https:\/\/consmadrid.esteri.it\/es\/wp-json\/wp\/v2\/pages\/167"}],"wp:attachment":[{"href":"https:\/\/consmadrid.esteri.it\/es\/wp-json\/wp\/v2\/media?parent=1541"}],"curies":[{"name":"wp","href":"https:\/\/api.w.org\/{rel}","templated":true}]}}